{"id":10347,"date":"2024-11-17T08:44:35","date_gmt":"2024-11-17T08:44:35","guid":{"rendered":"https:\/\/alqawafel.com\/?post_type=product&#038;p=10347"},"modified":"2025-08-12T08:56:44","modified_gmt":"2025-08-12T08:56:44","slug":"concombre-qsc-110-f1","status":"publish","type":"product","link":"https:\/\/alqawafel.com\/fr\/product\/cucumber-qsc-110-f1\/","title":{"rendered":"Concombre QSC-110 F1"},"content":{"rendered":"<p><span style=\"font-size: 18px;\">Concombre QSC-110 F1 : Une vari\u00e9t\u00e9 de mini-concombre avec des fruits vert clair, une productivit\u00e9 exceptionnelle et une excellente tol\u00e9rance.<\/span><\/p>\n<table>\n<thead>\n<tr>\n<th><span style=\"font-size: 18px;\"><strong>Attribut<\/strong><\/span><\/th>\n<th><span style=\"font-size: 18px;\"><strong>D\u00e9tails<\/strong><\/span><\/th>\n<\/tr>\n<\/thead>\n<tbody>\n<tr>\n<td><span style=\"font-size: 18px;\"><strong>Nom du produit<\/strong><\/span><\/td>\n<td><span style=\"font-size: 18px;\">Concombre QSC-110 F1<\/span><\/td>\n<\/tr>\n<tr>\n<td><span style=\"font-size: 18px;\"><strong>Type<\/strong><\/span><\/td>\n<td><span style=\"font-size: 18px;\">Mini concombre<\/span><\/td>\n<\/tr>\n<tr>\n<td><span style=\"font-size: 18px;\"><strong>Fruit Set Style<\/strong><\/span><\/td>\n<td><span style=\"font-size: 18px;\">Mini-multi-fruits, 3-5 fruits par n\u0153ud<\/span><\/td>\n<\/tr>\n<tr>\n<td><span style=\"font-size: 18px;\"><strong>Saison<\/strong><\/span><\/td>\n<td><span style=\"font-size: 18px;\">\u00c9t\u00e9, convient aux temp\u00e9ratures \u00e9lev\u00e9es \u00e0 moyennes<\/span><\/td>\n<\/tr>\n<tr>\n<td><span style=\"font-size: 18px;\"><strong>Croissance v\u00e9g\u00e9tative<\/strong><\/span><\/td>\n<td><span style=\"font-size: 18px;\">Plante moyenne<\/span><\/td>\n<\/tr>\n<tr>\n<td><span style=\"font-size: 18px;\"><strong>Caract\u00e9ristiques du fruit<\/strong><\/span><\/td>\n<td><span style=\"font-size: 18px;\">Fruits vert clair, 8-10 cm de long<\/span><\/td>\n<\/tr>\n<tr>\n<td><span style=\"font-size: 18px;\"><strong>Tol\u00e9rance (IR)<\/strong><\/span><\/td>\n<td><span style=\"font-size: 18px;\">PM (o\u00efdium), DM (mildiou), CMV (virus de la mosa\u00efque du concombre), CVYV (virus de la jaunisse des nervures du concombre), ZYMV (virus de la mosa\u00efque jaune de la courgette).<\/span><\/td>\n<\/tr>\n<\/tbody>\n<\/table>\n<p><img loading=\"lazy\" decoding=\"async\" class=\"alignnone size-medium wp-image-10350\" src=\"https:\/\/alqawafel.com\/wp-content\/uploads\/2024\/11\/WhatsApp-Image-2024-11-17-at-11.26.25-AM-225x300.jpeg\" alt=\"Concombre QSC-110 F1 \" width=\"225\" height=\"300\" srcset=\"https:\/\/alqawafel.com\/wp-content\/uploads\/2024\/11\/WhatsApp-Image-2024-11-17-at-11.26.25-AM-225x300.jpeg 225w, https:\/\/alqawafel.com\/wp-content\/uploads\/2024\/11\/WhatsApp-Image-2024-11-17-at-11.26.25-AM-768x1024.jpeg 768w, https:\/\/alqawafel.com\/wp-content\/uploads\/2024\/11\/WhatsApp-Image-2024-11-17-at-11.26.25-AM-150x200.jpeg 150w, https:\/\/alqawafel.com\/wp-content\/uploads\/2024\/11\/WhatsApp-Image-2024-11-17-at-11.26.25-AM.jpeg 960w\" sizes=\"auto, (max-width: 225px) 100vw, 225px\" \/><\/p>\n<p>&nbsp;<\/p>\n<p><a title=\"Retour aux semences\" href=\"https:\/\/alqawafel.com\/fr\/semences\/\">Retour aux semences<\/a><\/p>\n<p><a title=\"Facebook\" href=\"https:\/\/alqawafel.com\/fr\/facebook\/\" target=\"_blank\" rel=\"noopener\">Facebook<\/a><\/p>\n<p><a title=\"Linkedin\" href=\"https:\/\/www.linkedin.com\/company\/alqawafel-ind-agr-co\/\" target=\"_blank\" rel=\"noopener\">Linkedin<\/a><\/p>","protected":false},"excerpt":{"rendered":"<p><span style=\"font-size: 18px;\">Concombre QSC-110 F1 : Un mini-concombre \u00e0 haut rendement avec des fruits vert clair de 8-10 cm et une tol\u00e9rance \u00e0 PM, DM, CMV, CVYV, et ZYMV. Parfait pour les climats chauds.<\/span><\/p>","protected":false},"featured_media":10350,"comment_status":"open","ping_status":"closed","template":"","meta":{"om_disable_all_campaigns":false,"_monsterinsights_skip_tracking":false,"_monsterinsights_sitenote_active":false,"_monsterinsights_sitenote_note":"","_monsterinsights_sitenote_category":0},"product_brand":[],"product_cat":[827,237],"product_tag":[866,1134,1098,1136,1135,1101,1100],"class_list":{"0":"post-10347","1":"product","2":"type-product","3":"status-publish","4":"has-post-thumbnail","6":"product_cat-cucumber","7":"product_cat-seeds","8":"product_tag-al-qawafel-ind-agr-co","9":"product_tag-cucumber-qsc-110-f1","10":"product_tag-greenhouse-cucumber","11":"product_tag-high-yield-mini-cucumber","12":"product_tag-mini-cucumber","13":"product_tag-seeds","14":"product_tag-summer-cucumber","16":"first","17":"instock","18":"shipping-taxable","19":"product-type-simple"},"aioseo_notices":[],"_links":{"self":[{"href":"https:\/\/alqawafel.com\/fr\/wp-json\/wp\/v2\/product\/10347","targetHints":{"allow":["GET"]}}],"collection":[{"href":"https:\/\/alqawafel.com\/fr\/wp-json\/wp\/v2\/product"}],"about":[{"href":"https:\/\/alqawafel.com\/fr\/wp-json\/wp\/v2\/types\/product"}],"replies":[{"embeddable":true,"href":"https:\/\/alqawafel.com\/fr\/wp-json\/wp\/v2\/comments?post=10347"}],"version-history":[{"count":5,"href":"https:\/\/alqawafel.com\/fr\/wp-json\/wp\/v2\/product\/10347\/revisions"}],"predecessor-version":[{"id":19536,"href":"https:\/\/alqawafel.com\/fr\/wp-json\/wp\/v2\/product\/10347\/revisions\/19536"}],"wp:featuredmedia":[{"embeddable":true,"href":"https:\/\/alqawafel.com\/fr\/wp-json\/wp\/v2\/media\/10350"}],"wp:attachment":[{"href":"https:\/\/alqawafel.com\/fr\/wp-json\/wp\/v2\/media?parent=10347"}],"wp:term":[{"taxonomy":"product_brand","embeddable":true,"href":"https:\/\/alqawafel.com\/fr\/wp-json\/wp\/v2\/product_brand?post=10347"},{"taxonomy":"product_cat","embeddable":true,"href":"https:\/\/alqawafel.com\/fr\/wp-json\/wp\/v2\/product_cat?post=10347"},{"taxonomy":"product_tag","embeddable":true,"href":"https:\/\/alqawafel.com\/fr\/wp-json\/wp\/v2\/product_tag?post=10347"}],"curies":[{"name":"wp","href":"https:\/\/api.w.org\/{rel}","templated":true}]}}