{"id":10420,"date":"2024-11-17T10:28:11","date_gmt":"2024-11-17T10:28:11","guid":{"rendered":"https:\/\/alqawafel.com\/?post_type=product&#038;p=10420"},"modified":"2025-08-12T11:37:19","modified_gmt":"2025-08-12T11:37:19","slug":"tomate-qst-209-f1","status":"publish","type":"product","link":"https:\/\/alqawafel.com\/fr\/product\/tomato-qst-209-f1\/","title":{"rendered":"Tomate QST-209 F1"},"content":{"rendered":"<p><span style=\"font-size: 18px;\">\u00a0Tomate QST-209 F1 : Une tomate de serre ind\u00e9termin\u00e9e tr\u00e8s performante produisant des fruits ovales rouge fonc\u00e9 de 150 g en moyenne. Elle se caract\u00e9rise par une forte croissance et une grande r\u00e9sistance aux maladies.<\/span><\/p>\n<table>\n<thead>\n<tr>\n<th><span style=\"font-size: 18px;\"><strong>Attribut<\/strong><\/span><\/th>\n<th><span style=\"font-size: 18px;\"><strong>D\u00e9tails<\/strong><\/span><\/th>\n<\/tr>\n<\/thead>\n<tbody>\n<tr>\n<td><span style=\"font-size: 18px;\"><strong>Nom du produit<\/strong><\/span><\/td>\n<td><span style=\"font-size: 18px;\">Tomate QST-209 F1<\/span><\/td>\n<\/tr>\n<tr>\n<td><span style=\"font-size: 18px;\"><strong>Type<\/strong><\/span><\/td>\n<td><span style=\"font-size: 18px;\">Ind\u00e9termin\u00e9e, en serre<\/span><\/td>\n<\/tr>\n<tr>\n<td><span style=\"font-size: 18px;\"><strong>Fruit Set Style<\/strong><\/span><\/td>\n<td><span style=\"font-size: 18px;\">Bon<\/span><\/td>\n<\/tr>\n<tr>\n<td><span style=\"font-size: 18px;\"><strong>Croissance v\u00e9g\u00e9tative<\/strong><\/span><\/td>\n<td><span style=\"font-size: 18px;\">Plante forte<\/span><\/td>\n<\/tr>\n<tr>\n<td><span style=\"font-size: 18px;\"><strong>Caract\u00e9ristiques du fruit<\/strong><\/span><\/td>\n<td><span style=\"font-size: 18px;\">\u00a0fruits rouge vif, de forme ovale, d'un poids moyen de 150 gm<\/span><\/td>\n<\/tr>\n<tr>\n<td><span style=\"font-size: 18px;\"><strong>Tol\u00e9rance (IR)<\/strong><\/span><\/td>\n<td><span style=\"font-size: 18px;\">TYLCV (Tomato Yellow Leaf Curl Virus), TSWV (Tomato Spotted Wilt Virus), TMV (Tomato Mosaic Virus), V (Verticillium Wilt), F1 &amp; F2 (Fusarium Wilt Races 1 et 2)<\/span><\/td>\n<\/tr>\n<\/tbody>\n<\/table>\n<p><img loading=\"lazy\" decoding=\"async\" class=\"alignnone size-medium wp-image-10430\" src=\"https:\/\/alqawafel.com\/wp-content\/uploads\/2024\/11\/209-225x300.jpg\" alt=\"Tomate QST-209 F1\" width=\"225\" height=\"300\" srcset=\"https:\/\/alqawafel.com\/wp-content\/uploads\/2024\/11\/209-225x300.jpg 225w, https:\/\/alqawafel.com\/wp-content\/uploads\/2024\/11\/209-768x1024.jpg 768w, https:\/\/alqawafel.com\/wp-content\/uploads\/2024\/11\/209-150x200.jpg 150w, https:\/\/alqawafel.com\/wp-content\/uploads\/2024\/11\/209.jpg 960w\" sizes=\"auto, (max-width: 225px) 100vw, 225px\" \/><\/p>\n<p>&nbsp;<\/p>\n<p><a title=\"Retour aux semences\" href=\"https:\/\/alqawafel.com\/fr\/semences\/\">Retour aux semences<\/a><\/p>\n<p><a title=\"Facebook\" href=\"https:\/\/alqawafel.com\/fr\/facebook\/\" target=\"_blank\" rel=\"noopener\">Facebook<\/a><\/p>\n<p><a title=\"Linkedin\" href=\"https:\/\/www.linkedin.com\/company\/alqawafel-ind-agr-co\/\" target=\"_blank\" rel=\"noopener\">Linkedin<\/a><\/p>","protected":false},"excerpt":{"rendered":"<p><span style=\"font-size: 18px;\">Tomate QST-209 F1 : Une tomate de serre ind\u00e9termin\u00e9e avec des fruits rouges ovales de 150 gm et une r\u00e9sistance au TYLCV, TSWV, TMV, V, et Fusarium (F1 &amp; F2).<\/span><\/p>","protected":false},"featured_media":10430,"comment_status":"open","ping_status":"closed","template":"","meta":{"om_disable_all_campaigns":false,"_monsterinsights_skip_tracking":false,"_monsterinsights_sitenote_active":false,"_monsterinsights_sitenote_note":"","_monsterinsights_sitenote_category":0},"product_brand":[],"product_cat":[237,828],"product_tag":[866,1148,1158,1159,1154,1101,1162],"class_list":{"0":"post-10420","1":"product","2":"type-product","3":"status-publish","4":"has-post-thumbnail","6":"product_cat-seeds","7":"product_cat-tomato","8":"product_tag-al-qawafel-ind-agr-co","9":"product_tag-bright-red-tomato","10":"product_tag-greenhouse-tomato","11":"product_tag-indeterminate-tomato","12":"product_tag-oval-tomato","13":"product_tag-seeds","14":"product_tag-tomato-qst-209-f1","16":"first","17":"instock","18":"shipping-taxable","19":"product-type-simple"},"aioseo_notices":[],"_links":{"self":[{"href":"https:\/\/alqawafel.com\/fr\/wp-json\/wp\/v2\/product\/10420","targetHints":{"allow":["GET"]}}],"collection":[{"href":"https:\/\/alqawafel.com\/fr\/wp-json\/wp\/v2\/product"}],"about":[{"href":"https:\/\/alqawafel.com\/fr\/wp-json\/wp\/v2\/types\/product"}],"replies":[{"embeddable":true,"href":"https:\/\/alqawafel.com\/fr\/wp-json\/wp\/v2\/comments?post=10420"}],"version-history":[{"count":3,"href":"https:\/\/alqawafel.com\/fr\/wp-json\/wp\/v2\/product\/10420\/revisions"}],"predecessor-version":[{"id":19563,"href":"https:\/\/alqawafel.com\/fr\/wp-json\/wp\/v2\/product\/10420\/revisions\/19563"}],"wp:featuredmedia":[{"embeddable":true,"href":"https:\/\/alqawafel.com\/fr\/wp-json\/wp\/v2\/media\/10430"}],"wp:attachment":[{"href":"https:\/\/alqawafel.com\/fr\/wp-json\/wp\/v2\/media?parent=10420"}],"wp:term":[{"taxonomy":"product_brand","embeddable":true,"href":"https:\/\/alqawafel.com\/fr\/wp-json\/wp\/v2\/product_brand?post=10420"},{"taxonomy":"product_cat","embeddable":true,"href":"https:\/\/alqawafel.com\/fr\/wp-json\/wp\/v2\/product_cat?post=10420"},{"taxonomy":"product_tag","embeddable":true,"href":"https:\/\/alqawafel.com\/fr\/wp-json\/wp\/v2\/product_tag?post=10420"}],"curies":[{"name":"wp","href":"https:\/\/api.w.org\/{rel}","templated":true}]}}