{"id":10436,"date":"2024-11-17T10:57:54","date_gmt":"2024-11-17T10:57:54","guid":{"rendered":"https:\/\/alqawafel.com\/?post_type=product&#038;p=10436"},"modified":"2025-08-12T12:03:03","modified_gmt":"2025-08-12T12:03:03","slug":"tomate-qst-210-f1","status":"publish","type":"product","link":"https:\/\/alqawafel.com\/fr\/product\/tomato-qst-210-f1\/","title":{"rendered":"Tomate QST-210 F1"},"content":{"rendered":"<p><span style=\"font-size: 18px;\">\u00a0Tomate QST-210 F1 : Une tomate de serre ind\u00e9termin\u00e9e productive produisant 8 fruits rouges ovales par grappe. Les fruits p\u00e8sent en moyenne 180-200 g et offrent une excellente r\u00e9sistance aux maladies.<\/span><\/p>\n<table>\n<thead>\n<tr>\n<th><span style=\"font-size: 18px;\"><strong>Attribut<\/strong><\/span><\/th>\n<th><span style=\"font-size: 18px;\"><strong>D\u00e9tails<\/strong><\/span><\/th>\n<\/tr>\n<\/thead>\n<tbody>\n<tr>\n<td><span style=\"font-size: 18px;\"><strong>Nom du produit<\/strong><\/span><\/td>\n<td><span style=\"font-size: 18px;\">Tomate QST-210 F1<\/span><\/td>\n<\/tr>\n<tr>\n<td><span style=\"font-size: 18px;\"><strong>Type<\/strong><\/span><\/td>\n<td><span style=\"font-size: 18px;\">Ind\u00e9termin\u00e9e, en serre<\/span><\/td>\n<\/tr>\n<tr>\n<td><span style=\"font-size: 18px;\"><strong>Fruit Set Style<\/strong><\/span><\/td>\n<td><span style=\"font-size: 18px;\">8 fruits par grappe<\/span><\/td>\n<\/tr>\n<tr>\n<td><span style=\"font-size: 18px;\"><strong>Croissance v\u00e9g\u00e9tative<\/strong><\/span><\/td>\n<td><span style=\"font-size: 18px;\">Plante forte<\/span><\/td>\n<\/tr>\n<tr>\n<td><span style=\"font-size: 18px;\"><strong>Caract\u00e9ristiques du fruit<\/strong><\/span><\/td>\n<td><span style=\"font-size: 18px;\">\u00a0fruits rouge vif, de forme ovale, d'un poids moyen de 180-200 gm<\/span><\/td>\n<\/tr>\n<tr>\n<td><span style=\"font-size: 18px;\"><strong>Tol\u00e9rance (IR)<\/strong><\/span><\/td>\n<td><span style=\"font-size: 18px;\">TYLCV (Tomato Yellow Leaf Curl Virus), TSWV (Tomato Spotted Wilt Virus), TMV (Tomato Mosaic Virus), V (Verticillium Wilt), F1 &amp; F2 (Fusarium Wilt Races 1 et 2)<\/span><\/td>\n<\/tr>\n<\/tbody>\n<\/table>\n<p><img loading=\"lazy\" decoding=\"async\" class=\"alignnone size-medium wp-image-10437\" src=\"https:\/\/alqawafel.com\/wp-content\/uploads\/2024\/11\/210-225x300.jpg\" alt=\"Tomate QST-210 F1\" width=\"225\" height=\"300\" srcset=\"https:\/\/alqawafel.com\/wp-content\/uploads\/2024\/11\/210-225x300.jpg 225w, https:\/\/alqawafel.com\/wp-content\/uploads\/2024\/11\/210-768x1024.jpg 768w, https:\/\/alqawafel.com\/wp-content\/uploads\/2024\/11\/210-150x200.jpg 150w, https:\/\/alqawafel.com\/wp-content\/uploads\/2024\/11\/210.jpg 960w\" sizes=\"auto, (max-width: 225px) 100vw, 225px\" \/><\/p>\n<p>&nbsp;<\/p>\n<p><a title=\"Retour aux semences\" href=\"https:\/\/alqawafel.com\/fr\/semences\/\">Retour aux semences<\/a><\/p>\n<p><a title=\"Facebook\" href=\"https:\/\/alqawafel.com\/fr\/facebook\/\" target=\"_blank\" rel=\"noopener\">Facebook<\/a><\/p>\n<p><a title=\"Linkedin\" href=\"https:\/\/www.linkedin.com\/company\/alqawafel-ind-agr-co\/\" target=\"_blank\" rel=\"noopener\">Linkedin<\/a><\/p>","protected":false},"excerpt":{"rendered":"<p><span style=\"font-size: 18px;\">Tomate QST-210 F1 : Une tomate de serre ind\u00e9termin\u00e9e fiable, des fruits rouges ovales de 180-200 gm, et une r\u00e9sistance au TYLCV, TSWV, TMV, V, et Fusarium.<\/span><\/p>","protected":false},"featured_media":10437,"comment_status":"open","ping_status":"closed","template":"","meta":{"om_disable_all_campaigns":false,"_monsterinsights_skip_tracking":false,"_monsterinsights_sitenote_active":false,"_monsterinsights_sitenote_note":"","_monsterinsights_sitenote_category":0},"product_brand":[],"product_cat":[237,828],"product_tag":[866,1148,1158,1159,1154,1101,1163],"class_list":{"0":"post-10436","1":"product","2":"type-product","3":"status-publish","4":"has-post-thumbnail","6":"product_cat-seeds","7":"product_cat-tomato","8":"product_tag-al-qawafel-ind-agr-co","9":"product_tag-bright-red-tomato","10":"product_tag-greenhouse-tomato","11":"product_tag-indeterminate-tomato","12":"product_tag-oval-tomato","13":"product_tag-seeds","14":"product_tag-tomato-qst-210-f1","16":"first","17":"instock","18":"shipping-taxable","19":"product-type-simple"},"aioseo_notices":[],"_links":{"self":[{"href":"https:\/\/alqawafel.com\/fr\/wp-json\/wp\/v2\/product\/10436","targetHints":{"allow":["GET"]}}],"collection":[{"href":"https:\/\/alqawafel.com\/fr\/wp-json\/wp\/v2\/product"}],"about":[{"href":"https:\/\/alqawafel.com\/fr\/wp-json\/wp\/v2\/types\/product"}],"replies":[{"embeddable":true,"href":"https:\/\/alqawafel.com\/fr\/wp-json\/wp\/v2\/comments?post=10436"}],"version-history":[{"count":4,"href":"https:\/\/alqawafel.com\/fr\/wp-json\/wp\/v2\/product\/10436\/revisions"}],"predecessor-version":[{"id":19565,"href":"https:\/\/alqawafel.com\/fr\/wp-json\/wp\/v2\/product\/10436\/revisions\/19565"}],"wp:featuredmedia":[{"embeddable":true,"href":"https:\/\/alqawafel.com\/fr\/wp-json\/wp\/v2\/media\/10437"}],"wp:attachment":[{"href":"https:\/\/alqawafel.com\/fr\/wp-json\/wp\/v2\/media?parent=10436"}],"wp:term":[{"taxonomy":"product_brand","embeddable":true,"href":"https:\/\/alqawafel.com\/fr\/wp-json\/wp\/v2\/product_brand?post=10436"},{"taxonomy":"product_cat","embeddable":true,"href":"https:\/\/alqawafel.com\/fr\/wp-json\/wp\/v2\/product_cat?post=10436"},{"taxonomy":"product_tag","embeddable":true,"href":"https:\/\/alqawafel.com\/fr\/wp-json\/wp\/v2\/product_tag?post=10436"}],"curies":[{"name":"wp","href":"https:\/\/api.w.org\/{rel}","templated":true}]}}