{"id":10462,"date":"2024-11-17T12:54:29","date_gmt":"2024-11-17T12:54:29","guid":{"rendered":"https:\/\/alqawafel.com\/?post_type=product&#038;p=10462"},"modified":"2025-08-17T12:23:26","modified_gmt":"2025-08-17T12:23:26","slug":"okra-qsok-901-f1","status":"publish","type":"product","link":"https:\/\/alqawafel.com\/fr\/product\/okra-qsok-901-f1\/","title":{"rendered":"Okra QSOK-901 F1"},"content":{"rendered":"<p><span style=\"font-size: 18px;\">Okra QSOK-901 F1 : Vari\u00e9t\u00e9 hybride Lady Finger avec des fruits stri\u00e9s vert fonc\u00e9 et tendres, avec une excellente tol\u00e9rance aux temp\u00e9ratures \u00e9lev\u00e9es et \u00e0 l'YVMV.<\/span><\/p>\n<table>\n<thead>\n<tr>\n<th><span style=\"font-size: 18px;\"><strong>Attribut<\/strong><\/span><\/th>\n<th><span style=\"font-size: 18px;\"><strong>D\u00e9tails<\/strong><\/span><\/th>\n<\/tr>\n<\/thead>\n<tbody>\n<tr>\n<td><span style=\"font-size: 18px;\"><strong>Nom du produit<\/strong><\/span><\/td>\n<td><span style=\"font-size: 18px;\">Okra QSOK-901 F1<\/span><\/td>\n<\/tr>\n<tr>\n<td><span style=\"font-size: 18px;\"><strong>Type<\/strong><\/span><\/td>\n<td><span style=\"font-size: 18px;\">Hybride Lady Finger, adapt\u00e9 \u00e0 la culture en plein champ et en int\u00e9rieur<\/span><\/td>\n<\/tr>\n<tr>\n<td><span style=\"font-size: 18px;\"><strong>Caract\u00e9ristiques du fruit<\/strong><\/span><\/td>\n<td><span style=\"font-size: 18px;\">Fruits verts tendres \u00e0 cinq ar\u00eates, d'une taille moyenne de 8 \u00e0 9 cm.<\/span><\/td>\n<\/tr>\n<tr>\n<td><span style=\"font-size: 18px;\"><strong>Couleur de la t\u00eate<\/strong><\/span><\/td>\n<td><span style=\"font-size: 18px;\">Vert fonc\u00e9<\/span><\/td>\n<\/tr>\n<tr>\n<td><span style=\"font-size: 18px;\"><strong>Maturit\u00e9<\/strong><\/span><\/td>\n<td><span style=\"font-size: 18px;\">La r\u00e9colte des fruits commence 45-50 jours apr\u00e8s le semis.<\/span><\/td>\n<\/tr>\n<tr>\n<td><span style=\"font-size: 18px;\"><strong>Tol\u00e9rance<\/strong><\/span><\/td>\n<td><span style=\"font-size: 18px;\">Temp\u00e9rature \u00e9lev\u00e9e et haute tol\u00e9rance au YVMV (Yellow Vein Mosaic Virus)<\/span><\/td>\n<\/tr>\n<\/tbody>\n<\/table>\n<p><img loading=\"lazy\" decoding=\"async\" class=\"alignnone size-medium wp-image-10455\" src=\"https:\/\/alqawafel.com\/wp-content\/uploads\/2024\/11\/WhatsApp-Image-2024-11-17-at-11.45.09-AM-146x300.jpeg\" alt=\"Okra QSOK-901 F1\" width=\"146\" height=\"300\" srcset=\"https:\/\/alqawafel.com\/wp-content\/uploads\/2024\/11\/WhatsApp-Image-2024-11-17-at-11.45.09-AM-146x300.jpeg 146w, https:\/\/alqawafel.com\/wp-content\/uploads\/2024\/11\/WhatsApp-Image-2024-11-17-at-11.45.09-AM-150x309.jpeg 150w, https:\/\/alqawafel.com\/wp-content\/uploads\/2024\/11\/WhatsApp-Image-2024-11-17-at-11.45.09-AM.jpeg 490w\" sizes=\"auto, (max-width: 146px) 100vw, 146px\" \/><\/p>\n<p>&nbsp;<\/p>\n<p><a title=\"Retour aux semences\" href=\"https:\/\/alqawafel.com\/fr\/semences\/\">Retour aux semences<\/a><\/p>\n<p><a title=\"Facebook\" href=\"https:\/\/alqawafel.com\/fr\/facebook\/\" target=\"_blank\" rel=\"noopener\">Facebook<\/a><\/p>\n<p><a title=\"Linkedin\" href=\"https:\/\/www.linkedin.com\/company\/alqawafel-ind-agr-co\/\" target=\"_blank\" rel=\"noopener\">Linkedin<\/a><\/p>","protected":false},"excerpt":{"rendered":"<p><span style=\"font-size: 18px;\">Okra QSOK-901 F1 : Vari\u00e9t\u00e9 hybride \u00e0 haut rendement produisant des fruits vert fonc\u00e9 et tendres (8-9 cm). Tr\u00e8s tol\u00e9rante \u00e0 l'YVMV.<\/span><\/p>\n<p>&nbsp;<\/p>","protected":false},"featured_media":10455,"comment_status":"open","ping_status":"closed","template":"","meta":{"om_disable_all_campaigns":false,"_monsterinsights_skip_tracking":false,"_monsterinsights_sitenote_active":false,"_monsterinsights_sitenote_note":"","_monsterinsights_sitenote_category":0},"product_brand":[],"product_cat":[834,237],"product_tag":[866,1166,1169,1167,1170,1168,1101],"class_list":{"0":"post-10462","1":"product","2":"type-product","3":"status-publish","4":"has-post-thumbnail","6":"product_cat-okra","7":"product_cat-seeds","8":"product_tag-al-qawafel-ind-agr-co","9":"product_tag-hybrid-okra","10":"product_tag-indoor-cultivation-okra","11":"product_tag-lady-finger-okra","12":"product_tag-okra-qsok-901-f1","13":"product_tag-open-field-okra","14":"product_tag-seeds","16":"first","17":"instock","18":"shipping-taxable","19":"product-type-simple"},"aioseo_notices":[],"_links":{"self":[{"href":"https:\/\/alqawafel.com\/fr\/wp-json\/wp\/v2\/product\/10462","targetHints":{"allow":["GET"]}}],"collection":[{"href":"https:\/\/alqawafel.com\/fr\/wp-json\/wp\/v2\/product"}],"about":[{"href":"https:\/\/alqawafel.com\/fr\/wp-json\/wp\/v2\/types\/product"}],"replies":[{"embeddable":true,"href":"https:\/\/alqawafel.com\/fr\/wp-json\/wp\/v2\/comments?post=10462"}],"version-history":[{"count":10,"href":"https:\/\/alqawafel.com\/fr\/wp-json\/wp\/v2\/product\/10462\/revisions"}],"predecessor-version":[{"id":19608,"href":"https:\/\/alqawafel.com\/fr\/wp-json\/wp\/v2\/product\/10462\/revisions\/19608"}],"wp:featuredmedia":[{"embeddable":true,"href":"https:\/\/alqawafel.com\/fr\/wp-json\/wp\/v2\/media\/10455"}],"wp:attachment":[{"href":"https:\/\/alqawafel.com\/fr\/wp-json\/wp\/v2\/media?parent=10462"}],"wp:term":[{"taxonomy":"product_brand","embeddable":true,"href":"https:\/\/alqawafel.com\/fr\/wp-json\/wp\/v2\/product_brand?post=10462"},{"taxonomy":"product_cat","embeddable":true,"href":"https:\/\/alqawafel.com\/fr\/wp-json\/wp\/v2\/product_cat?post=10462"},{"taxonomy":"product_tag","embeddable":true,"href":"https:\/\/alqawafel.com\/fr\/wp-json\/wp\/v2\/product_tag?post=10462"}],"curies":[{"name":"wp","href":"https:\/\/api.w.org\/{rel}","templated":true}]}}