{"id":10494,"date":"2024-11-17T17:56:50","date_gmt":"2024-11-17T17:56:50","guid":{"rendered":"https:\/\/alqawafel.com\/?post_type=product&#038;p=10494"},"modified":"2025-09-03T08:57:35","modified_gmt":"2025-09-03T08:57:35","slug":"vertam-3-6-ec","status":"publish","type":"product","link":"https:\/\/alqawafel.com\/fr\/product\/vertam-3-6-ec\/","title":{"rendered":"Vertam 3.6% EC Insecticide et Miticide"},"content":{"rendered":"<h3>Pourquoi Vertam 3.6% EC ?<\/h3>\n<p><span style=\"font-size: 18px;\">Vertam 3.6% EC est un acaricide et un insecticide tr\u00e8s efficace con\u00e7u pour lutter contre un large spectre de ravageurs dans de nombreuses cultures. Gr\u00e2ce \u00e0 son mouvement translaminaire et \u00e0 son action de contact et stomacale, il paralyse et \u00e9limine efficacement les ravageurs cibl\u00e9s. Sa formulation unique permet une lutte fiable contre les ravageurs tout en maintenant une activit\u00e9 syst\u00e9mique limit\u00e9e sur les plantes, ce qui en fait un outil essentiel pour les professionnels de l'agriculture.<\/span><\/p>\n<h3>Identification<\/h3>\n<ul>\n<li><span style=\"font-size: 18px;\"><strong>Formulation<\/strong>: Concentr\u00e9 \u00e9mulsifiable (CE)<\/span><\/li>\n<li><span style=\"font-size: 18px;\"><strong>Ingr\u00e9dient actif<\/strong>: Abamectine 3.6% (w\/v)<\/span><\/li>\n<li><span style=\"font-size: 18px;\"><strong>Groupe chimique<\/strong>: Avermectine<\/span><\/li>\n<li><span style=\"font-size: 18px;\"><strong>Mode d'action<\/strong>: Action par contact et action stomacale avec mouvement translaminaire, provoquant la paralysie des ravageurs cibl\u00e9s.<\/span><\/li>\n<\/ul>\n<h3>Application id\u00e9ale de Vertam 3.6% EC<\/h3>\n<p><span style=\"font-size: 18px;\">Vertam 3.6% EC est recommand\u00e9 pour l'utilisation sur les cultures suivantes avec des cibles d'organismes nuisibles typiques comme indiqu\u00e9 :<\/span><\/p>\n<h4>Lutte contre les cultures et les parasites :<\/h4>\n<ul>\n<li><span style=\"font-size: 18px;\"><strong>Pomme, poire<\/strong>: Contr\u00f4les <em>T\u00e9tranyque \u00e0 deux points<\/em><\/span><\/li>\n<li><span style=\"font-size: 18px;\"><strong>Concombre<\/strong>: Contr\u00f4les <em>Thrips , T\u00e9tranyque \u00e0 deux points<\/em><\/span><\/li>\n<li><span style=\"font-size: 18px;\"><strong>Courge, oignon<\/strong>: Contr\u00f4les <em>T\u00e9tranyque \u00e0 deux points<\/em><\/span><\/li>\n<li><span style=\"font-size: 18px;\"><strong>Laitue<\/strong>: Contr\u00f4les <em>T\u00e9tranyque \u00e0 deux points<\/em><\/span><\/li>\n<li><span style=\"font-size: 18px;\"><strong>Ma\u00efs<\/strong>: Contr\u00f4les <em>T\u00e9tranyque \u00e0 deux points<\/em><\/span><\/li>\n<li><span style=\"font-size: 18px;\"><strong>Fraise<\/strong>: Contr\u00f4les <em>Thrips, t\u00e9tranyque \u00e0 deux points<\/em><\/span><\/li>\n<li><span style=\"font-size: 18px;\"><strong>Cultures de crucif\u00e8res<\/strong>: Contr\u00f4les <em>Thrips<\/em><\/span><\/li>\n<li><span style=\"font-size: 18px;\"><strong>Plantes ornementales<\/strong>: Contr\u00f4les <em>Thrips, t\u00e9tranyque \u00e0 deux points<\/em><\/span><\/li>\n<li><span style=\"font-size: 18px;\"><strong>Piment, poivron<\/strong>: Contr\u00f4les <em>T\u00e9tranyque \u00e0 deux points, rouille de la tomate, araign\u00e9e rouge, psylle de la tomate, mineuse des feuilles<\/em><\/span><\/li>\n<li><span style=\"font-size: 18px;\"><strong>Tomate, aubergine<\/strong>: Contr\u00f4les <em>T\u00e9tranyque \u00e0 deux points, acarien de la tomate, araign\u00e9e rouge, psylle de la tomate, thrips, mineuse des feuilles<\/em><\/span><\/li>\n<li><span style=\"font-size: 18px;\"><strong>Agrumes<\/strong>: Contr\u00f4les <em>Acarien de la rouille des agrumes, acarien large, drosophile, acarien rouge des agrumes<\/em><\/span><\/li>\n<\/ul>\n<h3>Taux d'utilisation :<\/h3>\n<p><span style=\"font-size: 14pt;\">30-100 ml pour 200 L d'eau<\/span><\/p>\n<h3>Emballage<\/h3>\n<ul>\n<li><span style=\"font-size: 18px;\"><strong>1 L<\/strong><\/span><\/li>\n<\/ul>\n<p><img loading=\"lazy\" decoding=\"async\" class=\"alignnone size-medium wp-image-18102\" src=\"https:\/\/alqawafel.com\/wp-content\/uploads\/2024\/11\/Vertam-3.6-EC-LOGO-300x300.webp\" alt=\"Vertam 3.6% EC est un acaricide et un insecticide \u00e0 action translaminaire qui lutte contre les acariens, les thrips et les mineuses des feuilles dans des cultures comme les tomates, les agrumes et les concombres.\" width=\"300\" height=\"300\" srcset=\"https:\/\/alqawafel.com\/wp-content\/uploads\/2024\/11\/Vertam-3.6-EC-LOGO-300x300.webp 300w, https:\/\/alqawafel.com\/wp-content\/uploads\/2024\/11\/Vertam-3.6-EC-LOGO-150x150.webp 150w, https:\/\/alqawafel.com\/wp-content\/uploads\/2024\/11\/Vertam-3.6-EC-LOGO-768x768.webp 768w, https:\/\/alqawafel.com\/wp-content\/uploads\/2024\/11\/Vertam-3.6-EC-LOGO.webp 1000w\" sizes=\"auto, (max-width: 300px) 100vw, 300px\" \/><\/p>\n<p>&nbsp;<\/p>","protected":false},"excerpt":{"rendered":"<p><span style=\"font-size: 18px;\">Vertam 3.6% EC est un acaricide et un insecticide \u00e0 action translaminaire qui lutte contre les acariens, les thrips et les mineuses des feuilles dans des cultures comme les tomates, les agrumes et les concombres.<\/span><\/p>","protected":false},"featured_media":18102,"comment_status":"open","ping_status":"closed","template":"","meta":{"om_disable_all_campaigns":false,"_monsterinsights_skip_tracking":false,"_monsterinsights_sitenote_active":false,"_monsterinsights_sitenote_note":"","_monsterinsights_sitenote_category":0},"product_brand":[],"product_cat":[822,824,87],"product_tag":[866,841,857,1181,844,1182,1180],"class_list":{"0":"post-10494","1":"product","2":"type-product","3":"status-publish","4":"has-post-thumbnail","6":"product_cat-insecticide","7":"product_cat-miticide","8":"product_cat-pesticides","9":"product_tag-al-qawafel-ind-agr-co","10":"product_tag-insecticide","11":"product_tag-leafminer","12":"product_tag-mites","13":"product_tag-miticide","14":"product_tag-thrips","15":"product_tag-vertam-3-6-ec","17":"first","18":"instock","19":"shipping-taxable","20":"product-type-simple"},"aioseo_notices":[],"_links":{"self":[{"href":"https:\/\/alqawafel.com\/fr\/wp-json\/wp\/v2\/product\/10494","targetHints":{"allow":["GET"]}}],"collection":[{"href":"https:\/\/alqawafel.com\/fr\/wp-json\/wp\/v2\/product"}],"about":[{"href":"https:\/\/alqawafel.com\/fr\/wp-json\/wp\/v2\/types\/product"}],"replies":[{"embeddable":true,"href":"https:\/\/alqawafel.com\/fr\/wp-json\/wp\/v2\/comments?post=10494"}],"version-history":[{"count":12,"href":"https:\/\/alqawafel.com\/fr\/wp-json\/wp\/v2\/product\/10494\/revisions"}],"predecessor-version":[{"id":19942,"href":"https:\/\/alqawafel.com\/fr\/wp-json\/wp\/v2\/product\/10494\/revisions\/19942"}],"wp:featuredmedia":[{"embeddable":true,"href":"https:\/\/alqawafel.com\/fr\/wp-json\/wp\/v2\/media\/18102"}],"wp:attachment":[{"href":"https:\/\/alqawafel.com\/fr\/wp-json\/wp\/v2\/media?parent=10494"}],"wp:term":[{"taxonomy":"product_brand","embeddable":true,"href":"https:\/\/alqawafel.com\/fr\/wp-json\/wp\/v2\/product_brand?post=10494"},{"taxonomy":"product_cat","embeddable":true,"href":"https:\/\/alqawafel.com\/fr\/wp-json\/wp\/v2\/product_cat?post=10494"},{"taxonomy":"product_tag","embeddable":true,"href":"https:\/\/alqawafel.com\/fr\/wp-json\/wp\/v2\/product_tag?post=10494"}],"curies":[{"name":"wp","href":"https:\/\/api.w.org\/{rel}","templated":true}]}}