{"id":10501,"date":"2024-11-17T19:27:24","date_gmt":"2024-11-17T19:27:24","guid":{"rendered":"https:\/\/alqawafel.com\/?post_type=product&#038;p=10501"},"modified":"2025-06-11T10:18:35","modified_gmt":"2025-06-11T10:18:35","slug":"antimite-20-ec","status":"publish","type":"product","link":"https:\/\/alqawafel.com\/fr\/product\/antimite-20-ec\/","title":{"rendered":"Antimite-20% EC Miticide"},"content":{"rendered":"<h3>Pourquoi Antimite-20% EC ?<\/h3>\n<p><span style=\"font-size: 18px\">Antimite-20% EC est un acaricide non syst\u00e9mique tr\u00e8s efficace, con\u00e7u pour lutter contre les acariens \u00e0 tous les stades, et plus particuli\u00e8rement contre les nymphes. Avec un fort effet d'abattement et une longue activit\u00e9 r\u00e9siduelle, Antimite 20% EC assure une protection fiable contre les infestations d'acariens. Ce produit est une solution id\u00e9ale pour les professionnels de l'agriculture qui recherchent un contr\u00f4le efficace des acariens sur une vari\u00e9t\u00e9 de cultures.<\/span><\/p>\n<h3>Identification<\/h3>\n<ul>\n<li><span style=\"font-size: 18px\"><strong>Formulation<\/strong>: Concentr\u00e9 \u00e9mulsifiable (CE)<\/span><\/li>\n<li><span style=\"font-size: 18px\"><strong>Ingr\u00e9dient actif<\/strong>: Pyridaben 20% (w\/v)<\/span><\/li>\n<li><span style=\"font-size: 18px\"><strong>Groupe chimique<\/strong>: Pyridazinone<\/span><\/li>\n<li><span style=\"font-size: 18px\"><strong>Mode d'action<\/strong>: Action non syst\u00e9mique avec effet d'abattement, assurant un contr\u00f4le r\u00e9siduel de longue dur\u00e9e des populations d'acariens.<\/span><\/li>\n<\/ul>\n<h3>Application id\u00e9ale d'Antimite-20% EC<\/h3>\n<p><span style=\"font-size: 18px\">Antimite-20% EC est recommand\u00e9 pour l'utilisation sur les cultures suivantes avec des cibles d'organismes nuisibles typiques comme indiqu\u00e9 :<\/span><\/p>\n<h4><span style=\"font-size: 18px\">Lutte contre les cultures et les parasites :<\/span><\/h4>\n<ul>\n<li><span style=\"font-size: 18px\"><strong>Pomme, poire, abricot, p\u00eache<\/strong>: Contr\u00f4les <em>T\u00e9tranyque \u00e0 deux points, T\u00e9tranyque rouge<\/em><\/span><\/li>\n<li><span style=\"font-size: 18px\"><strong>Raisin<\/strong>: Contr\u00f4les <em>T\u00e9tranyque \u00e0 deux points, T\u00e9tranyque rouge<\/em><\/span><\/li>\n<li><span style=\"font-size: 18px\"><strong>Orange, citron<\/strong>: Contr\u00f4les <em>T\u00e9tranyque \u00e0 deux points, T\u00e9tranyque rouge<\/em><\/span><\/li>\n<li><span style=\"font-size: 18px\"><strong>Plantes ornementales, roses<\/strong>: Contr\u00f4les <em>Acarien rouge<\/em><\/span><\/li>\n<li><span style=\"font-size: 18px\"><strong>Maisons en plastique<\/strong> <em>(Tomate, aubergine, haricot, concombre, fraise)<\/em>: Contr\u00f4les <em>Acarien rouge<\/em><\/span><\/li>\n<\/ul>\n<h3>Taux d'utilisation :<\/h3>\n<p><span style=\"font-size: 14pt\">100-200 ml pour 200 L d'eau<\/span><\/p>\n<h3>Emballage<\/h3>\n<ul>\n<li><span style=\"font-size: 18px\"><strong>1 L<\/strong><\/span><\/li>\n<\/ul>\n<p><img loading=\"lazy\" decoding=\"async\" class=\"alignnone size-medium wp-image-18133\" src=\"https:\/\/alqawafel.com\/wp-content\/uploads\/2024\/11\/Antimite-20-EC-LOGO-300x300.webp\" alt=\"L&#039;acaricide Antimite-20% EC offre une action non syst\u00e9mique avec une \u00e9limination et un contr\u00f4le r\u00e9siduel de longue dur\u00e9e, permettant de lutter efficacement contre les acariens dans les cultures telles que les pommes, les agrumes et les tomates.\" width=\"300\" height=\"300\" srcset=\"https:\/\/alqawafel.com\/wp-content\/uploads\/2024\/11\/Antimite-20-EC-LOGO-300x300.webp 300w, https:\/\/alqawafel.com\/wp-content\/uploads\/2024\/11\/Antimite-20-EC-LOGO-150x150.webp 150w, https:\/\/alqawafel.com\/wp-content\/uploads\/2024\/11\/Antimite-20-EC-LOGO-768x768.webp 768w, https:\/\/alqawafel.com\/wp-content\/uploads\/2024\/11\/Antimite-20-EC-LOGO.webp 1000w\" sizes=\"auto, (max-width: 300px) 100vw, 300px\" \/><\/p>\n<p>&nbsp;<\/p>","protected":false},"excerpt":{"rendered":"<p><span style=\"font-size: 18px\">L'acaricide Antimite-20% EC offre une action non syst\u00e9mique avec une \u00e9limination et un contr\u00f4le r\u00e9siduel de longue dur\u00e9e, permettant de lutter efficacement contre les acariens dans les cultures telles que les pommes, les agrumes et les tomates.<\/span><\/p>","protected":false},"featured_media":18133,"comment_status":"open","ping_status":"closed","template":"","meta":{"om_disable_all_campaigns":false,"_monsterinsights_skip_tracking":false,"_monsterinsights_sitenote_active":false,"_monsterinsights_sitenote_note":"","_monsterinsights_sitenote_category":0},"product_brand":[],"product_cat":[824,87],"product_tag":[866,1189,845,844,1190,1192,1191],"class_list":{"0":"post-10501","1":"product","2":"type-product","3":"status-publish","4":"has-post-thumbnail","6":"product_cat-miticide","7":"product_cat-pesticides","8":"product_tag-al-qawafel-ind-agr-co","9":"product_tag-antimite-20-ec","10":"product_tag-mite","11":"product_tag-miticide","12":"product_tag-pyridaben","13":"product_tag-red-mite","14":"product_tag-two-spotted-spider-mite","16":"first","17":"instock","18":"shipping-taxable","19":"product-type-simple"},"aioseo_notices":[],"_links":{"self":[{"href":"https:\/\/alqawafel.com\/fr\/wp-json\/wp\/v2\/product\/10501","targetHints":{"allow":["GET"]}}],"collection":[{"href":"https:\/\/alqawafel.com\/fr\/wp-json\/wp\/v2\/product"}],"about":[{"href":"https:\/\/alqawafel.com\/fr\/wp-json\/wp\/v2\/types\/product"}],"replies":[{"embeddable":true,"href":"https:\/\/alqawafel.com\/fr\/wp-json\/wp\/v2\/comments?post=10501"}],"version-history":[{"count":9,"href":"https:\/\/alqawafel.com\/fr\/wp-json\/wp\/v2\/product\/10501\/revisions"}],"predecessor-version":[{"id":18889,"href":"https:\/\/alqawafel.com\/fr\/wp-json\/wp\/v2\/product\/10501\/revisions\/18889"}],"wp:featuredmedia":[{"embeddable":true,"href":"https:\/\/alqawafel.com\/fr\/wp-json\/wp\/v2\/media\/18133"}],"wp:attachment":[{"href":"https:\/\/alqawafel.com\/fr\/wp-json\/wp\/v2\/media?parent=10501"}],"wp:term":[{"taxonomy":"product_brand","embeddable":true,"href":"https:\/\/alqawafel.com\/fr\/wp-json\/wp\/v2\/product_brand?post=10501"},{"taxonomy":"product_cat","embeddable":true,"href":"https:\/\/alqawafel.com\/fr\/wp-json\/wp\/v2\/product_cat?post=10501"},{"taxonomy":"product_tag","embeddable":true,"href":"https:\/\/alqawafel.com\/fr\/wp-json\/wp\/v2\/product_tag?post=10501"}],"curies":[{"name":"wp","href":"https:\/\/api.w.org\/{rel}","templated":true}]}}