{"id":10525,"date":"2024-11-17T20:21:24","date_gmt":"2024-11-17T20:21:24","guid":{"rendered":"https:\/\/alqawafel.com\/?post_type=product&#038;p=10525"},"modified":"2025-06-11T11:21:35","modified_gmt":"2025-06-11T11:21:35","slug":"clethofel-24-ec","status":"publish","type":"product","link":"https:\/\/alqawafel.com\/fr\/product\/clethofel-24-ec\/","title":{"rendered":"Herbicide Clethofel 24% EC"},"content":{"rendered":"<h3>Pourquoi Clethofel 24% EC ?<\/h3>\n<p><span style=\"font-size: 18px\">Clethofel 24% EC est un herbicide syst\u00e9mique et s\u00e9lectif con\u00e7u pour la lutte en post-lev\u00e9e contre les gramin\u00e9es annuelles et vivaces \u00e0 feuilles \u00e9troites. Il est rapidement absorb\u00e9 par le feuillage trait\u00e9 et transloqu\u00e9 dans le syst\u00e8me racinaire et les parties en croissance de la plante, assurant ainsi une gestion efficace des mauvaises herbes. Ce produit est id\u00e9al pour les professionnels de l'agriculture qui recherchent un contr\u00f4le efficace des gramin\u00e9es dans une large gamme de cultures.<\/span><\/p>\n<h3>Identification<\/h3>\n<ul>\n<li><span style=\"font-size: 18px\"><strong>Formulation<\/strong>: Concentr\u00e9 \u00e9mulsifiable (CE)<\/span><\/li>\n<li><span style=\"font-size: 18px\"><strong>Ingr\u00e9dient actif<\/strong>: Cl\u00e9thodime 24% (w\/v)<\/span><\/li>\n<li><span style=\"font-size: 18px\"><strong>Groupe chimique<\/strong>: Oxime de cyclohexanedione<\/span><\/li>\n<li><span style=\"font-size: 18px\"><strong>Mode d'action<\/strong>: Herbicide s\u00e9lectif syst\u00e9mique qui passe rapidement du feuillage aux racines et aux autres parties en croissance, ciblant les gramin\u00e9es adventices en post-lev\u00e9e.<\/span><\/li>\n<\/ul>\n<h3>Application id\u00e9ale de Clethofel 24% EC<\/h3>\n<p><span style=\"font-size: 18px\">Clethofel 24% EC est recommand\u00e9 pour l'utilisation sur les cultures suivantes avec des cibles d'organismes nuisibles typiques comme indiqu\u00e9 :<\/span><\/p>\n<h4><span style=\"font-size: 18px\">Lutte contre les cultures et les parasites :<\/span><\/h4>\n<ul>\n<li><span style=\"font-size: 18px\"><strong>Chou, chou-fleur, brocoli, carotte<\/strong>: Contr\u00f4les <em>Post-lev\u00e9e des gramin\u00e9es annuelles et vivaces \u00e0 feuilles \u00e9troites<\/em><\/span><\/li>\n<li><span style=\"font-size: 18px\"><strong>Poivre, aubergine<\/strong>: Contr\u00f4les <em>Post-lev\u00e9e des gramin\u00e9es annuelles et vivaces \u00e0 feuilles \u00e9troites<\/em><\/span><\/li>\n<li><span style=\"font-size: 18px\"><strong>Past\u00e8que, concombre, melon, courge, potiron<\/strong>: Contr\u00f4les <em>Post-lev\u00e9e des gramin\u00e9es annuelles et vivaces \u00e0 feuilles \u00e9troites<\/em><\/span><\/li>\n<li><span style=\"font-size: 18px\"><strong>Oignon, ail<\/strong>: Contr\u00f4les <em>Post-lev\u00e9e des gramin\u00e9es annuelles et vivaces \u00e0 feuilles \u00e9troites<\/em><\/span><\/li>\n<li><span style=\"font-size: 18px\"><strong>Pommes de terre<\/strong>: Contr\u00f4les <em>Post-lev\u00e9e des gramin\u00e9es annuelles et vivaces \u00e0 feuilles \u00e9troites<\/em><\/span><\/li>\n<li><span style=\"font-size: 18px\"><strong>Radis<\/strong>: Contr\u00f4les <em>Post-lev\u00e9e des gramin\u00e9es annuelles et vivaces \u00e0 feuilles \u00e9troites<\/em><\/span><\/li>\n<li><span style=\"font-size: 18px\"><strong>Tomate<\/strong>: Contr\u00f4les <em>Post-lev\u00e9e des gramin\u00e9es annuelles et vivaces \u00e0 feuilles \u00e9troites<\/em><\/span><\/li>\n<li><span style=\"font-size: 18px\"><strong>Fraise<\/strong>: Contr\u00f4les <em>Post-lev\u00e9e des gramin\u00e9es annuelles et vivaces \u00e0 feuilles \u00e9troites<\/em><\/span><\/li>\n<li><span style=\"font-size: 18px\"><strong>Carotte<\/strong>: Contr\u00f4les <em>Post-lev\u00e9e des gramin\u00e9es annuelles et vivaces \u00e0 feuilles \u00e9troites<\/em><\/span><\/li>\n<li><span style=\"font-size: 18px\"><strong>Abricot, p\u00eache, prune, cerise, nectarine<\/strong>: Contr\u00f4les <em>Post-lev\u00e9e des gramin\u00e9es annuelles et vivaces \u00e0 feuilles \u00e9troites<\/em><\/span><\/li>\n<li><span style=\"font-size: 18px\"><strong>Pomme, poire, coing, n\u00e9nuphar<\/strong>: Contr\u00f4les <em>Post-lev\u00e9e des gramin\u00e9es annuelles et vivaces \u00e0 feuilles \u00e9troites<\/em><\/span><\/li>\n<\/ul>\n<h3>Taux d'utilisation :<\/h3>\n<p><span style=\"font-size: 14pt\">100-200 ml pour 200 L d'eau<\/span><\/p>\n<h3>Emballage<\/h3>\n<ul>\n<li><span style=\"font-size: 18px\"><strong>1 L<\/strong><\/span><\/li>\n<\/ul>\n<p><img loading=\"lazy\" decoding=\"async\" class=\"alignnone size-medium wp-image-18176\" src=\"https:\/\/alqawafel.com\/wp-content\/uploads\/2024\/11\/Clethofel-24-EC-LOGO-300x300.webp\" alt=\"Clethofel 24% EC est un herbicide syst\u00e9mique pour la lutte en post-lev\u00e9e contre les gramin\u00e9es annuelles et vivaces \u00e0 feuilles \u00e9troites dans les cultures comme les tomates, les pommes de terre et les choux.\" width=\"300\" height=\"300\" srcset=\"https:\/\/alqawafel.com\/wp-content\/uploads\/2024\/11\/Clethofel-24-EC-LOGO-300x300.webp 300w, https:\/\/alqawafel.com\/wp-content\/uploads\/2024\/11\/Clethofel-24-EC-LOGO-150x150.webp 150w, https:\/\/alqawafel.com\/wp-content\/uploads\/2024\/11\/Clethofel-24-EC-LOGO-768x768.webp 768w, https:\/\/alqawafel.com\/wp-content\/uploads\/2024\/11\/Clethofel-24-EC-LOGO.webp 1000w\" sizes=\"auto, (max-width: 300px) 100vw, 300px\" \/><\/p>","protected":false},"excerpt":{"rendered":"<p><span style=\"font-size: 18px\">Clethofel 24% EC est un herbicide syst\u00e9mique pour la lutte en post-lev\u00e9e contre les gramin\u00e9es annuelles et vivaces \u00e0 feuilles \u00e9troites dans les cultures comme les tomates, les pommes de terre et les choux.<\/span><\/p>","protected":false},"featured_media":18176,"comment_status":"open","ping_status":"closed","template":"","meta":{"om_disable_all_campaigns":false,"_monsterinsights_skip_tracking":false,"_monsterinsights_sitenote_active":false,"_monsterinsights_sitenote_note":"","_monsterinsights_sitenote_category":0},"product_brand":[],"product_cat":[825,87],"product_tag":[866,1202,1206,1200,1204,1113,1205,1203,1201,1172],"class_list":{"0":"post-10525","1":"product","2":"type-product","3":"status-publish","4":"has-post-thumbnail","6":"product_cat-herbicide","7":"product_cat-pesticides","8":"product_tag-al-qawafel-ind-agr-co","9":"product_tag-annual","10":"product_tag-clethodim","11":"product_tag-clethofel-24-ec","12":"product_tag-grasses","13":"product_tag-herbicide","14":"product_tag-narrow-leave","15":"product_tag-perennial","16":"product_tag-post-emergence","17":"product_tag-systemic","19":"first","20":"instock","21":"shipping-taxable","22":"product-type-simple"},"aioseo_notices":[],"_links":{"self":[{"href":"https:\/\/alqawafel.com\/fr\/wp-json\/wp\/v2\/product\/10525","targetHints":{"allow":["GET"]}}],"collection":[{"href":"https:\/\/alqawafel.com\/fr\/wp-json\/wp\/v2\/product"}],"about":[{"href":"https:\/\/alqawafel.com\/fr\/wp-json\/wp\/v2\/types\/product"}],"replies":[{"embeddable":true,"href":"https:\/\/alqawafel.com\/fr\/wp-json\/wp\/v2\/comments?post=10525"}],"version-history":[{"count":10,"href":"https:\/\/alqawafel.com\/fr\/wp-json\/wp\/v2\/product\/10525\/revisions"}],"predecessor-version":[{"id":18906,"href":"https:\/\/alqawafel.com\/fr\/wp-json\/wp\/v2\/product\/10525\/revisions\/18906"}],"wp:featuredmedia":[{"embeddable":true,"href":"https:\/\/alqawafel.com\/fr\/wp-json\/wp\/v2\/media\/18176"}],"wp:attachment":[{"href":"https:\/\/alqawafel.com\/fr\/wp-json\/wp\/v2\/media?parent=10525"}],"wp:term":[{"taxonomy":"product_brand","embeddable":true,"href":"https:\/\/alqawafel.com\/fr\/wp-json\/wp\/v2\/product_brand?post=10525"},{"taxonomy":"product_cat","embeddable":true,"href":"https:\/\/alqawafel.com\/fr\/wp-json\/wp\/v2\/product_cat?post=10525"},{"taxonomy":"product_tag","embeddable":true,"href":"https:\/\/alqawafel.com\/fr\/wp-json\/wp\/v2\/product_tag?post=10525"}],"curies":[{"name":"wp","href":"https:\/\/api.w.org\/{rel}","templated":true}]}}