{"id":10569,"date":"2024-11-18T07:28:14","date_gmt":"2024-11-18T07:28:14","guid":{"rendered":"https:\/\/alqawafel.com\/?post_type=product&#038;p=10569"},"modified":"2025-08-17T12:05:28","modified_gmt":"2025-08-17T12:05:28","slug":"chou-fleur-qsca-1202-f1","status":"publish","type":"product","link":"https:\/\/alqawafel.com\/fr\/product\/cauliflower-qsca-1202-f1\/","title":{"rendered":"Chou-fleur QSCA-1202 F1"},"content":{"rendered":"<p><span style=\"font-size: 18px;\">Chou-fleur QSCA-1202 F1 : Chou-fleur de plein champ \u00e0 maturation pr\u00e9coce produisant des t\u00eates compactes de 1 \u00e0 2 kg. Id\u00e9al pour les cultures d'\u00e9t\u00e9.<\/span><\/p>\n<table>\n<thead>\n<tr>\n<th><span style=\"font-size: 18px;\"><strong>Attribut<\/strong><\/span><\/th>\n<th><span style=\"font-size: 18px;\"><strong>D\u00e9tails<\/strong><\/span><\/th>\n<\/tr>\n<\/thead>\n<tbody>\n<tr>\n<td><span style=\"font-size: 18px;\"><strong>Nom du produit<\/strong><\/span><\/td>\n<td><span style=\"font-size: 18px;\">Chou-fleur QSCA - 1202 F1<\/span><\/td>\n<\/tr>\n<tr>\n<td><span style=\"font-size: 18px;\"><strong>Type<\/strong><\/span><\/td>\n<td><span style=\"font-size: 18px;\">Champ ouvert, d\u00e9but<\/span><\/td>\n<\/tr>\n<tr>\n<td><span style=\"font-size: 18px;\"><strong>Saison<\/strong><\/span><\/td>\n<td><span style=\"font-size: 18px;\">L'\u00e9t\u00e9<\/span><\/td>\n<\/tr>\n<tr>\n<td><span style=\"font-size: 18px;\"><strong>Forme<\/strong><\/span><\/td>\n<td><span style=\"font-size: 18px;\">T\u00eate compacte<\/span><\/td>\n<\/tr>\n<tr>\n<td><span style=\"font-size: 18px;\"><strong>Croissance v\u00e9g\u00e9tative<\/strong><\/span><\/td>\n<td><span style=\"font-size: 18px;\">Plante forte<\/span><\/td>\n<\/tr>\n<tr>\n<td><span style=\"font-size: 18px;\"><strong>Taille du fruit<\/strong><\/span><\/td>\n<td><span style=\"font-size: 18px;\">1-2 kg<\/span><\/td>\n<\/tr>\n<\/tbody>\n<\/table>\n<p><img loading=\"lazy\" decoding=\"async\" class=\"alignnone size-medium wp-image-10570\" src=\"https:\/\/alqawafel.com\/wp-content\/uploads\/2024\/11\/WhatsApp-Image-2024-11-17-at-11.45.08-AM-225x300.jpeg\" alt=\"Chou-fleur QSCA-1202 F1\" width=\"225\" height=\"300\" srcset=\"https:\/\/alqawafel.com\/wp-content\/uploads\/2024\/11\/WhatsApp-Image-2024-11-17-at-11.45.08-AM-225x300.jpeg 225w, https:\/\/alqawafel.com\/wp-content\/uploads\/2024\/11\/WhatsApp-Image-2024-11-17-at-11.45.08-AM-768x1024.jpeg 768w, https:\/\/alqawafel.com\/wp-content\/uploads\/2024\/11\/WhatsApp-Image-2024-11-17-at-11.45.08-AM-150x200.jpeg 150w, https:\/\/alqawafel.com\/wp-content\/uploads\/2024\/11\/WhatsApp-Image-2024-11-17-at-11.45.08-AM.jpeg 960w\" sizes=\"auto, (max-width: 225px) 100vw, 225px\" \/><\/p>\n<p>&nbsp;<\/p>\n<p><a title=\"Retour aux semences\" href=\"https:\/\/alqawafel.com\/fr\/semences\/\">Retour aux semences<\/a><\/p>\n<p><a title=\"Facebook\" href=\"https:\/\/alqawafel.com\/fr\/facebook\/\" target=\"_blank\" rel=\"noopener\">Facebook<\/a><\/p>\n<p><a title=\"Linkedin\" href=\"https:\/\/www.linkedin.com\/company\/alqawafel-ind-agr-co\/\" target=\"_blank\" rel=\"noopener\">Linkedin<\/a><\/p>","protected":false},"excerpt":{"rendered":"<p><span style=\"font-size: 18px;\">Chou-fleur QSCA-1202 F1 : Vari\u00e9t\u00e9 de chou-fleur pr\u00e9coce de plein champ avec des t\u00eates compactes de 1 \u00e0 2 kg. Parfait pour la production estivale.<\/span><\/p>","protected":false},"featured_media":10570,"comment_status":"open","ping_status":"closed","template":"","meta":{"om_disable_all_campaigns":false,"_monsterinsights_skip_tracking":false,"_monsterinsights_sitenote_active":false,"_monsterinsights_sitenote_note":"","_monsterinsights_sitenote_category":0},"product_brand":[],"product_cat":[836,237],"product_tag":[866,1211,1215,1213,1212,1101,1214],"class_list":{"0":"post-10569","1":"product","2":"type-product","3":"status-publish","4":"has-post-thumbnail","6":"product_cat-cauliflower","7":"product_cat-seeds","8":"product_tag-al-qawafel-ind-agr-co","9":"product_tag-cauliflower-qsca-1202-f1","10":"product_tag-compact-head-cauliflower","11":"product_tag-early-maturing-cauliflower","12":"product_tag-open-field-cauliflower","13":"product_tag-seeds","14":"product_tag-summer-cauliflower","16":"first","17":"instock","18":"shipping-taxable","19":"product-type-simple"},"aioseo_notices":[],"_links":{"self":[{"href":"https:\/\/alqawafel.com\/fr\/wp-json\/wp\/v2\/product\/10569","targetHints":{"allow":["GET"]}}],"collection":[{"href":"https:\/\/alqawafel.com\/fr\/wp-json\/wp\/v2\/product"}],"about":[{"href":"https:\/\/alqawafel.com\/fr\/wp-json\/wp\/v2\/types\/product"}],"replies":[{"embeddable":true,"href":"https:\/\/alqawafel.com\/fr\/wp-json\/wp\/v2\/comments?post=10569"}],"version-history":[{"count":5,"href":"https:\/\/alqawafel.com\/fr\/wp-json\/wp\/v2\/product\/10569\/revisions"}],"predecessor-version":[{"id":19602,"href":"https:\/\/alqawafel.com\/fr\/wp-json\/wp\/v2\/product\/10569\/revisions\/19602"}],"wp:featuredmedia":[{"embeddable":true,"href":"https:\/\/alqawafel.com\/fr\/wp-json\/wp\/v2\/media\/10570"}],"wp:attachment":[{"href":"https:\/\/alqawafel.com\/fr\/wp-json\/wp\/v2\/media?parent=10569"}],"wp:term":[{"taxonomy":"product_brand","embeddable":true,"href":"https:\/\/alqawafel.com\/fr\/wp-json\/wp\/v2\/product_brand?post=10569"},{"taxonomy":"product_cat","embeddable":true,"href":"https:\/\/alqawafel.com\/fr\/wp-json\/wp\/v2\/product_cat?post=10569"},{"taxonomy":"product_tag","embeddable":true,"href":"https:\/\/alqawafel.com\/fr\/wp-json\/wp\/v2\/product_tag?post=10569"}],"curies":[{"name":"wp","href":"https:\/\/api.w.org\/{rel}","templated":true}]}}