{"id":10609,"date":"2024-11-18T08:41:55","date_gmt":"2024-11-18T08:41:55","guid":{"rendered":"https:\/\/alqawafel.com\/?post_type=product&#038;p=10609"},"modified":"2025-08-17T07:37:54","modified_gmt":"2025-08-17T07:37:54","slug":"piment-qshp-501-f1","status":"publish","type":"product","link":"https:\/\/alqawafel.com\/fr\/product\/hot-pepper-qshp-501-f1\/","title":{"rendered":"Piment fort QSHP-501 F1"},"content":{"rendered":"<p><span style=\"font-size: 18px;\">Piment QSHP-501 F1 : Vari\u00e9t\u00e9 de piment de Cayenne robuste pour la culture en serre et en plein champ. Produit des fruits coniques (18\u00d72,5 cm) de couleur vert fonc\u00e9 \u00e0 rouge, tr\u00e8s piquants et tol\u00e9rants au PM.<\/span><\/p>\n<table>\n<thead>\n<tr>\n<th><span style=\"font-size: 18px;\"><strong>Attribut<\/strong><\/span><\/th>\n<th><span style=\"font-size: 18px;\"><strong>D\u00e9tails<\/strong><\/span><\/th>\n<\/tr>\n<\/thead>\n<tbody>\n<tr>\n<td><span style=\"font-size: 18px;\"><strong>Nom du produit<\/strong><\/span><\/td>\n<td><span style=\"font-size: 18px;\">Piment fort QSHP - 501 F1<\/span><\/td>\n<\/tr>\n<tr>\n<td><span style=\"font-size: 18px;\"><strong>Type<\/strong><\/span><\/td>\n<td><span style=\"font-size: 18px;\">Piment de Cayenne pour les serres et les champs<\/span><\/td>\n<\/tr>\n<tr>\n<td><span style=\"font-size: 18px;\"><strong>Croissance v\u00e9g\u00e9tative<\/strong><\/span><\/td>\n<td><span style=\"font-size: 18px;\">Plante forte<\/span><\/td>\n<\/tr>\n<tr>\n<td><span style=\"font-size: 18px;\"><strong>Caract\u00e9ristiques du fruit<\/strong><\/span><\/td>\n<td><span style=\"font-size: 18px;\">Fruits vert fonc\u00e9 \u00e0 rouge, forme cylindrique conique, dimensions 18 x 2,5 cm<\/span><\/td>\n<\/tr>\n<tr>\n<td><span style=\"font-size: 18px;\"><strong>Piquant<\/strong><\/span><\/td>\n<td><span style=\"font-size: 18px;\">Haut<\/span><\/td>\n<\/tr>\n<tr>\n<td><span style=\"font-size: 18px;\"><strong>Tol\u00e9rance (IR)<\/strong><\/span><\/td>\n<td><span style=\"font-size: 18px;\">PM (O\u00efdium)<\/span><\/td>\n<\/tr>\n<\/tbody>\n<\/table>\n<p><img loading=\"lazy\" decoding=\"async\" class=\"alignnone size-medium wp-image-10610\" src=\"https:\/\/alqawafel.com\/wp-content\/uploads\/2024\/11\/WhatsApp-Image-2024-11-17-at-12.48.51-PM-225x300.jpeg\" alt=\"Piment fort QSHP-501 F1 \" width=\"225\" height=\"300\" srcset=\"https:\/\/alqawafel.com\/wp-content\/uploads\/2024\/11\/WhatsApp-Image-2024-11-17-at-12.48.51-PM-225x300.jpeg 225w, https:\/\/alqawafel.com\/wp-content\/uploads\/2024\/11\/WhatsApp-Image-2024-11-17-at-12.48.51-PM-768x1024.jpeg 768w, https:\/\/alqawafel.com\/wp-content\/uploads\/2024\/11\/WhatsApp-Image-2024-11-17-at-12.48.51-PM-150x200.jpeg 150w, https:\/\/alqawafel.com\/wp-content\/uploads\/2024\/11\/WhatsApp-Image-2024-11-17-at-12.48.51-PM.jpeg 960w\" sizes=\"auto, (max-width: 225px) 100vw, 225px\" \/><\/p>\n<p>&nbsp;<\/p>\n<p><a title=\"Retour aux semences\" href=\"https:\/\/alqawafel.com\/fr\/semences\/\">Retour aux semences<\/a><\/p>\n<p><a title=\"Facebook\" href=\"https:\/\/alqawafel.com\/fr\/facebook\/\" target=\"_blank\" rel=\"noopener\">Facebook<\/a><\/p>\n<p><a title=\"Linkedin\" href=\"https:\/\/www.linkedin.com\/company\/alqawafel-ind-agr-co\/\" target=\"_blank\" rel=\"noopener\">Linkedin<\/a><\/p>","protected":false},"excerpt":{"rendered":"<p><span style=\"font-size: 18px;\">Piment QSHP-501 F1 : Un piment de Cayenne vigoureux avec des fruits coniques de 18\u00d72,5 cm, tr\u00e8s piquant et r\u00e9sistant au PM.<\/span><\/p>","protected":false},"featured_media":10610,"comment_status":"open","ping_status":"closed","template":"","meta":{"om_disable_all_campaigns":false,"_monsterinsights_skip_tracking":false,"_monsterinsights_sitenote_active":false,"_monsterinsights_sitenote_note":"","_monsterinsights_sitenote_category":0},"product_brand":[],"product_cat":[837,237],"product_tag":[866,1228,1230,1229,1227,1231,1101],"class_list":{"0":"post-10609","1":"product","2":"type-product","3":"status-publish","4":"has-post-thumbnail","6":"product_cat-hot-pepper","7":"product_cat-seeds","8":"product_tag-al-qawafel-ind-agr-co","9":"product_tag-cayenne-pepper","10":"product_tag-greenhouse-pepper","11":"product_tag-hot-pepper","12":"product_tag-hot-pepper-qshp-501-f1","13":"product_tag-open-field-pepper","14":"product_tag-seeds","16":"first","17":"instock","18":"shipping-taxable","19":"product-type-simple"},"aioseo_notices":[],"_links":{"self":[{"href":"https:\/\/alqawafel.com\/fr\/wp-json\/wp\/v2\/product\/10609","targetHints":{"allow":["GET"]}}],"collection":[{"href":"https:\/\/alqawafel.com\/fr\/wp-json\/wp\/v2\/product"}],"about":[{"href":"https:\/\/alqawafel.com\/fr\/wp-json\/wp\/v2\/types\/product"}],"replies":[{"embeddable":true,"href":"https:\/\/alqawafel.com\/fr\/wp-json\/wp\/v2\/comments?post=10609"}],"version-history":[{"count":4,"href":"https:\/\/alqawafel.com\/fr\/wp-json\/wp\/v2\/product\/10609\/revisions"}],"predecessor-version":[{"id":19585,"href":"https:\/\/alqawafel.com\/fr\/wp-json\/wp\/v2\/product\/10609\/revisions\/19585"}],"wp:featuredmedia":[{"embeddable":true,"href":"https:\/\/alqawafel.com\/fr\/wp-json\/wp\/v2\/media\/10610"}],"wp:attachment":[{"href":"https:\/\/alqawafel.com\/fr\/wp-json\/wp\/v2\/media?parent=10609"}],"wp:term":[{"taxonomy":"product_brand","embeddable":true,"href":"https:\/\/alqawafel.com\/fr\/wp-json\/wp\/v2\/product_brand?post=10609"},{"taxonomy":"product_cat","embeddable":true,"href":"https:\/\/alqawafel.com\/fr\/wp-json\/wp\/v2\/product_cat?post=10609"},{"taxonomy":"product_tag","embeddable":true,"href":"https:\/\/alqawafel.com\/fr\/wp-json\/wp\/v2\/product_tag?post=10609"}],"curies":[{"name":"wp","href":"https:\/\/api.w.org\/{rel}","templated":true}]}}