{"id":10727,"date":"2024-11-18T10:52:10","date_gmt":"2024-11-18T10:52:10","guid":{"rendered":"https:\/\/alqawafel.com\/?post_type=product&#038;p=10727"},"modified":"2025-04-28T08:12:55","modified_gmt":"2025-04-28T08:12:55","slug":"pasteque-qswm-702-f1","status":"publish","type":"product","link":"https:\/\/alqawafel.com\/fr\/product\/watermelon-qswm-702-f1\/","title":{"rendered":"Past\u00e8que QSWM-702 F1"},"content":{"rendered":"<p><span style=\"font-size: 18px\">Past\u00e8que QSWM-702 F1 : Une vari\u00e9t\u00e9 de past\u00e8que Charleston Gray pour les champs ouverts. Elle produit des fruits ronds (10-14 kg) \u00e0 la chair rouge fonc\u00e9, avec de petites graines et une excellente r\u00e9sistance aux maladies.<\/span><\/p>\n<table style=\"width: 54.7835%;height: 216px\">\n<thead>\n<tr style=\"height: 27px\">\n<th style=\"height: 27px\"><span style=\"font-size: 18px\"><strong>Attribut<\/strong><\/span><\/th>\n<th style=\"height: 27px\"><span style=\"font-size: 18px\"><strong>D\u00e9tails<\/strong><\/span><\/th>\n<\/tr>\n<\/thead>\n<tbody>\n<tr style=\"height: 27px\">\n<td style=\"height: 27px\"><span style=\"font-size: 18px\"><strong>Nom du produit<\/strong><\/span><\/td>\n<td style=\"height: 27px\"><span style=\"font-size: 18px\">Past\u00e8que QSWM - 702 F1<\/span><\/td>\n<\/tr>\n<tr style=\"height: 27px\">\n<td style=\"height: 27px\"><span style=\"font-size: 18px\"><strong>Type<\/strong><\/span><\/td>\n<td style=\"height: 27px\"><span style=\"font-size: 18px\">Type Charleston Gray pour le plein champ<\/span><\/td>\n<\/tr>\n<tr style=\"height: 54px\">\n<td style=\"height: 54px\"><span style=\"font-size: 18px\"><strong>Caract\u00e9ristiques du fruit<\/strong><\/span><\/td>\n<td style=\"height: 54px\"><span style=\"font-size: 18px\">Forme ronde avec un poids de 10-14 kg<\/span><\/td>\n<\/tr>\n<tr style=\"height: 27px\">\n<td style=\"height: 27px\"><span style=\"font-size: 18px\"><strong>Couleur chair<\/strong><\/span><\/td>\n<td style=\"height: 27px\"><span style=\"font-size: 18px\">Rouge fonc\u00e9 avec de petites graines<\/span><\/td>\n<\/tr>\n<tr style=\"height: 54px\">\n<td style=\"height: 54px\"><span style=\"font-size: 18px\"><strong>Tol\u00e9rance (IR)<\/strong><\/span><\/td>\n<td style=\"height: 54px\"><span style=\"font-size: 18px\">PM (O\u00efdium), F2 (Fusarium Wilt Race 2)<\/span><\/td>\n<\/tr>\n<\/tbody>\n<\/table>\n<p><img loading=\"lazy\" decoding=\"async\" class=\"alignnone size-medium wp-image-10728\" src=\"https:\/\/alqawafel.com\/wp-content\/uploads\/2024\/11\/WhatsApp-Image-2024-11-18-at-1.22.05-PM-1-225x300.jpeg\" alt=\"Past\u00e8que QSWM-702 F1\" width=\"225\" height=\"300\" srcset=\"https:\/\/alqawafel.com\/wp-content\/uploads\/2024\/11\/WhatsApp-Image-2024-11-18-at-1.22.05-PM-1-225x300.jpeg 225w, https:\/\/alqawafel.com\/wp-content\/uploads\/2024\/11\/WhatsApp-Image-2024-11-18-at-1.22.05-PM-1-768x1024.jpeg 768w, https:\/\/alqawafel.com\/wp-content\/uploads\/2024\/11\/WhatsApp-Image-2024-11-18-at-1.22.05-PM-1-150x200.jpeg 150w, https:\/\/alqawafel.com\/wp-content\/uploads\/2024\/11\/WhatsApp-Image-2024-11-18-at-1.22.05-PM-1.jpeg 867w\" sizes=\"auto, (max-width: 225px) 100vw, 225px\" \/><\/p>\n<p>&nbsp;<\/p>\n<p><a title=\"Retour aux semences\" href=\"https:\/\/alqawafel.com\/fr\/semences\/\">Retour aux semences<\/a><\/p>\n<p><a title=\"Facebook\" href=\"https:\/\/alqawafel.com\/fr\/facebook\/\" target=\"_blank\" rel=\"noopener\">Facebook<\/a><\/p>\n<p><a title=\"Linkedin\" href=\"https:\/\/www.linkedin.com\/company\/alqawafel-ind-agr-co\/\" target=\"_blank\" rel=\"noopener\">Linkedin<\/a><\/p>","protected":false},"excerpt":{"rendered":"<p><span style=\"font-size: 18px\">Past\u00e8que QSWM-702 F1 : Une past\u00e8que Charleston Gray avec des fruits ronds de 10-14 kg, une chair rouge fonc\u00e9, de petites graines, et une r\u00e9sistance au PM et au Fusarium Wilt (F2).<\/span><\/p>","protected":false},"featured_media":10728,"comment_status":"open","ping_status":"closed","template":"","meta":{"om_disable_all_campaigns":false,"_monsterinsights_skip_tracking":false,"_monsterinsights_sitenote_active":false,"_monsterinsights_sitenote_note":"","_monsterinsights_sitenote_category":0},"product_brand":[],"product_cat":[237,832],"product_tag":[1265,866,1259,1260,1264,1101,1263],"class_list":{"0":"post-10727","1":"product","2":"type-product","3":"status-publish","4":"has-post-thumbnail","6":"product_cat-seeds","7":"product_cat-watermelon","8":"product_tag-10-14-kg-watermelon","9":"product_tag-al-qawafel-ind-agr-co","10":"product_tag-charleston-gray-watermelon","11":"product_tag-open-field-watermelon","12":"product_tag-round-watermelon","13":"product_tag-seeds","14":"product_tag-watermelon-qswm-702-f1","16":"first","17":"instock","18":"shipping-taxable","19":"product-type-simple"},"aioseo_notices":[],"_links":{"self":[{"href":"https:\/\/alqawafel.com\/fr\/wp-json\/wp\/v2\/product\/10727","targetHints":{"allow":["GET"]}}],"collection":[{"href":"https:\/\/alqawafel.com\/fr\/wp-json\/wp\/v2\/product"}],"about":[{"href":"https:\/\/alqawafel.com\/fr\/wp-json\/wp\/v2\/types\/product"}],"replies":[{"embeddable":true,"href":"https:\/\/alqawafel.com\/fr\/wp-json\/wp\/v2\/comments?post=10727"}],"version-history":[{"count":2,"href":"https:\/\/alqawafel.com\/fr\/wp-json\/wp\/v2\/product\/10727\/revisions"}],"predecessor-version":[{"id":10734,"href":"https:\/\/alqawafel.com\/fr\/wp-json\/wp\/v2\/product\/10727\/revisions\/10734"}],"wp:featuredmedia":[{"embeddable":true,"href":"https:\/\/alqawafel.com\/fr\/wp-json\/wp\/v2\/media\/10728"}],"wp:attachment":[{"href":"https:\/\/alqawafel.com\/fr\/wp-json\/wp\/v2\/media?parent=10727"}],"wp:term":[{"taxonomy":"product_brand","embeddable":true,"href":"https:\/\/alqawafel.com\/fr\/wp-json\/wp\/v2\/product_brand?post=10727"},{"taxonomy":"product_cat","embeddable":true,"href":"https:\/\/alqawafel.com\/fr\/wp-json\/wp\/v2\/product_cat?post=10727"},{"taxonomy":"product_tag","embeddable":true,"href":"https:\/\/alqawafel.com\/fr\/wp-json\/wp\/v2\/product_tag?post=10727"}],"curies":[{"name":"wp","href":"https:\/\/api.w.org\/{rel}","templated":true}]}}