{"id":10744,"date":"2024-11-18T11:06:36","date_gmt":"2024-11-18T11:06:36","guid":{"rendered":"https:\/\/alqawafel.com\/?post_type=product&#038;p=10744"},"modified":"2025-04-28T08:12:44","modified_gmt":"2025-04-28T08:12:44","slug":"pasteque-qswm-704-f1","status":"publish","type":"product","link":"https:\/\/alqawafel.com\/fr\/product\/watermelon-qswm-704-f1\/","title":{"rendered":"Past\u00e8que QSWM-704 F1"},"content":{"rendered":"<div class=\"flex-shrink-0 flex flex-col relative items-end\">\n<div class=\"pt-0\">\n<div class=\"gizmo-bot-avatar flex h-8 w-8 items-center justify-center overflow-hidden rounded-full\">\n<p><span style=\"font-size: 18px\">Past\u00e8que QSWM-704 F1 : Vari\u00e9t\u00e9 de past\u00e8que Sugar Baby pour les champs ouverts. Elle produit des fruits ovales (7-9 kg) \u00e0 la chair rouge fonc\u00e9, avec de petites graines et une excellente r\u00e9sistance aux maladies.<\/span><\/p>\n<table>\n<thead>\n<tr>\n<th><span style=\"font-size: 18px\"><strong>Attribut<\/strong><\/span><\/th>\n<th><span style=\"font-size: 18px\"><strong>D\u00e9tails<\/strong><\/span><\/th>\n<\/tr>\n<\/thead>\n<tbody>\n<tr>\n<td><span style=\"font-size: 18px\"><strong>Nom du produit<\/strong><\/span><\/td>\n<td><span style=\"font-size: 18px\">Past\u00e8que QSWM - 704 F1<\/span><\/td>\n<\/tr>\n<tr>\n<td><span style=\"font-size: 18px\"><strong>Type<\/strong><\/span><\/td>\n<td><span style=\"font-size: 18px\">Type Sugar Baby pour champ ouvert<\/span><\/td>\n<\/tr>\n<tr>\n<td><span style=\"font-size: 18px\"><strong>Caract\u00e9ristiques du fruit<\/strong><\/span><\/td>\n<td><span style=\"font-size: 18px\">Forme ovale, poids de 7 \u00e0 9 kg<\/span><\/td>\n<\/tr>\n<tr>\n<td><span style=\"font-size: 18px\"><strong>Couleur chair<\/strong><\/span><\/td>\n<td><span style=\"font-size: 18px\">Rouge fonc\u00e9 avec de petites graines<\/span><\/td>\n<\/tr>\n<tr>\n<td><span style=\"font-size: 18px\"><strong>Tol\u00e9rance (IR)<\/strong><\/span><\/td>\n<td><span style=\"font-size: 18px\">PM (O\u00efdium), F2 (Fusarium Wilt Race 2)<\/span><\/td>\n<\/tr>\n<\/tbody>\n<\/table>\n<\/div>\n<\/div>\n<\/div>\n<p><img loading=\"lazy\" decoding=\"async\" class=\"alignnone size-medium wp-image-10745\" src=\"https:\/\/alqawafel.com\/wp-content\/uploads\/2024\/11\/WhatsApp-Image-2024-11-18-at-1.22.06-PM-169x300.jpeg\" alt=\"Past\u00e8que QSWM-704 F1\" width=\"169\" height=\"300\" srcset=\"https:\/\/alqawafel.com\/wp-content\/uploads\/2024\/11\/WhatsApp-Image-2024-11-18-at-1.22.06-PM-169x300.jpeg 169w, https:\/\/alqawafel.com\/wp-content\/uploads\/2024\/11\/WhatsApp-Image-2024-11-18-at-1.22.06-PM-576x1024.jpeg 576w, https:\/\/alqawafel.com\/wp-content\/uploads\/2024\/11\/WhatsApp-Image-2024-11-18-at-1.22.06-PM-150x267.jpeg 150w, https:\/\/alqawafel.com\/wp-content\/uploads\/2024\/11\/WhatsApp-Image-2024-11-18-at-1.22.06-PM.jpeg 720w\" sizes=\"auto, (max-width: 169px) 100vw, 169px\" \/><\/p>\n<p>&nbsp;<\/p>\n<p><a title=\"Retour aux semences\" href=\"https:\/\/alqawafel.com\/fr\/semences\/\">Retour aux semences<\/a><\/p>\n<p><a title=\"Facebook\" href=\"https:\/\/alqawafel.com\/fr\/facebook\/\" target=\"_blank\" rel=\"noopener\">Facebook<\/a><\/p>\n<p><a title=\"Linkedin\" href=\"https:\/\/www.linkedin.com\/company\/alqawafel-ind-agr-co\/\" target=\"_blank\" rel=\"noopener\">Linkedin<\/a><\/p>","protected":false},"excerpt":{"rendered":"<p><span style=\"font-size: 18px\">Past\u00e8que QSWM-704 F1 : Une past\u00e8que Sugar Baby avec des fruits ovales de 7-9 kg, une chair rouge fonc\u00e9, de petites graines, et une r\u00e9sistance \u00e0 la PM et au Fusarium Wilt (F2).<\/span><\/p>","protected":false},"featured_media":10745,"comment_status":"open","ping_status":"closed","template":"","meta":{"om_disable_all_campaigns":false,"_monsterinsights_skip_tracking":false,"_monsterinsights_sitenote_active":false,"_monsterinsights_sitenote_note":"","_monsterinsights_sitenote_category":0},"product_brand":[],"product_cat":[237,832],"product_tag":[1267,866,1260,1269,1101,1266,1270],"class_list":{"0":"post-10744","1":"product","2":"type-product","3":"status-publish","4":"has-post-thumbnail","6":"product_cat-seeds","7":"product_cat-watermelon","8":"product_tag-7-9-kg-watermelon","9":"product_tag-al-qawafel-ind-agr-co","10":"product_tag-open-field-watermelon","11":"product_tag-oval-watermelon","12":"product_tag-seeds","13":"product_tag-sugar-baby-watermelon","14":"product_tag-watermelon-qswm-704-f1","16":"first","17":"instock","18":"shipping-taxable","19":"product-type-simple"},"aioseo_notices":[],"_links":{"self":[{"href":"https:\/\/alqawafel.com\/fr\/wp-json\/wp\/v2\/product\/10744","targetHints":{"allow":["GET"]}}],"collection":[{"href":"https:\/\/alqawafel.com\/fr\/wp-json\/wp\/v2\/product"}],"about":[{"href":"https:\/\/alqawafel.com\/fr\/wp-json\/wp\/v2\/types\/product"}],"replies":[{"embeddable":true,"href":"https:\/\/alqawafel.com\/fr\/wp-json\/wp\/v2\/comments?post=10744"}],"version-history":[{"count":1,"href":"https:\/\/alqawafel.com\/fr\/wp-json\/wp\/v2\/product\/10744\/revisions"}],"predecessor-version":[{"id":10750,"href":"https:\/\/alqawafel.com\/fr\/wp-json\/wp\/v2\/product\/10744\/revisions\/10750"}],"wp:featuredmedia":[{"embeddable":true,"href":"https:\/\/alqawafel.com\/fr\/wp-json\/wp\/v2\/media\/10745"}],"wp:attachment":[{"href":"https:\/\/alqawafel.com\/fr\/wp-json\/wp\/v2\/media?parent=10744"}],"wp:term":[{"taxonomy":"product_brand","embeddable":true,"href":"https:\/\/alqawafel.com\/fr\/wp-json\/wp\/v2\/product_brand?post=10744"},{"taxonomy":"product_cat","embeddable":true,"href":"https:\/\/alqawafel.com\/fr\/wp-json\/wp\/v2\/product_cat?post=10744"},{"taxonomy":"product_tag","embeddable":true,"href":"https:\/\/alqawafel.com\/fr\/wp-json\/wp\/v2\/product_tag?post=10744"}],"curies":[{"name":"wp","href":"https:\/\/api.w.org\/{rel}","templated":true}]}}