{"id":10776,"date":"2024-11-18T11:48:18","date_gmt":"2024-11-18T11:48:18","guid":{"rendered":"https:\/\/alqawafel.com\/?post_type=product&#038;p=10776"},"modified":"2025-04-28T08:12:18","modified_gmt":"2025-04-28T08:12:18","slug":"aubergine-qseg-803-f1","status":"publish","type":"product","link":"https:\/\/alqawafel.com\/fr\/product\/eggplant-qseg-803-f1\/","title":{"rendered":"Aubergine QSEg-803 F1"},"content":{"rendered":"<div class=\"flex-shrink-0 flex flex-col relative items-end\">\n<div class=\"pt-0\">\n<p><span style=\"font-size: 18px\">Aubergine QSEg-803 F1 : Vari\u00e9t\u00e9 d'aubergine longue pour la culture en serre et en plein champ. Produit des fruits cylindriques noirs brillants (250-400 gm) avec une chair blanche pure sans p\u00e9pins et une excellente r\u00e9sistance aux maladies.<\/span><\/p>\n<table>\n<thead>\n<tr>\n<th><span style=\"font-size: 18px\"><strong>Attribut<\/strong><\/span><\/th>\n<th><span style=\"font-size: 18px\"><strong>D\u00e9tails<\/strong><\/span><\/th>\n<\/tr>\n<\/thead>\n<tbody>\n<tr>\n<td><span style=\"font-size: 18px\"><strong>Nom du produit<\/strong><\/span><\/td>\n<td><span style=\"font-size: 18px\">Aubergine QSEg - 803 F1<\/span><\/td>\n<\/tr>\n<tr>\n<td><span style=\"font-size: 18px\"><strong>Type<\/strong><\/span><\/td>\n<td><span style=\"font-size: 18px\">Vari\u00e9t\u00e9 longue pour serre et plein champ<\/span><\/td>\n<\/tr>\n<tr>\n<td><span style=\"font-size: 18px\"><strong>Caract\u00e9ristiques du fruit<\/strong><\/span><\/td>\n<td><span style=\"font-size: 18px\">Couleur noire profonde et brillante, forme cylindrique longue avec calice vert, poids moyen de 250-400 gm.<\/span><\/td>\n<\/tr>\n<tr>\n<td><span style=\"font-size: 18px\"><strong>La chair<\/strong><\/span><\/td>\n<td><span style=\"font-size: 18px\">Blanc pur, sans p\u00e9pins<\/span><\/td>\n<\/tr>\n<tr>\n<td><span style=\"font-size: 18px\"><strong>Tol\u00e9rance (IR)<\/strong><\/span><\/td>\n<td><span style=\"font-size: 18px\">TMV (virus de la mosa\u00efque de la tomate), V (fl\u00e9trissement verticillien)<\/span><\/td>\n<\/tr>\n<\/tbody>\n<\/table>\n<\/div>\n<\/div>\n<p><img loading=\"lazy\" decoding=\"async\" class=\"alignnone size-medium wp-image-10777\" src=\"https:\/\/alqawafel.com\/wp-content\/uploads\/2024\/11\/WhatsApp-Image-2024-11-18-at-1.26.05-PM-2-225x300.jpeg\" alt=\"Aubergine QSEg-803 F1 \" width=\"225\" height=\"300\" srcset=\"https:\/\/alqawafel.com\/wp-content\/uploads\/2024\/11\/WhatsApp-Image-2024-11-18-at-1.26.05-PM-2-225x300.jpeg 225w, https:\/\/alqawafel.com\/wp-content\/uploads\/2024\/11\/WhatsApp-Image-2024-11-18-at-1.26.05-PM-2-768x1024.jpeg 768w, https:\/\/alqawafel.com\/wp-content\/uploads\/2024\/11\/WhatsApp-Image-2024-11-18-at-1.26.05-PM-2-150x200.jpeg 150w, https:\/\/alqawafel.com\/wp-content\/uploads\/2024\/11\/WhatsApp-Image-2024-11-18-at-1.26.05-PM-2.jpeg 960w\" sizes=\"auto, (max-width: 225px) 100vw, 225px\" \/><\/p>\n<p>&nbsp;<\/p>\n<p><a title=\"Retour aux semences\" href=\"https:\/\/alqawafel.com\/fr\/semences\/\">Retour aux semences<\/a><\/p>\n<p><a title=\"Facebook\" href=\"https:\/\/alqawafel.com\/fr\/facebook\/\" target=\"_blank\" rel=\"noopener\">Facebook<\/a><\/p>\n<p><a title=\"Linkedin\" href=\"https:\/\/www.linkedin.com\/company\/alqawafel-ind-agr-co\/\" target=\"_blank\" rel=\"noopener\">Linkedin<\/a><\/p>","protected":false},"excerpt":{"rendered":"<p><span style=\"font-size: 18px\">Aubergine QSEg-803 F1 : Une aubergine longue de qualit\u00e9 sup\u00e9rieure avec des fruits cylindriques noirs brillants de 250-400 gm, une chair sans p\u00e9pins d'un blanc pur, et une r\u00e9sistance au TMV et au V.<\/span><\/p>","protected":false},"featured_media":10777,"comment_status":"open","ping_status":"closed","template":"","meta":{"om_disable_all_campaigns":false,"_monsterinsights_skip_tracking":false,"_monsterinsights_sitenote_active":false,"_monsterinsights_sitenote_note":"","_monsterinsights_sitenote_category":0},"product_brand":[],"product_cat":[833,237],"product_tag":[866,1282,1277,1283,1278,1101,1279],"class_list":{"0":"post-10776","1":"product","2":"type-product","3":"status-publish","4":"has-post-thumbnail","6":"product_cat-eggplant","7":"product_cat-seeds","8":"product_tag-al-qawafel-ind-agr-co","9":"product_tag-eggplant-qseg-803-f1","10":"product_tag-greenhouse-eggplant","11":"product_tag-long-eggplant","12":"product_tag-open-field-eggplant","13":"product_tag-seeds","14":"product_tag-shiny-black-eggplant","16":"first","17":"instock","18":"shipping-taxable","19":"product-type-simple"},"aioseo_notices":[],"_links":{"self":[{"href":"https:\/\/alqawafel.com\/fr\/wp-json\/wp\/v2\/product\/10776","targetHints":{"allow":["GET"]}}],"collection":[{"href":"https:\/\/alqawafel.com\/fr\/wp-json\/wp\/v2\/product"}],"about":[{"href":"https:\/\/alqawafel.com\/fr\/wp-json\/wp\/v2\/types\/product"}],"replies":[{"embeddable":true,"href":"https:\/\/alqawafel.com\/fr\/wp-json\/wp\/v2\/comments?post=10776"}],"version-history":[{"count":3,"href":"https:\/\/alqawafel.com\/fr\/wp-json\/wp\/v2\/product\/10776\/revisions"}],"predecessor-version":[{"id":12481,"href":"https:\/\/alqawafel.com\/fr\/wp-json\/wp\/v2\/product\/10776\/revisions\/12481"}],"wp:featuredmedia":[{"embeddable":true,"href":"https:\/\/alqawafel.com\/fr\/wp-json\/wp\/v2\/media\/10777"}],"wp:attachment":[{"href":"https:\/\/alqawafel.com\/fr\/wp-json\/wp\/v2\/media?parent=10776"}],"wp:term":[{"taxonomy":"product_brand","embeddable":true,"href":"https:\/\/alqawafel.com\/fr\/wp-json\/wp\/v2\/product_brand?post=10776"},{"taxonomy":"product_cat","embeddable":true,"href":"https:\/\/alqawafel.com\/fr\/wp-json\/wp\/v2\/product_cat?post=10776"},{"taxonomy":"product_tag","embeddable":true,"href":"https:\/\/alqawafel.com\/fr\/wp-json\/wp\/v2\/product_tag?post=10776"}],"curies":[{"name":"wp","href":"https:\/\/api.w.org\/{rel}","templated":true}]}}