{"id":10819,"date":"2024-11-18T12:25:40","date_gmt":"2024-11-18T12:25:40","guid":{"rendered":"https:\/\/alqawafel.com\/?post_type=product&#038;p=10819"},"modified":"2025-08-17T08:38:31","modified_gmt":"2025-08-17T08:38:31","slug":"poivre-doux-qssp-510-f1","status":"publish","type":"product","link":"https:\/\/alqawafel.com\/fr\/product\/sweet-pepper-qssp-510-f1\/","title":{"rendered":"Poivron QSSP-510 F1"},"content":{"rendered":"<div class=\"flex-shrink-0 flex flex-col relative items-end\">\n<p><span style=\"font-size: 18px;\">Poivron QSSP-510 F1 : Un poivron \u00e0 haut rendement pour les serres et les champs. Produit des fruits rouges \u00e0 4 lobes (8\u00d79 cm, 230 g) avec une excellente r\u00e9sistance au ToMV, TMV, et PVYO.<\/span><\/p>\n<table>\n<thead>\n<tr>\n<th><span style=\"font-size: 18px;\"><strong>Attribut<\/strong><\/span><\/th>\n<th><span style=\"font-size: 18px;\"><strong>D\u00e9tails<\/strong><\/span><\/th>\n<\/tr>\n<\/thead>\n<tbody>\n<tr>\n<td><span style=\"font-size: 18px;\"><strong>Nom du produit<\/strong><\/span><\/td>\n<td><span style=\"font-size: 18px;\">Poivron QSSP-510 F1<\/span><\/td>\n<\/tr>\n<tr>\n<td><span style=\"font-size: 18px;\"><strong>Type<\/strong><\/span><\/td>\n<td><span style=\"font-size: 18px;\">Poivron en bloc pour la serre et le plein champ<\/span><\/td>\n<\/tr>\n<tr>\n<td><span style=\"font-size: 18px;\"><strong>Croissance v\u00e9g\u00e9tative<\/strong><\/span><\/td>\n<td><span style=\"font-size: 18px;\">Installation robuste et compacte avec une production \u00e9lev\u00e9e<\/span><\/td>\n<\/tr>\n<tr>\n<td><span style=\"font-size: 18px;\"><strong>Caract\u00e9ristiques du fruit<\/strong><\/span><\/td>\n<td><span style=\"font-size: 18px;\">Couleur rouge, forme en bloc avec 4 lobes, dimensions 8\u00d79 cm, poids moyen 230 g<\/span><\/td>\n<\/tr>\n<tr>\n<td><span style=\"font-size: 18px;\"><strong>Piquant<\/strong><\/span><\/td>\n<td><span style=\"font-size: 18px;\">Douceur<\/span><\/td>\n<\/tr>\n<tr>\n<td><span style=\"font-size: 18px;\"><strong>Tol\u00e9rance (IR)<\/strong><\/span><\/td>\n<td><span style=\"font-size: 18px;\">ToMV (virus de la mosa\u00efque de la tomate), TMV (virus de la mosa\u00efque du tabac), PVYO (virus Y ordinaire de la pomme de terre)<\/span><\/td>\n<\/tr>\n<\/tbody>\n<\/table>\n<\/div>\n<p><img loading=\"lazy\" decoding=\"async\" class=\"alignnone size-medium wp-image-10820\" src=\"https:\/\/alqawafel.com\/wp-content\/uploads\/2024\/11\/WhatsApp-Image-2024-11-18-at-1.01.40-PM-225x300.jpeg\" alt=\"Poivron QSSP-510 F1 \" width=\"225\" height=\"300\" srcset=\"https:\/\/alqawafel.com\/wp-content\/uploads\/2024\/11\/WhatsApp-Image-2024-11-18-at-1.01.40-PM-225x300.jpeg 225w, https:\/\/alqawafel.com\/wp-content\/uploads\/2024\/11\/WhatsApp-Image-2024-11-18-at-1.01.40-PM-768x1024.jpeg 768w, https:\/\/alqawafel.com\/wp-content\/uploads\/2024\/11\/WhatsApp-Image-2024-11-18-at-1.01.40-PM-150x200.jpeg 150w, https:\/\/alqawafel.com\/wp-content\/uploads\/2024\/11\/WhatsApp-Image-2024-11-18-at-1.01.40-PM.jpeg 960w\" sizes=\"auto, (max-width: 225px) 100vw, 225px\" \/><\/p>\n<p>&nbsp;<\/p>\n<p><a title=\"Retour aux semences\" href=\"https:\/\/alqawafel.com\/fr\/semences\/\">Retour aux semences<\/a><\/p>\n<p><a title=\"Facebook\" href=\"https:\/\/alqawafel.com\/fr\/facebook\/\" target=\"_blank\" rel=\"noopener\">Facebook<\/a><\/p>\n<p><a title=\"Linkedin\" href=\"https:\/\/www.linkedin.com\/company\/alqawafel-ind-agr-co\/\" target=\"_blank\" rel=\"noopener\">Linkedin<\/a><\/p>","protected":false},"excerpt":{"rendered":"<p><span style=\"font-size: 18px;\">Poivron QSSP-510 F1 : Un poivron de qualit\u00e9 sup\u00e9rieure avec des fruits quadrilob\u00e9s de 8\u00d79 cm, un poids de 230 g et une r\u00e9sistance au ToMV, au TMV et au PVYO.<\/span><\/p>","protected":false},"featured_media":0,"comment_status":"open","ping_status":"closed","template":"","meta":{"om_disable_all_campaigns":false,"_monsterinsights_skip_tracking":false,"_monsterinsights_sitenote_active":false,"_monsterinsights_sitenote_note":"","_monsterinsights_sitenote_category":0},"product_brand":[],"product_cat":[237,830],"product_tag":[866,1301,1292,1296,1302,1101,1300],"class_list":{"0":"post-10819","1":"product","2":"type-product","3":"status-publish","5":"product_cat-seeds","6":"product_cat-sweet-pepper","7":"product_tag-al-qawafel-ind-agr-co","8":"product_tag-blocky-bell-pepper","9":"product_tag-greenhouse-sweet-pepper","10":"product_tag-open-field-sweet-pepper","11":"product_tag-red-bell-pepper","12":"product_tag-seeds","13":"product_tag-sweet-pepper-qssp-510-f1","15":"first","16":"instock","17":"shipping-taxable","18":"product-type-simple"},"aioseo_notices":[],"_links":{"self":[{"href":"https:\/\/alqawafel.com\/fr\/wp-json\/wp\/v2\/product\/10819","targetHints":{"allow":["GET"]}}],"collection":[{"href":"https:\/\/alqawafel.com\/fr\/wp-json\/wp\/v2\/product"}],"about":[{"href":"https:\/\/alqawafel.com\/fr\/wp-json\/wp\/v2\/types\/product"}],"replies":[{"embeddable":true,"href":"https:\/\/alqawafel.com\/fr\/wp-json\/wp\/v2\/comments?post=10819"}],"version-history":[{"count":4,"href":"https:\/\/alqawafel.com\/fr\/wp-json\/wp\/v2\/product\/10819\/revisions"}],"predecessor-version":[{"id":19597,"href":"https:\/\/alqawafel.com\/fr\/wp-json\/wp\/v2\/product\/10819\/revisions\/19597"}],"wp:attachment":[{"href":"https:\/\/alqawafel.com\/fr\/wp-json\/wp\/v2\/media?parent=10819"}],"wp:term":[{"taxonomy":"product_brand","embeddable":true,"href":"https:\/\/alqawafel.com\/fr\/wp-json\/wp\/v2\/product_brand?post=10819"},{"taxonomy":"product_cat","embeddable":true,"href":"https:\/\/alqawafel.com\/fr\/wp-json\/wp\/v2\/product_cat?post=10819"},{"taxonomy":"product_tag","embeddable":true,"href":"https:\/\/alqawafel.com\/fr\/wp-json\/wp\/v2\/product_tag?post=10819"}],"curies":[{"name":"wp","href":"https:\/\/api.w.org\/{rel}","templated":true}]}}