{"id":10912,"date":"2024-11-18T12:48:16","date_gmt":"2024-11-18T12:48:16","guid":{"rendered":"https:\/\/alqawafel.com\/?post_type=product&#038;p=10912"},"modified":"2025-04-28T08:11:30","modified_gmt":"2025-04-28T08:11:30","slug":"melon-qsm-303-f1","status":"publish","type":"product","link":"https:\/\/alqawafel.com\/fr\/product\/melon-qsm-303-f1\/","title":{"rendered":"Melon QSM-303 F1"},"content":{"rendered":"<div class=\"flex-shrink-0 flex flex-col relative items-end\">\n<p><span style=\"font-size: 18px\">Melon QSM-303 F1 : Melon charentais de haute qualit\u00e9, adapt\u00e9 \u00e0 la culture en plein champ et en int\u00e9rieur. Il produit des fruits ronds (1,5-2 kg) \u00e0 chair orange et pr\u00e9sente une excellente r\u00e9sistance aux PM et F2.<\/span><\/p>\n<table style=\"width: 52.0257%;height: 142px\">\n<thead>\n<tr style=\"height: 24px\">\n<th style=\"height: 24px\"><strong>Attribut<\/strong><\/th>\n<th style=\"height: 24px\"><strong>D\u00e9tails<\/strong><\/th>\n<\/tr>\n<\/thead>\n<tbody>\n<tr style=\"height: 22px\">\n<td style=\"height: 22px\"><strong>Nom du produit<\/strong><\/td>\n<td style=\"height: 22px\">Melon QSM - 303 F1<\/td>\n<\/tr>\n<tr style=\"height: 24px\">\n<td style=\"height: 24px\"><strong>Type<\/strong><\/td>\n<td style=\"height: 24px\">Type charentais pour culture en plein champ et en int\u00e9rieur<\/td>\n<\/tr>\n<tr style=\"height: 24px\">\n<td style=\"height: 24px\"><strong>Caract\u00e9ristiques du fruit<\/strong><\/td>\n<td style=\"height: 24px\">Forme ronde, poids 1,5-2 kg<\/td>\n<\/tr>\n<tr style=\"height: 24px\">\n<td style=\"height: 24px\"><strong>Couleur chair<\/strong><\/td>\n<td style=\"height: 24px\">Orange<\/td>\n<\/tr>\n<tr style=\"height: 24px\">\n<td style=\"height: 24px\"><strong>Tol\u00e9rance (IR)<\/strong><\/td>\n<td style=\"height: 24px\">PM (O\u00efdium), F2 (Fusarium Wilt Race 2)<\/td>\n<\/tr>\n<\/tbody>\n<\/table>\n<\/div>\n<p><img loading=\"lazy\" decoding=\"async\" class=\"alignnone size-medium wp-image-10923\" src=\"https:\/\/alqawafel.com\/wp-content\/uploads\/2024\/11\/WhatsApp-Image-2024-11-18-at-1.18.56-PM-225x300.jpeg\" alt=\"Melon QSM-303 F1 \" width=\"225\" height=\"300\" srcset=\"https:\/\/alqawafel.com\/wp-content\/uploads\/2024\/11\/WhatsApp-Image-2024-11-18-at-1.18.56-PM-225x300.jpeg 225w, https:\/\/alqawafel.com\/wp-content\/uploads\/2024\/11\/WhatsApp-Image-2024-11-18-at-1.18.56-PM-768x1024.jpeg 768w, https:\/\/alqawafel.com\/wp-content\/uploads\/2024\/11\/WhatsApp-Image-2024-11-18-at-1.18.56-PM-150x200.jpeg 150w, https:\/\/alqawafel.com\/wp-content\/uploads\/2024\/11\/WhatsApp-Image-2024-11-18-at-1.18.56-PM.jpeg 960w\" sizes=\"auto, (max-width: 225px) 100vw, 225px\" \/><\/p>\n<p>&nbsp;<\/p>\n<p><a title=\"Retour aux semences\" href=\"https:\/\/alqawafel.com\/fr\/semences\/\">Retour aux semences<\/a><\/p>\n<p><a title=\"Facebook\" href=\"https:\/\/alqawafel.com\/fr\/facebook\/\" target=\"_blank\" rel=\"noopener\">Facebook<\/a><\/p>\n<p><a title=\"Linkedin\" href=\"https:\/\/www.linkedin.com\/company\/alqawafel-ind-agr-co\/\" target=\"_blank\" rel=\"noopener\">Linkedin<\/a><\/p>","protected":false},"excerpt":{"rendered":"<p><span style=\"font-size: 18px\">Melon QSM-303 F1 : Un melon charentais de qualit\u00e9 sup\u00e9rieure pour le plein champ et l'int\u00e9rieur, des fruits ronds, une chair orange et une r\u00e9sistance \u00e0 la PM et au Fusarium Wilt (F2).<\/span><\/p>","protected":false},"featured_media":0,"comment_status":"open","ping_status":"closed","template":"","meta":{"om_disable_all_campaigns":false,"_monsterinsights_skip_tracking":false,"_monsterinsights_sitenote_active":false,"_monsterinsights_sitenote_note":"","_monsterinsights_sitenote_category":0},"product_brand":[],"product_cat":[831,237],"product_tag":[866,1312,1314,1313,1311,1306,1101],"class_list":{"0":"post-10912","1":"product","2":"type-product","3":"status-publish","5":"product_cat-melon","6":"product_cat-seeds","7":"product_tag-al-qawafel-ind-agr-co","8":"product_tag-charentais-melon","9":"product_tag-high-quality-melon","10":"product_tag-indoor-melon","11":"product_tag-melon-qsm-303-f1","12":"product_tag-open-field-melon","13":"product_tag-seeds","15":"first","16":"instock","17":"shipping-taxable","18":"product-type-simple"},"aioseo_notices":[],"_links":{"self":[{"href":"https:\/\/alqawafel.com\/fr\/wp-json\/wp\/v2\/product\/10912","targetHints":{"allow":["GET"]}}],"collection":[{"href":"https:\/\/alqawafel.com\/fr\/wp-json\/wp\/v2\/product"}],"about":[{"href":"https:\/\/alqawafel.com\/fr\/wp-json\/wp\/v2\/types\/product"}],"replies":[{"embeddable":true,"href":"https:\/\/alqawafel.com\/fr\/wp-json\/wp\/v2\/comments?post=10912"}],"version-history":[{"count":2,"href":"https:\/\/alqawafel.com\/fr\/wp-json\/wp\/v2\/product\/10912\/revisions"}],"predecessor-version":[{"id":10934,"href":"https:\/\/alqawafel.com\/fr\/wp-json\/wp\/v2\/product\/10912\/revisions\/10934"}],"wp:attachment":[{"href":"https:\/\/alqawafel.com\/fr\/wp-json\/wp\/v2\/media?parent=10912"}],"wp:term":[{"taxonomy":"product_brand","embeddable":true,"href":"https:\/\/alqawafel.com\/fr\/wp-json\/wp\/v2\/product_brand?post=10912"},{"taxonomy":"product_cat","embeddable":true,"href":"https:\/\/alqawafel.com\/fr\/wp-json\/wp\/v2\/product_cat?post=10912"},{"taxonomy":"product_tag","embeddable":true,"href":"https:\/\/alqawafel.com\/fr\/wp-json\/wp\/v2\/product_tag?post=10912"}],"curies":[{"name":"wp","href":"https:\/\/api.w.org\/{rel}","templated":true}]}}