{"id":11006,"date":"2024-11-19T08:00:56","date_gmt":"2024-11-19T08:00:56","guid":{"rendered":"https:\/\/alqawafel.com\/?post_type=product&#038;p=11006"},"modified":"2025-09-09T12:32:36","modified_gmt":"2025-09-09T12:32:36","slug":"glyofel-48-sl","status":"publish","type":"product","link":"https:\/\/alqawafel.com\/fr\/product\/glyofel-48-sl\/","title":{"rendered":"Glyofel 48% SL Herbicide"},"content":{"rendered":"<div class=\"flex-shrink-0 flex flex-col relative items-end\">\n<h3><span style=\"font-size: 18pt;\">Pourquoi Glyofel 48% SL ?<\/span><\/h3>\n<p><span style=\"font-size: 18px;\">Le Glyofel48% SL est un herbicide syst\u00e9mique con\u00e7u pour lutter contre les mauvaises herbes \u00e0 large spectre. Il permet de lutter efficacement contre les dicotyl\u00e9dones annuelles et vivaces, ce qui en fait un choix id\u00e9al pour les terres non agricoles, les arbres fruitiers et les champs de vigne. Gr\u00e2ce \u00e0 sa capacit\u00e9 \u00e0 cibler les mauvaises herbes en post-lev\u00e9e et aux stades de croissance active, le Glyofel 48% SL assure une gestion optimale des mauvaises herbes et pr\u00e9pare les champs \u00e0 la plantation.<\/span><\/p>\n<h3><span style=\"font-size: 18pt;\">Identification du Glyofel 48% SL<\/span><\/h3>\n<ul>\n<li><span style=\"font-size: 18px;\"><strong>Formulation<\/strong>: Concentr\u00e9 soluble (SL)<\/span><\/li>\n<li><span style=\"font-size: 18px;\"><strong>Ingr\u00e9dient actif<\/strong>: Glyphosate-isopropylamine 48% (w\/v)<\/span><\/li>\n<li><span style=\"font-size: 18px;\"><strong>Groupe chimique<\/strong>: Phosphonoglycine<\/span><\/li>\n<li><span style=\"font-size: 18px;\"><strong>Mode d'action<\/strong>: Action syst\u00e9mique pour un contr\u00f4le efficace des mauvaises herbes annuelles et vivaces.<\/span><\/li>\n<\/ul>\n<h3><span style=\"font-size: 18pt;\">Application id\u00e9ale<\/span><\/h3>\n<p><span style=\"font-size: 18px;\">Recommand\u00e9 pour l'utilisation sur les cultures et les zones suivantes avec des cibles d'adventices typiques telles que list\u00e9es :<\/span><\/p>\n<h3><span style=\"font-size: 18pt; color: #000000;\">Contr\u00f4le des cultures et des mauvaises herbes :<\/span><\/h3>\n<ul>\n<li><span style=\"font-size: 18px;\"><strong>Arbres fruitiers et champs de vigne<\/strong>: Contr\u00f4les <em>Mauvaises herbes vivaces et annuelles (pulv\u00e9risation en post-\u00e9mergence et au stade de croissance active)<\/em><\/span><\/li>\n<li><span style=\"font-size: 18px;\"><strong>Terres non cultiv\u00e9es<\/strong>: Contr\u00f4les <em>Mauvaises herbes annuelles, Mauvaises herbes vivaces<\/em><\/span><\/li>\n<li><span style=\"font-size: 18px;\"><strong>Pr\u00e9paration du champ avant la plantation<\/strong>: Contr\u00f4les <em>Mauvaises herbes vivaces et annuelles.<\/em><\/span><\/li>\n<\/ul>\n<p><span style=\"font-size: 18pt; color: #000000;\"><strong data-start=\"63\" data-end=\"80\">Adventices cibles :<\/strong><\/span><\/p>\n<ul>\n<li>Herbe de basse-cour, chiendent, folle avoine, orge sauvage, renou\u00e9e, cuscute, queue de souris, gaillet gratteron, agropyre, chiendent, herbe de Johnson, alpiste, herbe des Bermudes, halfa annuelle, orge nain.<\/li>\n<\/ul>\n<p><span style=\"font-size: 18pt; color: #000000;\"><strong data-start=\"279\" data-end=\"296\">Cultures cibles :<\/strong><\/span><\/p>\n<ul>\n<li>Chou, brocoli, chou-fleur<\/li>\n<li>Poivre, aubergine<\/li>\n<li>Past\u00e8que, melon, citrouille, courgette<\/li>\n<li>Oignon, ail<\/li>\n<li>Pommes de terre<\/li>\n<li>Radis (feuillus)<\/li>\n<li>Tomate<\/li>\n<li>Fraise<\/li>\n<li>Carotte<\/li>\n<li>Abricot, p\u00eache, prune, cerise, nectarine<\/li>\n<li>Pomme, poire, coing, loquat<\/li>\n<\/ul>\n<p><span style=\"font-size: 18pt; color: #000000;\"><strong data-start=\"527\" data-end=\"557\">Stade d'application optimal :<\/strong><\/span><\/p>\n<ul>\n<li>Lorsque les mauvaises herbes apparaissent au stade de 3 feuilles jusqu'au d\u00e9but de la formation des tiges lat\u00e9rales.<\/li>\n<\/ul>\n<h3>Taux d'utilisation :<\/h3>\n<p><span style=\"font-size: 14pt;\">1000 ml pour 200 L d'eau<\/span><\/p>\n<h3>Emballage<\/h3>\n<ul>\n<li><span style=\"font-size: 18px;\"><strong>1 L<\/strong><\/span><\/li>\n<li><strong>5 L<\/strong><\/li>\n<\/ul>\n<p><img loading=\"lazy\" decoding=\"async\" class=\"alignnone size-medium wp-image-18186\" src=\"https:\/\/alqawafel.com\/wp-content\/uploads\/2024\/11\/Glyofel-48-SL-LOGO-300x300.webp\" alt=\"L&#039;herbicide syst\u00e9mique Glyofel 48% SL offre un large spectre de contr\u00f4le des mauvaises herbes annuelles et vivaces dans les arbres fruitiers, les champs de vigne et les terres non agricoles.\" width=\"300\" height=\"300\" srcset=\"https:\/\/alqawafel.com\/wp-content\/uploads\/2024\/11\/Glyofel-48-SL-LOGO-300x300.webp 300w, https:\/\/alqawafel.com\/wp-content\/uploads\/2024\/11\/Glyofel-48-SL-LOGO-150x150.webp 150w, https:\/\/alqawafel.com\/wp-content\/uploads\/2024\/11\/Glyofel-48-SL-LOGO-768x768.webp 768w, https:\/\/alqawafel.com\/wp-content\/uploads\/2024\/11\/Glyofel-48-SL-LOGO.webp 1000w\" sizes=\"auto, (max-width: 300px) 100vw, 300px\" \/><\/p>\n<\/div>\n<p>&nbsp;<\/p>","protected":false},"excerpt":{"rendered":"<p><span style=\"font-size: 18px;\">L'herbicide syst\u00e9mique Glyofel 48% SL offre un large spectre de contr\u00f4le des mauvaises herbes annuelles et vivaces dans les arbres fruitiers, les champs de vigne et les terres non agricoles.<\/span><\/p>","protected":false},"featured_media":18186,"comment_status":"open","ping_status":"closed","template":"","meta":{"om_disable_all_campaigns":false,"_monsterinsights_skip_tracking":false,"_monsterinsights_sitenote_active":false,"_monsterinsights_sitenote_note":"","_monsterinsights_sitenote_category":0},"product_brand":[],"product_cat":[825,87],"product_tag":[866,1202,1356,1327,1357,1113,1203,1172],"class_list":{"0":"post-11006","1":"product","2":"type-product","3":"status-publish","4":"has-post-thumbnail","6":"product_cat-herbicide","7":"product_cat-pesticides","8":"product_tag-al-qawafel-ind-agr-co","9":"product_tag-annual","10":"product_tag-broad-spectrum","11":"product_tag-glyofel-48-sl","12":"product_tag-glyphosate-isopropylamine","13":"product_tag-herbicide","14":"product_tag-perennial","15":"product_tag-systemic","17":"first","18":"instock","19":"shipping-taxable","20":"product-type-simple"},"aioseo_notices":[],"_links":{"self":[{"href":"https:\/\/alqawafel.com\/fr\/wp-json\/wp\/v2\/product\/11006","targetHints":{"allow":["GET"]}}],"collection":[{"href":"https:\/\/alqawafel.com\/fr\/wp-json\/wp\/v2\/product"}],"about":[{"href":"https:\/\/alqawafel.com\/fr\/wp-json\/wp\/v2\/types\/product"}],"replies":[{"embeddable":true,"href":"https:\/\/alqawafel.com\/fr\/wp-json\/wp\/v2\/comments?post=11006"}],"version-history":[{"count":12,"href":"https:\/\/alqawafel.com\/fr\/wp-json\/wp\/v2\/product\/11006\/revisions"}],"predecessor-version":[{"id":19957,"href":"https:\/\/alqawafel.com\/fr\/wp-json\/wp\/v2\/product\/11006\/revisions\/19957"}],"wp:featuredmedia":[{"embeddable":true,"href":"https:\/\/alqawafel.com\/fr\/wp-json\/wp\/v2\/media\/18186"}],"wp:attachment":[{"href":"https:\/\/alqawafel.com\/fr\/wp-json\/wp\/v2\/media?parent=11006"}],"wp:term":[{"taxonomy":"product_brand","embeddable":true,"href":"https:\/\/alqawafel.com\/fr\/wp-json\/wp\/v2\/product_brand?post=11006"},{"taxonomy":"product_cat","embeddable":true,"href":"https:\/\/alqawafel.com\/fr\/wp-json\/wp\/v2\/product_cat?post=11006"},{"taxonomy":"product_tag","embeddable":true,"href":"https:\/\/alqawafel.com\/fr\/wp-json\/wp\/v2\/product_tag?post=11006"}],"curies":[{"name":"wp","href":"https:\/\/api.w.org\/{rel}","templated":true}]}}