{"id":11012,"date":"2024-11-19T09:34:15","date_gmt":"2024-11-19T09:34:15","guid":{"rendered":"https:\/\/alqawafel.com\/?post_type=product&#038;p=11012"},"modified":"2025-06-11T07:46:05","modified_gmt":"2025-06-11T07:46:05","slug":"unifel-se","status":"publish","type":"product","link":"https:\/\/alqawafel.com\/fr\/product\/unifel-se\/","title":{"rendered":"Fongicide Unifel-SE"},"content":{"rendered":"<div class=\"flex-shrink-0 flex flex-col relative items-end\">\n<h3>Pourquoi Unifel-SE ?<\/h3>\n<p><span style=\"font-size: 18px\">Unifel-SE est un fongicide syst\u00e9mique tr\u00e8s efficace qui offre une action \u00e0 la fois protectrice et curative. Il inhibe la germination des spores et la croissance myc\u00e9lienne, ciblant directement les agents pathog\u00e8nes pr\u00e9sents dans le sol. Ce fongicide permet de lutter contre les maladies au moment de la plantation et de pr\u00e9server la sant\u00e9 des cultures tout au long du cycle de croissance. Les professionnels de l'agriculture s'appuient sur ce produit pour am\u00e9liorer le rendement des cultures et g\u00e9rer les maladies fongiques de mani\u00e8re globale.<\/span><\/p>\n<h3>Identification Unifel-SE<\/h3>\n<ul>\n<li><span style=\"font-size: 18px\"><strong>Formulation<\/strong>: Suspo\u00e9mulsion (SE)<\/span><\/li>\n<li><span style=\"font-size: 18px\"><strong>Ingr\u00e9dient actif<\/strong>: Azoxystrobine 28.2% + Metalaxyl-M 10.9% (w\/w)<\/span><\/li>\n<li><span style=\"font-size: 18px\"><strong>Groupe chimique<\/strong>: Strobilurine + Acylalanine<\/span><\/li>\n<li><span style=\"font-size: 18px\"><strong>Mode d'action<\/strong>: Fongicide syst\u00e9mique aux propri\u00e9t\u00e9s protectrices et curatives qui inhibent la germination des spores fongiques, contr\u00f4lent la croissance myc\u00e9lienne et prot\u00e8gent contre les agents pathog\u00e8nes pr\u00e9sents dans le sol.<\/span><\/li>\n<\/ul>\n<h3>Application id\u00e9ale<\/h3>\n<p><span style=\"font-size: 18px\">Unifel - SE est recommand\u00e9 pour une utilisation sur les cultures suivantes avec des cibles de ravageurs typiques comme indiqu\u00e9 :<\/span><\/p>\n<h3>Lutte contre les cultures et les parasites :<\/h3>\n<ul>\n<li><span style=\"font-size: 18px\"><strong>Tomate, poivron<\/strong>: Contr\u00f4les <em>Pourriture des racines, fl\u00e9trissement<\/em><\/span><\/li>\n<li><span style=\"font-size: 18px\"><strong>L\u00e9gumes crucif\u00e8res, oignons, cucurbitac\u00e9es, l\u00e9gumes-feuilles<\/strong>: Contr\u00f4les <em>Rhizoctone, Pythium<\/em><\/span><\/li>\n<li><span style=\"font-size: 18px\"><strong>C\u00e9r\u00e9ales<\/strong>: Contr\u00f4les <em>Br\u00fblure des semis, pourriture des racines, fl\u00e9trissement<\/em><\/span><\/li>\n<\/ul>\n<h3>Taux d'utilisation :<\/h3>\n<p><span style=\"font-size: 14pt\">200-300 ml pour 200 L d'eau<\/span><\/p>\n<h3>Emballage<\/h3>\n<ul>\n<li><span style=\"font-size: 18px\"><strong>500 ml<\/strong><\/span><\/li>\n<\/ul>\n<p><img loading=\"lazy\" decoding=\"async\" class=\"alignnone size-medium wp-image-18576\" src=\"https:\/\/alqawafel.com\/wp-content\/uploads\/2024\/11\/Unifel-SE-LOGO-300x300.webp\" alt=\"Unifel-SE, fongicide syst\u00e9mique \u00e0 action protectrice et curative, lutte efficacement contre les agents pathog\u00e8nes du sol et les maladies fongiques.\" width=\"300\" height=\"300\" srcset=\"https:\/\/alqawafel.com\/wp-content\/uploads\/2024\/11\/Unifel-SE-LOGO-300x300.webp 300w, https:\/\/alqawafel.com\/wp-content\/uploads\/2024\/11\/Unifel-SE-LOGO-150x150.webp 150w, https:\/\/alqawafel.com\/wp-content\/uploads\/2024\/11\/Unifel-SE-LOGO-768x768.webp 768w, https:\/\/alqawafel.com\/wp-content\/uploads\/2024\/11\/Unifel-SE-LOGO.webp 1000w\" sizes=\"auto, (max-width: 300px) 100vw, 300px\" \/><\/p>\n<\/div>\n<p>&nbsp;<\/p>","protected":false},"excerpt":{"rendered":"<p><span style=\"font-size: 18px\">Unifel-SE, fongicide syst\u00e9mique \u00e0 action protectrice et curative, lutte efficacement contre les agents pathog\u00e8nes du sol et les maladies fongiques.<\/span><\/p>","protected":false},"featured_media":18576,"comment_status":"open","ping_status":"closed","template":"","meta":{"om_disable_all_campaigns":false,"_monsterinsights_skip_tracking":false,"_monsterinsights_sitenote_active":false,"_monsterinsights_sitenote_note":"","_monsterinsights_sitenote_category":0},"product_brand":[],"product_cat":[823,87],"product_tag":[866,1194,1196,901,1371,1197,1370,1172,1330],"class_list":{"0":"post-11012","1":"product","2":"type-product","3":"status-publish","4":"has-post-thumbnail","6":"product_cat-fungicide","7":"product_cat-pesticides","8":"product_tag-al-qawafel-ind-agr-co","9":"product_tag-azoxystrobin","10":"product_tag-curative","11":"product_tag-fungicide","12":"product_tag-metalaxyl-m","13":"product_tag-protective","14":"product_tag-soil-borne","15":"product_tag-systemic","16":"product_tag-unifel-se","18":"first","19":"instock","20":"shipping-taxable","21":"product-type-simple"},"aioseo_notices":[],"_links":{"self":[{"href":"https:\/\/alqawafel.com\/fr\/wp-json\/wp\/v2\/product\/11012","targetHints":{"allow":["GET"]}}],"collection":[{"href":"https:\/\/alqawafel.com\/fr\/wp-json\/wp\/v2\/product"}],"about":[{"href":"https:\/\/alqawafel.com\/fr\/wp-json\/wp\/v2\/types\/product"}],"replies":[{"embeddable":true,"href":"https:\/\/alqawafel.com\/fr\/wp-json\/wp\/v2\/comments?post=11012"}],"version-history":[{"count":11,"href":"https:\/\/alqawafel.com\/fr\/wp-json\/wp\/v2\/product\/11012\/revisions"}],"predecessor-version":[{"id":18811,"href":"https:\/\/alqawafel.com\/fr\/wp-json\/wp\/v2\/product\/11012\/revisions\/18811"}],"wp:featuredmedia":[{"embeddable":true,"href":"https:\/\/alqawafel.com\/fr\/wp-json\/wp\/v2\/media\/18576"}],"wp:attachment":[{"href":"https:\/\/alqawafel.com\/fr\/wp-json\/wp\/v2\/media?parent=11012"}],"wp:term":[{"taxonomy":"product_brand","embeddable":true,"href":"https:\/\/alqawafel.com\/fr\/wp-json\/wp\/v2\/product_brand?post=11012"},{"taxonomy":"product_cat","embeddable":true,"href":"https:\/\/alqawafel.com\/fr\/wp-json\/wp\/v2\/product_cat?post=11012"},{"taxonomy":"product_tag","embeddable":true,"href":"https:\/\/alqawafel.com\/fr\/wp-json\/wp\/v2\/product_tag?post=11012"}],"curies":[{"name":"wp","href":"https:\/\/api.w.org\/{rel}","templated":true}]}}