{"id":11023,"date":"2024-11-19T10:38:48","date_gmt":"2024-11-19T10:38:48","guid":{"rendered":"https:\/\/alqawafel.com\/?post_type=product&#038;p=11023"},"modified":"2025-06-11T08:22:20","modified_gmt":"2025-06-11T08:22:20","slug":"deltafon-2-5-ec","status":"publish","type":"product","link":"https:\/\/alqawafel.com\/fr\/product\/deltafon-2-5-ec\/","title":{"rendered":"Deltafon-2.5% EC Insecticide"},"content":{"rendered":"<div class=\"flex-shrink-0 flex flex-col relative items-end\">\n<h3>Pourquoi Deltafon-2.5% EC ?<\/h3>\n<p><span style=\"font-size: 18px\">Deltafon-2.5% EC est un insecticide non syst\u00e9mique qui permet de lutter efficacement contre les ravageurs par contact et par action stomacale. Il pr\u00e9sente des propri\u00e9t\u00e9s anti-alimentation et une bonne activit\u00e9 r\u00e9siduelle, assurant une protection \u00e0 long terme des cultures. En agissant sur le syst\u00e8me nerveux de l'insecte, il assure une \u00e9limination rapide et compl\u00e8te des nuisibles. Ce produit est id\u00e9al pour les professionnels de l'agriculture \u00e0 la recherche de solutions robustes de lutte contre les insectes.<\/span><\/p>\n<h3>Identification<\/h3>\n<ul>\n<li><span style=\"font-size: 18px\"><strong>Formulation<\/strong>: Concentr\u00e9 \u00e9mulsifiable (CE)<\/span><\/li>\n<li><span style=\"font-size: 18px\"><strong>Ingr\u00e9dient actif<\/strong>: Deltam\u00e9thrine 2.5% (w\/v)<\/span><\/li>\n<li><span style=\"font-size: 18px\"><strong>Groupe chimique<\/strong>: Pyr\u00e9thrino\u00efde<\/span><\/li>\n<li><span style=\"font-size: 18px\"><strong>Mode d'action<\/strong>: Insecticide non syst\u00e9mique agissant par contact et dans l'estomac ; perturbe le syst\u00e8me nerveux des insectes et pr\u00e9sente des propri\u00e9t\u00e9s anti-alimentation.<\/span><\/li>\n<\/ul>\n<h3>Application id\u00e9ale de Deltafon-2.5% EC<\/h3>\n<p><span style=\"font-size: 18px\">Deltafon-2.5% EC est recommand\u00e9 pour l'utilisation sur les cultures suivantes avec des cibles d'organismes nuisibles typiques comme indiqu\u00e9 :<\/span><\/p>\n<h4>Lutte contre les cultures et les parasites :<\/h4>\n<ul>\n<li><span style=\"font-size: 18px\"><strong>Bl\u00e9, orge, avoine<\/strong>: Contr\u00f4les <em>Pucerons, Opomyza (mouche jaune des c\u00e9r\u00e9ales)<\/em><\/span><\/li>\n<li><span style=\"font-size: 18px\"><strong>Chou et chou-fleur<\/strong>: Contr\u00f4les <em>Pucerons, aleurodes, chenilles, altise du Brassica (Phyllotreta spp)<\/em><\/span><\/li>\n<li><span style=\"font-size: 18px\"><strong>Pois et haricots<\/strong>: Contr\u00f4les <em>Charan\u00e7on du pois et du haricot<\/em><\/span><\/li>\n<li><span style=\"font-size: 18px\"><strong>Laitue<\/strong>: Contr\u00f4les <em>Vers gris<\/em><\/span><\/li>\n<li><span style=\"font-size: 18px\"><strong>Pomme<\/strong>: Contr\u00f4les <em>Chenilles, puceron du pommier, puceron de l'herbe du pommier, papillon de nuit<\/em><\/span><\/li>\n<li><span style=\"font-size: 18px\"><strong>Poire<\/strong>: Contr\u00f4les <em>Suceurs de poires<\/em><\/span><\/li>\n<li><span style=\"font-size: 18px\"><strong>Concombre, tomate<\/strong>: Contr\u00f4les <em>Aleurodes, chenilles, thrips, pucerons, cochenilles<\/em><\/span><\/li>\n<li><span style=\"font-size: 18px\"><strong>Poivre<\/strong>: Contr\u00f4les <em>Aleurodes, chenilles, thrips, pucerons, cochenilles<\/em><\/span><\/li>\n<li><span style=\"font-size: 18px\"><strong>Plantes ornementales<\/strong>: Contr\u00f4les <em>Aleurodes, chenilles, thrips, pucerons, cochenilles<\/em><\/span><\/li>\n<\/ul>\n<h3>Taux d'utilisation :<\/h3>\n<p><span style=\"font-size: 14pt\">100-200 ml pour 200 L d'eau<\/span><\/p>\n<h3>Emballage<\/h3>\n<ul>\n<li><span style=\"font-size: 18px\"><strong>1 L<\/strong><\/span><\/li>\n<li><span style=\"font-size: 18px\"><strong>250 ml<\/strong><\/span><\/li>\n<\/ul>\n<\/div>\n<p><img loading=\"lazy\" decoding=\"async\" class=\"alignnone size-medium wp-image-17848\" src=\"https:\/\/alqawafel.com\/wp-content\/uploads\/2024\/11\/Deltafon-2.5-EC-LOGO-300x300.webp\" alt=\"Deltafon-2.5% EC : Insecticide \u00e0 base de deltam\u00e9thrine pour un contr\u00f4le fiable des pucerons, chenilles, mouches blanches et autres. Lutte efficace contre les ravageurs.\" width=\"300\" height=\"300\" srcset=\"https:\/\/alqawafel.com\/wp-content\/uploads\/2024\/11\/Deltafon-2.5-EC-LOGO-300x300.webp 300w, https:\/\/alqawafel.com\/wp-content\/uploads\/2024\/11\/Deltafon-2.5-EC-LOGO-150x150.webp 150w, https:\/\/alqawafel.com\/wp-content\/uploads\/2024\/11\/Deltafon-2.5-EC-LOGO-768x768.webp 768w, https:\/\/alqawafel.com\/wp-content\/uploads\/2024\/11\/Deltafon-2.5-EC-LOGO.webp 1000w\" sizes=\"auto, (max-width: 300px) 100vw, 300px\" \/><\/p>\n<p>&nbsp;<\/p>","protected":false},"excerpt":{"rendered":"<p><span style=\"font-size: 18px\">Deltafon-2.5% EC : Insecticide \u00e0 base de deltam\u00e9thrine pour un contr\u00f4le fiable des pucerons, chenilles, mouches blanches et autres. Lutte efficace contre les ravageurs.<\/span><\/p>","protected":false},"featured_media":17848,"comment_status":"open","ping_status":"closed","template":"","meta":{"om_disable_all_campaigns":false,"_monsterinsights_skip_tracking":false,"_monsterinsights_sitenote_active":false,"_monsterinsights_sitenote_note":"","_monsterinsights_sitenote_category":0},"product_brand":[],"product_cat":[822,87],"product_tag":[866,1115,1333,851,841,1355],"class_list":{"0":"post-11023","1":"product","2":"type-product","3":"status-publish","4":"has-post-thumbnail","6":"product_cat-insecticide","7":"product_cat-pesticides","8":"product_tag-al-qawafel-ind-agr-co","9":"product_tag-contact","10":"product_tag-deltafon-2-5-ec","11":"product_tag-deltamethrin","12":"product_tag-insecticide","13":"product_tag-stomach","15":"first","16":"instock","17":"shipping-taxable","18":"product-type-simple"},"aioseo_notices":[],"_links":{"self":[{"href":"https:\/\/alqawafel.com\/fr\/wp-json\/wp\/v2\/product\/11023","targetHints":{"allow":["GET"]}}],"collection":[{"href":"https:\/\/alqawafel.com\/fr\/wp-json\/wp\/v2\/product"}],"about":[{"href":"https:\/\/alqawafel.com\/fr\/wp-json\/wp\/v2\/types\/product"}],"replies":[{"embeddable":true,"href":"https:\/\/alqawafel.com\/fr\/wp-json\/wp\/v2\/comments?post=11023"}],"version-history":[{"count":9,"href":"https:\/\/alqawafel.com\/fr\/wp-json\/wp\/v2\/product\/11023\/revisions"}],"predecessor-version":[{"id":18834,"href":"https:\/\/alqawafel.com\/fr\/wp-json\/wp\/v2\/product\/11023\/revisions\/18834"}],"wp:featuredmedia":[{"embeddable":true,"href":"https:\/\/alqawafel.com\/fr\/wp-json\/wp\/v2\/media\/17848"}],"wp:attachment":[{"href":"https:\/\/alqawafel.com\/fr\/wp-json\/wp\/v2\/media?parent=11023"}],"wp:term":[{"taxonomy":"product_brand","embeddable":true,"href":"https:\/\/alqawafel.com\/fr\/wp-json\/wp\/v2\/product_brand?post=11023"},{"taxonomy":"product_cat","embeddable":true,"href":"https:\/\/alqawafel.com\/fr\/wp-json\/wp\/v2\/product_cat?post=11023"},{"taxonomy":"product_tag","embeddable":true,"href":"https:\/\/alqawafel.com\/fr\/wp-json\/wp\/v2\/product_tag?post=11023"}],"curies":[{"name":"wp","href":"https:\/\/api.w.org\/{rel}","templated":true}]}}