{"id":11047,"date":"2024-11-19T10:57:46","date_gmt":"2024-11-19T10:57:46","guid":{"rendered":"https:\/\/alqawafel.com\/?post_type=product&#038;p=11047"},"modified":"2025-06-11T10:00:19","modified_gmt":"2025-06-11T10:00:19","slug":"qwafenzate-48-sc","status":"publish","type":"product","link":"https:\/\/alqawafel.com\/fr\/product\/qwafenzate-48-sc\/","title":{"rendered":"Qwafenzate-48% SC Miticide"},"content":{"rendered":"<div class=\"flex-shrink-0 flex flex-col relative items-end\">\n<h3>Pourquoi Qwafenzate-48% SC ?<\/h3>\n<p><span style=\"font-size: 18px\">Qwafenzate-48% SC est un acaricide non syst\u00e9mique tr\u00e8s efficace qui assure un contr\u00f4le exceptionnel de tous les stades de vie des acariens, y compris les \u0153ufs, les nymphes et les adultes. Avec une action de contact pr\u00e9dominante et une activit\u00e9 r\u00e9siduelle de longue dur\u00e9e, il assure une protection durable des cultures. Ce produit est id\u00e9al pour les professionnels de l'agriculture qui recherchent une lutte fiable et efficace contre les acariens dans diverses cultures.<\/span><\/p>\n<h3>Identification<\/h3>\n<ul>\n<li><span style=\"font-size: 18px\"><strong>Formulation<\/strong>: Suspension concentr\u00e9e (SC)<\/span><\/li>\n<li><span style=\"font-size: 18px\"><strong>Ingr\u00e9dient actif<\/strong>: Bif\u00e9nazate 48% (w\/v)<\/span><\/li>\n<li><span style=\"font-size: 18px\"><strong>Groupe chimique<\/strong>: Carbazate<\/span><\/li>\n<li><span style=\"font-size: 18px\"><strong>Mode d'action<\/strong>: Acaricide non syst\u00e9mique \u00e0 action de contact et \u00e0 effet r\u00e9siduel prolong\u00e9, ciblant tous les stades des acariens.<\/span><\/li>\n<\/ul>\n<h3>Application id\u00e9ale du Qwafenzate-48% SC<\/h3>\n<p><span style=\"font-size: 18px\">Recommand\u00e9 pour l'utilisation sur les cultures suivantes avec des cibles de ravageurs typiques telles que list\u00e9es :<\/span><\/p>\n<h4>Lutte contre les cultures et les parasites :<\/h4>\n<ul>\n<li><span style=\"font-size: 18px\"><strong>Fraise<\/strong>: Contr\u00f4les <em>T\u00e9tranyque \u00e0 deux points<\/em><\/span><\/li>\n<li><span style=\"font-size: 18px\"><strong>Pomme, poire<\/strong>: Contr\u00f4les <em>T\u00e9tranyque \u00e0 deux points<\/em><\/span><\/li>\n<li><span style=\"font-size: 18px\"><strong>Abricot, nectarine, p\u00eache<\/strong>: Contr\u00f4les <em>T\u00e9tranyque \u00e0 deux points<\/em><\/span><\/li>\n<li><span style=\"font-size: 18px\"><strong>Amande<\/strong>: Contr\u00f4les <em>T\u00e9tranyque \u00e0 deux points<\/em><\/span><\/li>\n<li><span style=\"font-size: 18px\"><strong>Tomate, piment, poivron, aubergine<\/strong>: Contr\u00f4les <em>T\u00e9tranyque \u00e0 deux points<\/em><\/span><\/li>\n<li><span style=\"font-size: 18px\"><strong>Courge, melon, past\u00e8que, concombre<\/strong>: Contr\u00f4les <em>T\u00e9tranyque \u00e0 deux points<\/em><\/span><\/li>\n<\/ul>\n<h3>Taux d'utilisation :<\/h3>\n<p><span style=\"font-size: 14pt\">100-130 ml pour 200 L d'eau<\/span><\/p>\n<h3>Emballage<\/h3>\n<ul>\n<li><span style=\"font-size: 18px\"><strong>1 L<\/strong><\/span><\/li>\n<\/ul>\n<p><img loading=\"lazy\" decoding=\"async\" class=\"alignnone size-medium wp-image-18120\" src=\"https:\/\/alqawafel.com\/wp-content\/uploads\/2024\/11\/Qwafenazate-48-SC-LOGO-300x300.webp\" alt=\"Qwafenzate-48% SC : acaricide \u00e0 base de bif\u00e9nazate pour lutter contre les acariens \u00e0 tous les stades de leur vie. Offre une activit\u00e9 r\u00e9siduelle de longue dur\u00e9e pour une protection durable des cultures.\" width=\"300\" height=\"300\" \/><\/p>\n<\/div>\n<p>&nbsp;<\/p>","protected":false},"excerpt":{"rendered":"<p><span style=\"font-size: 18px\">Qwafenzate-48% SC : acaricide \u00e0 base de bif\u00e9nazate pour lutter contre les acariens \u00e0 tous les stades de leur vie. Offre une activit\u00e9 r\u00e9siduelle de longue dur\u00e9e pour une protection durable des cultures.<\/span><\/p>","protected":false},"featured_media":0,"comment_status":"open","ping_status":"closed","template":"","meta":{"om_disable_all_campaigns":false,"_monsterinsights_skip_tracking":false,"_monsterinsights_sitenote_active":false,"_monsterinsights_sitenote_note":"","_monsterinsights_sitenote_category":0},"product_brand":[],"product_cat":[824,87],"product_tag":[866,1188,844,1336,1187,1191],"class_list":{"0":"post-11047","1":"product","2":"type-product","3":"status-publish","5":"product_cat-miticide","6":"product_cat-pesticides","7":"product_tag-al-qawafel-ind-agr-co","8":"product_tag-bifenazate","9":"product_tag-miticide","10":"product_tag-qwafenzate-48-sc","11":"product_tag-residual","12":"product_tag-two-spotted-spider-mite","14":"first","15":"instock","16":"shipping-taxable","17":"product-type-simple"},"aioseo_notices":[],"_links":{"self":[{"href":"https:\/\/alqawafel.com\/fr\/wp-json\/wp\/v2\/product\/11047","targetHints":{"allow":["GET"]}}],"collection":[{"href":"https:\/\/alqawafel.com\/fr\/wp-json\/wp\/v2\/product"}],"about":[{"href":"https:\/\/alqawafel.com\/fr\/wp-json\/wp\/v2\/types\/product"}],"replies":[{"embeddable":true,"href":"https:\/\/alqawafel.com\/fr\/wp-json\/wp\/v2\/comments?post=11047"}],"version-history":[{"count":8,"href":"https:\/\/alqawafel.com\/fr\/wp-json\/wp\/v2\/product\/11047\/revisions"}],"predecessor-version":[{"id":18881,"href":"https:\/\/alqawafel.com\/fr\/wp-json\/wp\/v2\/product\/11047\/revisions\/18881"}],"wp:attachment":[{"href":"https:\/\/alqawafel.com\/fr\/wp-json\/wp\/v2\/media?parent=11047"}],"wp:term":[{"taxonomy":"product_brand","embeddable":true,"href":"https:\/\/alqawafel.com\/fr\/wp-json\/wp\/v2\/product_brand?post=11047"},{"taxonomy":"product_cat","embeddable":true,"href":"https:\/\/alqawafel.com\/fr\/wp-json\/wp\/v2\/product_cat?post=11047"},{"taxonomy":"product_tag","embeddable":true,"href":"https:\/\/alqawafel.com\/fr\/wp-json\/wp\/v2\/product_tag?post=11047"}],"curies":[{"name":"wp","href":"https:\/\/api.w.org\/{rel}","templated":true}]}}