{"id":11050,"date":"2024-11-19T11:07:45","date_gmt":"2024-11-19T11:07:45","guid":{"rendered":"https:\/\/alqawafel.com\/?post_type=product&#038;p=11050"},"modified":"2025-06-11T08:19:00","modified_gmt":"2025-06-11T08:19:00","slug":"pyramide-10-sl","status":"publish","type":"product","link":"https:\/\/alqawafel.com\/fr\/product\/pyram-10-sl\/","title":{"rendered":"Pyram 10% SL Insecticide"},"content":{"rendered":"<div class=\"flex-shrink-0 flex flex-col relative items-end\">\n<h3>Pourquoi Pyram 10% SL ?<\/h3>\n<p><span style=\"font-size: 18px\">Pyram 10% SL est un insecticide syst\u00e9mique \u00e0 activit\u00e9 translaminaire, qui permet de lutter efficacement contre les ravageurs par contact et par action stomacale. Il perturbe le syst\u00e8me nerveux central de l'insecte, assurant une \u00e9limination efficace et rapide. Ce produit est id\u00e9al pour les professionnels de l'agriculture qui recherchent des solutions fiables de lutte contre les ravageurs dans une vari\u00e9t\u00e9 de cultures.<\/span><\/p>\n<h3>Identification<\/h3>\n<ul>\n<li><span style=\"font-size: 18px\"><strong>Formulation<\/strong>: Concentr\u00e9 soluble (SL)<\/span><\/li>\n<li><span style=\"font-size: 18px\"><strong>Ingr\u00e9dient actif<\/strong>: Nitenpyram 10% (w\/v)<\/span><\/li>\n<li><span style=\"font-size: 18px\"><strong>Groupe chimique<\/strong>: N\u00e9onicotino\u00efde<\/span><\/li>\n<li><span style=\"font-size: 18px\"><strong>Mode d'action<\/strong>: Insecticide syst\u00e9mique \u00e0 activit\u00e9 translaminaire qui affecte le syst\u00e8me nerveux central des ravageurs cibl\u00e9s.<\/span><\/li>\n<\/ul>\n<h3>Application id\u00e9ale pour Pyram 10% SL<\/h3>\n<p><span style=\"font-size: 18px\">recommand\u00e9 pour l'utilisation sur les cultures suivantes avec des cibles de ravageurs typiques telles que list\u00e9es :<\/span><\/p>\n<h4>Lutte contre les cultures et les parasites :<\/h4>\n<ul>\n<li><span style=\"font-size: 18px\"><strong>Pommes de terre<\/strong>: Contr\u00f4les <em>Pucerons<\/em><\/span><\/li>\n<li><span style=\"font-size: 18px\"><strong>Concombre<\/strong>: Contr\u00f4les <em>Aleurodes, Trips, Pucerons<\/em><\/span><\/li>\n<li><span style=\"font-size: 18px\"><strong>Past\u00e8que<\/strong>: Contr\u00f4les <em>Aleurodes, Trips, Pucerons<\/em><\/span><\/li>\n<li><span style=\"font-size: 18px\"><strong>Melon<\/strong>: Contr\u00f4les <em>Aleurodes, Trips, Pucerons<\/em><\/span><\/li>\n<li><span style=\"font-size: 18px\"><strong>Radis<\/strong>: Contr\u00f4les <em>Pucerons<\/em><\/span><\/li>\n<li><span style=\"font-size: 18px\"><strong>Fraise<\/strong>: Contr\u00f4les <em>Pucerons<\/em><\/span><\/li>\n<li><span style=\"font-size: 18px\"><strong>Pomme<\/strong>: Contr\u00f4les <em>Pucerons<\/em><\/span><\/li>\n<li><span style=\"font-size: 18px\"><strong>P\u00eache<\/strong>: Contr\u00f4les <em>Pucerons<\/em><\/span><\/li>\n<li><span style=\"font-size: 18px\"><strong>Plantes ornementales<\/strong>: Contr\u00f4les <em>Aleurode<\/em><\/span><\/li>\n<\/ul>\n<h3>Taux d'utilisation :<\/h3>\n<p><span style=\"font-size: 14pt\">100-200 ml<\/span><span style=\"font-size: 14pt\">\u00a0pour 200 L d'eau<\/span><\/p>\n<h3>Emballage<\/h3>\n<ul>\n<li><span style=\"font-size: 18px\"><strong>1 L<\/strong><\/span><\/li>\n<\/ul>\n<\/div>\n<p><img loading=\"lazy\" decoding=\"async\" class=\"alignnone size-medium wp-image-17936\" src=\"https:\/\/alqawafel.com\/wp-content\/uploads\/2024\/11\/Pyram-10-SL-LOGO-300x300.webp\" alt=\"Pyram 10% SL : Insecticide syst\u00e9mique \u00e0 base de nitenpyram pour la lutte contre les pucerons et les aleurodes. Efficace avec une activit\u00e9 translaminaire pour une lutte optimale contre les ravageurs.\" width=\"300\" height=\"300\" srcset=\"https:\/\/alqawafel.com\/wp-content\/uploads\/2024\/11\/Pyram-10-SL-LOGO-300x300.webp 300w, https:\/\/alqawafel.com\/wp-content\/uploads\/2024\/11\/Pyram-10-SL-LOGO-150x150.webp 150w, https:\/\/alqawafel.com\/wp-content\/uploads\/2024\/11\/Pyram-10-SL-LOGO-768x768.webp 768w, https:\/\/alqawafel.com\/wp-content\/uploads\/2024\/11\/Pyram-10-SL-LOGO.webp 1000w\" sizes=\"auto, (max-width: 300px) 100vw, 300px\" \/><\/p>","protected":false},"excerpt":{"rendered":"<p><span style=\"font-size: 18px\">Pyram 10% SL : Insecticide syst\u00e9mique \u00e0 base de nitenpyram pour la lutte contre les pucerons et les aleurodes. Efficace avec une activit\u00e9 translaminaire pour une lutte optimale contre les ravageurs.<\/span><\/p>","protected":false},"featured_media":17936,"comment_status":"open","ping_status":"closed","template":"","meta":{"om_disable_all_campaigns":false,"_monsterinsights_skip_tracking":false,"_monsterinsights_sitenote_active":false,"_monsterinsights_sitenote_note":"","_monsterinsights_sitenote_category":0},"product_brand":[],"product_cat":[822,87],"product_tag":[866,847,841,1354,1337,1172,1209,858],"class_list":{"0":"post-11050","1":"product","2":"type-product","3":"status-publish","4":"has-post-thumbnail","6":"product_cat-insecticide","7":"product_cat-pesticides","8":"product_tag-al-qawafel-ind-agr-co","9":"product_tag-aphid","10":"product_tag-insecticide","11":"product_tag-nitenpyram","12":"product_tag-pyram-10-sl","13":"product_tag-systemic","14":"product_tag-translaminar","15":"product_tag-whitefly","17":"first","18":"instock","19":"shipping-taxable","20":"product-type-simple"},"aioseo_notices":[],"_links":{"self":[{"href":"https:\/\/alqawafel.com\/fr\/wp-json\/wp\/v2\/product\/11050","targetHints":{"allow":["GET"]}}],"collection":[{"href":"https:\/\/alqawafel.com\/fr\/wp-json\/wp\/v2\/product"}],"about":[{"href":"https:\/\/alqawafel.com\/fr\/wp-json\/wp\/v2\/types\/product"}],"replies":[{"embeddable":true,"href":"https:\/\/alqawafel.com\/fr\/wp-json\/wp\/v2\/comments?post=11050"}],"version-history":[{"count":10,"href":"https:\/\/alqawafel.com\/fr\/wp-json\/wp\/v2\/product\/11050\/revisions"}],"predecessor-version":[{"id":18832,"href":"https:\/\/alqawafel.com\/fr\/wp-json\/wp\/v2\/product\/11050\/revisions\/18832"}],"wp:featuredmedia":[{"embeddable":true,"href":"https:\/\/alqawafel.com\/fr\/wp-json\/wp\/v2\/media\/17936"}],"wp:attachment":[{"href":"https:\/\/alqawafel.com\/fr\/wp-json\/wp\/v2\/media?parent=11050"}],"wp:term":[{"taxonomy":"product_brand","embeddable":true,"href":"https:\/\/alqawafel.com\/fr\/wp-json\/wp\/v2\/product_brand?post=11050"},{"taxonomy":"product_cat","embeddable":true,"href":"https:\/\/alqawafel.com\/fr\/wp-json\/wp\/v2\/product_cat?post=11050"},{"taxonomy":"product_tag","embeddable":true,"href":"https:\/\/alqawafel.com\/fr\/wp-json\/wp\/v2\/product_tag?post=11050"}],"curies":[{"name":"wp","href":"https:\/\/api.w.org\/{rel}","templated":true}]}}