{"id":11052,"date":"2024-11-19T11:14:29","date_gmt":"2024-11-19T11:14:29","guid":{"rendered":"https:\/\/alqawafel.com\/?post_type=product&#038;p=11052"},"modified":"2025-06-11T07:42:21","modified_gmt":"2025-06-11T07:42:21","slug":"dernier-point-45-6-ec","status":"publish","type":"product","link":"https:\/\/alqawafel.com\/fr\/product\/last-point-45-6-ec\/","title":{"rendered":"Last Point 45.6% EC Fungicide"},"content":{"rendered":"<div class=\"flex-shrink-0 flex flex-col relative items-end\">\n<h3>Pourquoi Last Point 45.6% EC ?<\/h3>\n<p><span style=\"font-size: 18px\">Last Point 45.6% EC est un fongicide syst\u00e9mique qui offre des actions protectrices et curatives. Il est absorb\u00e9 par les feuilles et transloqu\u00e9 acrop\u00e9talement dans le xyl\u00e8me, assurant un contr\u00f4le robuste de la maladie. En inhibant la biosynth\u00e8se de l'ergost\u00e9rol de la membrane cellulaire, il stoppe efficacement le d\u00e9veloppement des champignons. Ce produit est id\u00e9al pour les professionnels de l'agriculture qui recherchent une protection fiable contre les maladies fongiques dans diverses cultures.<\/span><\/p>\n<h3>Identification<\/h3>\n<ul>\n<li><span style=\"font-size: 18px\"><strong>Formulation<\/strong>: Concentr\u00e9 \u00e9mulsifiable (CE)<\/span><\/li>\n<li><span style=\"font-size: 18px\"><strong>Ingr\u00e9dient actif<\/strong>: Propiconazole 22.8% + Difenoconazole 22.8% (p\/p)<\/span><\/li>\n<li><span style=\"font-size: 18px\"><strong>Groupe chimique<\/strong>: Triazole<\/span><\/li>\n<li><span style=\"font-size: 18px\"><strong>Mode d'action<\/strong>: Fongicide syst\u00e9mique \u00e0 activit\u00e9 translaminaire et acrop\u00e9tale ; inhibe la biosynth\u00e8se de l'ergost\u00e9rol, stoppant le d\u00e9veloppement fongique.<\/span><\/li>\n<\/ul>\n<h3>Application id\u00e9ale du dernier point 45.6% EC<\/h3>\n<p><span style=\"font-size: 18px\">Last Point 45.6% EC est recommand\u00e9 pour l'utilisation sur les cultures suivantes avec des cibles d'organismes nuisibles typiques comme indiqu\u00e9 :<\/span><\/p>\n<h4>Lutte contre les cultures et les parasites :<\/h4>\n<ul>\n<li><span style=\"font-size: 18px\"><strong>Oignon, ail<\/strong>: Contr\u00f4les <em>Tache foliaire, tache foliaire, o\u00efdium, tache foliaire du stemphylium, rouille, botrytis, tache foliaire<\/em><\/span><\/li>\n<li><span style=\"font-size: 18px\"><strong>Carotte<\/strong>: Contr\u00f4les <em>Cercospora Leaf Spot, Alternaria Leaf Blight, Powdery Mildew (o\u00efdium)<\/em><\/span><\/li>\n<li><span style=\"font-size: 18px\"><strong>Nectarine, abricot, cerise, prune, p\u00eache<\/strong>: Contr\u00f4les <em>Pourriture brune Br\u00fblure des fleurs et des fruits, tavelure, tache alternarienne et pourriture des fruits, anthracnose, rouille des feuilles, o\u00efdium<\/em><\/span><\/li>\n<li><span style=\"font-size: 18px\"><strong>Fraise<\/strong>: Contr\u00f4les <em>Anthracnose, tache foliaire, o\u00efdium, rouille foliaire<\/em><\/span><\/li>\n<\/ul>\n<h3>Taux d'utilisation :<\/h3>\n<p><span style=\"font-size: 14pt\">80-100 g pour 200 L d'eau<\/span><\/p>\n<h3>Emballage<\/h3>\n<ul>\n<li><span style=\"font-size: 18px\"><strong>1 L<\/strong><\/span><\/li>\n<\/ul>\n<p><img loading=\"lazy\" decoding=\"async\" class=\"alignnone size-medium wp-image-18221\" src=\"https:\/\/alqawafel.com\/wp-content\/uploads\/2024\/11\/Last-point-EC-LOGO-300x300.webp\" alt=\"Last Point 45.6% EC : Fongicide \u00e0 base de propiconazole et de dif\u00e9noconazole contre les taches foliaires, le mildiou, la rouille et la br\u00fblure. Action syst\u00e9mique avec des effets protecteurs et curatifs.\" width=\"300\" height=\"300\" srcset=\"https:\/\/alqawafel.com\/wp-content\/uploads\/2024\/11\/Last-point-EC-LOGO-300x300.webp 300w, https:\/\/alqawafel.com\/wp-content\/uploads\/2024\/11\/Last-point-EC-LOGO-150x150.webp 150w, https:\/\/alqawafel.com\/wp-content\/uploads\/2024\/11\/Last-point-EC-LOGO-768x768.webp 768w, https:\/\/alqawafel.com\/wp-content\/uploads\/2024\/11\/Last-point-EC-LOGO.webp 1000w\" sizes=\"auto, (max-width: 300px) 100vw, 300px\" \/><\/p>\n<\/div>\n<p>&nbsp;<\/p>","protected":false},"excerpt":{"rendered":"<p><span style=\"font-size: 18px\">Last Point 45.6% EC : Fongicide \u00e0 base de propiconazole et de dif\u00e9noconazole contre les taches foliaires, le mildiou, la rouille et la br\u00fblure. Action syst\u00e9mique avec des effets protecteurs et curatifs.<\/span><\/p>","protected":false},"featured_media":18221,"comment_status":"open","ping_status":"closed","template":"","meta":{"om_disable_all_campaigns":false,"_monsterinsights_skip_tracking":false,"_monsterinsights_sitenote_active":false,"_monsterinsights_sitenote_note":"","_monsterinsights_sitenote_category":0},"product_brand":[],"product_cat":[823,87],"product_tag":[866,1196,1195,901,1338,1351,1197,1172],"class_list":{"0":"post-11052","1":"product","2":"type-product","3":"status-publish","4":"has-post-thumbnail","6":"product_cat-fungicide","7":"product_cat-pesticides","8":"product_tag-al-qawafel-ind-agr-co","9":"product_tag-curative","10":"product_tag-difenoconazole","11":"product_tag-fungicide","12":"product_tag-last-point-45-6-ec","13":"product_tag-propiconazole","14":"product_tag-protective","15":"product_tag-systemic","17":"first","18":"instock","19":"shipping-taxable","20":"product-type-simple"},"aioseo_notices":[],"_links":{"self":[{"href":"https:\/\/alqawafel.com\/fr\/wp-json\/wp\/v2\/product\/11052","targetHints":{"allow":["GET"]}}],"collection":[{"href":"https:\/\/alqawafel.com\/fr\/wp-json\/wp\/v2\/product"}],"about":[{"href":"https:\/\/alqawafel.com\/fr\/wp-json\/wp\/v2\/types\/product"}],"replies":[{"embeddable":true,"href":"https:\/\/alqawafel.com\/fr\/wp-json\/wp\/v2\/comments?post=11052"}],"version-history":[{"count":9,"href":"https:\/\/alqawafel.com\/fr\/wp-json\/wp\/v2\/product\/11052\/revisions"}],"predecessor-version":[{"id":18809,"href":"https:\/\/alqawafel.com\/fr\/wp-json\/wp\/v2\/product\/11052\/revisions\/18809"}],"wp:featuredmedia":[{"embeddable":true,"href":"https:\/\/alqawafel.com\/fr\/wp-json\/wp\/v2\/media\/18221"}],"wp:attachment":[{"href":"https:\/\/alqawafel.com\/fr\/wp-json\/wp\/v2\/media?parent=11052"}],"wp:term":[{"taxonomy":"product_brand","embeddable":true,"href":"https:\/\/alqawafel.com\/fr\/wp-json\/wp\/v2\/product_brand?post=11052"},{"taxonomy":"product_cat","embeddable":true,"href":"https:\/\/alqawafel.com\/fr\/wp-json\/wp\/v2\/product_cat?post=11052"},{"taxonomy":"product_tag","embeddable":true,"href":"https:\/\/alqawafel.com\/fr\/wp-json\/wp\/v2\/product_tag?post=11052"}],"curies":[{"name":"wp","href":"https:\/\/api.w.org\/{rel}","templated":true}]}}