{"id":11063,"date":"2024-11-19T11:53:53","date_gmt":"2024-11-19T11:53:53","guid":{"rendered":"https:\/\/alqawafel.com\/?post_type=product&#038;p=11063"},"modified":"2025-06-11T11:14:21","modified_gmt":"2025-06-11T11:14:21","slug":"qaw-24-d-ester","status":"publish","type":"product","link":"https:\/\/alqawafel.com\/fr\/product\/qaw-24-d-ester\/","title":{"rendered":"Qaw 2,4-D Ester 60%EC Herbicide"},"content":{"rendered":"<div class=\"flex-shrink-0 flex flex-col relative items-end\">\n<h3>Why Qaw 2,4-D Ester 60%EC?<\/h3>\n<p><span style=\"font-size: 18px\"><strong>Qaw 2,4-D Ester 60%EC<\/strong> est un herbicide syst\u00e9mique et s\u00e9lectif qui lutte efficacement contre les dicotyl\u00e9dones annuelles et vivaces dans les champs de bl\u00e9 et d'orge, ainsi que dans les p\u00e2turages. L'herbicide p\u00e9n\u00e8tre dans les feuilles, se transpose \u00e0 l'int\u00e9rieur de la mauvaise herbe et s'accumule dans les bourgeons et les racines pour inhiber la croissance. Il permet de lutter efficacement et durablement contre les mauvaises herbes, garantissant ainsi la croissance des cultures sans concurrence.<\/span><\/p>\n<h3>Identification<\/h3>\n<ul>\n<li><span style=\"font-size: 18px\"><strong>Formulation<\/strong>: Concentr\u00e9 \u00e9mulsifiable (CE)<\/span><\/li>\n<li><span style=\"font-size: 18px\"><strong>Ingr\u00e9dient actif<\/strong>2,4-D Isooctyl Ester 60% (w\/v)<\/span><\/li>\n<li><span style=\"font-size: 18px\"><strong>Groupe chimique<\/strong>: Chloroph\u00e9noxy<\/span><\/li>\n<li><span style=\"font-size: 18px\"><strong>Mode d'action<\/strong>: Syst\u00e9mique et s\u00e9lectif, absorb\u00e9 par les feuilles, transloque vers les bourgeons et les racines, agissant comme un inhibiteur de croissance.<\/span><\/li>\n<\/ul>\n<h3>Ideal Application of Qaw 2,4-D Ester 60%EC<\/h3>\n<p><span style=\"font-size: 18px\">Tr\u00e8s efficace pour lutter contre les dicotyl\u00e9dones annuelles et vivaces. Il est recommand\u00e9 de l'utiliser sur :<\/span><\/p>\n<ul>\n<li><span style=\"font-size: 18px\"><strong>Bl\u00e9 et orge<\/strong>: Garantit des champs sans mauvaises herbes pour une croissance optimale des cultures.<\/span><\/li>\n<li><span style=\"font-size: 18px\"><strong>P\u00e2turages<\/strong>: Maintenir la lutte contre les mauvaises herbes afin de favoriser la sant\u00e9 des zones de p\u00e2turage.<\/span><\/li>\n<\/ul>\n<h3>Taux d'utilisation :<\/h3>\n<p><span style=\"font-size: 14pt\">200 ml g par 200 L d'eau<\/span><\/p>\n<h3>Emballage<\/h3>\n<ul>\n<li><span style=\"font-size: 18px\"><strong>1 L<\/strong><\/span><\/li>\n<\/ul>\n<p><img loading=\"lazy\" decoding=\"async\" class=\"alignnone size-medium wp-image-18207\" src=\"https:\/\/alqawafel.com\/wp-content\/uploads\/2024\/11\/Qaw-2.4-D-LOGO-300x300.webp\" alt=\"Qaw 2,4-D Ester 60%EC is a systemic herbicide for controlling broadleaf weeds in wheat, barley, and pastures. It ensures effective weed management.\" width=\"300\" height=\"300\" srcset=\"https:\/\/alqawafel.com\/wp-content\/uploads\/2024\/11\/Qaw-2.4-D-LOGO-300x300.webp 300w, https:\/\/alqawafel.com\/wp-content\/uploads\/2024\/11\/Qaw-2.4-D-LOGO-150x150.webp 150w, https:\/\/alqawafel.com\/wp-content\/uploads\/2024\/11\/Qaw-2.4-D-LOGO-768x768.webp 768w, https:\/\/alqawafel.com\/wp-content\/uploads\/2024\/11\/Qaw-2.4-D-LOGO.webp 1000w\" sizes=\"auto, (max-width: 300px) 100vw, 300px\" \/><\/p>\n<\/div>\n<p>&nbsp;<\/p>","protected":false},"excerpt":{"rendered":"<p><span style=\"font-size: 18px\">Qaw 2,4-D Ester 60%EC is a systemic herbicide for controlling broadleaf weeds in wheat, barley, and pastures. It ensures effective weed management.<\/span><\/p>","protected":false},"featured_media":18207,"comment_status":"open","ping_status":"closed","template":"","meta":{"om_disable_all_campaigns":false,"_monsterinsights_skip_tracking":false,"_monsterinsights_sitenote_active":false,"_monsterinsights_sitenote_note":"","_monsterinsights_sitenote_category":0},"product_brand":[],"product_cat":[825,87],"product_tag":[1342,1350,866,1347,1113,1348,1116,1172],"class_list":{"0":"post-11063","1":"product","2":"type-product","3":"status-publish","4":"has-post-thumbnail","6":"product_cat-herbicide","7":"product_cat-pesticides","8":"product_tag-4-d-ester-60-ec","9":"product_tag-4-d-isooctyl-ester","10":"product_tag-al-qawafel-ind-agr-co","11":"product_tag-broadleaf","12":"product_tag-herbicide","13":"product_tag-qaw-2","14":"product_tag-selective","15":"product_tag-systemic","17":"first","18":"instock","19":"shipping-taxable","20":"product-type-simple"},"aioseo_notices":[],"_links":{"self":[{"href":"https:\/\/alqawafel.com\/fr\/wp-json\/wp\/v2\/product\/11063","targetHints":{"allow":["GET"]}}],"collection":[{"href":"https:\/\/alqawafel.com\/fr\/wp-json\/wp\/v2\/product"}],"about":[{"href":"https:\/\/alqawafel.com\/fr\/wp-json\/wp\/v2\/types\/product"}],"replies":[{"embeddable":true,"href":"https:\/\/alqawafel.com\/fr\/wp-json\/wp\/v2\/comments?post=11063"}],"version-history":[{"count":13,"href":"https:\/\/alqawafel.com\/fr\/wp-json\/wp\/v2\/product\/11063\/revisions"}],"predecessor-version":[{"id":18896,"href":"https:\/\/alqawafel.com\/fr\/wp-json\/wp\/v2\/product\/11063\/revisions\/18896"}],"wp:featuredmedia":[{"embeddable":true,"href":"https:\/\/alqawafel.com\/fr\/wp-json\/wp\/v2\/media\/18207"}],"wp:attachment":[{"href":"https:\/\/alqawafel.com\/fr\/wp-json\/wp\/v2\/media?parent=11063"}],"wp:term":[{"taxonomy":"product_brand","embeddable":true,"href":"https:\/\/alqawafel.com\/fr\/wp-json\/wp\/v2\/product_brand?post=11063"},{"taxonomy":"product_cat","embeddable":true,"href":"https:\/\/alqawafel.com\/fr\/wp-json\/wp\/v2\/product_cat?post=11063"},{"taxonomy":"product_tag","embeddable":true,"href":"https:\/\/alqawafel.com\/fr\/wp-json\/wp\/v2\/product_tag?post=11063"}],"curies":[{"name":"wp","href":"https:\/\/api.w.org\/{rel}","templated":true}]}}