{"id":11066,"date":"2024-11-19T12:17:29","date_gmt":"2024-11-19T12:17:29","guid":{"rendered":"https:\/\/alqawafel.com\/?post_type=product&#038;p=11066"},"modified":"2025-08-30T12:02:02","modified_gmt":"2025-08-30T12:02:02","slug":"super-80-wdg","status":"publish","type":"product","link":"https:\/\/alqawafel.com\/fr\/product\/super-80-wdg\/","title":{"rendered":"Super 80% WDG Fongicide &amp; Miticide"},"content":{"rendered":"<div class=\"flex-shrink-0 flex flex-col relative items-end\">\n<h3>Pourquoi Super 80% WDG ?<\/h3>\n<p><span style=\"font-size: 18px;\">Super 80% WDG est un fongicide et un acaricide non syst\u00e9mique con\u00e7u pour offrir une protection par contact et par action sur le syst\u00e8me respiratoire. Il agit comme un agent protecteur, assurant une gestion efficace des maladies fongiques et des acariens dans une vari\u00e9t\u00e9 de cultures. Ce produit est id\u00e9al pour les professionnels de l'agriculture \u00e0 la recherche d'une solution fiable pour la lutte contre les ravageurs et les maladies.<\/span><\/p>\n<h3>Identification<\/h3>\n<ul>\n<li><span style=\"font-size: 18px;\"><strong>Formulation<\/strong>: Granules dispersibles dans l'eau (WDG)<\/span><\/li>\n<li><span style=\"font-size: 18px;\"><strong>Ingr\u00e9dient actif<\/strong>: Sulfur 80% (w\/w)<\/span><\/li>\n<li><span style=\"font-size: 18px;\"><strong>Groupe chimique<\/strong>: Compos\u00e9 inorganique<\/span><\/li>\n<li><span style=\"font-size: 18px;\"><strong>Mode d'action<\/strong>: Fongicide et acaricide non syst\u00e9mique avec une activit\u00e9 de contact et sur le syst\u00e8me respiratoire, offrant une action protectrice.<\/span><\/li>\n<\/ul>\n<h3>Application id\u00e9ale du Super 80% WDG<\/h3>\n<p><span style=\"font-size: 18px;\">Super 80% WDG est tr\u00e8s efficace pour lutter contre les ravageurs et les maladies des cultures suivantes :<\/span><\/p>\n<ul>\n<li><span style=\"font-size: 18px;\"><strong>Amandes<\/strong>: Cibles <em>Pourriture brune, br\u00fblure des rameaux et des fleurs, tache des feuilles, o\u00efdium, rouille, tavelure, acariens bruns, acariens rouges de l'araign\u00e9e, acariens rouges \u00e0 double tache.<\/em>.<\/span><\/li>\n<li><strong><span style=\"font-size: 18px;\"><span style=\"font-size: 18px;\"><span style=\"font-size: 18px;\">Pomme : <\/span><\/span><\/span><\/strong><span style=\"font-size: 18px;\"><span style=\"font-size: 18px;\"><span style=\"font-size: 18px;\">Contr\u00f4les <\/span><\/span><\/span>O\u00efdium, tavelure, acarien v\u00e9siculeux, araign\u00e9e rouge et acarien \u00e0 deux points.<\/li>\n<li><span style=\"font-size: 18px;\"><strong>Bananes<\/strong>: Efficace contre <em>Acariens<\/em>.<\/span><\/li>\n<li><span style=\"font-size: 18px;\"><strong>Haricots<\/strong>: G\u00e8re <em>Tache foliaire, o\u00efdium, rouille, araign\u00e9e rouge<\/em>.<\/span><\/li>\n<li><span style=\"font-size: 18px;\"><strong>Chou, brocoli, chou-fleur<\/strong>: Cibles <em>O\u00efdium, tache septorienne, rouille, araign\u00e9e rouge<\/em>.<\/span><\/li>\n<li><span style=\"font-size: 18px;\"><strong>Carottes<\/strong>: Contr\u00f4les <em>O\u00efdium, acariens Petroba<\/em>.<\/span><\/li>\n<li><span style=\"font-size: 18px;\"><strong>Agrumes<\/strong>: Efficace pour <em>Acariens (acariens larges, acariens des bourgeons, acariens de la rouille des agrumes, acariens plats, araign\u00e9e rouge, araign\u00e9e argent\u00e9e, acariens \u00e0 six points), thrips<\/em>.<\/span><\/li>\n<li><span style=\"font-size: 18px;\"><strong>Aubergine<\/strong>: Contr\u00f4les <em>O\u00efdium<\/em>.<\/span><\/li>\n<li><span style=\"font-size: 18px;\"><strong>Figues<\/strong>: Efficace contre <em>Acariens (y compris l'acarien du figuier, Eriophyid)<\/em>.<\/span><\/li>\n<li><span style=\"font-size: 18px;\"><strong>Raisins<\/strong>: Cibles <em>Phomopsis, o\u00efdium, acariens (cloque, bourgeon, araign\u00e9e rouge)<\/em>.<\/span><\/li>\n<li><span style=\"font-size: 18px;\"><strong>Laitue<\/strong>: Contr\u00f4les <em>O\u00efdium, rouille, araign\u00e9e rouge<\/em>.<\/span><\/li>\n<li><span style=\"font-size: 18px;\"><strong>Oignon, oignon vert, ail<\/strong>: Efficace contre <em>O\u00efdium, acariens Petroba<\/em>.<\/span><\/li>\n<li><span style=\"font-size: 18px;\"><strong>Poivre<\/strong>: G\u00e8re <em>Tache foliaire, o\u00efdium, acariens (araign\u00e9e rouge)<\/em>.<\/span><\/li>\n<li><span style=\"font-size: 18px;\"><strong>Pommes de terre<\/strong>: Cibles <em>O\u00efdium, tache septorienne, araign\u00e9e rouge<\/em>.<\/span><\/li>\n<li><span style=\"font-size: 18px;\"><strong>Tomates<\/strong>: Contr\u00f4les <em>Acariens du russet<\/em>.<\/span><\/li>\n<li><span style=\"font-size: 18px;\"><strong>Cerise, nectarine, p\u00eache, prune<\/strong>: Efficace contre <em>Br\u00fblure des fleurs et des rameaux, pourriture brune, tache foliaire, o\u00efdium, rouille, tavelure, acariens (plat, araign\u00e9e rouge, argent\u00e9)<\/em>.<\/span><\/li>\n<li><span style=\"font-size: 18px;\"><strong>Radis<\/strong>: G\u00e8re <em>O\u00efdium, rouille, septoriose, araign\u00e9e rouge<\/em>.<\/span><\/li>\n<li><span style=\"font-size: 18px;\"><strong>Plantes ornementales (Roses)<\/strong>: Cibles <em>O\u00efdium, acariens \u00e0 deux points<\/em>.<\/span><\/li>\n<\/ul>\n<h3>Taux d'utilisation :<\/h3>\n<p><span style=\"font-size: 14pt;\">400-500 g pour 200 L d'eau<\/span><\/p>\n<h3>Emballage<\/h3>\n<ul>\n<li><span style=\"font-size: 18px;\"><strong>1 kg<\/strong><\/span><\/li>\n<\/ul>\n<p><img loading=\"lazy\" decoding=\"async\" class=\"alignnone size-medium wp-image-18481\" src=\"https:\/\/alqawafel.com\/wp-content\/uploads\/2024\/11\/Super-80-WDG-LOGO-300x300.webp\" alt=\"Super 80% WDG est un fongicide et un acaricide non syst\u00e9mique qui assure une protection par contact et par vapeur pour lutter efficacement contre les maladies des cultures et les acariens.\" width=\"300\" height=\"300\" \/><\/p>\n<\/div>","protected":false},"excerpt":{"rendered":"<p><span style=\"font-size: 18px;\">Super 80% WDG est un fongicide et un acaricide non syst\u00e9mique qui assure une protection par contact et par vapeur pour lutter efficacement contre les maladies des cultures et les acariens.<\/span><\/p>","protected":false},"featured_media":0,"comment_status":"open","ping_status":"closed","template":"","meta":{"om_disable_all_campaigns":false,"_monsterinsights_skip_tracking":false,"_monsterinsights_sitenote_active":false,"_monsterinsights_sitenote_note":"","_monsterinsights_sitenote_category":0},"product_brand":[],"product_cat":[823,824,87],"product_tag":[866,901,1111,844,1346,1344,1343],"class_list":{"0":"post-11066","1":"product","2":"type-product","3":"status-publish","5":"product_cat-fungicide","6":"product_cat-miticide","7":"product_cat-pesticides","8":"product_tag-al-qawafel-ind-agr-co","9":"product_tag-fungicide","10":"product_tag-mildew","11":"product_tag-miticide","12":"product_tag-rust","13":"product_tag-sulfur","14":"product_tag-super-80-wdg","16":"first","17":"instock","18":"shipping-taxable","19":"product-type-simple"},"aioseo_notices":[],"_links":{"self":[{"href":"https:\/\/alqawafel.com\/fr\/wp-json\/wp\/v2\/product\/11066","targetHints":{"allow":["GET"]}}],"collection":[{"href":"https:\/\/alqawafel.com\/fr\/wp-json\/wp\/v2\/product"}],"about":[{"href":"https:\/\/alqawafel.com\/fr\/wp-json\/wp\/v2\/types\/product"}],"replies":[{"embeddable":true,"href":"https:\/\/alqawafel.com\/fr\/wp-json\/wp\/v2\/comments?post=11066"}],"version-history":[{"count":15,"href":"https:\/\/alqawafel.com\/fr\/wp-json\/wp\/v2\/product\/11066\/revisions"}],"predecessor-version":[{"id":19927,"href":"https:\/\/alqawafel.com\/fr\/wp-json\/wp\/v2\/product\/11066\/revisions\/19927"}],"wp:attachment":[{"href":"https:\/\/alqawafel.com\/fr\/wp-json\/wp\/v2\/media?parent=11066"}],"wp:term":[{"taxonomy":"product_brand","embeddable":true,"href":"https:\/\/alqawafel.com\/fr\/wp-json\/wp\/v2\/product_brand?post=11066"},{"taxonomy":"product_cat","embeddable":true,"href":"https:\/\/alqawafel.com\/fr\/wp-json\/wp\/v2\/product_cat?post=11066"},{"taxonomy":"product_tag","embeddable":true,"href":"https:\/\/alqawafel.com\/fr\/wp-json\/wp\/v2\/product_tag?post=11066"}],"curies":[{"name":"wp","href":"https:\/\/api.w.org\/{rel}","templated":true}]}}