{"id":12785,"date":"2024-12-16T08:15:52","date_gmt":"2024-12-16T08:15:52","guid":{"rendered":"https:\/\/alqawafel.com\/?post_type=product&#038;p=12785"},"modified":"2026-01-08T09:14:02","modified_gmt":"2026-01-08T09:14:02","slug":"croissance-13-5-40-t-e","status":"publish","type":"product","link":"https:\/\/alqawafel.com\/fr\/product\/growth-13-5-40-t-e\/","title":{"rendered":"Croissance 13-5-40 + engrais T.E."},"content":{"rendered":"<p><span style=\"font-family: arial, helvetica, sans-serif;\"><strong>Pourquoi choisir Growth 13-5-40 + T.E. ?<\/strong><\/span><\/p>\n<p><span style=\"font-family: arial, helvetica, sans-serif;\">Growth 13-5-40 + T.E. est un engrais avanc\u00e9 enti\u00e8rement soluble dans l'eau, formul\u00e9 avec une teneur \u00e9lev\u00e9e en potassium, ainsi qu'avec de l'azote, du phosphore et des micronutriments essentiels. Cette formulation soutient la croissance des plantes, am\u00e9liore la qualit\u00e9 des fruits et renforce l'efficacit\u00e9 de l'absorption des nutriments, m\u00eame dans des conditions de sol salin. Compatible avec de nombreux syst\u00e8mes d'irrigation, il convient aux l\u00e9gumes, aux cultures fruiti\u00e8res, aux cultures de plein champ et aux plantes ornementales.<\/span><\/p>\n<p><span style=\"font-family: arial, helvetica, sans-serif;\"><strong>Principaux avantages<\/strong><\/span><\/p>\n<ul>\n<li><span style=\"font-family: arial, helvetica, sans-serif;\"><strong>Teneur \u00e9lev\u00e9e en potassium :<\/strong> Favorise l'obtention de fruits plus gros, de meilleure qualit\u00e9 et de meilleurs rendements, en particulier pour les cultures exigeantes en potassium.<\/span><\/li>\n<li><span style=\"font-family: arial, helvetica, sans-serif;\"><strong>Une alimentation \u00e9quilibr\u00e9e :<\/strong> Contient de l'azote, du phosphore, du soufre, du magn\u00e9sium et des micronutriments ch\u00e9lat\u00e9s pour favoriser la sant\u00e9 des plantes.<\/span><\/li>\n<li><span style=\"font-family: arial, helvetica, sans-serif;\"><strong>pH optimal :<\/strong> Maintient un pH de <strong>6<\/strong> \u00e0 <strong>1 g\/L<\/strong>, Les produits de l'agriculture biologique sont des produits de base, ce qui garantit une disponibilit\u00e9 et une absorption maximales des \u00e9l\u00e9ments nutritifs.<\/span><\/li>\n<li><span style=\"font-family: arial, helvetica, sans-serif;\"><strong>Faible conductivit\u00e9 \u00e9lectrique (CE) :<\/strong> Convient aux sols salins et contribue \u00e0 r\u00e9duire le stress des plantes.<\/span><\/li>\n<li><span style=\"font-family: arial, helvetica, sans-serif;\"><strong>Micronutriments et vitamines :<\/strong> Enrichi en fer, zinc, mangan\u00e8se, cuivre et bore ch\u00e9lat\u00e9s, ainsi qu'en vitamines cl\u00e9s telles que la riboflavine, la pyridoxine, la nicotinamide et la thiamine.<\/span><\/li>\n<li><span style=\"font-family: arial, helvetica, sans-serif;\"><strong>Sans chlorure :<\/strong> Sans danger pour les cultures sensibles aux chlorures et r\u00e9duit le risque de toxicit\u00e9.<\/span><\/li>\n<li><span style=\"font-family: arial, helvetica, sans-serif;\"><strong>Enti\u00e8rement soluble dans l'eau :<\/strong> Id\u00e9al pour l'irrigation au goutte-\u00e0-goutte, les syst\u00e8mes d'arrosage et l'irrigation par inondation.<\/span><\/li>\n<\/ul>\n<p class=\"translation-block\"><span style=\"font-size : 18px\">Chemical Compos<\/span>ition<\/p>\n<ul>\n<li><span style=\"font-family: arial, helvetica, sans-serif;\">Azote (N) : 13%<\/span><\/li>\n<li><span style=\"font-family: arial, helvetica, sans-serif;\">Phosphore (P\u2082O\u2085) : 5%<\/span><\/li>\n<li><span style=\"font-family: arial, helvetica, sans-serif;\">Potassium (K\u2082O) : 40%<\/span><\/li>\n<\/ul>\n<p><span style=\"font-family: arial, helvetica, sans-serif;\"><strong>Micronutriments ch\u00e9lat\u00e9s :<\/strong><\/span><\/p>\n<ul>\n<li><span style=\"font-family: arial, helvetica, sans-serif;\">Fer (Fe) EDTA<\/span><\/li>\n<li><span style=\"font-family: arial, helvetica, sans-serif;\">Zinc (Zn) EDTA<\/span><\/li>\n<li><span style=\"font-family: arial, helvetica, sans-serif;\">Mangan\u00e8se (Mn) EDTA<\/span><\/li>\n<li><span style=\"font-family: arial, helvetica, sans-serif;\">Cuivre (Cu) EDTA<\/span><\/li>\n<li><span style=\"font-family: arial, helvetica, sans-serif;\">Bore (B)<\/span><\/li>\n<\/ul>\n<p><span style=\"font-family: arial, helvetica, sans-serif;\"><strong>Additifs : <\/strong>riboflavine, pyridoxine, nicotinamide, thiamine et acides organiques.<\/span><\/p>\n<p><span style=\"font-family: arial, helvetica, sans-serif;\"><strong>Application id\u00e9ale (cultures cibles)<\/strong><\/span><\/p>\n<ul>\n<li><span style=\"font-family: arial, helvetica, sans-serif;\">Cultures mara\u00eech\u00e8res en serre et en plein champ<\/span><\/li>\n<li><span style=\"font-family: arial, helvetica, sans-serif;\">Grandes cultures<\/span><\/li>\n<li><span style=\"font-family: arial, helvetica, sans-serif;\">Arbres fruitiers<\/span><\/li>\n<li><span style=\"font-family: arial, helvetica, sans-serif;\">Plantes ornementales<\/span><\/li>\n<\/ul>\n<p><span style=\"font-family: arial, helvetica, sans-serif;\"><strong>Taux d'application<\/strong><\/span><\/p>\n<p><span style=\"font-family: arial, helvetica, sans-serif;\"><strong>L\u00e9gumes de plein champ : <\/strong>2-3 kg\/dunum<\/span><\/p>\n<p><span style=\"font-family: arial, helvetica, sans-serif;\"><strong>L\u00e9gumes de serre :<\/strong> 2-3 kg\/serre<\/span><\/p>\n<p><span style=\"font-family: arial, helvetica, sans-serif;\"><strong>Arbres fruitiers : <\/strong>50-100 g\/arbre (selon l'\u00e2ge)<\/span><\/p>\n<p><span style=\"font-family: arial, helvetica, sans-serif;\"><strong>Emballage<\/strong><\/span><\/p>\n<ul>\n<li><span style=\"font-family: arial, helvetica, sans-serif;\"><strong>Sacs de 25 kg<\/strong><\/span><\/li>\n<\/ul>\n<p><img loading=\"lazy\" decoding=\"async\" class=\"size-medium wp-image-20021\" src=\"https:\/\/alqawafel.com\/wp-content\/uploads\/2024\/12\/Growth-LOGO-13-5-40-300x300.webp\" alt=\"Growth 13-5-40 + T.E. est un engrais enti\u00e8rement soluble dans l&#039;eau, formul\u00e9 avec une teneur \u00e9lev\u00e9e en potassium, ainsi qu&#039;avec de l&#039;azote, du phosphore et des micronutriments essentiels.\" width=\"300\" height=\"300\" srcset=\"https:\/\/alqawafel.com\/wp-content\/uploads\/2024\/12\/Growth-LOGO-13-5-40-300x300.webp 300w, https:\/\/alqawafel.com\/wp-content\/uploads\/2024\/12\/Growth-LOGO-13-5-40-150x150.webp 150w, https:\/\/alqawafel.com\/wp-content\/uploads\/2024\/12\/Growth-LOGO-13-5-40-768x768.webp 768w, https:\/\/alqawafel.com\/wp-content\/uploads\/2024\/12\/Growth-LOGO-13-5-40-12x12.webp 12w, https:\/\/alqawafel.com\/wp-content\/uploads\/2024\/12\/Growth-LOGO-13-5-40.webp 1000w\" sizes=\"auto, (max-width: 300px) 100vw, 300px\" \/><\/p>","protected":false},"excerpt":{"rendered":"<p><span style=\"font-family: arial, helvetica, sans-serif;\">Growth 13-5-40 + T.E. est un engrais enti\u00e8rement soluble dans l'eau, formul\u00e9 avec une teneur \u00e9lev\u00e9e en potassium, ainsi qu'avec de l'azote, du phosphore et des micronutriments essentiels. <\/span><\/p>","protected":false},"featured_media":20021,"comment_status":"open","ping_status":"closed","template":"","meta":{"om_disable_all_campaigns":false,"_monsterinsights_skip_tracking":false,"_monsterinsights_sitenote_active":false,"_monsterinsights_sitenote_note":"","_monsterinsights_sitenote_category":0},"product_brand":[2213],"product_cat":[50,2131],"product_tag":[866,1035,463,2007,881,1999],"class_list":{"0":"post-12785","1":"product","2":"type-product","3":"status-publish","4":"has-post-thumbnail","6":"product_brand-growth","7":"product_cat-fertilizers","8":"product_cat-water-soluble-fertilizers","9":"product_tag-al-qawafel-ind-agr-co","10":"product_tag-balanced-nutrition","11":"product_tag-fertilizer","12":"product_tag-growth-15-5-35t-e","13":"product_tag-high-potassium","14":"product_tag-highly-soluble","16":"first","17":"instock","18":"shipping-taxable","19":"product-type-simple"},"aioseo_notices":[],"_links":{"self":[{"href":"https:\/\/alqawafel.com\/fr\/wp-json\/wp\/v2\/product\/12785","targetHints":{"allow":["GET"]}}],"collection":[{"href":"https:\/\/alqawafel.com\/fr\/wp-json\/wp\/v2\/product"}],"about":[{"href":"https:\/\/alqawafel.com\/fr\/wp-json\/wp\/v2\/types\/product"}],"replies":[{"embeddable":true,"href":"https:\/\/alqawafel.com\/fr\/wp-json\/wp\/v2\/comments?post=12785"}],"version-history":[{"count":8,"href":"https:\/\/alqawafel.com\/fr\/wp-json\/wp\/v2\/product\/12785\/revisions"}],"predecessor-version":[{"id":20022,"href":"https:\/\/alqawafel.com\/fr\/wp-json\/wp\/v2\/product\/12785\/revisions\/20022"}],"wp:featuredmedia":[{"embeddable":true,"href":"https:\/\/alqawafel.com\/fr\/wp-json\/wp\/v2\/media\/20021"}],"wp:attachment":[{"href":"https:\/\/alqawafel.com\/fr\/wp-json\/wp\/v2\/media?parent=12785"}],"wp:term":[{"taxonomy":"product_brand","embeddable":true,"href":"https:\/\/alqawafel.com\/fr\/wp-json\/wp\/v2\/product_brand?post=12785"},{"taxonomy":"product_cat","embeddable":true,"href":"https:\/\/alqawafel.com\/fr\/wp-json\/wp\/v2\/product_cat?post=12785"},{"taxonomy":"product_tag","embeddable":true,"href":"https:\/\/alqawafel.com\/fr\/wp-json\/wp\/v2\/product_tag?post=12785"}],"curies":[{"name":"wp","href":"https:\/\/api.w.org\/{rel}","templated":true}]}}