{"id":12814,"date":"2024-12-16T09:56:47","date_gmt":"2024-12-16T09:56:47","guid":{"rendered":"https:\/\/alqawafel.com\/?post_type=product&#038;p=12814"},"modified":"2025-06-24T09:07:08","modified_gmt":"2025-06-24T09:07:08","slug":"an-nebras-0-25-35","status":"publish","type":"product","link":"https:\/\/alqawafel.com\/fr\/product\/an-nebras-0-25-35\/","title":{"rendered":"Engrais An-Nebras 0-25-35"},"content":{"rendered":"<h3>Pourquoi choisir l'engrais liquide An-Nebras 0-25-35 ?<\/h3>\n<p><span style=\"font-size: 18px\">An-Nebras 0-25-35 repr\u00e9sente une nouvelle technologie en mati\u00e8re de fertilisation foliaire, fournissant des compos\u00e9s de phosphate et de potasse avec un faible indice de sel, garantissant la s\u00e9curit\u00e9 et l'efficacit\u00e9 m\u00eame \u00e0 des concentrations \u00e9lev\u00e9es. Enrichi en acides amin\u00e9s, en acides min\u00e9raux et en vitamines essentielles, An-Nebras 0-25-35 est con\u00e7u pour activer les plantes, favoriser la croissance et soutenir tous les stades de d\u00e9veloppement. Gr\u00e2ce \u00e0 une absorption rapide par les tissus v\u00e9g\u00e9taux, cette formulation stimule la photosynth\u00e8se, le m\u00e9tabolisme et la sant\u00e9 des racines, tout en renfor\u00e7ant la r\u00e9sistance aux maladies fongiques. Il est id\u00e9al pour une utilisation en pulv\u00e9risation foliaire et en irrigation.<\/span><\/p>\n<h3>Principaux avantages de l'engrais liquide An-Nebras 0-25-35<\/h3>\n<ul>\n<li><span style=\"font-size: 18px\"><strong>Activation rapide des plantes :<\/strong> Fournit des nutriments sous une forme facilement absorbable, acc\u00e9l\u00e9rant la croissance et am\u00e9liorant le m\u00e9tabolisme des plantes.<\/span><\/li>\n<li><span style=\"font-size: 18px\"><strong>Utilisation s\u00fbre \u00e0 haute concentration :<\/strong> Le faible indice de salinit\u00e9 permet une application foliaire s\u00fbre, m\u00eame dans des conditions m\u00e9t\u00e9orologiques difficiles.<\/span><\/li>\n<li><span style=\"font-size: 18px\"><strong>Am\u00e9liore la qualit\u00e9 des fruits :<\/strong> Une teneur \u00e9lev\u00e9e en potasse am\u00e9liore la taille, le go\u00fbt, la saveur, la couleur et la durabilit\u00e9 des fruits apr\u00e8s la r\u00e9colte.<\/span><\/li>\n<li><span style=\"font-size: 18px\"><strong>Augmente la r\u00e9sistance :<\/strong> Renforce les d\u00e9fenses des plantes contre les maladies fongiques, en particulier celles qui affectent les racines.<\/span><\/li>\n<li><span style=\"font-size: 18px\"><strong>Favorise la floraison et la nouaison des fruits :<\/strong> Contient du phosphore enrob\u00e9 et des compos\u00e9s organiques, favorisant une floraison abondante et une forte nouaison.<\/span><\/li>\n<li><span style=\"font-size: 18px\"><strong>Enrichissement en multivitamines :<\/strong> Les vitamines telles que la thiamine, la riboflavine, la niacine et la pyridoxine stimulent les r\u00e9actions biochimiques, ce qui favorise la croissance et la productivit\u00e9.<\/span><\/li>\n<\/ul>\n<h3>Application id\u00e9ale<\/h3>\n<p><span style=\"font-size: 18px\"><strong>Application foliaire :<\/strong> Rapidement absorb\u00e9 par les feuilles, il augmente la photosynth\u00e8se et le m\u00e9tabolisme des plantes.<\/span><br \/>\n<span style=\"font-size: 18px\"><strong>Application au sol :<\/strong> L'apport efficace de nutriments par l'interm\u00e9diaire de l'eau d'irrigation permet d'obtenir des r\u00e9sultats rapides et complets, <\/span><span style=\"font-size: 18px\">Convient pour : <\/span><span style=\"font-size: 18px\">L\u00e9gumes et <\/span><span style=\"font-size: 18px\">Arbres fruitiers.<\/span><\/p>\n<h3 class=\"translation-block\"><span style=\"font-size : 18px\">Chemical Compos<\/span>ition<\/h3>\n<ul>\n<li><span style=\"font-size: 18px\"><strong>Phosphore (P\u2082O\u2085) :<\/strong> 25%<\/span><\/li>\n<li><span style=\"font-size: 18px\"><strong>Potassium (K\u2082O) :<\/strong> 35%<\/span><\/li>\n<li><span style=\"font-size: 18px\"><strong>Compos\u00e9s suppl\u00e9mentaires :<\/strong> Acides carboxyliques multiples et simples, acides fulviques, polysaccharides, vitamines et acides amin\u00e9s<\/span><\/li>\n<\/ul>\n<h3>Taux d'application :<\/h3>\n<p data-start=\"100\" data-end=\"121\"><span style=\"font-size: 14pt\"><strong data-start=\"100\" data-end=\"121\">Application au sol :<\/strong><\/span><\/p>\n<ul data-start=\"123\" data-end=\"291\">\n<li data-start=\"123\" data-end=\"194\">\n<p data-start=\"125\" data-end=\"194\"><span style=\"font-size: 14pt\"><strong data-start=\"125\" data-end=\"164\">L\u00e9gumes prot\u00e9g\u00e9s (serres) :<\/strong><\/span><br data-start=\"164\" data-end=\"167\" \/><span style=\"font-size: 14pt\">350-500 ml par serre<\/span><\/p>\n<\/li>\n<li data-start=\"196\" data-end=\"249\">\n<p data-start=\"198\" data-end=\"249\"><span style=\"font-size: 14pt\"><strong data-start=\"198\" data-end=\"224\">L\u00e9gumes de plein champ :<\/strong><\/span><br data-start=\"224\" data-end=\"227\" \/><span style=\"font-size: 14pt\">350-500 ml par dunum<\/span><\/p>\n<\/li>\n<li data-start=\"251\" data-end=\"291\">\n<p data-start=\"253\" data-end=\"291\"><span style=\"font-size: 14pt\"><strong data-start=\"253\" data-end=\"269\">Arbres fruitiers :<\/strong><\/span><br data-start=\"269\" data-end=\"272\" \/><span style=\"font-size: 14pt\">25-50 ml par arbre<\/span><\/p>\n<\/li>\n<\/ul>\n<p data-start=\"293\" data-end=\"331\"><span style=\"font-size: 14pt\"><strong data-start=\"293\" data-end=\"331\">Application foliaire (dose g\u00e9n\u00e9rale) :<\/strong><\/span><\/p>\n<ul data-start=\"333\" data-end=\"369\">\n<li data-start=\"333\" data-end=\"369\">\n<p data-start=\"335\" data-end=\"369\"><span style=\"font-size: 14pt\">200-300 ml pour 200 litres d'eau<\/span><\/p>\n<\/li>\n<\/ul>\n<h3>Emballage<\/h3>\n<ul>\n<li><span style=\"font-size: 18px\"><strong>Bouteilles de 1 L et 5 L<\/strong><\/span><\/li>\n<\/ul>\n<p><img loading=\"lazy\" decoding=\"async\" class=\"alignnone size-medium wp-image-16773\" src=\"https:\/\/alqawafel.com\/wp-content\/uploads\/2024\/12\/\u0627\u0644\u0646\u0628\u0631\u0627\u0633-0-25-35.-LOGO-300x300.webp\" alt=\"An-Nebras 0-25-35\" width=\"300\" height=\"300\" srcset=\"\" sizes=\"auto, (max-width: 300px) 100vw, 300px\" data-srcset=\"\" \/><\/p>","protected":false},"excerpt":{"rendered":"<p><span style=\"font-size: 18px\">An-Nebras 0-25-35 est un engrais liquide \u00e0 haute teneur en potasse et en phosphate, qui am\u00e9liore la croissance, la qualit\u00e9 des fruits et la r\u00e9sistance des plantes \u00e0 tous les stades de d\u00e9veloppement.<\/span><\/p>","protected":false},"featured_media":16773,"comment_status":"open","ping_status":"closed","template":"","meta":{"om_disable_all_campaigns":false,"_monsterinsights_skip_tracking":false,"_monsterinsights_sitenote_active":false,"_monsterinsights_sitenote_note":"","_monsterinsights_sitenote_category":0},"product_brand":[],"product_cat":[50,2134],"product_tag":[866,2017,463,1022,935,1021,932],"class_list":{"0":"post-12814","1":"product","2":"type-product","3":"status-publish","4":"has-post-thumbnail","6":"product_cat-fertilizers","7":"product_cat-liquid-fertilizers","8":"product_tag-al-qawafel-ind-agr-co","9":"product_tag-an-nebras-0-25-35","10":"product_tag-fertilizer","11":"product_tag-foliar-growth-boost","12":"product_tag-fruit-quality","13":"product_tag-high-phosphorus-potassium","14":"product_tag-rapid-absorption","16":"first","17":"instock","18":"shipping-taxable","19":"product-type-simple"},"aioseo_notices":[],"_links":{"self":[{"href":"https:\/\/alqawafel.com\/fr\/wp-json\/wp\/v2\/product\/12814","targetHints":{"allow":["GET"]}}],"collection":[{"href":"https:\/\/alqawafel.com\/fr\/wp-json\/wp\/v2\/product"}],"about":[{"href":"https:\/\/alqawafel.com\/fr\/wp-json\/wp\/v2\/types\/product"}],"replies":[{"embeddable":true,"href":"https:\/\/alqawafel.com\/fr\/wp-json\/wp\/v2\/comments?post=12814"}],"version-history":[{"count":6,"href":"https:\/\/alqawafel.com\/fr\/wp-json\/wp\/v2\/product\/12814\/revisions"}],"predecessor-version":[{"id":19050,"href":"https:\/\/alqawafel.com\/fr\/wp-json\/wp\/v2\/product\/12814\/revisions\/19050"}],"wp:featuredmedia":[{"embeddable":true,"href":"https:\/\/alqawafel.com\/fr\/wp-json\/wp\/v2\/media\/16773"}],"wp:attachment":[{"href":"https:\/\/alqawafel.com\/fr\/wp-json\/wp\/v2\/media?parent=12814"}],"wp:term":[{"taxonomy":"product_brand","embeddable":true,"href":"https:\/\/alqawafel.com\/fr\/wp-json\/wp\/v2\/product_brand?post=12814"},{"taxonomy":"product_cat","embeddable":true,"href":"https:\/\/alqawafel.com\/fr\/wp-json\/wp\/v2\/product_cat?post=12814"},{"taxonomy":"product_tag","embeddable":true,"href":"https:\/\/alqawafel.com\/fr\/wp-json\/wp\/v2\/product_tag?post=12814"}],"curies":[{"name":"wp","href":"https:\/\/api.w.org\/{rel}","templated":true}]}}