{"id":20008,"date":"2026-01-08T08:51:23","date_gmt":"2026-01-08T08:51:23","guid":{"rendered":"https:\/\/alqawafel.com\/?post_type=product&#038;p=20008"},"modified":"2026-01-08T08:55:55","modified_gmt":"2026-01-08T08:55:55","slug":"croissance-19-19-19t-e-copie-dengrais","status":"publish","type":"product","link":"https:\/\/alqawafel.com\/fr\/product\/growth-19-19-19t-e-fertilizer-copy\/","title":{"rendered":"Croissance 19-19-19+T.E. Engrais"},"content":{"rendered":"<h3>Pourquoi choisir l'engrais Growth 19-19-19+T.E. ?<\/h3>\n<p><span style=\"font-size: 18px;\">Growth 19-19-19+T.E. est un engrais compos\u00e9 avanc\u00e9 offrant un rapport \u00e9gal d'azote (N), de phosphore (P\u2082O\u2085) et de potassium (K\u2082O). Enrichi en macro et micronutriments, en acides organiques et en vitamines essentielles, cet engrais NPK \u00e9quilibr\u00e9 soutient toutes les \u00e9tapes de la croissance des plantes. Sa grande solubilit\u00e9 et sa formulation acide optimisent l'absorption des nutriments, m\u00eame dans les sols \u00e0 forte salinit\u00e9.<\/span><\/p>\n<h3>Principaux avantages de la croissance 19-19-19+T.E.<\/h3>\n<ul>\n<li><span style=\"font-size: 18px;\"><strong>Rapport NPK \u00e9quilibr\u00e9 :<\/strong> Fournit des parts \u00e9gales d'azote, de phosphore et de potassium pour une nutrition compl\u00e8te des plantes.<\/span><\/li>\n<li><span style=\"font-size: 18px;\"><strong>Absorption am\u00e9lior\u00e9e :<\/strong> Le pH acide (~6 \u00e0 1 g\/L) assure une absorption optimale des nutriments dans diverses conditions de sol.<\/span><\/li>\n<li><span style=\"font-size: 18px;\"><strong>Faible EC pour les sols salins :<\/strong> Con\u00e7u pour fonctionner efficacement dans des environnements \u00e0 forte salinit\u00e9.<\/span><\/li>\n<li><span style=\"font-size: 18px;\"><strong>Solubilit\u00e9 \u00e9lev\u00e9e :<\/strong> Fabriqu\u00e9 \u00e0 partir de mati\u00e8res premi\u00e8res pures telles que le phosphate d'ur\u00e9e, ce qui garantit une solubilit\u00e9 sup\u00e9rieure \u00e0 celle des autres engrais.<\/span><\/li>\n<li><span style=\"font-size: 18px;\"><strong>Utilisation pour diverses cultures :<\/strong> Convient aux l\u00e9gumes, aux cultures de plein champ, aux arbres fruitiers et aux plantes ornementales.<\/span><\/li>\n<li><span style=\"font-size: 18px;\"><strong>Livraison efficace :<\/strong> Compatible avec les syst\u00e8mes d'irrigation et de pulv\u00e9risation modernes pour faciliter l'application.<\/span><\/li>\n<\/ul>\n<h3 class=\"translation-block\"><span style=\"font-size : 18px\">Chemical Compos<\/span>ition<\/h3>\n<ul>\n<li><span style=\"font-size: 18px;\"><strong>Azote (N 19%)<\/strong><\/span><\/li>\n<li><span style=\"font-size: 18px;\"><strong>Phosphore (P\u2082O\u2085 19%)<\/strong><\/span><\/li>\n<li><span style=\"font-size: 18px;\"><strong>Potassium (K\u2082O 19%)<\/strong><\/span><\/li>\n<\/ul>\n<p><span style=\"font-size: 18px;\">Comprend \u00e9galement<\/span><\/p>\n<ul>\n<li><span style=\"font-size: 18px;\">Micro-\u00e9l\u00e9ments essentiels (Fer, Zinc, Mangan\u00e8se, Cuivre, Bore).<\/span><\/li>\n<li><span style=\"font-size: 18px;\">Acides organiques et vitamines pour la sant\u00e9 des plantes.<\/span><\/li>\n<\/ul>\n<h3>Applications recommand\u00e9es<\/h3>\n<p><span style=\"font-size: 18px;\"><strong>Cultures appropri\u00e9es :<\/strong><\/span><\/p>\n<ul>\n<li><span style=\"font-size: 18px;\">L\u00e9gumes de serre et de plein champ.<\/span><\/li>\n<li><span style=\"font-size: 14pt;\">Grandes cultures.<\/span><\/li>\n<li><span style=\"font-size: 18px;\">Arbres fruitiers.<\/span><\/li>\n<li><span style=\"font-size: 14pt;\">Plantes ornementales.<\/span><\/li>\n<\/ul>\n<h3 data-start=\"139\" data-end=\"173\">Taux d'application<\/h3>\n<h4 data-start=\"139\" data-end=\"173\"><strong data-start=\"145\" data-end=\"171\">L\u00e9gumes de plein champ :<\/strong><\/h4>\n<p><span style=\"font-size: 14pt;\">1,5-2 kg \/ 1000 m\u00b2, 3-4 fois par semaine.<\/span><\/p>\n<h4 data-start=\"319\" data-end=\"343\"><strong data-start=\"325\" data-end=\"341\">Arbres fruitiers :<\/strong><\/h4>\n<p data-start=\"346\" data-end=\"497\"><span style=\"font-size: 14pt;\">0,5-1 kg \/ 1000 m\u00b2, 3-4 fois par semaine apr\u00e8s le d\u00e9but de la fructification et pendant la maturit\u00e9 des fruits.<\/span><\/p>\n<p>&nbsp;<\/p>\n<h3>Emballage<\/h3>\n<ul>\n<li><span style=\"font-size: 18px;\"><strong>Sacs de 25 kg<\/strong><\/span><\/li>\n<\/ul>\n<p><img loading=\"lazy\" decoding=\"async\" class=\"alignnone size-medium wp-image-20010\" src=\"https:\/\/alqawafel.com\/wp-content\/uploads\/2026\/01\/Growth-LOGO-19-19-19-300x300.webp\" alt=\"Growth 19-19-19+T.E. est un engrais NPK \u00e9quilibr\u00e9, enrichi en nutriments essentiels, qui assure une croissance robuste des plantes et une meilleure qualit\u00e9 des fruits.\" width=\"300\" height=\"300\" \/><\/p>","protected":false},"excerpt":{"rendered":"<p><span style=\"font-size: 18px;\">Growth 19-19-19+T.E. est un engrais NPK \u00e9quilibr\u00e9, enrichi en nutriments essentiels, qui assure une croissance robuste des plantes et une meilleure qualit\u00e9 des fruits.<\/span><\/p>","protected":false},"featured_media":0,"comment_status":"open","ping_status":"closed","template":"","meta":{"om_disable_all_campaigns":false,"_monsterinsights_skip_tracking":false,"_monsterinsights_sitenote_active":false,"_monsterinsights_sitenote_note":"","_monsterinsights_sitenote_category":0},"product_brand":[2213],"product_cat":[50,2131],"product_tag":[866,894,1088,463,2226,911,1069],"class_list":{"0":"post-20008","1":"product","2":"type-product","3":"status-publish","5":"product_brand-growth","6":"product_cat-fertilizers","7":"product_cat-water-soluble-fertilizers","8":"product_tag-al-qawafel-ind-agr-co","9":"product_tag-balanced-npk","10":"product_tag-comprehensive-nutrition","11":"product_tag-fertilizer","12":"product_tag-growth-19-19-19","13":"product_tag-high-solubility","14":"product_tag-saline-soil-compatible","16":"first","17":"instock","18":"shipping-taxable","19":"product-type-simple"},"aioseo_notices":[],"_links":{"self":[{"href":"https:\/\/alqawafel.com\/fr\/wp-json\/wp\/v2\/product\/20008","targetHints":{"allow":["GET"]}}],"collection":[{"href":"https:\/\/alqawafel.com\/fr\/wp-json\/wp\/v2\/product"}],"about":[{"href":"https:\/\/alqawafel.com\/fr\/wp-json\/wp\/v2\/types\/product"}],"replies":[{"embeddable":true,"href":"https:\/\/alqawafel.com\/fr\/wp-json\/wp\/v2\/comments?post=20008"}],"version-history":[{"count":1,"href":"https:\/\/alqawafel.com\/fr\/wp-json\/wp\/v2\/product\/20008\/revisions"}],"predecessor-version":[{"id":20013,"href":"https:\/\/alqawafel.com\/fr\/wp-json\/wp\/v2\/product\/20008\/revisions\/20013"}],"wp:attachment":[{"href":"https:\/\/alqawafel.com\/fr\/wp-json\/wp\/v2\/media?parent=20008"}],"wp:term":[{"taxonomy":"product_brand","embeddable":true,"href":"https:\/\/alqawafel.com\/fr\/wp-json\/wp\/v2\/product_brand?post=20008"},{"taxonomy":"product_cat","embeddable":true,"href":"https:\/\/alqawafel.com\/fr\/wp-json\/wp\/v2\/product_cat?post=20008"},{"taxonomy":"product_tag","embeddable":true,"href":"https:\/\/alqawafel.com\/fr\/wp-json\/wp\/v2\/product_tag?post=20008"}],"curies":[{"name":"wp","href":"https:\/\/api.w.org\/{rel}","templated":true}]}}