{"id":9882,"date":"2024-11-11T20:33:13","date_gmt":"2024-11-11T20:33:13","guid":{"rendered":"https:\/\/alqawafel.com\/?post_type=product&#038;p=9882"},"modified":"2025-09-08T10:38:43","modified_gmt":"2025-09-08T10:38:43","slug":"vertam-1-8-ec","status":"publish","type":"product","link":"https:\/\/alqawafel.com\/fr\/product\/vertam-1-8-ec\/","title":{"rendered":"Vertam 1.8% EC Insecticide et Miticide"},"content":{"rendered":"<h3>Pourquoi Vertam 1.8% EC ?<\/h3>\n<p><span style=\"font-size: 18px;\">Vertam 1.8% EC est un acaricide et un insecticide efficace con\u00e7u pour lutter contre diverses esp\u00e8ces d'acariens et d'insectes nuisibles. Avec une activit\u00e9 syst\u00e9mique limit\u00e9e et un mouvement translaminaire, il offre un contr\u00f4le efficace en paralysant les ravageurs cibl\u00e9s par contact et par action stomacale. Ce produit est id\u00e9al pour les professionnels de l'agriculture qui souhaitent prot\u00e9ger une s\u00e9rie de cultures contre les infestations d'acariens et d'autres insectes nuisibles.<\/span><\/p>\n<h3>Identification<\/h3>\n<ul>\n<li><span style=\"font-size: 18px;\"><strong>Formulation<\/strong>: Concentr\u00e9 \u00e9mulsifiable (CE)<\/span><\/li>\n<li><span style=\"font-size: 18px;\"><strong>Ingr\u00e9dient actif<\/strong>: Abamectine 1,8% (w\/v)<\/span><\/li>\n<li><span style=\"font-size: 18px;\"><strong>Groupe chimique<\/strong>: Avermectine<\/span><\/li>\n<li><span style=\"font-size: 18px;\"><strong>Mode d'action<\/strong>: Action par contact et action stomacale avec mouvement translaminaire, entra\u00eenant la paralysie des organismes nuisibles cibl\u00e9s.<\/span><\/li>\n<\/ul>\n<h3>Application id\u00e9ale de Vertam 1.8% EC<\/h3>\n<p><span style=\"font-size: 18px;\">Recommand\u00e9 pour l'utilisation sur les cultures suivantes avec des cibles de ravageurs typiques telles que list\u00e9es :<\/span><\/p>\n<h4><span style=\"font-size: 18px;\">Lutte contre les cultures et les parasites :<\/span><\/h4>\n<ul>\n<li><span style=\"font-size: 18px;\"><strong>Pomme, poire<\/strong>: Contr\u00f4les <em>T\u00e9tranyque \u00e0 deux points<\/em><\/span><\/li>\n<li><span style=\"font-size: 18px;\"><span style=\"font-size: 18px;\"><strong>Poivre (piquant) <em>, Sweet) <\/em><\/strong>: <\/span><\/span><span style=\"font-size: 14pt;\">T\u00e9tranyque \u00e0 deux points, acarien de la rouille de la tomate, t\u00e9tranyque, psylle de la tomate et mineuses.<\/span><\/li>\n<li><span style=\"font-size: 18px;\"><strong>Agrumes<\/strong>: Contr\u00f4les <em>Acarien de la rouille des agrumes, acarien des agrumes<\/em><\/span><\/li>\n<li><span style=\"font-size: 18px;\"><strong>Fraise<\/strong>: Contr\u00f4les <em>T\u00e9tranyque \u00e0 deux points<span style=\"font-size: 14pt;\">, thrips\u00a0<\/span><\/em><\/span><\/li>\n<li><span style=\"font-size: 18px;\"><span style=\"font-size: 18px;\"><strong>Tomate , Aubergine<\/strong>: <\/span><\/span><span style=\"font-size: 14pt;\">T\u00e9tranyque \u00e0 deux points, acarien de la rouille de la tomate, t\u00e9tranyque, psylle de la tomate et mineuses.<\/span><\/li>\n<li><span style=\"font-size: 18px;\"><strong>Plantes ornementales<\/strong>: Contr\u00f4les <em>T\u00e9tranyque \u00e0 deux points<\/em><\/span><\/li>\n<li><span style=\"font-size: 14pt;\"><strong>Concombre<\/strong>: <span style=\"font-size: 18px;\">Contr\u00f4les <em>T\u00e9tranyque \u00e0 deux points<\/em><\/span><\/span><\/li>\n<li><span style=\"font-size: 14pt;\"><strong>courgettes <\/strong><strong>, oignon<\/strong>: <span style=\"font-size: 18px;\">Contr\u00f4les <em>T\u00e9tranyque \u00e0 deux points<\/em><\/span><\/span><\/li>\n<li><span style=\"font-size: 14pt;\"><strong>ma\u00efs<\/strong><\/span>: <span style=\"font-size: 14pt;\"><span style=\"font-size: 18px;\">Contr\u00f4les <em>T\u00e9tranyque \u00e0 deux points<\/em><\/span><\/span><\/li>\n<li><span style=\"font-size: 14pt;\"><strong>Laitue : <\/strong><span style=\"font-size: 18px;\">Contr\u00f4les <em>T\u00e9tranyque \u00e0 deux points<\/em><\/span><\/span><\/li>\n<\/ul>\n<h3>Taux d'utilisation :<\/h3>\n<p>60-150 ml pour 200 L d'eau<\/p>\n<h3>Emballage<\/h3>\n<ul>\n<li><span style=\"font-size: 18px;\"><strong>1 L<\/strong><\/span><\/li>\n<\/ul>\n<p><img loading=\"lazy\" decoding=\"async\" class=\"alignnone size-medium wp-image-18108\" src=\"https:\/\/alqawafel.com\/wp-content\/uploads\/2024\/11\/Vertam-1.8-EC-LOGO-300x300.webp\" alt=\"Vertam 1.8% EC Un acaricide et un insecticide efficaces contenant de l&#039;abamectine 1.8% pour lutter contre les acariens et les insectes. Assure une paralysie rapide et une protection des cultures.\" width=\"300\" height=\"300\" srcset=\"https:\/\/alqawafel.com\/wp-content\/uploads\/2024\/11\/Vertam-1.8-EC-LOGO-300x300.webp 300w, https:\/\/alqawafel.com\/wp-content\/uploads\/2024\/11\/Vertam-1.8-EC-LOGO-150x150.webp 150w, https:\/\/alqawafel.com\/wp-content\/uploads\/2024\/11\/Vertam-1.8-EC-LOGO-768x768.webp 768w, https:\/\/alqawafel.com\/wp-content\/uploads\/2024\/11\/Vertam-1.8-EC-LOGO.webp 1000w\" sizes=\"auto, (max-width: 300px) 100vw, 300px\" \/><\/p>\n<p>&nbsp;<\/p>","protected":false},"excerpt":{"rendered":"<p>Vertam 1.8% EC Un acaricide et un insecticide efficaces contenant de l'abamectine 1.8% pour lutter contre les acariens et les insectes. Assure une paralysie rapide et une protection des cultures.<\/p>","protected":false},"featured_media":18108,"comment_status":"open","ping_status":"closed","template":"","meta":{"om_disable_all_campaigns":false,"_monsterinsights_skip_tracking":false,"_monsterinsights_sitenote_active":false,"_monsterinsights_sitenote_note":"","_monsterinsights_sitenote_category":0},"product_brand":[],"product_cat":[822,824,87],"product_tag":[852,866,841,845,844,1092],"class_list":{"0":"post-9882","1":"product","2":"type-product","3":"status-publish","4":"has-post-thumbnail","6":"product_cat-insecticide","7":"product_cat-miticide","8":"product_cat-pesticides","9":"product_tag-abamectin","10":"product_tag-al-qawafel-ind-agr-co","11":"product_tag-insecticide","12":"product_tag-mite","13":"product_tag-miticide","14":"product_tag-vertam-1-8-ec","16":"first","17":"instock","18":"shipping-taxable","19":"product-type-simple"},"aioseo_notices":[],"_links":{"self":[{"href":"https:\/\/alqawafel.com\/fr\/wp-json\/wp\/v2\/product\/9882","targetHints":{"allow":["GET"]}}],"collection":[{"href":"https:\/\/alqawafel.com\/fr\/wp-json\/wp\/v2\/product"}],"about":[{"href":"https:\/\/alqawafel.com\/fr\/wp-json\/wp\/v2\/types\/product"}],"replies":[{"embeddable":true,"href":"https:\/\/alqawafel.com\/fr\/wp-json\/wp\/v2\/comments?post=9882"}],"version-history":[{"count":12,"href":"https:\/\/alqawafel.com\/fr\/wp-json\/wp\/v2\/product\/9882\/revisions"}],"predecessor-version":[{"id":19950,"href":"https:\/\/alqawafel.com\/fr\/wp-json\/wp\/v2\/product\/9882\/revisions\/19950"}],"wp:featuredmedia":[{"embeddable":true,"href":"https:\/\/alqawafel.com\/fr\/wp-json\/wp\/v2\/media\/18108"}],"wp:attachment":[{"href":"https:\/\/alqawafel.com\/fr\/wp-json\/wp\/v2\/media?parent=9882"}],"wp:term":[{"taxonomy":"product_brand","embeddable":true,"href":"https:\/\/alqawafel.com\/fr\/wp-json\/wp\/v2\/product_brand?post=9882"},{"taxonomy":"product_cat","embeddable":true,"href":"https:\/\/alqawafel.com\/fr\/wp-json\/wp\/v2\/product_cat?post=9882"},{"taxonomy":"product_tag","embeddable":true,"href":"https:\/\/alqawafel.com\/fr\/wp-json\/wp\/v2\/product_tag?post=9882"}],"curies":[{"name":"wp","href":"https:\/\/api.w.org\/{rel}","templated":true}]}}