{"id":9888,"date":"2024-11-11T21:06:55","date_gmt":"2024-11-11T21:06:55","guid":{"rendered":"https:\/\/alqawafel.com\/?post_type=product&#038;p=9888"},"modified":"2025-09-08T09:22:11","modified_gmt":"2025-09-08T09:22:11","slug":"alphafel-10-ec","status":"publish","type":"product","link":"https:\/\/alqawafel.com\/fr\/product\/alphafel-10-ec\/","title":{"rendered":"Alphafel 10% EC Insecticide"},"content":{"rendered":"<h3>Pourquoi Alphafel 10% EC ?<\/h3>\n<p><span style=\"font-size: 18px;\">Alphafel 10% EC est un insecticide puissant, non syst\u00e9mique, qui permet de lutter efficacement contre un large \u00e9ventail d'insectes nuisibles. Il agit par contact et par l'estomac, en ciblant les syst\u00e8mes nerveux central et p\u00e9riph\u00e9rique des ravageurs, m\u00eame \u00e0 tr\u00e8s faible dose. Il s'agit donc d'une solution id\u00e9ale pour les professionnels de l'agriculture \u00e0 la recherche d'une lutte fiable contre les ravageurs dans diverses cultures.<\/span><\/p>\n<h3>Identification<\/h3>\n<ul>\n<li><span style=\"font-size: 18px;\"><strong>Formulation<\/strong>: Concentr\u00e9 \u00e9mulsifiable (CE)<\/span><\/li>\n<li><span style=\"font-size: 18px;\"><strong>Ingr\u00e9dient actif<\/strong>: Alpha-cyperm\u00e9thrine 10% (w\/v)<\/span><\/li>\n<li><span style=\"font-size: 18px;\"><strong>Groupe chimique<\/strong>: Pyr\u00e9thrino\u00efde<\/span><\/li>\n<li><span style=\"font-size: 18px;\"><strong>Mode d'action<\/strong>: Non syst\u00e9mique, avec une action par contact et dans l'estomac, affectant le syst\u00e8me nerveux des insectes pour un contr\u00f4le efficace.<\/span><\/li>\n<\/ul>\n<h3>Application id\u00e9ale d'Alphafel 10% EC<\/h3>\n<p><span style=\"font-size: 18px;\">Alphafel 10% EC est recommand\u00e9 pour l'utilisation sur les cultures suivantes avec des cibles d'organismes nuisibles typiques comme indiqu\u00e9 :<\/span><\/p>\n<h4>Principales cultures et ravageurs typiques :<\/h4>\n<ul>\n<li><span style=\"font-size: 18px;\"><strong>Chou, brocoli, chou-fleur<\/strong>: Contr\u00f4les <em>Vers gris, col\u00e9opt\u00e8res, teigne des crucif\u00e8res, altise, cicadelles, aleurodes, thrips, mineuses, sauterelles, pucerons<\/em><\/span><\/li>\n<li><span style=\"font-size: 18px;\"><strong>Pamplemousse, Calamondin, Kumquat, Citron, Mandarine, Orange Pummelo<\/strong>: Contr\u00f4les <em>Col\u00e9opt\u00e8res, vers gris, cicadelles, mineuses, psylles, thrips, aleurodes<\/em><\/span><\/li>\n<li><span style=\"font-size: 18px;\"><strong>Melon, concombre, courge, potiron, past\u00e8que, courge<\/strong>: Contr\u00f4les <em>Vers gris, col\u00e9opt\u00e8res, cicadelles, pucerons, mineuses<\/em><\/span><\/li>\n<li><span style=\"font-size: 18px;\"><span style=\"font-size: 18px;\"><strong>Aubergine, Piment, Poivron, Tomate<\/strong>: Contr\u00f4les <\/span><\/span><span style=\"font-size: 14pt;\">Vers gris, pyrale du ma\u00efs, col\u00e9opt\u00e8res, cicadelles, mineuses, pucerons, thrips et aleurodes<\/span><\/li>\n<li><span style=\"font-size: 18px;\"><strong>C\u00e9leri, persil, \u00e9pinards, laitue<\/strong>: Contr\u00f4les <em>Pucerons, vers gris, col\u00e9opt\u00e8res, fausse-teigne des crucif\u00e8res, altise, aleurode, thrips<\/em><\/span><\/li>\n<li><span style=\"font-size: 18px;\"><strong>F\u00e8ve, Pois chiche, Ni\u00e9b\u00e9, Pois, Haricot, Lupin<\/strong>: Contr\u00f4les <em>Vers gris, col\u00e9opt\u00e8res, cicadelles, mineuses, thrips, pucerons, aleurodes<\/em><\/span><\/li>\n<li><span style=\"font-size: 18px;\"><strong>Navet, Radis, Pomme de terre, Patate douce, Carotte, Gingembre, Betterave potag\u00e8re<\/strong>: Contr\u00f4les <em>Vers gris, col\u00e9opt\u00e8res, cicadelles, pucerons, cicadelles de la pomme de terre<\/em><\/span><\/li>\n<\/ul>\n<h3>Taux d'utilisation :<\/h3>\n<p><span style=\"font-size: 14pt;\">50-100 ml pour 200 L d'eau<\/span><\/p>\n<h3>Emballage<\/h3>\n<ul>\n<li><span style=\"font-size: 18px;\"><strong>1 L<\/strong><\/span><\/li>\n<\/ul>\n<p><img loading=\"lazy\" decoding=\"async\" class=\"alignnone size-medium wp-image-17891\" src=\"https:\/\/alqawafel.com\/wp-content\/uploads\/2024\/11\/ALphafel-10-EC-LOGO-300x300.webp\" alt=\"Alphafel 10% EC est un insecticide contenant de l&#039;alpha-cyperm\u00e9thrine 10% qui permet de lutter contre les vers gris, les pucerons et d&#039;autres parasites dans diverses cultures par contact et par voie stomacale.\" width=\"300\" height=\"300\" srcset=\"https:\/\/alqawafel.com\/wp-content\/uploads\/2024\/11\/ALphafel-10-EC-LOGO-300x300.webp 300w, https:\/\/alqawafel.com\/wp-content\/uploads\/2024\/11\/ALphafel-10-EC-LOGO-150x150.webp 150w, https:\/\/alqawafel.com\/wp-content\/uploads\/2024\/11\/ALphafel-10-EC-LOGO-768x768.webp 768w, https:\/\/alqawafel.com\/wp-content\/uploads\/2024\/11\/ALphafel-10-EC-LOGO.webp 1000w\" sizes=\"auto, (max-width: 300px) 100vw, 300px\" \/><\/p>","protected":false},"excerpt":{"rendered":"<p><span style=\"font-size: 18px;\">Alphafel 10% EC est un insecticide contenant de l'alpha-cyperm\u00e9thrine 10% qui permet de lutter contre les vers gris, les pucerons et d'autres parasites dans diverses cultures par contact et par voie stomacale.<\/span><\/p>","protected":false},"featured_media":17891,"comment_status":"open","ping_status":"closed","template":"","meta":{"om_disable_all_campaigns":false,"_monsterinsights_skip_tracking":false,"_monsterinsights_sitenote_active":false,"_monsterinsights_sitenote_note":"","_monsterinsights_sitenote_category":0},"product_brand":[],"product_cat":[822,87],"product_tag":[866,859,1095,861,860,841],"class_list":{"0":"post-9888","1":"product","2":"type-product","3":"status-publish","4":"has-post-thumbnail","6":"product_cat-insecticide","7":"product_cat-pesticides","8":"product_tag-al-qawafel-ind-agr-co","9":"product_tag-alpha-cypermethrin","10":"product_tag-alphafel-10-ec","11":"product_tag-cutworms","12":"product_tag-cypermethrin","13":"product_tag-insecticide","15":"first","16":"instock","17":"shipping-taxable","18":"product-type-simple"},"aioseo_notices":[],"_links":{"self":[{"href":"https:\/\/alqawafel.com\/fr\/wp-json\/wp\/v2\/product\/9888","targetHints":{"allow":["GET"]}}],"collection":[{"href":"https:\/\/alqawafel.com\/fr\/wp-json\/wp\/v2\/product"}],"about":[{"href":"https:\/\/alqawafel.com\/fr\/wp-json\/wp\/v2\/types\/product"}],"replies":[{"embeddable":true,"href":"https:\/\/alqawafel.com\/fr\/wp-json\/wp\/v2\/comments?post=9888"}],"version-history":[{"count":12,"href":"https:\/\/alqawafel.com\/fr\/wp-json\/wp\/v2\/product\/9888\/revisions"}],"predecessor-version":[{"id":19948,"href":"https:\/\/alqawafel.com\/fr\/wp-json\/wp\/v2\/product\/9888\/revisions\/19948"}],"wp:featuredmedia":[{"embeddable":true,"href":"https:\/\/alqawafel.com\/fr\/wp-json\/wp\/v2\/media\/17891"}],"wp:attachment":[{"href":"https:\/\/alqawafel.com\/fr\/wp-json\/wp\/v2\/media?parent=9888"}],"wp:term":[{"taxonomy":"product_brand","embeddable":true,"href":"https:\/\/alqawafel.com\/fr\/wp-json\/wp\/v2\/product_brand?post=9888"},{"taxonomy":"product_cat","embeddable":true,"href":"https:\/\/alqawafel.com\/fr\/wp-json\/wp\/v2\/product_cat?post=9888"},{"taxonomy":"product_tag","embeddable":true,"href":"https:\/\/alqawafel.com\/fr\/wp-json\/wp\/v2\/product_tag?post=9888"}],"curies":[{"name":"wp","href":"https:\/\/api.w.org\/{rel}","templated":true}]}}