{"id":9898,"date":"2024-11-12T08:25:53","date_gmt":"2024-11-12T08:25:53","guid":{"rendered":"https:\/\/alqawafel.com\/?post_type=product&#038;p=9898"},"modified":"2025-07-09T09:26:20","modified_gmt":"2025-07-09T09:26:20","slug":"an-nebras-16-8-323mgot-e","status":"publish","type":"product","link":"https:\/\/alqawafel.com\/fr\/product\/an-nebras-16-8-323mgot-e\/","title":{"rendered":"AN-Nebras 16-8-32+3MgO+T.E. Engrais"},"content":{"rendered":"<h3>Pourquoi AN-Nebras 16-8-32+3MgO+T.E.<strong>\u00a0Engrais en suspension ?<\/strong><\/h3>\n<p><span style=\"font-size: 18px;\">L'engrais en suspension AN-Nebras 16-8-32+3MgO+T.E. offre une formule unique \u00e0 base de solution pr\u00eate pour l'application directe. Non seulement il contient des \u00e9l\u00e9ments nutritifs essentiels comme l'azote, le phosphore et le potassium, mais il garantit \u00e9galement que ces \u00e9l\u00e9ments nutritifs sont rapidement absorb\u00e9s, \u00e9vitant ainsi toute interaction n\u00e9gative avec les composants du sol. Par cons\u00e9quent, vous pouvez compter sur son efficacit\u00e9 et sa constance, ce qui en fait un choix fiable pour soutenir la croissance robuste des plantes.<\/span><\/p>\n<p><span style=\"font-size: 18px;\">De plus, AN-Nebras contient une forte concentration d'oligo-\u00e9l\u00e9ments ch\u00e9lat\u00e9s, ce qui permet aux plantes de r\u00e9agir rapidement et d'obtenir des r\u00e9sultats visibles en termes de croissance. En outre, son pH faible de 2-3 am\u00e9liore consid\u00e9rablement l'absorption des nutriments, favorisant ainsi une assimilation efficace. En outre, la faible conductivit\u00e9 \u00e9lectrique (EC = 1 pour une solution de 1 gramme\/litre) minimise l'impact de l'osmose. Par cons\u00e9quent, vous pouvez appliquer de plus grandes quantit\u00e9s sans nuire \u00e0 la plante, maximisant ainsi les avantages de chaque application. En fin de compte, AN-Nebras garantit que vos cultures re\u00e7oivent les nutriments essentiels pour une croissance et une sant\u00e9 optimales.<\/span><\/p>\n<p><span style=\"font-size: 18px;\">En outre, AN-Nebras se distingue par sa grande solubilit\u00e9 dans l'eau et fournit un \u00e9quilibre complet de macro et micro-nutriments. Ensemble, ces qualit\u00e9s favorisent non seulement la sant\u00e9 des plantes, mais contribuent \u00e9galement \u00e0 une meilleure productivit\u00e9, ce qui fait de AN-Nebras un excellent choix pour une croissance optimale des cultures.<\/span><\/p>\n<h3>Avantages<\/h3>\n<ul>\n<li><span style=\"font-size: 18px;\"><strong>Teneur \u00e9lev\u00e9e en potassium<\/strong>: Cette formule est particuli\u00e8rement riche en potassium.<\/span><\/li>\n<li><span style=\"font-size: 18px;\"><strong>Adaptable \u00e0 diff\u00e9rents stades de croissance<\/strong>: Vous pouvez l'utiliser pour les plantes \u00e0 diff\u00e9rents stades de production, en fournissant un soutien nutritif polyvalent.<\/span><\/li>\n<li><span style=\"font-size: 18px;\"><strong>Compl\u00e8tement soluble dans l'eau<\/strong>: Il s'int\u00e8gre sans effort \u00e0 tout syst\u00e8me d'irrigation, ce qui simplifie le processus d'application.<\/span><\/li>\n<li><span style=\"font-size: 18px;\"><strong>Convient \u00e0 tous les types de cultures<\/strong>: Approuv\u00e9 pour les cultures de plein champ, les arbres, les l\u00e9gumes et les plantes ornementales, couvrant une large gamme de besoins agricoles.<\/span><\/li>\n<li><span style=\"font-size: 18px;\"><strong>Options d'application flexibles<\/strong>: Convient aux applications foliaires et au sol, ce qui lui permet de s'adapter aux diverses exigences des cultures.<\/span><\/li>\n<\/ul>\n<h3><strong>AN-Nebras 16-8-32+3MgO+T.E. <\/strong>Composition chimique<\/h3>\n<ul>\n<li><span style=\"font-size: 18px;\"><strong>Nutriments primaires<\/strong>: Azote (N 16%), Phosphore (P\u2082O\u2085 8%), Potassium (K\u2082O 32%) et Magn\u00e9sium (MgO).<\/span><\/li>\n<li><span style=\"font-size: 18px;\"><strong>\u00c9l\u00e9ments secondaires<\/strong>: Soufre (S) et Oxyde de calcium (CaO)<\/span><\/li>\n<li><span style=\"font-size: 18px;\"><strong>Oligo-\u00e9l\u00e9ments ch\u00e9lat\u00e9s<\/strong>: Le fer (Fe), le zinc (Zn), le mangan\u00e8se (Mn), le cuivre (Cu) et le bore (B) sont tous soigneusement stabilis\u00e9s avec de l'EDTA et de l'acide citrique, am\u00e9liorant ainsi leur biodisponibilit\u00e9 pour une meilleure absorption des nutriments.<\/span><\/li>\n<li><span style=\"font-size: 18px;\"><strong>Additifs suppl\u00e9mentaires<\/strong>: Enrichi en vitamines essentielles, dont la thiamine, la riboflavine, la pyridoxine et la nicotinamide, ainsi qu'en acides organiques qui renforcent la sant\u00e9 et la vitalit\u00e9 des plantes.<\/span><\/li>\n<li><span style=\"font-size: 18px;\"><strong>Sans chlorure<\/strong>: Con\u00e7u sans chlorure, ce qui aide \u00e0 pr\u00e9venir le stress salin et cr\u00e9e un environnement de croissance id\u00e9al.<\/span><\/li>\n<\/ul>\n<h3>Application id\u00e9ale<\/h3>\n<p><strong><span style=\"font-size: 18px;\">AN-Nebras 16-8-32+3MgO+T.E. Recommand\u00e9 pour l'application au sol et foliaire pour :<\/span><\/strong><\/p>\n<ol>\n<li><span style=\"font-size: 18px;\">L\u00e9gumes de serre<\/span><\/li>\n<li><span style=\"font-size: 18px;\">L\u00e9gumes de plein champ<\/span><\/li>\n<li><span style=\"font-size: 18px;\">Arbres fruitiers<\/span><\/li>\n<li><span style=\"font-size: 18px;\">Grandes cultures.<\/span><\/li>\n<li><span style=\"font-size: 14pt;\">Plantes ornementales.<\/span><\/li>\n<\/ol>\n<h3>Taux d'application<\/h3>\n<h4 data-start=\"168\" data-end=\"200\"><strong data-start=\"174\" data-end=\"200\">L\u00e9gumes de serre<\/strong><\/h4>\n<ul data-start=\"201\" data-end=\"391\">\n<li data-start=\"201\" data-end=\"331\">\n<p data-start=\"203\" data-end=\"331\"><strong data-start=\"203\" data-end=\"224\">Application au sol :<\/strong><br data-start=\"224\" data-end=\"227\" \/>1,5 L par maison (500 m\u00b2) de la plantation \u00e0 30-40 jours<br data-start=\"281\" data-end=\"284\" \/>2-4 L par maison (500 m\u00b2) \u00e0 un stade avanc\u00e9<\/p>\n<\/li>\n<li data-start=\"332\" data-end=\"391\">\n<p data-start=\"334\" data-end=\"391\"><strong data-start=\"334\" data-end=\"357\">Application foliaire :<\/strong><br data-start=\"357\" data-end=\"360\" \/>300-400 ml pour 200 L d'eau<\/p>\n<\/li>\n<\/ul>\n<h4 data-start=\"398\" data-end=\"430\"><strong data-start=\"404\" data-end=\"430\">L\u00e9gumes de plein champ<\/strong><\/h4>\n<ul data-start=\"431\" data-end=\"538\">\n<li data-start=\"431\" data-end=\"478\">\n<p data-start=\"433\" data-end=\"478\"><strong data-start=\"433\" data-end=\"454\">Application au sol :<\/strong><br data-start=\"454\" data-end=\"457\" \/>2-4 L par 1000 m\u00b2<\/p>\n<\/li>\n<li data-start=\"479\" data-end=\"538\">\n<p data-start=\"481\" data-end=\"538\"><strong data-start=\"481\" data-end=\"504\">Application foliaire :<\/strong><br data-start=\"504\" data-end=\"507\" \/>400-500 ml pour 200 L d'eau<\/p>\n<\/li>\n<\/ul>\n<h4 data-start=\"545\" data-end=\"567\"><strong data-start=\"551\" data-end=\"567\">Arbres fruitiers<\/strong><\/h4>\n<ul data-start=\"568\" data-end=\"717\">\n<li data-start=\"568\" data-end=\"656\">\n<p data-start=\"570\" data-end=\"656\"><strong data-start=\"570\" data-end=\"591\">Application au sol :<\/strong><br data-start=\"591\" data-end=\"594\" \/>1,25 L par 1000 m\u00b2 du d\u00e9but de la croissance jusqu'\u00e0 la fructification<\/p>\n<\/li>\n<li data-start=\"657\" data-end=\"717\">\n<p data-start=\"659\" data-end=\"717\"><strong data-start=\"659\" data-end=\"682\">Application foliaire :<\/strong><br data-start=\"682\" data-end=\"685\" \/>500-1000 ml pour 200 L d'eau<\/p>\n<\/li>\n<\/ul>\n<h3>Emballage<\/h3>\n<p><span style=\"font-size: 18px;\">AN-Nebras 16-8-32+3MgO+T.E. Disponible en <strong>Sacs de 1 kg, 5 kg et 20 kg<\/strong> pour une utilisation polyvalente.<\/span><\/p>\n<p><img loading=\"lazy\" decoding=\"async\" class=\"alignnone size-medium wp-image-16985\" src=\"https:\/\/alqawafel.com\/wp-content\/uploads\/2024\/11\/NPK-16-8-32-300x300.webp\" alt=\"AN-Nebras 16-8-32+3MgO+T.E.\" width=\"300\" height=\"300\" srcset=\"https:\/\/alqawafel.com\/wp-content\/uploads\/2024\/11\/NPK-16-8-32-300x300.webp 300w, https:\/\/alqawafel.com\/wp-content\/uploads\/2024\/11\/NPK-16-8-32-150x150.webp 150w, https:\/\/alqawafel.com\/wp-content\/uploads\/2024\/11\/NPK-16-8-32-768x768.webp 768w, https:\/\/alqawafel.com\/wp-content\/uploads\/2024\/11\/NPK-16-8-32.webp 1000w\" sizes=\"auto, (max-width: 300px) 100vw, 300px\" \/><\/p>","protected":false},"excerpt":{"rendered":"<p><span style=\"font-size: 18px;\">AN-Nebras 16-8-32+3MgO+T.E. est un engrais en suspension compos\u00e9 \u00e0 haute teneur en potassium, avec une absorption efficace des nutriments, parfait pour les diff\u00e9rents stades de croissance des plantes.<\/span><\/p>","protected":false},"featured_media":16985,"comment_status":"open","ping_status":"closed","template":"","meta":{"om_disable_all_campaigns":false,"_monsterinsights_skip_tracking":false,"_monsterinsights_sitenote_active":false,"_monsterinsights_sitenote_note":"","_monsterinsights_sitenote_category":0},"product_brand":[2215],"product_cat":[50,2133],"product_tag":[866,867,463,881,872,871,863],"class_list":{"0":"post-9898","1":"product","2":"type-product","3":"status-publish","4":"has-post-thumbnail","6":"product_brand-an-nebras","7":"product_cat-fertilizers","8":"product_cat-suspension-fertilizers","9":"product_tag-al-qawafel-ind-agr-co","10":"product_tag-an-nebras-16-8-323mgot-e","11":"product_tag-fertilizer","12":"product_tag-high-potassium","13":"product_tag-nutrient-uptake","14":"product_tag-suspension-fertilizer","15":"product_tag-water-soluble","17":"first","18":"instock","19":"shipping-taxable","20":"product-type-simple"},"aioseo_notices":[],"_links":{"self":[{"href":"https:\/\/alqawafel.com\/fr\/wp-json\/wp\/v2\/product\/9898","targetHints":{"allow":["GET"]}}],"collection":[{"href":"https:\/\/alqawafel.com\/fr\/wp-json\/wp\/v2\/product"}],"about":[{"href":"https:\/\/alqawafel.com\/fr\/wp-json\/wp\/v2\/types\/product"}],"replies":[{"embeddable":true,"href":"https:\/\/alqawafel.com\/fr\/wp-json\/wp\/v2\/comments?post=9898"}],"version-history":[{"count":17,"href":"https:\/\/alqawafel.com\/fr\/wp-json\/wp\/v2\/product\/9898\/revisions"}],"predecessor-version":[{"id":19297,"href":"https:\/\/alqawafel.com\/fr\/wp-json\/wp\/v2\/product\/9898\/revisions\/19297"}],"wp:featuredmedia":[{"embeddable":true,"href":"https:\/\/alqawafel.com\/fr\/wp-json\/wp\/v2\/media\/16985"}],"wp:attachment":[{"href":"https:\/\/alqawafel.com\/fr\/wp-json\/wp\/v2\/media?parent=9898"}],"wp:term":[{"taxonomy":"product_brand","embeddable":true,"href":"https:\/\/alqawafel.com\/fr\/wp-json\/wp\/v2\/product_brand?post=9898"},{"taxonomy":"product_cat","embeddable":true,"href":"https:\/\/alqawafel.com\/fr\/wp-json\/wp\/v2\/product_cat?post=9898"},{"taxonomy":"product_tag","embeddable":true,"href":"https:\/\/alqawafel.com\/fr\/wp-json\/wp\/v2\/product_tag?post=9898"}],"curies":[{"name":"wp","href":"https:\/\/api.w.org\/{rel}","templated":true}]}}