{"id":9999,"date":"2024-11-13T07:46:36","date_gmt":"2024-11-13T07:46:36","guid":{"rendered":"https:\/\/alqawafel.com\/?post_type=product&#038;p=9999"},"modified":"2025-07-09T09:25:54","modified_gmt":"2025-07-09T09:25:54","slug":"an-nebras-0-50-30t-e","status":"publish","type":"product","link":"https:\/\/alqawafel.com\/fr\/product\/an-nebras-0-50-30t-e\/","title":{"rendered":"AN-Nebras 0-50-30+T.E. Engrais"},"content":{"rendered":"<h1>Pourquoi choisir l'engrais en suspension AN-Nebras 0-50-30+T.E. ?<\/h1>\n<p><span style=\"font-size: 18px;\">L'engrais en suspension AN-Nebras 0-50-30+T.E. est une solution liquide pr\u00eate \u00e0 l'emploi, sp\u00e9cifiquement formul\u00e9e pour l'application directe, qui garantit un compos\u00e9 nutritionnel puissant, adapt\u00e9 \u00e0 une croissance robuste des plantes. Non seulement il combine des compos\u00e9s organiques cl\u00e9s, mais il fournit \u00e9galement des nutriments essentiels tels que le phosphore et le potassium, en veillant \u00e0 ce que ces \u00e9l\u00e9ments soient efficacement absorb\u00e9s sans d\u00e9clencher de r\u00e9actions ind\u00e9sirables avec les composants du sol.<\/span><\/p>\n<p><span style=\"font-size: 18px;\">En outre, AN-Nebras contient un pourcentage \u00e9lev\u00e9 d'oligo-\u00e9l\u00e9ments ch\u00e9lat\u00e9s rapidement absorbables, que les plantes peuvent rapidement assimiler, ce qui se traduit par des r\u00e9sultats de croissance am\u00e9lior\u00e9s. De plus, avec un pH compris entre 2 et 3, cette formulation am\u00e9liore consid\u00e9rablement l'absorption des nutriments dans une grande vari\u00e9t\u00e9 de sols. De plus, la faible conductivit\u00e9 \u00e9lectrique de l'engrais (EC = 1 pour 1g\/litre) minimise le processus d'osmose, ce qui permet aux plantes de maximiser l'absorption des nutriments m\u00eame avec des taux d'application plus \u00e9lev\u00e9s. Enfin, l'AN-Nebras \u00e9tant tr\u00e8s soluble dans l'eau, il fournit efficacement les micro- et macro-\u00e9l\u00e9ments essentiels, assurant ainsi un soutien complet pour un d\u00e9veloppement sain des plantes.<\/span><\/p>\n<h3><span style=\"font-size: 22px;\">Avantages\u00a0<\/span><\/h3>\n<ul>\n<li><span style=\"font-size: 18px;\"><strong>Teneur \u00e9lev\u00e9e en phosphore :<\/strong> Riche en phosphore essentiel pour renforcer les racines et am\u00e9liorer la floraison et la nouaison.<\/span><\/li>\n<li><span style=\"font-size: 18px;\"><strong>Soutien nutritionnel sp\u00e9cifique \u00e0 chaque \u00e9tape :<\/strong> Convient aux plantes \u00e0 diff\u00e9rents stades de d\u00e9veloppement.<\/span><\/li>\n<li><span style=\"font-size: 18px;\"><strong>Compl\u00e8te Solubilit\u00e9 dans l'eau :<\/strong> Enti\u00e8rement compatible avec tous les syst\u00e8mes d'irrigation, ce qui facilite l'application.<\/span><\/li>\n<li><span style=\"font-size: 18px;\"><strong>Convient \u00e0 tous les types de cultures :<\/strong> Approuv\u00e9 pour les cultures de plein champ, les arbres, les l\u00e9gumes et les plantes ornementales, ce qui permet de r\u00e9pondre \u00e0 tous les besoins agricoles.<\/span><\/li>\n<li><span style=\"font-size: 18px;\"><strong>Double application :<\/strong> Id\u00e9al pour les applications foliaires et au sol, maximisant l'apport en nutriments.<\/span><\/li>\n<\/ul>\n<h3><strong>Application id\u00e9ale<\/strong><\/h3>\n<h4>AN-Nebras 0-50-30+T.E. <strong style=\"color: #333333;\">Recommand\u00e9 pour l'application au sol et foliaire pour :<\/strong><\/h4>\n<ol>\n<li><span style=\"font-size: 18px;\">L\u00e9gumes de serre<\/span><\/li>\n<li><span style=\"font-size: 18px;\">L\u00e9gumes de plein champ<\/span><\/li>\n<li><span style=\"font-size: 18px;\">Arbres fruitiers<\/span><\/li>\n<li>Grandes cultures.<\/li>\n<li>Plantes ornementales.<\/li>\n<\/ol>\n<h3>AN-Nebras 0-50-30+T.E. Composition chimique<\/h3>\n<ul>\n<li><span style=\"font-size: 18px;\"><strong>Nutriments primaires :<\/strong> Phosphore (P\u2082O\u2085 50%), Potassium (K\u2082O 30%).<\/span><\/li>\n<li><span style=\"font-size: 18px;\"><strong>Nutriments secondaires :<\/strong> Magn\u00e9sium (MgO), Soufre (S), Calcium (CaO).<\/span><\/li>\n<li><span style=\"font-size: 18px;\"><strong>Micronutriments :<\/strong> Fer (Fe) (ch\u00e9lat\u00e9 par l'acide citrique EDTA), Zinc (Zn) (ch\u00e9lat\u00e9 par l'acide citrique EDTA), Mangan\u00e8se (Mn) (ch\u00e9lat\u00e9 par l'acide citrique EDTA), Cuivre (Cu) (ch\u00e9lat\u00e9 par l'acide citrique EDTA), Bore (B).<\/span><\/li>\n<li><span style=\"font-size: 18px;\"><strong>Additifs :<\/strong> Thiamine, riboflavine, pyridoxine, nicotinamide, acides organiques.<\/span><\/li>\n<li><span style=\"font-size: 18px;\"><strong>Exempt de chlorure :<\/strong> Assure la s\u00e9curit\u00e9 des plantes et favorise la sant\u00e9 des sols.<\/span><\/li>\n<\/ul>\n<h3>Taux d'application<\/h3>\n<h4 data-start=\"168\" data-end=\"200\"><strong data-start=\"174\" data-end=\"200\">L\u00e9gumes de serre<\/strong><\/h4>\n<ul data-start=\"201\" data-end=\"391\">\n<li data-start=\"201\" data-end=\"331\">\n<p data-start=\"203\" data-end=\"331\"><strong data-start=\"203\" data-end=\"224\">Application au sol :<\/strong><br data-start=\"224\" data-end=\"227\" \/>1,5 L par maison (500 m\u00b2) de la plantation \u00e0 30-40 jours<br data-start=\"281\" data-end=\"284\" \/>2-4 L par maison (500 m\u00b2) \u00e0 un stade avanc\u00e9<\/p>\n<\/li>\n<li data-start=\"332\" data-end=\"391\">\n<p data-start=\"334\" data-end=\"391\"><strong data-start=\"334\" data-end=\"357\">Application foliaire :<\/strong><br data-start=\"357\" data-end=\"360\" \/>300-400 ml pour 200 L d'eau<\/p>\n<\/li>\n<\/ul>\n<h4 data-start=\"398\" data-end=\"430\"><strong data-start=\"404\" data-end=\"430\">L\u00e9gumes de plein champ<\/strong><\/h4>\n<ul data-start=\"431\" data-end=\"538\">\n<li data-start=\"431\" data-end=\"478\">\n<p data-start=\"433\" data-end=\"478\"><strong data-start=\"433\" data-end=\"454\">Application au sol :<\/strong><br data-start=\"454\" data-end=\"457\" \/>2-4 L par 1000 m\u00b2<\/p>\n<\/li>\n<li data-start=\"479\" data-end=\"538\">\n<p data-start=\"481\" data-end=\"538\"><strong data-start=\"481\" data-end=\"504\">Application foliaire :<\/strong><br data-start=\"504\" data-end=\"507\" \/>400-500 ml pour 200 L d'eau<\/p>\n<\/li>\n<\/ul>\n<h4 data-start=\"545\" data-end=\"567\"><strong data-start=\"551\" data-end=\"567\">Arbres fruitiers<\/strong><\/h4>\n<ul data-start=\"568\" data-end=\"717\">\n<li data-start=\"568\" data-end=\"656\">\n<p data-start=\"570\" data-end=\"656\"><strong data-start=\"570\" data-end=\"591\">Application au sol :<\/strong><br data-start=\"591\" data-end=\"594\" \/>1,25 L par 1000 m\u00b2 du d\u00e9but de la croissance jusqu'\u00e0 la fructification<\/p>\n<\/li>\n<li data-start=\"657\" data-end=\"717\">\n<p data-start=\"659\" data-end=\"717\"><strong data-start=\"659\" data-end=\"682\">Application foliaire :<\/strong><br data-start=\"682\" data-end=\"685\" \/>500-1000 ml pour 200 L d'eau<\/p>\n<\/li>\n<\/ul>\n<h3>Emballage<\/h3>\n<p><span style=\"font-size: 18px;\">L'engrais en suspension AN-Nebras 0-50-30+T.E. est disponible en sacs de 1 kg, 5 kg et 20 kg, ce qui permet une flexibilit\u00e9 pour les exploitations de toute taille.<\/span><\/p>\n<p><img loading=\"lazy\" decoding=\"async\" class=\"alignnone size-medium wp-image-16955\" src=\"https:\/\/alqawafel.com\/wp-content\/uploads\/2024\/11\/NPK-LOGO-0-50-30-300x300.webp\" alt=\"AN-Nebras 0-50-30+T.E. \" width=\"300\" height=\"300\" srcset=\"https:\/\/alqawafel.com\/wp-content\/uploads\/2024\/11\/NPK-LOGO-0-50-30-300x300.webp 300w, https:\/\/alqawafel.com\/wp-content\/uploads\/2024\/11\/NPK-LOGO-0-50-30-150x150.webp 150w, https:\/\/alqawafel.com\/wp-content\/uploads\/2024\/11\/NPK-LOGO-0-50-30-768x768.webp 768w, https:\/\/alqawafel.com\/wp-content\/uploads\/2024\/11\/NPK-LOGO-0-50-30.webp 1000w\" sizes=\"auto, (max-width: 300px) 100vw, 300px\" \/><\/p>","protected":false},"excerpt":{"rendered":"<p><span style=\"font-size: 18px;\">AN-Nebras 0-50-30+T.E. Engrais compos\u00e9 en suspension \u00e0 haute teneur en phosphore et oligo-\u00e9l\u00e9ments essentiels, id\u00e9al pour diverses cultures.<\/span><\/p>","protected":false},"featured_media":16955,"comment_status":"open","ping_status":"closed","template":"","meta":{"om_disable_all_campaigns":false,"_monsterinsights_skip_tracking":false,"_monsterinsights_sitenote_active":false,"_monsterinsights_sitenote_note":"","_monsterinsights_sitenote_category":0},"product_brand":[2215],"product_cat":[50,2133],"product_tag":[866,888,463,877,889,863],"class_list":{"0":"post-9999","1":"product","2":"type-product","3":"status-publish","4":"has-post-thumbnail","6":"product_brand-an-nebras","7":"product_cat-fertilizers","8":"product_cat-suspension-fertilizers","9":"product_tag-al-qawafel-ind-agr-co","10":"product_tag-an-nebras-0-50-30t-e","11":"product_tag-fertilizer","12":"product_tag-high-phosphorus","13":"product_tag-nutrient-rich","14":"product_tag-water-soluble","16":"first","17":"instock","18":"shipping-taxable","19":"product-type-simple"},"aioseo_notices":[],"_links":{"self":[{"href":"https:\/\/alqawafel.com\/fr\/wp-json\/wp\/v2\/product\/9999","targetHints":{"allow":["GET"]}}],"collection":[{"href":"https:\/\/alqawafel.com\/fr\/wp-json\/wp\/v2\/product"}],"about":[{"href":"https:\/\/alqawafel.com\/fr\/wp-json\/wp\/v2\/types\/product"}],"replies":[{"embeddable":true,"href":"https:\/\/alqawafel.com\/fr\/wp-json\/wp\/v2\/comments?post=9999"}],"version-history":[{"count":9,"href":"https:\/\/alqawafel.com\/fr\/wp-json\/wp\/v2\/product\/9999\/revisions"}],"predecessor-version":[{"id":19307,"href":"https:\/\/alqawafel.com\/fr\/wp-json\/wp\/v2\/product\/9999\/revisions\/19307"}],"wp:featuredmedia":[{"embeddable":true,"href":"https:\/\/alqawafel.com\/fr\/wp-json\/wp\/v2\/media\/16955"}],"wp:attachment":[{"href":"https:\/\/alqawafel.com\/fr\/wp-json\/wp\/v2\/media?parent=9999"}],"wp:term":[{"taxonomy":"product_brand","embeddable":true,"href":"https:\/\/alqawafel.com\/fr\/wp-json\/wp\/v2\/product_brand?post=9999"},{"taxonomy":"product_cat","embeddable":true,"href":"https:\/\/alqawafel.com\/fr\/wp-json\/wp\/v2\/product_cat?post=9999"},{"taxonomy":"product_tag","embeddable":true,"href":"https:\/\/alqawafel.com\/fr\/wp-json\/wp\/v2\/product_tag?post=9999"}],"curies":[{"name":"wp","href":"https:\/\/api.w.org\/{rel}","templated":true}]}}