{"id":10003,"date":"2024-11-13T11:07:33","date_gmt":"2024-11-13T11:07:33","guid":{"rendered":"https:\/\/alqawafel.com\/?post_type=product&#038;p=10003"},"modified":"2025-06-11T08:12:08","modified_gmt":"2025-06-11T08:12:08","slug":"profel-68-64-sc","status":"publish","type":"product","link":"https:\/\/alqawafel.com\/pt\/product\/profel-68-64-sc\/","title":{"rendered":"Profel 68.64% SC Fungicida"},"content":{"rendered":"<h3><strong>Porqu\u00ea o Profel 68.64% SC?<\/strong><\/h3>\n<p><span style=\"font-size: 18px\">O Profel 68.64% SC \u00e9 um fungicida sist\u00e9mico robusto concebido para oferecer uma ampla prote\u00e7\u00e3o contra agentes patog\u00e9nicos f\u00fangicos nocivos. Com a sua formula\u00e7\u00e3o dupla ativa de cloridrato de propamocarbe e fluopicolida, este produto proporciona uma a\u00e7\u00e3o protetora e curativa, tornando-o altamente eficaz na gest\u00e3o de doen\u00e7as f\u00fangicas em v\u00e1rias culturas. O fungicida actua inibindo a forma\u00e7\u00e3o de esporos e travando o crescimento dos fungos nos tecidos das plantas, garantindo assim plantas mais saud\u00e1veis e rendimentos mais elevados.<\/span><\/p>\n<h3><strong>Identifica\u00e7\u00e3o<\/strong><\/h3>\n<ul>\n<li><span style=\"font-size: 18px\"><strong>Tipo de formula\u00e7\u00e3o:<\/strong> Suspens\u00e3o concentrada (SC).<\/span><\/li>\n<li><span style=\"font-size: 18px\"><strong>Ingredientes activos:<\/strong> Cloridrato de propamocarbe 62,4% (p\/v) + Fluopicolida 6,24% (p\/v).<\/span><\/li>\n<li><span style=\"font-size: 18px\"><strong>Grupo qu\u00edmico:<\/strong> Carbamato + Benzamida.<\/span><\/li>\n<li><span style=\"font-size: 18px\"><strong>Modo de a\u00e7\u00e3o:<\/strong> Sist\u00e9mico com absor\u00e7\u00e3o radicular e foliar, translocando-se atrav\u00e9s do movimento do xilema.<\/span><\/li>\n<\/ul>\n<h3><strong>Aplica\u00e7\u00e3o ideal de <\/strong><strong>Profel 68.64% SC<\/strong><\/h3>\n<p><span style=\"font-size: 18px\">Ideal para utiliza\u00e7\u00e3o nas seguintes culturas para controlar os agentes patog\u00e9nicos f\u00fangicos visados:<\/span><\/p>\n<ul>\n<li><span style=\"font-size: 18px\"><strong>Pepino, ab\u00f3bora, caba\u00e7a, ab\u00f3bora, mel\u00e3o e melancia:<\/strong> Eficaz contra o m\u00edldio.<\/span><\/li>\n<li><span style=\"font-size: 18px\"><strong>Alface:<\/strong> Eficaz contra o m\u00edldio.<\/span><\/li>\n<li><span style=\"font-size: 18px\"><strong>Batata:<\/strong> Eficaz contra o m\u00edldio tardio.<\/span><\/li>\n<li><span style=\"font-size: 18px\"><strong>Tomate:<\/strong> Eficaz contra o m\u00edldio tardio.<\/span><\/li>\n<\/ul>\n<h3>Taxa de utiliza\u00e7\u00e3o:<\/h3>\n<p><span style=\"font-size: 14pt\">300-400 ml por 200 L de \u00e1gua<\/span><\/p>\n<h3>Embalagem<\/h3>\n<ul>\n<li><span style=\"font-size: 18px\"><strong>250 ml<\/strong><\/span><\/li>\n<\/ul>\n<p><img loading=\"lazy\" decoding=\"async\" class=\"alignnone size-medium wp-image-18503\" src=\"https:\/\/alqawafel.com\/wp-content\/uploads\/2024\/11\/Profel-68.64-SC-LOGO-300x300.webp\" alt=\"Profel 68.64% SC Um fungicida sist\u00e9mico com Propamocarb HCL e Fluopicolide para uma prote\u00e7\u00e3o eficaz contra o m\u00edldio e o m\u00edldio tardio em v\u00e1rias culturas.\" width=\"300\" height=\"300\" srcset=\"https:\/\/alqawafel.com\/wp-content\/uploads\/2024\/11\/Profel-68.64-SC-LOGO-300x300.webp 300w, https:\/\/alqawafel.com\/wp-content\/uploads\/2024\/11\/Profel-68.64-SC-LOGO-150x150.webp 150w, https:\/\/alqawafel.com\/wp-content\/uploads\/2024\/11\/Profel-68.64-SC-LOGO-768x768.webp 768w, https:\/\/alqawafel.com\/wp-content\/uploads\/2024\/11\/Profel-68.64-SC-LOGO.webp 1000w\" sizes=\"auto, (max-width: 300px) 100vw, 300px\" \/><\/p>","protected":false},"excerpt":{"rendered":"<p><span style=\"font-size: 18px\">Profel 68.64% SC Um fungicida sist\u00e9mico com Propamocarb HCL e Fluopicolide para uma prote\u00e7\u00e3o eficaz contra o m\u00edldio e o m\u00edldio tardio em v\u00e1rias culturas.<\/span><\/p>","protected":false},"featured_media":18503,"comment_status":"open","ping_status":"closed","template":"","meta":{"om_disable_all_campaigns":false,"_monsterinsights_skip_tracking":false,"_monsterinsights_sitenote_active":false,"_monsterinsights_sitenote_note":"","_monsterinsights_sitenote_category":0},"product_brand":[],"product_cat":[823,87],"product_tag":[866,905,904,903,901,900,902],"class_list":{"0":"post-10003","1":"product","2":"type-product","3":"status-publish","4":"has-post-thumbnail","6":"product_cat-fungicide","7":"product_cat-pesticides","8":"product_tag-al-qawafel-ind-agr-co","9":"product_tag-blight","10":"product_tag-downy-mildew","11":"product_tag-fluopicolide","12":"product_tag-fungicide","13":"product_tag-profel-68-64-sc","14":"product_tag-propamocarb","16":"first","17":"instock","18":"shipping-taxable","19":"product-type-simple"},"aioseo_notices":[],"_links":{"self":[{"href":"https:\/\/alqawafel.com\/pt\/wp-json\/wp\/v2\/product\/10003","targetHints":{"allow":["GET"]}}],"collection":[{"href":"https:\/\/alqawafel.com\/pt\/wp-json\/wp\/v2\/product"}],"about":[{"href":"https:\/\/alqawafel.com\/pt\/wp-json\/wp\/v2\/types\/product"}],"replies":[{"embeddable":true,"href":"https:\/\/alqawafel.com\/pt\/wp-json\/wp\/v2\/comments?post=10003"}],"version-history":[{"count":10,"href":"https:\/\/alqawafel.com\/pt\/wp-json\/wp\/v2\/product\/10003\/revisions"}],"predecessor-version":[{"id":18828,"href":"https:\/\/alqawafel.com\/pt\/wp-json\/wp\/v2\/product\/10003\/revisions\/18828"}],"wp:featuredmedia":[{"embeddable":true,"href":"https:\/\/alqawafel.com\/pt\/wp-json\/wp\/v2\/media\/18503"}],"wp:attachment":[{"href":"https:\/\/alqawafel.com\/pt\/wp-json\/wp\/v2\/media?parent=10003"}],"wp:term":[{"taxonomy":"product_brand","embeddable":true,"href":"https:\/\/alqawafel.com\/pt\/wp-json\/wp\/v2\/product_brand?post=10003"},{"taxonomy":"product_cat","embeddable":true,"href":"https:\/\/alqawafel.com\/pt\/wp-json\/wp\/v2\/product_cat?post=10003"},{"taxonomy":"product_tag","embeddable":true,"href":"https:\/\/alqawafel.com\/pt\/wp-json\/wp\/v2\/product_tag?post=10003"}],"curies":[{"name":"wp","href":"https:\/\/api.w.org\/{rel}","templated":true}]}}