{"id":10009,"date":"2024-11-13T09:20:11","date_gmt":"2024-11-13T09:20:11","guid":{"rendered":"https:\/\/alqawafel.com\/?post_type=product&#038;p=10009"},"modified":"2025-08-03T09:06:20","modified_gmt":"2025-08-03T09:06:20","slug":"an-nebras-12-50-12t-e","status":"publish","type":"product","link":"https:\/\/alqawafel.com\/pt\/product\/an-nebras-12-50-12t-e\/","title":{"rendered":"Fertilizante AN-Nebras 12-50-12+T.E."},"content":{"rendered":"<h3>Porqu\u00ea escolher o adubo de suspens\u00e3o AN-Nebras 12-50-12+T.E.?<\/h3>\n<p><span style=\"font-size: 18px;\">AN-Nebras 12-50-12+T.E. Suspension Fertilizer \u00e9 um fertilizante premium, pronto a usar, especificamente concebido para aplica\u00e7\u00e3o direta. Fornece tamb\u00e9m nutrientes essenciais como o f\u00f3sforo, o pot\u00e1ssio e o azoto, que s\u00e3o facilmente absorvidos sem causar reac\u00e7\u00f5es adversas no solo.<\/span><\/p>\n<p><span style=\"font-size: 18px;\">Al\u00e9m disso, o AN-Nebras cont\u00e9m uma elevada percentagem de oligoelementos quelatados de r\u00e1pida absor\u00e7\u00e3o, que as plantas podem absorver rapidamente, aumentando assim a sua resposta de crescimento. Al\u00e9m disso, a faixa de pH do fertilizante de 2 a 3 \u00e9 ideal para promover a absor\u00e7\u00e3o de nutrientes em diversos tipos de solo. Al\u00e9m disso, a baixa condutividade el\u00e9ctrica (CE = 1 para 1g\/litro) reduz a osmose, permitindo que as plantas absorvam totalmente os nutrientes, mesmo com taxas de aplica\u00e7\u00e3o mais elevadas. Por fim, AN-Nebras \u00e9 altamente sol\u00favel em \u00e1gua, fornecendo uma gama completa de micro e macro elementos essenciais para o desenvolvimento vigoroso das plantas.<\/span><\/p>\n<h3>Vantagens<\/h3>\n<ul>\n<li><span style=\"font-size: 18px;\"><strong>Alto teor de f\u00f3sforo:<\/strong> Fornece f\u00f3sforo crucial para apoiar o crescimento em v\u00e1rias fases.<\/span><\/li>\n<li><span style=\"font-size: 18px;\"><strong>Adaptabilidade ao palco:<\/strong> Adequado para plantas em todas as fases de crescimento, oferecendo um suporte cont\u00ednuo de nutrientes.<\/span><\/li>\n<li><span style=\"font-size: 18px;\"><strong>Solubilidade em \u00e1gua:<\/strong> Totalmente sol\u00favel em \u00e1gua e compat\u00edvel com todos os sistemas de irriga\u00e7\u00e3o, simplificando a aplica\u00e7\u00e3o.<\/span><\/li>\n<li><span style=\"font-size: 18px;\"><strong>Adequado para todos os tipos de culturas:<\/strong> Aprovado para culturas arvenses, \u00e1rvores, legumes e plantas ornamentais, cobrindo uma vasta gama de necessidades agr\u00edcolas.<\/span><\/li>\n<li><span style=\"font-size: 18px;\"><strong>Op\u00e7\u00f5es de aplica\u00e7\u00e3o flex\u00edveis:<\/strong> Adequado para aplica\u00e7\u00f5es foliares e no solo, garantindo um fornecimento eficiente de nutrientes.<\/span><\/li>\n<\/ul>\n<h3><span style=\"font-size: 22px;\"><strong>Aplica\u00e7\u00e3o ideal<\/strong><\/span><\/h3>\n<p><strong><span style=\"font-size: 18px;\">AN-Nebras 12-50-12+T.E. \u00e9 recomendado para aplica\u00e7\u00f5es no solo e foliares, adequado para:<\/span><\/strong><\/p>\n<ol>\n<li><span style=\"font-size: 18px;\">Produtos hort\u00edcolas em estufa.<\/span><\/li>\n<li><span style=\"font-size: 18px;\">Legumes de campo aberto.<\/span><\/li>\n<li><span style=\"font-size: 18px;\">\u00c1rvores de fruto.<\/span><\/li>\n<li><span style=\"font-size: 14pt;\">Culturas arvenses.<\/span><\/li>\n<li><span style=\"font-size: 14pt;\">Plantas Ornamentais.<\/span><\/li>\n<\/ol>\n<h3>AN-Nebras 12-50-12+T.E. Composi\u00e7\u00e3o qu\u00edmica<\/h3>\n<ul>\n<li><span style=\"font-size: 18px;\"><strong>Nutrientes prim\u00e1rios:<\/strong> Nitrog\u00e9nio (N)12%, F\u00f3sforo (P\u2082O\u2085)50%, Pot\u00e1ssio (K\u2082O)12%.<\/span><\/li>\n<li><span style=\"font-size: 18px;\"><strong>Nutrientes secund\u00e1rios:<\/strong> Magn\u00e9sio (MgO), Enxofre (S), \u00d3xido de C\u00e1lcio (CaO).<\/span><\/li>\n<li><span style=\"font-size: 18px;\"><strong>Micronutrientes:<\/strong> Ferro (Fe) (quelatado com \u00e1cido c\u00edtrico EDTA), Zinco (Zn) (quelatado com \u00e1cido c\u00edtrico EDTA), Mangan\u00eas (Mn) (quelatado com \u00e1cido c\u00edtrico EDTA), Cobre (Cu) (quelatado com \u00e1cido c\u00edtrico EDTA), Boro (B).<\/span><\/li>\n<li><span style=\"font-size: 18px;\"><strong>Aditivos:<\/strong> Tiamina, riboflavina, piridoxina, nicotinamida, \u00e1cidos org\u00e2nicos.<\/span><\/li>\n<li><span style=\"font-size: 18px;\"><strong>Sem cloreto:<\/strong> Promove a seguran\u00e7a das plantas e assegura a sa\u00fade do solo.<\/span><\/li>\n<\/ul>\n<h3>Taxas de aplica\u00e7\u00e3o<\/h3>\n<h4 data-start=\"168\" data-end=\"200\"><strong data-start=\"174\" data-end=\"200\">Vegetais de estufa<\/strong><\/h4>\n<ul data-start=\"201\" data-end=\"391\">\n<li data-start=\"201\" data-end=\"331\">\n<p data-start=\"203\" data-end=\"331\"><strong data-start=\"203\" data-end=\"224\">Aplica\u00e7\u00e3o no solo:<\/strong><br data-start=\"224\" data-end=\"227\" \/>1,5 L por casa (500 m\u00b2) desde a planta\u00e7\u00e3o at\u00e9 30-40 dias<br data-start=\"281\" data-end=\"284\" \/>2-4 L por habita\u00e7\u00e3o (500 m\u00b2) em fases avan\u00e7adas<\/p>\n<\/li>\n<li data-start=\"332\" data-end=\"391\">\n<p data-start=\"334\" data-end=\"391\"><strong data-start=\"334\" data-end=\"357\">Aplica\u00e7\u00e3o foliar:<\/strong><br data-start=\"357\" data-end=\"360\" \/>300-400 ml por 200 L de \u00e1gua<\/p>\n<\/li>\n<\/ul>\n<h4 data-start=\"398\" data-end=\"430\"><strong data-start=\"404\" data-end=\"430\">Produtos hort\u00edcolas de campo aberto<\/strong><\/h4>\n<ul data-start=\"431\" data-end=\"538\">\n<li data-start=\"431\" data-end=\"478\">\n<p data-start=\"433\" data-end=\"478\"><strong data-start=\"433\" data-end=\"454\">Aplica\u00e7\u00e3o no solo:<\/strong><br data-start=\"454\" data-end=\"457\" \/>2-4 L por 1000 m\u00b2<\/p>\n<\/li>\n<li data-start=\"479\" data-end=\"538\">\n<p data-start=\"481\" data-end=\"538\"><strong data-start=\"481\" data-end=\"504\">Aplica\u00e7\u00e3o foliar:<\/strong><br data-start=\"504\" data-end=\"507\" \/>400-500 ml por 200 L de \u00e1gua<\/p>\n<\/li>\n<\/ul>\n<h4 data-start=\"545\" data-end=\"567\"><strong data-start=\"551\" data-end=\"567\">\u00c1rvores de fruto<\/strong><\/h4>\n<ul data-start=\"568\" data-end=\"717\">\n<li data-start=\"568\" data-end=\"656\">\n<p data-start=\"570\" data-end=\"656\"><strong data-start=\"570\" data-end=\"591\">Aplica\u00e7\u00e3o no solo:<\/strong><br data-start=\"591\" data-end=\"594\" \/>1,25 L por 1000 m\u00b2 desde o in\u00edcio do crescimento at\u00e9 \u00e0 frutifica\u00e7\u00e3o<\/p>\n<\/li>\n<li data-start=\"657\" data-end=\"717\">\n<p data-start=\"659\" data-end=\"717\"><strong data-start=\"659\" data-end=\"682\">Aplica\u00e7\u00e3o foliar:<\/strong><br data-start=\"682\" data-end=\"685\" \/>500-1000 ml por 200 L de \u00e1gua<\/p>\n<\/li>\n<\/ul>\n<h3>Embalagem<\/h3>\n<p><span style=\"font-size: 18px;\">Dispon\u00edvel em sacos de 1 kg, 5 kg e 20 kg, o AN-Nebras 12-50-12+T.E. adequa-se a opera\u00e7\u00f5es de todas as dimens\u00f5es, desde pequenas explora\u00e7\u00f5es a grandes empresas agr\u00edcolas.<\/span><\/p>\n<p><img loading=\"lazy\" decoding=\"async\" class=\"alignnone size-medium wp-image-16894\" src=\"https:\/\/alqawafel.com\/wp-content\/uploads\/2024\/11\/NPK-LOGO-12-50-12-300x300.webp\" alt=\"AN-Nebras 12-50-12+T.E. \" width=\"300\" height=\"300\" srcset=\"https:\/\/alqawafel.com\/wp-content\/uploads\/2024\/11\/NPK-LOGO-12-50-12-300x300.webp 300w, https:\/\/alqawafel.com\/wp-content\/uploads\/2024\/11\/NPK-LOGO-12-50-12-150x150.webp 150w, https:\/\/alqawafel.com\/wp-content\/uploads\/2024\/11\/NPK-LOGO-12-50-12-768x768.webp 768w, https:\/\/alqawafel.com\/wp-content\/uploads\/2024\/11\/NPK-LOGO-12-50-12.webp 1000w\" sizes=\"auto, (max-width: 300px) 100vw, 300px\" \/><\/p>","protected":false},"excerpt":{"rendered":"<p><span style=\"font-size: 18px;\">O adubo de suspens\u00e3o AN-Nebras 12-50-12+T.E. \u00e9 um adubo de qualidade superior, pronto a usar, especificamente concebido para aplica\u00e7\u00e3o direta.<\/span><\/p>","protected":false},"featured_media":16894,"comment_status":"open","ping_status":"closed","template":"","meta":{"om_disable_all_campaigns":false,"_monsterinsights_skip_tracking":false,"_monsterinsights_sitenote_active":false,"_monsterinsights_sitenote_note":"","_monsterinsights_sitenote_category":0},"product_brand":[2215],"product_cat":[50,2133],"product_tag":[866,1977,892,463,877,863],"class_list":{"0":"post-10009","1":"product","2":"type-product","3":"status-publish","4":"has-post-thumbnail","6":"product_brand-an-nebras","7":"product_cat-fertilizers","8":"product_cat-suspension-fertilizers","9":"product_tag-al-qawafel-ind-agr-co","10":"product_tag-an-nebras-12-50-12t-e","11":"product_tag-broad-crop-compatibility","12":"product_tag-fertilizer","13":"product_tag-high-phosphorus","14":"product_tag-water-soluble","16":"first","17":"instock","18":"shipping-taxable","19":"product-type-simple"},"aioseo_notices":[],"_links":{"self":[{"href":"https:\/\/alqawafel.com\/pt\/wp-json\/wp\/v2\/product\/10009","targetHints":{"allow":["GET"]}}],"collection":[{"href":"https:\/\/alqawafel.com\/pt\/wp-json\/wp\/v2\/product"}],"about":[{"href":"https:\/\/alqawafel.com\/pt\/wp-json\/wp\/v2\/types\/product"}],"replies":[{"embeddable":true,"href":"https:\/\/alqawafel.com\/pt\/wp-json\/wp\/v2\/comments?post=10009"}],"version-history":[{"count":15,"href":"https:\/\/alqawafel.com\/pt\/wp-json\/wp\/v2\/product\/10009\/revisions"}],"predecessor-version":[{"id":19469,"href":"https:\/\/alqawafel.com\/pt\/wp-json\/wp\/v2\/product\/10009\/revisions\/19469"}],"wp:featuredmedia":[{"embeddable":true,"href":"https:\/\/alqawafel.com\/pt\/wp-json\/wp\/v2\/media\/16894"}],"wp:attachment":[{"href":"https:\/\/alqawafel.com\/pt\/wp-json\/wp\/v2\/media?parent=10009"}],"wp:term":[{"taxonomy":"product_brand","embeddable":true,"href":"https:\/\/alqawafel.com\/pt\/wp-json\/wp\/v2\/product_brand?post=10009"},{"taxonomy":"product_cat","embeddable":true,"href":"https:\/\/alqawafel.com\/pt\/wp-json\/wp\/v2\/product_cat?post=10009"},{"taxonomy":"product_tag","embeddable":true,"href":"https:\/\/alqawafel.com\/pt\/wp-json\/wp\/v2\/product_tag?post=10009"}],"curies":[{"name":"wp","href":"https:\/\/api.w.org\/{rel}","templated":true}]}}