{"id":10034,"date":"2024-11-13T11:47:21","date_gmt":"2024-11-13T11:47:21","guid":{"rendered":"https:\/\/alqawafel.com\/?post_type=product&#038;p=10034"},"modified":"2025-08-28T07:03:45","modified_gmt":"2025-08-28T07:03:45","slug":"granufert-18-18-51-5mgo","status":"publish","type":"product","link":"https:\/\/alqawafel.com\/pt\/product\/granufert-18-18-51-5mgo\/","title":{"rendered":"Fertilizante Granufert 18-18-5"},"content":{"rendered":"<h3>Porqu\u00ea escolher o Granufert 18-18-5 Fertilizante Granular?<\/h3>\n<p><span style=\"font-size: 18px;\">O Granufert 18-18-5 Granular Fertilizer proporciona um fornecimento equilibrado de nutrientes para apoiar o crescimento sustentado das plantas. Com a sua mistura de azoto, f\u00f3sforo, pot\u00e1ssio e magn\u00e9sio adicionado, Granufert satisfaz as necessidades fundamentais das plantas. Assegura que, com cada rega, por\u00e7\u00f5es do fertilizante se dissolvem gradualmente, fornecendo \u00e0s plantas nutrientes essenciais exatamente quando estas precisam deles.<\/span><\/p>\n<h3>Benef\u00edcios<\/h3>\n<ul>\n<li><span style=\"font-size: 18px;\"><strong>Fornecimento consistente de nutrientes:<\/strong> A f\u00f3rmula da Granufert est\u00e1 alinhada com as necessidades de crescimento das plantas, proporcionando uma nutri\u00e7\u00e3o duradoura ao longo do tempo.<\/span><\/li>\n<li><span style=\"font-size: 18px;\"><strong>Op\u00e7\u00f5es de aplica\u00e7\u00e3o vers\u00e1teis:<\/strong> Granufert pode ser espalhado diretamente no solo ou misturado com fertilizantes fermentados, tornando-o adapt\u00e1vel a v\u00e1rias pr\u00e1ticas de planta\u00e7\u00e3o.<\/span><\/li>\n<li><span style=\"font-size: 18px;\"><strong>Condi\u00e7\u00f5es de solo melhoradas:<\/strong> Os gr\u00e2nulos revestidos de enxofre t\u00eam um efeito \u00e1cido, melhorando a fertilidade do solo e ajudando a absor\u00e7\u00e3o de nutrientes.<\/span><\/li>\n<li><span style=\"font-size: 18px;\"><strong>Estabilidade alargada do solo:<\/strong> O revestimento de enxofre mant\u00e9m o Granufert ativo no solo durante per\u00edodos mais longos, aumentando a estabilidade e a efici\u00eancia.<\/span><\/li>\n<li><span style=\"font-size: 18px;\"><strong>Perfil completo de nutrientes:<\/strong> Para al\u00e9m do azoto, do f\u00f3sforo e do pot\u00e1ssio, Granufert inclui magn\u00e9sio e oligoelementos essenciais como o ferro, assegurando uma nutri\u00e7\u00e3o equilibrada das plantas.<\/span><\/li>\n<\/ul>\n<h3>Composi\u00e7\u00e3o qu\u00edmica do Granufert 18-18-5+1.5MgO<\/h3>\n<ul>\n<li><span style=\"font-size: 18px;\"><strong>Nutrientes prim\u00e1rios:<\/strong> Nitrog\u00e9nio (N 18%), F\u00f3sforo (P\u2082O\u2085 18%), Pot\u00e1ssio (K\u2082O 5%).<\/span><\/li>\n<li>\n<h3><span style=\"font-size: 18px;\"><strong>Nutriente adicional:<\/strong> Magn\u00e9sio (MgO 1.5%).<\/span><\/h3>\n<\/li>\n<\/ul>\n<h3>Aplica\u00e7\u00e3o ideal para o Granufert 18-18-5<\/h3>\n<p><strong><span style=\"font-size: 18px;\">Granufert 18-18-5 \u00e9 adequado para:<\/span><\/strong><\/p>\n<ol>\n<li><span style=\"font-size: 18px;\">Paisagens verdes<\/span><\/li>\n<li><span style=\"font-size: 18px;\">\u00c1rvores de fruto (tais como ma\u00e7\u00e3s, am\u00eandoas, azeitonas, uvas e citrinos)<\/span><\/li>\n<li><span style=\"font-size: 18px;\">Culturas arvenses<\/span><\/li>\n<li><span style=\"font-size: 18px;\">Plantas ornamentais de exterior<\/span><\/li>\n<\/ol>\n<h3 data-start=\"81\" data-end=\"114\">Taxa de aplica\u00e7\u00e3o<\/h3>\n<h4 data-start=\"81\" data-end=\"114\"><strong data-start=\"87\" data-end=\"112\">Produtos hort\u00edcolas de campo aberto<\/strong><\/h4>\n<ul data-start=\"115\" data-end=\"223\">\n<li data-start=\"115\" data-end=\"223\">\n<p data-start=\"117\" data-end=\"223\"><em data-start=\"117\" data-end=\"223\">Utilizado como adubo de prepara\u00e7\u00e3o espalhado nas linhas antes da planta\u00e7\u00e3o de legumes ou atrav\u00e9s da lavoura.<\/em><\/p>\n<\/li>\n<\/ul>\n<h4 data-start=\"230\" data-end=\"253\"><strong data-start=\"236\" data-end=\"251\">\u00c1rvores de fruto<\/strong><\/h4>\n<ul data-start=\"254\" data-end=\"348\">\n<li data-start=\"254\" data-end=\"348\">\n<p data-start=\"256\" data-end=\"348\"><em data-start=\"256\" data-end=\"348\">1-2 kg\/\u00e1rvore consoante a idade.<\/em><\/p>\n<\/li>\n<\/ul>\n<h4 data-start=\"355\" data-end=\"378\"><strong data-start=\"361\" data-end=\"376\">Culturas arvenses<\/strong><\/h4>\n<ul data-start=\"379\" data-end=\"462\">\n<li data-start=\"379\" data-end=\"462\">\n<p data-start=\"381\" data-end=\"462\"><em data-start=\"381\" data-end=\"462\">500 kg\/Ha aplicados durante a planta\u00e7\u00e3o e novamente ap\u00f3s o in\u00edcio do crescimento.<\/em><\/p>\n<\/li>\n<\/ul>\n<h4 data-start=\"469\" data-end=\"500\"><strong data-start=\"475\" data-end=\"498\">Plantas ornamentais de exterior<\/strong><\/h4>\n<ul data-start=\"501\" data-end=\"582\">\n<li data-start=\"501\" data-end=\"582\">\n<p data-start=\"503\" data-end=\"582\"><em data-start=\"503\" data-end=\"582\">25 g\/m\u00b2 a adicionar uma vez por m\u00eas durante o crescimento ativo.<\/em><\/p>\n<\/li>\n<\/ul>\n<h3>Embalagem<\/h3>\n<ul>\n<li><span style=\"font-size: 14pt;\">Saco de 25 kg.<\/span><\/li>\n<li><span style=\"font-size: 14pt;\">Saco de 50 kg.<\/span><\/li>\n<\/ul>\n<p>&nbsp;<\/p>\n<p><img loading=\"lazy\" decoding=\"async\" class=\"alignnone size-medium wp-image-16428\" src=\"https:\/\/alqawafel.com\/wp-content\/uploads\/2024\/11\/Granufert-Logo-18-18-5-300x300.webp\" alt=\"Granufert 18-18-5\" width=\"300\" height=\"300\" srcset=\"https:\/\/alqawafel.com\/wp-content\/uploads\/2024\/11\/Granufert-Logo-18-18-5-300x300.webp 300w, https:\/\/alqawafel.com\/wp-content\/uploads\/2024\/11\/Granufert-Logo-18-18-5-150x150.webp 150w, https:\/\/alqawafel.com\/wp-content\/uploads\/2024\/11\/Granufert-Logo-18-18-5-768x768.webp 768w, https:\/\/alqawafel.com\/wp-content\/uploads\/2024\/11\/Granufert-Logo-18-18-5.webp 1000w\" sizes=\"auto, (max-width: 300px) 100vw, 300px\" \/><\/p>","protected":false},"excerpt":{"rendered":"<p data-start=\"177\" data-end=\"364\"><span style=\"font-size: 14pt;\">Fertilizante Granufert 18-18-5+1,5MgO ideal para uso geral. Apoia o crescimento das ra\u00edzes, dos rebentos e dos primeiros frutos, melhorando simultaneamente a sa\u00fade do solo.<\/span><\/p>","protected":false},"featured_media":16428,"comment_status":"open","ping_status":"closed","template":"","meta":{"om_disable_all_campaigns":false,"_monsterinsights_skip_tracking":false,"_monsterinsights_sitenote_active":false,"_monsterinsights_sitenote_note":"","_monsterinsights_sitenote_category":0},"product_brand":[2214],"product_cat":[50,2128],"product_tag":[866,886,463,1968,907,470],"class_list":{"0":"post-10034","1":"product","2":"type-product","3":"status-publish","4":"has-post-thumbnail","6":"product_brand-granufert","7":"product_cat-fertilizers","8":"product_cat-npk-granular-fertilizers","9":"product_tag-al-qawafel-ind-agr-co","10":"product_tag-balanced-nutrients","11":"product_tag-fertilizer","12":"product_tag-granufert-18-18-5","13":"product_tag-long-term-feeding","14":"product_tag-soil-fertility","16":"first","17":"instock","18":"shipping-taxable","19":"product-type-simple"},"aioseo_notices":[],"_links":{"self":[{"href":"https:\/\/alqawafel.com\/pt\/wp-json\/wp\/v2\/product\/10034","targetHints":{"allow":["GET"]}}],"collection":[{"href":"https:\/\/alqawafel.com\/pt\/wp-json\/wp\/v2\/product"}],"about":[{"href":"https:\/\/alqawafel.com\/pt\/wp-json\/wp\/v2\/types\/product"}],"replies":[{"embeddable":true,"href":"https:\/\/alqawafel.com\/pt\/wp-json\/wp\/v2\/comments?post=10034"}],"version-history":[{"count":14,"href":"https:\/\/alqawafel.com\/pt\/wp-json\/wp\/v2\/product\/10034\/revisions"}],"predecessor-version":[{"id":19916,"href":"https:\/\/alqawafel.com\/pt\/wp-json\/wp\/v2\/product\/10034\/revisions\/19916"}],"wp:featuredmedia":[{"embeddable":true,"href":"https:\/\/alqawafel.com\/pt\/wp-json\/wp\/v2\/media\/16428"}],"wp:attachment":[{"href":"https:\/\/alqawafel.com\/pt\/wp-json\/wp\/v2\/media?parent=10034"}],"wp:term":[{"taxonomy":"product_brand","embeddable":true,"href":"https:\/\/alqawafel.com\/pt\/wp-json\/wp\/v2\/product_brand?post=10034"},{"taxonomy":"product_cat","embeddable":true,"href":"https:\/\/alqawafel.com\/pt\/wp-json\/wp\/v2\/product_cat?post=10034"},{"taxonomy":"product_tag","embeddable":true,"href":"https:\/\/alqawafel.com\/pt\/wp-json\/wp\/v2\/product_tag?post=10034"}],"curies":[{"name":"wp","href":"https:\/\/api.w.org\/{rel}","templated":true}]}}