{"id":10056,"date":"2024-11-13T15:42:50","date_gmt":"2024-11-13T15:42:50","guid":{"rendered":"https:\/\/alqawafel.com\/?post_type=product&#038;p=10056"},"modified":"2025-09-18T08:18:03","modified_gmt":"2025-09-18T08:18:03","slug":"micronato-15","status":"publish","type":"product","link":"https:\/\/alqawafel.com\/pt\/product\/micronate-15\/","title":{"rendered":"Fertilizante Micronato 15"},"content":{"rendered":"<h3><strong>Porqu\u00ea escolher Micronate 15?<\/strong><\/h3>\n<p><span style=\"font-size: 18px;\">Micronate 15 oferece uma poderosa mistura de micronutrientes quelatados - ferro, zinco, boro, magn\u00e9sio, mangan\u00eas e cobre - especialmente formulados para promover o crescimento saud\u00e1vel das plantas. Quelatados pelos \u00e1cidos etileno diamino tetra-ac\u00e9tico e c\u00edtrico, estes nutrientes s\u00e3o absorvidos r\u00e1pida e eficientemente, permitindo que as plantas beneficiem imediatamente da corre\u00e7\u00e3o dos nutrientes e resolvendo eficazmente as defici\u00eancias comuns, como o amarelecimento das folhas. Al\u00e9m disso, Micronate 15 cont\u00e9m \u00e1cidos org\u00e2nicos, amino\u00e1cidos e vitaminas essenciais que estimulam ainda mais o crescimento, refor\u00e7am a resili\u00eancia das plantas e aumentam a resist\u00eancia \u00e0s geadas e \u00e0s altera\u00e7\u00f5es ambientais.<\/span><\/p>\n<p><span style=\"font-size: 18px;\">Para al\u00e9m disso, o Micronate 15 inclui aditivos e agentes de espalhamento \u00fanicos para maximizar a absor\u00e7\u00e3o de nutrientes, assegurando que as plantas utilizam plenamente todos os nutrientes dispon\u00edveis. Esta mistura vers\u00e1til pode ser aplicada atrav\u00e9s de m\u00e9todos foliares e no solo, oferecendo op\u00e7\u00f5es flex\u00edveis para proteger e tratar defici\u00eancias de nutrientes numa variedade de culturas.<\/span><\/p>\n<h3><strong>Principais benef\u00edcios do adubo com micronutrientes Micronate 15<\/strong><\/h3>\n<ul>\n<li><span style=\"font-size: 18px;\"><strong>Suporte abrangente de micronutrientes:<\/strong> Fornece elementos essenciais, incluindo ferro, zinco, boro, magn\u00e9sio, mangan\u00eas e cobre para garantir uma sa\u00fade equilibrada das plantas.<\/span><\/li>\n<li><span style=\"font-size: 18px;\"><strong>Absor\u00e7\u00e3o e efici\u00eancia elevadas:<\/strong> A formula\u00e7\u00e3o quelatada permite uma r\u00e1pida absor\u00e7\u00e3o de nutrientes atrav\u00e9s de aplica\u00e7\u00f5es foliares e no solo, aumentando o impacto da fertiliza\u00e7\u00e3o.<\/span><\/li>\n<li><span style=\"font-size: 18px;\"><strong>Refor\u00e7o da resili\u00eancia das plantas:<\/strong> Aumenta a resist\u00eancia ao stress ambiental e apoia o crescimento vibrante das folhas, aumentando a vitalidade geral das plantas.<\/span><\/li>\n<li><span style=\"font-size: 18px;\"><strong>Solu\u00e7\u00e3o rent\u00e1vel:<\/strong> Adequado para programas de prote\u00e7\u00e3o, ajudando a reduzir custos e a melhorar a efici\u00eancia da fertiliza\u00e7\u00e3o.<\/span><\/li>\n<li><span style=\"font-size: 18px;\"><strong>\u00d3timo para culturas de crescimento r\u00e1pido:<\/strong> Especialmente \u00fatil para culturas com per\u00edodos de crescimento curtos, proporcionando uma resposta r\u00e1pida a defici\u00eancias de nutrientes.<\/span><\/li>\n<\/ul>\n<h3><strong>Papel dos principais micronutrientes no Micronato 15<\/strong><\/h3>\n<ul>\n<li><span style=\"font-size: 18px;\"><strong>Ferro (Fe):<\/strong> Essencial para a s\u00edntese de clorofila e para a fotoss\u00edntese; ativa enzimas para promover o crescimento.<\/span><\/li>\n<li><span style=\"font-size: 18px;\"><strong>Zinco (Zn):<\/strong> Vital para a s\u00edntese de prote\u00ednas, ativa\u00e7\u00e3o de enzimas e estabiliza\u00e7\u00e3o da clorofila.<\/span><\/li>\n<li><span style=\"font-size: 18px;\"><strong>Mangan\u00eas (Mn):<\/strong> Apoia a fotoss\u00edntese, a s\u00edntese proteica e a regula\u00e7\u00e3o da osmose.<\/span><\/li>\n<li><span style=\"font-size: 18px;\"><strong>Magn\u00e9sio (Mg):<\/strong> Necess\u00e1rio para a forma\u00e7\u00e3o da clorofila e para o processo de fotoss\u00edntese.<\/span><\/li>\n<li><span style=\"font-size: 18px;\"><strong>Boro (B):<\/strong> Ajuda no transporte de a\u00e7\u00facar e na estrutura da parede celular, melhorando o transporte de nutrientes.<\/span><\/li>\n<li><span style=\"font-size: 18px;\"><strong>Cobre (Cu):<\/strong> Facilita a s\u00edntese proteica e ativa as enzimas cr\u00edticas.<\/span><\/li>\n<\/ul>\n<h3><strong>M\u00e9todos de aplica\u00e7\u00e3o do Micronate 15<\/strong><\/h3>\n<p><span style=\"font-size: 18px;\">O Micronate 15 pode ser aplicado de v\u00e1rias formas para se adaptar \u00e0s diferentes necessidades das culturas:<\/span><\/p>\n<ol>\n<li><span style=\"font-size: 18px;\"><strong>Aplica\u00e7\u00e3o foliar para absor\u00e7\u00e3o direta:<\/strong> Ideal para culturas de crescimento r\u00e1pido e per\u00edodos de pico de crescimento, garantindo uma absor\u00e7\u00e3o eficiente e benef\u00edcios imediatos em termos de nutrientes.<\/span><\/li>\n<li><span style=\"font-size: 18px;\"><strong>Aplica\u00e7\u00e3o no solo para absor\u00e7\u00e3o radicular:<\/strong> Fornece nutrientes diretamente \u00e0 zona das ra\u00edzes, apoiando a nutri\u00e7\u00e3o sustentada das plantas.<\/span><\/li>\n<li><span style=\"font-size: 18px;\"><strong>Fertirriga\u00e7\u00e3o para distribui\u00e7\u00e3o uniforme:<\/strong> Compat\u00edvel com sistemas de irriga\u00e7\u00e3o, permitindo uma distribui\u00e7\u00e3o uniforme de nutrientes pelos campos.<\/span><\/li>\n<\/ol>\n<h3><strong>Aplica\u00e7\u00e3o ideal<\/strong><\/h3>\n<p><strong><span style=\"font-size: 18px;\">O Micronate 15 \u00e9 vers\u00e1til e adequado para uma vasta gama de culturas, incluindo:<\/span><\/strong><\/p>\n<ul>\n<li><span style=\"font-size: 18px;\">Produtos hort\u00edcolas (estufa e campo aberto)<\/span><\/li>\n<li><span style=\"font-size: 18px;\">\u00c1rvores de fruto<\/span><\/li>\n<li><span style=\"font-size: 18px;\">Culturas arvenses<\/span><\/li>\n<li><span style=\"font-size: 18px;\">Plantas ornamentais<\/span><\/li>\n<\/ul>\n<h3>Taxa de aplica\u00e7\u00e3o<\/h3>\n<p data-start=\"149\" data-end=\"173\"><span style=\"font-size: 14pt;\"><strong data-start=\"149\" data-end=\"171\">Aplica\u00e7\u00e3o foliar<\/strong><\/span><\/p>\n<ul data-start=\"174\" data-end=\"405\">\n<li data-start=\"174\" data-end=\"216\">\n<p data-start=\"176\" data-end=\"216\"><span style=\"font-size: 14pt;\">Legumes: 200-250 g \/ 200 L de \u00e1gua<\/span><\/p>\n<\/li>\n<li data-start=\"217\" data-end=\"260\">\n<p data-start=\"219\" data-end=\"260\"><span style=\"font-size: 14pt;\">\u00c1rvores de fruto: 250-300 g \/ 200 L de \u00e1gua<\/span><\/p>\n<\/li>\n<li data-start=\"330\" data-end=\"358\">\n<p data-start=\"332\" data-end=\"358\"><span style=\"font-size: 14pt;\">Culturas arvenses: 1-2 kg \/ ha<\/span><\/p>\n<\/li>\n<li data-start=\"359\" data-end=\"405\">\n<p data-start=\"361\" data-end=\"405\"><span style=\"font-size: 14pt;\">Plantas ornamentais: 10-20 g \/ 20 L de \u00e1gua<\/span><\/p>\n<\/li>\n<\/ul>\n<p data-start=\"407\" data-end=\"429\"><span style=\"font-size: 14pt;\"><strong data-start=\"407\" data-end=\"427\">Aplica\u00e7\u00e3o no solo<\/strong><\/span><\/p>\n<ul data-start=\"430\" data-end=\"658\">\n<li data-start=\"430\" data-end=\"483\">\n<p data-start=\"432\" data-end=\"483\"><span style=\"font-size: 14pt;\">Legumes de estufa: 250-500 g\/casa (500 m\u00b2)<\/span><\/p>\n<\/li>\n<li data-start=\"484\" data-end=\"530\">\n<p data-start=\"486\" data-end=\"530\"><span style=\"font-size: 14pt;\">Vegetais de campo aberto: 250-500 g \/ 1000 m\u00b2<\/span><\/p>\n<\/li>\n<li data-start=\"531\" data-end=\"591\">\n<p data-start=\"533\" data-end=\"591\"><span style=\"font-size: 14pt;\">\u00c1rvores de fruto: 50-100 g \/ \u00e1rvore (consoante o tipo e a idade)<\/span><\/p>\n<\/li>\n<li data-start=\"592\" data-end=\"658\">\n<p data-start=\"594\" data-end=\"658\"><span style=\"font-size: 14pt;\">Banana: 100-200 g \/ 1000 L de \u00e1gua de irriga\u00e7\u00e3o a cada 2-3 semanas<\/span><\/p>\n<\/li>\n<\/ul>\n<p data-start=\"660\" data-end=\"677\"><span style=\"font-size: 14pt;\"><strong data-start=\"660\" data-end=\"675\">Fertirriga\u00e7\u00e3o<\/strong><\/span><\/p>\n<ul data-start=\"678\" data-end=\"743\">\n<li data-start=\"678\" data-end=\"743\">\n<p data-start=\"680\" data-end=\"743\"><span style=\"font-size: 14pt;\">10-20 g \/ 100 L de \u00e1gua<\/span><\/p>\n<\/li>\n<\/ul>\n<h3><strong>Micronato 15 Composi\u00e7\u00e3o qu\u00edmica<\/strong><\/h3>\n<ul>\n<li><span style=\"font-size: 18px;\"><strong>Ferro (Fe 4%):<\/strong> EDTA quelatado com \u00e1cido c\u00edtrico<\/span><\/li>\n<li><span style=\"font-size: 18px;\"><strong>Zinco (Zn 4%):<\/strong> EDTA quelatado com \u00e1cido c\u00edtrico<\/span><\/li>\n<li><span style=\"font-size: 18px;\"><strong>Mangan\u00eas (Mn 3%):<\/strong> EDTA quelatado com \u00e1cido c\u00edtrico<\/span><\/li>\n<li><span style=\"font-size: 18px;\"><strong>Magn\u00e9sio (Mg 2%):<\/strong> EDTA quelatado com \u00e1cido c\u00edtrico<\/span><\/li>\n<li><span style=\"font-size: 18px;\"><strong>Boro (B 1.5%)<\/strong><\/span><\/li>\n<li><span style=\"font-size: 18px;\"><strong>Cobre (Cu 0,05%):<\/strong> EDTA quelatado com \u00e1cido c\u00edtrico<\/span><\/li>\n<li><span style=\"font-size: 18px;\"><strong>Molibd\u00e9nio (Mo)<\/strong><\/span><\/li>\n<\/ul>\n<h3><strong>Embalagem<\/strong><\/h3>\n<p><span style=\"font-size: 18px;\">Dispon\u00edvel em sacos de 1 kg e 5 kg, o Micronate 15 oferece uma embalagem c\u00f3moda para responder a v\u00e1rias necessidades agr\u00edcolas.<\/span><\/p>\n<p><img loading=\"lazy\" decoding=\"async\" class=\"alignnone size-medium wp-image-17022\" src=\"https:\/\/alqawafel.com\/wp-content\/uploads\/2024\/11\/Micronate-15-LOGO-300x300.webp\" alt=\"Micronato 15\" width=\"300\" height=\"300\" srcset=\"https:\/\/alqawafel.com\/wp-content\/uploads\/2024\/11\/Micronate-15-LOGO-300x300.webp 300w, https:\/\/alqawafel.com\/wp-content\/uploads\/2024\/11\/Micronate-15-LOGO-150x150.webp 150w, https:\/\/alqawafel.com\/wp-content\/uploads\/2024\/11\/Micronate-15-LOGO-768x768.webp 768w, https:\/\/alqawafel.com\/wp-content\/uploads\/2024\/11\/Micronate-15-LOGO.webp 1000w\" sizes=\"auto, (max-width: 300px) 100vw, 300px\" \/><\/p>","protected":false},"excerpt":{"rendered":"<p><span style=\"font-size: 18px;\">Micronate 15 \u00e9 uma mistura de micronutrientes quelatados enriquecida com \u00e1cidos org\u00e2nicos, amino\u00e1cidos e vitaminas para tratar as car\u00eancias e aumentar a resist\u00eancia das plantas.<\/span><\/p>","protected":false},"featured_media":17022,"comment_status":"open","ping_status":"closed","template":"","meta":{"om_disable_all_campaigns":false,"_monsterinsights_skip_tracking":false,"_monsterinsights_sitenote_active":false,"_monsterinsights_sitenote_note":"","_monsterinsights_sitenote_category":0},"product_brand":[2216],"product_cat":[50,2135],"product_tag":[866,924,926,463,930,931,932],"class_list":{"0":"post-10056","1":"product","2":"type-product","3":"status-publish","4":"has-post-thumbnail","6":"product_brand-micronate","7":"product_cat-fertilizers","8":"product_cat-micro-nutrients-fertilizers","9":"product_tag-al-qawafel-ind-agr-co","10":"product_tag-chelated-micronutrients","11":"product_tag-deficiency-correction","12":"product_tag-fertilizer","13":"product_tag-foliar-soil","14":"product_tag-micronate-15","15":"product_tag-rapid-absorption","17":"first","18":"instock","19":"shipping-taxable","20":"product-type-simple"},"aioseo_notices":[],"_links":{"self":[{"href":"https:\/\/alqawafel.com\/pt\/wp-json\/wp\/v2\/product\/10056","targetHints":{"allow":["GET"]}}],"collection":[{"href":"https:\/\/alqawafel.com\/pt\/wp-json\/wp\/v2\/product"}],"about":[{"href":"https:\/\/alqawafel.com\/pt\/wp-json\/wp\/v2\/types\/product"}],"replies":[{"embeddable":true,"href":"https:\/\/alqawafel.com\/pt\/wp-json\/wp\/v2\/comments?post=10056"}],"version-history":[{"count":6,"href":"https:\/\/alqawafel.com\/pt\/wp-json\/wp\/v2\/product\/10056\/revisions"}],"predecessor-version":[{"id":19970,"href":"https:\/\/alqawafel.com\/pt\/wp-json\/wp\/v2\/product\/10056\/revisions\/19970"}],"wp:featuredmedia":[{"embeddable":true,"href":"https:\/\/alqawafel.com\/pt\/wp-json\/wp\/v2\/media\/17022"}],"wp:attachment":[{"href":"https:\/\/alqawafel.com\/pt\/wp-json\/wp\/v2\/media?parent=10056"}],"wp:term":[{"taxonomy":"product_brand","embeddable":true,"href":"https:\/\/alqawafel.com\/pt\/wp-json\/wp\/v2\/product_brand?post=10056"},{"taxonomy":"product_cat","embeddable":true,"href":"https:\/\/alqawafel.com\/pt\/wp-json\/wp\/v2\/product_cat?post=10056"},{"taxonomy":"product_tag","embeddable":true,"href":"https:\/\/alqawafel.com\/pt\/wp-json\/wp\/v2\/product_tag?post=10056"}],"curies":[{"name":"wp","href":"https:\/\/api.w.org\/{rel}","templated":true}]}}