{"id":10071,"date":"2024-11-13T16:45:59","date_gmt":"2024-11-13T16:45:59","guid":{"rendered":"https:\/\/alqawafel.com\/?post_type=product&#038;p=10071"},"modified":"2025-08-04T10:13:36","modified_gmt":"2025-08-04T10:13:36","slug":"micronato-mn-13","status":"publish","type":"product","link":"https:\/\/alqawafel.com\/pt\/product\/micronate-mn-13\/","title":{"rendered":"Fertilizante Micronato Mn 13%"},"content":{"rendered":"<div class=\"flex-shrink-0 flex flex-col relative items-end\">\n<div class=\"pt-0\">\n<div class=\"gizmo-bot-avatar flex h-8 w-8 items-center justify-center overflow-hidden rounded-full\">\n<h3>Porqu\u00ea escolher o Micronate Mn 13%?<\/h3>\n<p><span style=\"font-size: 18px;\">Micronate Mn 13% \u00e9 um fertilizante de mangan\u00eas especificamente formulado para apoiar o papel bioqu\u00edmico do mangan\u00eas nas plantas, especialmente durante a fotoss\u00edntese. Ao aumentar a atividade fotossint\u00e9tica, o Micronate Mn 13% promove culturas mais saud\u00e1veis e de maior rendimento. Este produto tamb\u00e9m previne e trata eficazmente as doen\u00e7as causadas pela defici\u00eancia de mangan\u00eas, como a doen\u00e7a do mosaico das nervuras amarelas, que afecta frequentemente as culturas frut\u00edcolas e herb\u00e1ceas.<\/span><\/p>\n<h3>Principais benef\u00edcios do adubo de mangan\u00eas Micronate Mn 13%<\/h3>\n<ul>\n<li><span style=\"font-size: 18px;\"><strong>Suporte fotossint\u00e9tico melhorado:<\/strong> Aumenta a fotoss\u00edntese, conduzindo a uma melhor produ\u00e7\u00e3o de energia e a um aumento dos rendimentos.<\/span><\/li>\n<li><span style=\"font-size: 18px;\"><strong>Tratamento eficaz das car\u00eancias:<\/strong> Trata os sintomas associados \u00e0 defici\u00eancia de mangan\u00eas, promovendo a sa\u00fade vigorosa das plantas.<\/span><\/li>\n<li><span style=\"font-size: 18px;\"><strong>Apoia as fun\u00e7\u00f5es essenciais da f\u00e1brica:<\/strong> Desempenha um papel fundamental na s\u00edntese da clorofila, na atividade enzim\u00e1tica e na regula\u00e7\u00e3o da osmose.<\/span><\/li>\n<\/ul>\n<h3>O papel do mangan\u00eas na sa\u00fade das plantas<\/h3>\n<ul>\n<li><span style=\"font-size: 18px;\"><strong>Fotoss\u00edntese:<\/strong> Vital para o processo de fotoss\u00edntese, auxiliando na produ\u00e7\u00e3o de energia.<\/span><\/li>\n<li><span style=\"font-size: 18px;\"><strong>S\u00edntese de clorofila:<\/strong> Apoia a forma\u00e7\u00e3o de clorofila, contribuindo para folhas verdes e saud\u00e1veis.<\/span><\/li>\n<li><span style=\"font-size: 18px;\"><strong>Regula\u00e7\u00e3o da osmose:<\/strong> Ajuda a regular a press\u00e3o de osmose dentro das c\u00e9lulas vegetais, apoiando o transporte de nutrientes.<\/span><\/li>\n<li><span style=\"font-size: 18px;\"><strong>Reac\u00e7\u00f5es enzim\u00e1ticas:<\/strong> Envolvido na ativa\u00e7\u00e3o de v\u00e1rias enzimas necess\u00e1rias para o crescimento e metabolismo das plantas.<\/span><\/li>\n<\/ul>\n<h3>Aplica\u00e7\u00e3o ideal<\/h3>\n<ol>\n<li><span style=\"font-size: 18px;\"><strong>Vegetais em casa de pl\u00e1stico e em campo aberto<\/strong><\/span><\/li>\n<li><span style=\"font-size: 18px;\"><strong>\u00c1rvores de fruto<\/strong><\/span><\/li>\n<li><span style=\"font-size: 18px;\"><strong>Culturas arvenses<\/strong><\/span><\/li>\n<li><strong><span style=\"font-size: 14pt;\">Plantas ornamentais<\/span><\/strong><\/li>\n<\/ol>\n<h3>Taxas de aplica\u00e7\u00e3o<\/h3>\n<p><span style=\"font-size: 14pt;\">Dose geral de aplica\u00e7\u00e3o foliar: 200-250 g \/ 200 L de \u00e1gua<\/span><\/p>\n<h3>Embalagem<\/h3>\n<p><span style=\"font-size: 18px;\">O Micronate Mn 13% est\u00e1 dispon\u00edvel em sacos de 1 kg e 5 kg, oferecendo flexibilidade para diferentes necessidades agr\u00edcolas.<\/span><\/p>\n<\/div>\n<\/div>\n<\/div>\n<p><img loading=\"lazy\" decoding=\"async\" class=\"alignnone size-medium wp-image-16997\" src=\"https:\/\/alqawafel.com\/wp-content\/uploads\/2024\/11\/Micronate-Manganese-Mn-13-300x300.webp\" alt=\"Micronato de Mn 13% \" width=\"300\" height=\"300\" srcset=\"https:\/\/alqawafel.com\/wp-content\/uploads\/2024\/11\/Micronate-Manganese-Mn-13-300x300.webp 300w, https:\/\/alqawafel.com\/wp-content\/uploads\/2024\/11\/Micronate-Manganese-Mn-13-150x150.webp 150w, https:\/\/alqawafel.com\/wp-content\/uploads\/2024\/11\/Micronate-Manganese-Mn-13-768x768.webp 768w, https:\/\/alqawafel.com\/wp-content\/uploads\/2024\/11\/Micronate-Manganese-Mn-13.webp 1000w\" sizes=\"auto, (max-width: 300px) 100vw, 300px\" \/><\/p>\n<div id=\"hzImgLoader\" class=\"imgError\" style=\"width: auto; height: auto; line-height: 0px; overflow: hidden; padding: 0px; margin: 4px; position: absolute; z-index: 2147483647; border-radius: 4px; background-color: #ed0707; border: 4px solid #ed0707;\"><\/div>","protected":false},"excerpt":{"rendered":"<p><span style=\"font-size: 18px;\">Micronate Mn 13% (\u00e1cido c\u00edtrico EDTA) \u00e9 um fertilizante de mangan\u00eas que apoia a fotoss\u00edntese e previne doen\u00e7as relacionadas com a defici\u00eancia de mangan\u00eas.<\/span><\/p>","protected":false},"featured_media":16997,"comment_status":"open","ping_status":"closed","template":"","meta":{"om_disable_all_campaigns":false,"_monsterinsights_skip_tracking":false,"_monsterinsights_sitenote_active":false,"_monsterinsights_sitenote_note":"","_monsterinsights_sitenote_category":0},"product_brand":[2216],"product_cat":[50,2135],"product_tag":[866,954,463,930,935,951,953,952],"class_list":{"0":"post-10071","1":"product","2":"type-product","3":"status-publish","4":"has-post-thumbnail","6":"product_brand-micronate","7":"product_cat-fertilizers","8":"product_cat-micro-nutrients-fertilizers","9":"product_tag-al-qawafel-ind-agr-co","10":"product_tag-chlorophyll-synthesis","11":"product_tag-fertilizer","12":"product_tag-foliar-soil","13":"product_tag-fruit-quality","14":"product_tag-high-manganese","15":"product_tag-manganese-boost","16":"product_tag-photosynthesis-support","18":"first","19":"instock","20":"shipping-taxable","21":"product-type-simple"},"aioseo_notices":[],"_links":{"self":[{"href":"https:\/\/alqawafel.com\/pt\/wp-json\/wp\/v2\/product\/10071","targetHints":{"allow":["GET"]}}],"collection":[{"href":"https:\/\/alqawafel.com\/pt\/wp-json\/wp\/v2\/product"}],"about":[{"href":"https:\/\/alqawafel.com\/pt\/wp-json\/wp\/v2\/types\/product"}],"replies":[{"embeddable":true,"href":"https:\/\/alqawafel.com\/pt\/wp-json\/wp\/v2\/comments?post=10071"}],"version-history":[{"count":8,"href":"https:\/\/alqawafel.com\/pt\/wp-json\/wp\/v2\/product\/10071\/revisions"}],"predecessor-version":[{"id":19474,"href":"https:\/\/alqawafel.com\/pt\/wp-json\/wp\/v2\/product\/10071\/revisions\/19474"}],"wp:featuredmedia":[{"embeddable":true,"href":"https:\/\/alqawafel.com\/pt\/wp-json\/wp\/v2\/media\/16997"}],"wp:attachment":[{"href":"https:\/\/alqawafel.com\/pt\/wp-json\/wp\/v2\/media?parent=10071"}],"wp:term":[{"taxonomy":"product_brand","embeddable":true,"href":"https:\/\/alqawafel.com\/pt\/wp-json\/wp\/v2\/product_brand?post=10071"},{"taxonomy":"product_cat","embeddable":true,"href":"https:\/\/alqawafel.com\/pt\/wp-json\/wp\/v2\/product_cat?post=10071"},{"taxonomy":"product_tag","embeddable":true,"href":"https:\/\/alqawafel.com\/pt\/wp-json\/wp\/v2\/product_tag?post=10071"}],"curies":[{"name":"wp","href":"https:\/\/api.w.org\/{rel}","templated":true}]}}