{"id":10084,"date":"2024-11-13T18:36:38","date_gmt":"2024-11-13T18:36:38","guid":{"rendered":"https:\/\/alqawafel.com\/?post_type=product&#038;p=10084"},"modified":"2025-07-06T09:45:29","modified_gmt":"2025-07-06T09:45:29","slug":"bona-beta","status":"publish","type":"product","link":"https:\/\/alqawafel.com\/pt\/product\/bona-beta\/","title":{"rendered":"BONA BETA"},"content":{"rendered":"<div class=\"flex-shrink-0 flex flex-col relative items-end\">\n<div class=\"pt-0\">\n<div class=\"gizmo-bot-avatar flex h-8 w-8 items-center justify-center overflow-hidden rounded-full\">\n<h4><strong>Porqu\u00ea escolher BONA BETA?<\/strong><\/h4>\n<p><span style=\"font-size: 18px;\">O BONA BETA \u00e9 um regulador eficaz do crescimento das plantas que estimula a frutifica\u00e7\u00e3o e o crescimento de uma vasta gama de culturas, incluindo tomates, beringelas, ab\u00f3boras, pimentos, pepinos, feij\u00f5es e morangos. Pode ser aplicado tanto em estufas como em campos abertos, onde melhora os processos naturais de crescimento durante a fase crucial da flora\u00e7\u00e3o. Ao utilizar BONA BETA, est\u00e1 a apoiar ativamente as suas culturas na obten\u00e7\u00e3o de rendimentos saud\u00e1veis e abundantes.<\/span><\/p>\n<h3><strong>Principais benef\u00edcios<\/strong><\/h3>\n<ul>\n<li><span style=\"font-size: 18px;\"><strong>Melhora a fixa\u00e7\u00e3o dos frutos:<\/strong> Incentiva ativamente o desenvolvimento dos frutos, garantindo maiores rendimentos em v\u00e1rias culturas.<\/span><\/li>\n<li><span style=\"font-size: 18px;\"><strong>Aumenta o tamanho dos frutos:<\/strong> Apoia o alargamento dos frutos, ajudando as culturas a atingir o seu tamanho e qualidade ideais.<\/span><\/li>\n<li><span style=\"font-size: 18px;\"><strong>Aplica\u00e7\u00e3o vers\u00e1til:<\/strong> Com aplica\u00e7\u00f5es eficazes tanto em estufas como em campo aberto, \u00e9 ideal para tomates, beringelas, ab\u00f3boras, pimentos, pepinos, feij\u00f5es e morangos.<\/span><\/li>\n<\/ul>\n<h3><strong>Composi\u00e7\u00e3o de <\/strong><strong>BONA BETA<\/strong><\/h3>\n<ul>\n<li><span style=\"font-size: 18px;\"><strong>Ingrediente ativo:<\/strong> \u00c1cido Beta-Naftoxi-Ac\u00e9tico 50 g\/L<\/span><\/li>\n<\/ul>\n<h3><strong>Aplica\u00e7\u00e3o ideal\u00a0<\/strong><\/h3>\n<ul>\n<li data-start=\"70\" data-end=\"82\">\n<p data-start=\"72\" data-end=\"82\"><span style=\"font-size: 14pt;\">Tomates<\/span><\/p>\n<\/li>\n<li data-start=\"83\" data-end=\"96\">\n<p data-start=\"85\" data-end=\"96\"><span style=\"font-size: 14pt;\">Beringelas<\/span><\/p>\n<\/li>\n<li data-start=\"97\" data-end=\"109\">\n<p data-start=\"99\" data-end=\"109\"><span style=\"font-size: 14pt;\">Ab\u00f3boras<\/span><\/p>\n<\/li>\n<li data-start=\"110\" data-end=\"121\">\n<p data-start=\"112\" data-end=\"121\"><span style=\"font-size: 14pt;\">Pimentos<\/span><\/p>\n<\/li>\n<li data-start=\"122\" data-end=\"135\">\n<p data-start=\"124\" data-end=\"135\"><span style=\"font-size: 14pt;\">Pepinos<\/span><\/p>\n<\/li>\n<li data-start=\"136\" data-end=\"145\">\n<p data-start=\"138\" data-end=\"145\"><span style=\"font-size: 14pt;\">Feij\u00f5es<\/span><\/p>\n<\/li>\n<li data-start=\"146\" data-end=\"162\">\n<p data-start=\"148\" data-end=\"162\"><span style=\"font-size: 14pt;\">Morangos<\/span><\/p>\n<\/li>\n<\/ul>\n<h3>Taxa de aplica\u00e7\u00e3o<\/h3>\n<ul>\n<li data-start=\"188\" data-end=\"223\">\n<p data-start=\"190\" data-end=\"223\"><span style=\"font-size: 14pt;\"><strong data-start=\"190\" data-end=\"221\">2-4 ml por 1 litro de \u00e1gua<\/strong><\/span><\/p>\n<\/li>\n<li data-start=\"224\" data-end=\"299\">\n<p data-start=\"226\" data-end=\"299\" class=\"translation-block\"><span style=\"font-size: 14pt\">Aplicar durante a <strong data-start=\"243\" data-end=\"263\">fase de flora\u00e7\u00e3o<\/strong> e nas <strong data-start=\"271\" data-end=\"298\">horas mais frescas do dia<\/strong>.<\/span><\/p>\n<\/li>\n<\/ul>\n<h3><strong>Embalagem<\/strong><\/h3>\n<ul>\n<li><span style=\"font-size: 18px;\"><strong>Frascos de 100 ml<\/strong><\/span><\/li>\n<\/ul>\n<p><img loading=\"lazy\" decoding=\"async\" class=\"alignnone size-medium wp-image-17071\" src=\"https:\/\/alqawafel.com\/wp-content\/uploads\/2024\/11\/\u0628\u0648\u0646\u0627-\u0628\u064a\u062a\u0627-LOGO-300x300.webp\" alt=\"BONA BETA\" width=\"300\" height=\"300\" srcset=\"\" sizes=\"auto, (max-width: 300px) 100vw, 300px\" data-srcset=\"\" \/><\/p>\n<\/div>\n<\/div>\n<\/div>\n<div id=\"hzImgLoader\" class=\"imgError\" style=\"width: auto; height: auto; line-height: 0px; overflow: hidden; padding: 0px; margin: 4px; position: absolute; z-index: 2147483647; border-radius: 4px; background-color: #ed0707; border: 4px solid #ed0707;\"><\/div>","protected":false},"excerpt":{"rendered":"<p><span style=\"font-size: 18px;\">BONA BETA \u00e9 um regulador do crescimento das plantas que favorece a frutifica\u00e7\u00e3o e o crescimento dos frutos, ideal para culturas em estufa e em campo aberto.<\/span><\/p>","protected":false},"featured_media":17071,"comment_status":"open","ping_status":"closed","template":"","meta":{"om_disable_all_campaigns":false,"_monsterinsights_skip_tracking":false,"_monsterinsights_sitenote_active":false,"_monsterinsights_sitenote_note":"","_monsterinsights_sitenote_category":0},"product_brand":[],"product_cat":[50,2139],"product_tag":[866,968,463,971,970,972,969],"class_list":{"0":"post-10084","1":"product","2":"type-product","3":"status-publish","4":"has-post-thumbnail","6":"product_cat-fertilizers","7":"product_cat-plant-growth-regulator","8":"product_tag-al-qawafel-ind-agr-co","9":"product_tag-bona-beta","10":"product_tag-fertilizer","11":"product_tag-fruit-enlargement","12":"product_tag-fruit-setting","13":"product_tag-greenhouse-field","14":"product_tag-growth-regulator","16":"first","17":"instock","18":"shipping-taxable","19":"product-type-simple"},"aioseo_notices":[],"_links":{"self":[{"href":"https:\/\/alqawafel.com\/pt\/wp-json\/wp\/v2\/product\/10084","targetHints":{"allow":["GET"]}}],"collection":[{"href":"https:\/\/alqawafel.com\/pt\/wp-json\/wp\/v2\/product"}],"about":[{"href":"https:\/\/alqawafel.com\/pt\/wp-json\/wp\/v2\/types\/product"}],"replies":[{"embeddable":true,"href":"https:\/\/alqawafel.com\/pt\/wp-json\/wp\/v2\/comments?post=10084"}],"version-history":[{"count":14,"href":"https:\/\/alqawafel.com\/pt\/wp-json\/wp\/v2\/product\/10084\/revisions"}],"predecessor-version":[{"id":19360,"href":"https:\/\/alqawafel.com\/pt\/wp-json\/wp\/v2\/product\/10084\/revisions\/19360"}],"wp:featuredmedia":[{"embeddable":true,"href":"https:\/\/alqawafel.com\/pt\/wp-json\/wp\/v2\/media\/17071"}],"wp:attachment":[{"href":"https:\/\/alqawafel.com\/pt\/wp-json\/wp\/v2\/media?parent=10084"}],"wp:term":[{"taxonomy":"product_brand","embeddable":true,"href":"https:\/\/alqawafel.com\/pt\/wp-json\/wp\/v2\/product_brand?post=10084"},{"taxonomy":"product_cat","embeddable":true,"href":"https:\/\/alqawafel.com\/pt\/wp-json\/wp\/v2\/product_cat?post=10084"},{"taxonomy":"product_tag","embeddable":true,"href":"https:\/\/alqawafel.com\/pt\/wp-json\/wp\/v2\/product_tag?post=10084"}],"curies":[{"name":"wp","href":"https:\/\/api.w.org\/{rel}","templated":true}]}}