{"id":10095,"date":"2024-11-14T06:34:00","date_gmt":"2024-11-14T06:34:00","guid":{"rendered":"https:\/\/alqawafel.com\/?post_type=product&#038;p=10095"},"modified":"2025-08-28T07:15:43","modified_gmt":"2025-08-28T07:15:43","slug":"agrasticky","status":"publish","type":"product","link":"https:\/\/alqawafel.com\/pt\/product\/agrasticky\/","title":{"rendered":"Agrasticky"},"content":{"rendered":"<h3>Porqu\u00ea escolher Agrasticky?<\/h3>\n<p><span style=\"font-size: 18px;\">Agrasticky \u00e9 uma subst\u00e2ncia de emuls\u00e3o org\u00e2nica (EC) de alto desempenho, concebida para melhorar a ades\u00e3o, dispers\u00e3o e efic\u00e1cia de pesticidas, fungicidas, herbicidas e fertilizantes. Ao hidratar as superf\u00edcies das plantas e melhorar a absor\u00e7\u00e3o das solu\u00e7\u00f5es de pulveriza\u00e7\u00e3o, Agrasticky garante que cada aplica\u00e7\u00e3o atinja os resultados desejados de forma mais eficiente e com um impacto mais duradouro. Seguro para uso em fazendas convencionais e org\u00e2nicas, Agrasticky apoia um ambiente mais saud\u00e1vel e maximiza a pot\u00eancia de suas solu\u00e7\u00f5es de pulveriza\u00e7\u00e3o.<\/span><\/p>\n<h3>Principais benef\u00edcios do Agrasticky<\/h3>\n<ul>\n<li><span style=\"font-size: 18px;\"><strong>Melhora a ader\u00eancia e a cobertura da pulveriza\u00e7\u00e3o:<\/strong> Assegura uma melhor distribui\u00e7\u00e3o e ades\u00e3o de pesticidas, fungicidas, herbicidas e fertilizantes.<\/span><\/li>\n<li><span style=\"font-size: 18px;\"><strong>Aumenta a absor\u00e7\u00e3o e a efic\u00e1cia:<\/strong> Aumenta a penetra\u00e7\u00e3o e a absor\u00e7\u00e3o das subst\u00e2ncias-alvo, melhorando os resultados e prolongando os intervalos de pulveriza\u00e7\u00e3o.<\/span><\/li>\n<li><span style=\"font-size: 18px;\"><strong>Aumenta a pot\u00eancia e reduz os custos:<\/strong> Aumenta a efic\u00e1cia dos pesticidas, reduzindo a necessidade de aplica\u00e7\u00f5es frequentes e poupando tempo e dinheiro.<\/span><\/li>\n<li><span style=\"font-size: 18px;\"><strong>Reduz a deriva e o odor:<\/strong> Minimiza a deriva atrav\u00e9s da estabiliza\u00e7\u00e3o do tamanho da gota de pulveriza\u00e7\u00e3o e reduz o odor atrav\u00e9s do controlo da evapora\u00e7\u00e3o.<\/span><\/li>\n<li><span style=\"font-size: 18px;\"><strong>Seguro para utiliza\u00e7\u00e3o biol\u00f3gica:<\/strong> Aprovado para explora\u00e7\u00f5es agr\u00edcolas biol\u00f3gicas e convencionais, protegendo a sa\u00fade humana e o ambiente.<\/span><\/li>\n<li><span style=\"font-size: 18px;\"><strong>Alta compatibilidade:<\/strong> Compat\u00edvel com uma vasta gama de pesticidas, fertilizantes e materiais, incluindo produtos que cont\u00eam enxofre, sem causar sensibilidade nas folhas.<\/span><\/li>\n<\/ul>\n<h3>Aplica\u00e7\u00e3o ideal<\/h3>\n<ul>\n<li><span style=\"font-size: 18px;\"><strong>Fungicidas foliares, insecticidas e fertiliza\u00e7\u00e3o:<\/strong> Aumenta a absor\u00e7\u00e3o e a distribui\u00e7\u00e3o nas superf\u00edcies das folhas.<\/span><\/li>\n<li><span style=\"font-size: 18px;\"><strong>Herbicidas:<\/strong> Melhora a penetra\u00e7\u00e3o e a absor\u00e7\u00e3o para um melhor controlo das ervas daninhas.<\/span><\/li>\n<li><span style=\"font-size: 18px;\"><strong>Gest\u00e3o das pragas:<\/strong> Cobre e sufoca as cochonilhas e os ovos, reduzindo a fertilidade dos ovos.<\/span><\/li>\n<\/ul>\n<h3>Taxa de aplica\u00e7\u00e3o<\/h3>\n<ul>\n<li data-start=\"47\" data-end=\"143\">\n<p data-start=\"49\" data-end=\"143\"><span style=\"font-size: 14pt;\"><strong data-start=\"49\" data-end=\"106\">Com fungicidas foliares, insecticidas e fertilizantes<\/strong>: 50-150 ml por 200 litros de \u00e1gua<\/span><\/p>\n<\/li>\n<li data-start=\"144\" data-end=\"235\" data-is-last-node=\"\">\n<p data-start=\"146\" data-end=\"235\" data-is-last-node=\"\"><span style=\"font-size: 14pt;\"><strong data-start=\"146\" data-end=\"165\">Com herbicidas<\/strong>250 ml por 100 litros de \u00e1gua<\/span><\/p>\n<\/li>\n<\/ul>\n<h3>Propriedades de Agrasticky<\/h3>\n<ul>\n<li><span style=\"font-size: 18px;\"><strong>Emuls\u00e3o org\u00e2nica:<\/strong> Dispersante, adesivo e nutritivo, promovendo um melhor desempenho dos pesticidas.<\/span><\/li>\n<li><span style=\"font-size: 18px;\"><strong>Sol\u00favel em \u00e1gua:<\/strong> Elevada solubilidade em \u00e1gua, evitando os problemas de sensibilidade das folhas encontrados nos produtos \u00e0 base de \u00f3leo.<\/span><\/li>\n<li><span style=\"font-size: 18px;\"><strong>Per\u00edodo de contacto alargado:<\/strong> Prolonga o per\u00edodo de efic\u00e1cia dos pesticidas de contacto e aumenta a prontid\u00e3o dos pesticidas sist\u00e9micos.<\/span><\/li>\n<li><span style=\"font-size: 18px;\"><strong>Cobertura melhorada em superf\u00edcies cerosas:<\/strong> Forma uma pel\u00edcula fina nas superf\u00edcies cerosas, melhorando a dispers\u00e3o e a efic\u00e1cia.<\/span><\/li>\n<\/ul>\n<h3 class=\"translation-block\"><span style=\"font-size: 18px\">Composi\u00e7\u00e3o qu\u00edmica<\/span><\/h3>\n<ul>\n<li><span style=\"font-size: 18px;\"><strong>Ingrediente ativo:<\/strong> Pol\u00edmero de azoto 2.5%<\/span><\/li>\n<li>Mat\u00e9ria org\u00e2nica 35%<\/li>\n<\/ul>\n<h3>Embalagem<\/h3>\n<p>Garrafa de 1 L.<\/p>\n<p><img loading=\"lazy\" decoding=\"async\" class=\"alignnone size-medium wp-image-17176\" src=\"https:\/\/alqawafel.com\/wp-content\/uploads\/2024\/11\/AGRA-STICKY-LOGO-300x300.webp\" alt=\"Agrasticky\" width=\"300\" height=\"300\" srcset=\"https:\/\/alqawafel.com\/wp-content\/uploads\/2024\/11\/AGRA-STICKY-LOGO-300x300.webp 300w, https:\/\/alqawafel.com\/wp-content\/uploads\/2024\/11\/AGRA-STICKY-LOGO-150x150.webp 150w, https:\/\/alqawafel.com\/wp-content\/uploads\/2024\/11\/AGRA-STICKY-LOGO-768x768.webp 768w, https:\/\/alqawafel.com\/wp-content\/uploads\/2024\/11\/AGRA-STICKY-LOGO.webp 1000w\" sizes=\"auto, (max-width: 300px) 100vw, 300px\" \/><\/p>","protected":false},"excerpt":{"rendered":"<p><span style=\"font-size: 18px;\">Agrasticky \u00e9 uma emuls\u00e3o org\u00e2nica que melhora a ader\u00eancia, a distribui\u00e7\u00e3o e a absor\u00e7\u00e3o de pesticidas e fertilizantes.<\/span><\/p>","protected":false},"featured_media":17176,"comment_status":"open","ping_status":"closed","template":"","meta":{"om_disable_all_campaigns":false,"_monsterinsights_skip_tracking":false,"_monsterinsights_sitenote_active":false,"_monsterinsights_sitenote_note":"","_monsterinsights_sitenote_category":0},"product_brand":[],"product_cat":[50,2136],"product_tag":[987,866,991,463,990,988,989],"class_list":{"0":"post-10095","1":"product","2":"type-product","3":"status-publish","4":"has-post-thumbnail","6":"product_cat-fertilizers","7":"product_cat-specialty-fertilizers","8":"product_tag-agrasticky","9":"product_tag-al-qawafel-ind-agr-co","10":"product_tag-extended-efficacy","11":"product_tag-fertilizer","12":"product_tag-improved-adhesion","13":"product_tag-organic-emulsion","14":"product_tag-spray-enhancer","16":"first","17":"instock","18":"shipping-taxable","19":"product-type-simple"},"aioseo_notices":[],"_links":{"self":[{"href":"https:\/\/alqawafel.com\/pt\/wp-json\/wp\/v2\/product\/10095","targetHints":{"allow":["GET"]}}],"collection":[{"href":"https:\/\/alqawafel.com\/pt\/wp-json\/wp\/v2\/product"}],"about":[{"href":"https:\/\/alqawafel.com\/pt\/wp-json\/wp\/v2\/types\/product"}],"replies":[{"embeddable":true,"href":"https:\/\/alqawafel.com\/pt\/wp-json\/wp\/v2\/comments?post=10095"}],"version-history":[{"count":7,"href":"https:\/\/alqawafel.com\/pt\/wp-json\/wp\/v2\/product\/10095\/revisions"}],"predecessor-version":[{"id":19919,"href":"https:\/\/alqawafel.com\/pt\/wp-json\/wp\/v2\/product\/10095\/revisions\/19919"}],"wp:featuredmedia":[{"embeddable":true,"href":"https:\/\/alqawafel.com\/pt\/wp-json\/wp\/v2\/media\/17176"}],"wp:attachment":[{"href":"https:\/\/alqawafel.com\/pt\/wp-json\/wp\/v2\/media?parent=10095"}],"wp:term":[{"taxonomy":"product_brand","embeddable":true,"href":"https:\/\/alqawafel.com\/pt\/wp-json\/wp\/v2\/product_brand?post=10095"},{"taxonomy":"product_cat","embeddable":true,"href":"https:\/\/alqawafel.com\/pt\/wp-json\/wp\/v2\/product_cat?post=10095"},{"taxonomy":"product_tag","embeddable":true,"href":"https:\/\/alqawafel.com\/pt\/wp-json\/wp\/v2\/product_tag?post=10095"}],"curies":[{"name":"wp","href":"https:\/\/api.w.org\/{rel}","templated":true}]}}