{"id":10130,"date":"2024-11-14T09:08:03","date_gmt":"2024-11-14T09:08:03","guid":{"rendered":"https:\/\/alqawafel.com\/?post_type=product&#038;p=10130"},"modified":"2025-08-09T10:25:26","modified_gmt":"2025-08-09T10:25:26","slug":"max-plus-25-25-25-25","status":"publish","type":"product","link":"https:\/\/alqawafel.com\/pt\/product\/max-plus-25-25-25\/","title":{"rendered":"Fertilizante Max Plus 25-25-25"},"content":{"rendered":"<h4>Porqu\u00ea escolher <strong>Max Plus 25-25-25<\/strong>?<\/h4>\n<p class=\"translation-block\"><span style=\"font-size: 14pt\"><strong data-start=\"0\" data-end=\"21\" data-is-only-node=\"\">Max Plus 25-25-25<\/strong> \u00e9 um fertilizante natural de alta efici\u00eancia extra\u00eddo de <em data-start=\"77\" data-end=\"98\">algas marinhas Ascophyllum nodosum<\/em>, conhecidas por seu rico conte\u00fado de macro e micronutrientes, reguladores naturais de crescimento, vitaminas e amino\u00e1cidos.<\/span><br data-start=\"221\" data-end=\"224\"><span style=\"font-size: 14pt\">Este composto org\u00e2nico apoia a sa\u00fade das plantas, reduzindo a necessidade de irriga\u00e7\u00e3o, fertiliza\u00e7\u00e3o e pesticidas, ao mesmo tempo que aumenta a resist\u00eancia das plantas a stresses ambientais como o calor, o frio e a seca.<\/span><br data-start=\"427\" data-end=\"430\"><span style=\"font-size: 14pt\">Max Plus 25-25-25 melhora a qualidade e a naturalidade das culturas, tornando-o a escolha ideal para a agricultura biol\u00f3gica e sustent\u00e1vel.<\/span><\/p>\n<h3>Principais benef\u00edcios do Max Plus 25-25-25<\/h3>\n<ul>\n<li><span style=\"font-size: 18px;\"><strong>Composto rico em nutrientes:<\/strong> Cont\u00e9m macro, micro e pequenos nutrientes essenciais, reguladores naturais de crescimento e \u00e1cidos org\u00e2nicos para uma nutri\u00e7\u00e3o equilibrada das plantas.<\/span><\/li>\n<li><span style=\"font-size: 18px;\"><strong>Aumenta a resist\u00eancia das plantas:<\/strong> Aumenta a resist\u00eancia ao calor, ao frio e \u00e0 seca, protegendo as plantas do stress ambiental.<\/span><\/li>\n<li><span style=\"font-size: 18px;\"><strong>Ativa as ra\u00edzes e as folhas:<\/strong> Estimula o crescimento das ra\u00edzes e das folhas simultaneamente devido \u00e0 sua composi\u00e7\u00e3o de elementos vegetais naturais.<\/span><\/li>\n<li><span style=\"font-size: 18px;\"><strong>Melhora o sabor e a qualidade:<\/strong> Produz colheitas naturalmente saborosas, sem aditivos n\u00e3o naturais.<\/span><\/li>\n<li><span style=\"font-size: 18px;\"><strong>Apoia a agricultura biol\u00f3gica:<\/strong> Isento de toxinas e res\u00edduos nocivos, o que o torna compat\u00edvel com as normas da agricultura biol\u00f3gica e amigo do ambiente.<\/span><\/li>\n<li><span style=\"font-size: 18px;\"><strong>Melhora a efici\u00eancia dos fertilizantes e pesticidas:<\/strong> Aumenta a efic\u00e1cia dos fertilizantes e pesticidas e permite uma mistura segura com outros tratamentos.<\/span><\/li>\n<\/ul>\n<h3>Aplica\u00e7\u00e3o ideal<\/h3>\n<p><span style=\"font-size: 18px;\"><strong>Aplica\u00e7\u00e3o no terreno:<\/strong> Para a absor\u00e7\u00e3o pelas ra\u00edzes, melhorando a absor\u00e7\u00e3o de nutrientes do solo.<\/span><br \/>\n<span style=\"font-size: 18px;\"><strong>Aplica\u00e7\u00e3o foliar:<\/strong> Pulverizar diretamente sobre as folhas para uma absor\u00e7\u00e3o r\u00e1pida e um aumento do crescimento.<\/span><\/p>\n<p><span style=\"font-size: 18px;\"><strong>Adequado para:<\/strong><\/span><\/p>\n<ul>\n<li><span style=\"font-size: 18px;\"><strong>Vegetais de campo aberto e de estufa<\/strong><\/span><\/li>\n<li><span style=\"font-size: 18px;\"><strong>\u00c1rvores de fruto<\/strong><\/span><\/li>\n<li><span style=\"font-size: 18px;\"><strong>Culturas arvenses<\/strong><\/span><\/li>\n<li><span style=\"font-size: 18px;\"><strong>Plantas ornamentais<\/strong><\/span><\/li>\n<\/ul>\n<h3 data-start=\"201\" data-end=\"226\">Taxas de aplica\u00e7\u00e3o<\/h3>\n<ul data-start=\"227\" data-end=\"345\">\n<li data-start=\"227\" data-end=\"289\">\n<p data-start=\"229\" data-end=\"289\"><span style=\"font-size: 14pt;\"><strong data-start=\"229\" data-end=\"252\">Aplica\u00e7\u00e3o foliar:<\/strong> 200 - 500 ml por 200 litros de \u00e1gua<\/span><\/p>\n<\/li>\n<li data-start=\"290\" data-end=\"345\">\n<p data-start=\"292\" data-end=\"345\"><span style=\"font-size: 14pt;\"><strong data-start=\"292\" data-end=\"315\">Aplica\u00e7\u00e3o no solo:<\/strong> 1,5 - 2 ml por litro de \u00e1gua<\/span><\/p>\n<\/li>\n<\/ul>\n<h3>Composi\u00e7\u00e3o<\/h3>\n<ul>\n<li><span style=\"font-size: 18px;\"><strong>Extrato de algas marinhas (Ascophyllum Nodosum):<\/strong> Rico em macro, micro e pequenos nutrientes<\/span><\/li>\n<li><span style=\"font-size: 18px;\"><strong>Reguladores de crescimento naturais:<\/strong> Auxinas, amino\u00e1cidos, enzimas, vitaminas e \u00e1cidos org\u00e2nicos<\/span><\/li>\n<li><strong><span style=\"font-size: 14pt;\">Nitrog\u00e9nio <\/span><\/strong><span style=\"font-size: 14pt;\">(N 25%)<\/span><strong><span style=\"font-size: 14pt;\">, F\u00f3sforo <\/span><\/strong><span style=\"font-size: 14pt;\">(P2O5 25%)<\/span><strong><span style=\"font-size: 14pt;\">, Pot\u00e1ssio <\/span><\/strong><span style=\"font-size: 14pt;\">(K 25%)<\/span><\/li>\n<\/ul>\n<h3>Embalagem<\/h3>\n<ul>\n<li><span style=\"font-size: 18px;\"><strong>Garrafa de 1 L<\/strong><\/span><\/li>\n<\/ul>\n<p><img loading=\"lazy\" decoding=\"async\" class=\"alignnone size-medium wp-image-17104\" src=\"https:\/\/alqawafel.com\/wp-content\/uploads\/2024\/11\/Max-Plus-LOGO-300x300.webp\" alt=\"Max Plus 25-25-25\" width=\"300\" height=\"300\" srcset=\"https:\/\/alqawafel.com\/wp-content\/uploads\/2024\/11\/Max-Plus-LOGO-300x300.webp 300w, https:\/\/alqawafel.com\/wp-content\/uploads\/2024\/11\/Max-Plus-LOGO-150x150.webp 150w, https:\/\/alqawafel.com\/wp-content\/uploads\/2024\/11\/Max-Plus-LOGO-768x768.webp 768w, https:\/\/alqawafel.com\/wp-content\/uploads\/2024\/11\/Max-Plus-LOGO.webp 1000w\" sizes=\"auto, (max-width: 300px) 100vw, 300px\" \/><\/p>","protected":false},"excerpt":{"rendered":"<p><span style=\"font-size: 18px;\">Max Plus 25-25-25 \u00e9 um fertilizante foliar equilibrado com azoto, f\u00f3sforo e pot\u00e1ssio, concebido para melhorar o crescimento das plantas, a flora\u00e7\u00e3o e a qualidade dos frutos.<\/span><\/p>","protected":false},"featured_media":17104,"comment_status":"open","ping_status":"closed","template":"","meta":{"om_disable_all_campaigns":false,"_monsterinsights_skip_tracking":false,"_monsterinsights_sitenote_active":false,"_monsterinsights_sitenote_note":"","_monsterinsights_sitenote_category":0},"product_brand":[],"product_cat":[50,2137],"product_tag":[866,894,463,1032,1031,1033,863],"class_list":{"0":"post-10130","1":"product","2":"type-product","3":"status-publish","4":"has-post-thumbnail","6":"product_cat-fertilizers","7":"product_cat-smart-fertilizers","8":"product_tag-al-qawafel-ind-agr-co","9":"product_tag-balanced-npk","10":"product_tag-fertilizer","11":"product_tag-growth-enhancement","12":"product_tag-max-plus-25-25-25","13":"product_tag-root-foliage-support","14":"product_tag-water-soluble","16":"first","17":"instock","18":"shipping-taxable","19":"product-type-simple"},"aioseo_notices":[],"_links":{"self":[{"href":"https:\/\/alqawafel.com\/pt\/wp-json\/wp\/v2\/product\/10130","targetHints":{"allow":["GET"]}}],"collection":[{"href":"https:\/\/alqawafel.com\/pt\/wp-json\/wp\/v2\/product"}],"about":[{"href":"https:\/\/alqawafel.com\/pt\/wp-json\/wp\/v2\/types\/product"}],"replies":[{"embeddable":true,"href":"https:\/\/alqawafel.com\/pt\/wp-json\/wp\/v2\/comments?post=10130"}],"version-history":[{"count":9,"href":"https:\/\/alqawafel.com\/pt\/wp-json\/wp\/v2\/product\/10130\/revisions"}],"predecessor-version":[{"id":19503,"href":"https:\/\/alqawafel.com\/pt\/wp-json\/wp\/v2\/product\/10130\/revisions\/19503"}],"wp:featuredmedia":[{"embeddable":true,"href":"https:\/\/alqawafel.com\/pt\/wp-json\/wp\/v2\/media\/17104"}],"wp:attachment":[{"href":"https:\/\/alqawafel.com\/pt\/wp-json\/wp\/v2\/media?parent=10130"}],"wp:term":[{"taxonomy":"product_brand","embeddable":true,"href":"https:\/\/alqawafel.com\/pt\/wp-json\/wp\/v2\/product_brand?post=10130"},{"taxonomy":"product_cat","embeddable":true,"href":"https:\/\/alqawafel.com\/pt\/wp-json\/wp\/v2\/product_cat?post=10130"},{"taxonomy":"product_tag","embeddable":true,"href":"https:\/\/alqawafel.com\/pt\/wp-json\/wp\/v2\/product_tag?post=10130"}],"curies":[{"name":"wp","href":"https:\/\/api.w.org\/{rel}","templated":true}]}}