{"id":10142,"date":"2024-11-14T09:57:10","date_gmt":"2024-11-14T09:57:10","guid":{"rendered":"https:\/\/alqawafel.com\/?post_type=product&#038;p=10142"},"modified":"2025-07-07T09:43:50","modified_gmt":"2025-07-07T09:43:50","slug":"corretor-de-ph","status":"publish","type":"product","link":"https:\/\/alqawafel.com\/pt\/product\/ph-corrector\/","title":{"rendered":"Corretor de pH"},"content":{"rendered":"<h3>Porqu\u00ea escolher o pH Corretor?<\/h3>\n<p><span style=\"font-size: 18px;\">O pH Corretor \u00e9 uma solu\u00e7\u00e3o poderosa para equilibrar os n\u00edveis de pH do solo e da \u00e1gua, tornando os nutrientes mais acess\u00edveis para a absor\u00e7\u00e3o pelas plantas. Ao restabelecer o equil\u00edbrio qu\u00edmico do solo, este produto liberta nutrientes que, de outra forma, estariam fixados no solo, impulsionando o crescimento e a sa\u00fade das plantas. Tamb\u00e9m reduz o pH do solo e da \u00e1gua de rega, limpa os sistemas de rega da acumula\u00e7\u00e3o de sedimentos e aumenta a efic\u00e1cia dos fertilizantes.<\/span><\/p>\n<h3>Principais benef\u00edcios do Corretor de pH<\/h3>\n<ul>\n<li><span style=\"font-size: 18px;\"><strong>Liberta os nutrientes bloqueados:<\/strong> Torna os nutrientes do solo dispon\u00edveis para absor\u00e7\u00e3o pelas plantas.<\/span><\/li>\n<li><span style=\"font-size: 18px;\"><strong>Equilibra a qu\u00edmica do solo:<\/strong> Restabelece o equil\u00edbrio qu\u00edmico, promovendo um crescimento mais saud\u00e1vel das plantas.<\/span><\/li>\n<li><span style=\"font-size: 18px;\"><strong>Reduz os n\u00edveis de pH:<\/strong> Reduz o pH do solo e da \u00e1gua, ideal para condi\u00e7\u00f5es alcalinas.<\/span><\/li>\n<li><span style=\"font-size: 18px;\"><strong>Limpa sistemas de irriga\u00e7\u00e3o:<\/strong> Remove a acumula\u00e7\u00e3o de sedimentos, assegurando uma rega eficiente.<\/span><\/li>\n<li><span style=\"font-size: 18px;\"><strong>Aumenta a efici\u00eancia dos nutrientes:<\/strong> Melhora a absor\u00e7\u00e3o de nutrientes do solo e dos fertilizantes.<\/span><\/li>\n<\/ul>\n<h3>Taxa de aplica\u00e7\u00e3o<\/h3>\n<p><span style=\"font-size: 14pt;\">Aplicar a uma taxa de 2-3 kg por dunum, dependendo do tipo de solo e da alcalinidade.<\/span><br data-start=\"153\" data-end=\"156\" \/><span style=\"font-size: 14pt;\">Em alternativa, pode ser adicionado ao tanque ou ao barril de pulveriza\u00e7\u00e3o a uma taxa de 50-75 g por 200 litros de \u00e1gua, dependendo da alcalinidade da \u00e1gua.<\/span><\/p>\n<h3 class=\"translation-block\"><span style=\"font-size: 18px\">Composi\u00e7\u00e3o qu\u00edmica<\/span><\/h3>\n<ul>\n<li><span style=\"font-size: 18px;\"><strong>Azoto (N 10%)<\/strong><\/span><\/li>\n<\/ul>\n<h3>Embalagem<\/h3>\n<ul>\n<li><span style=\"font-size: 18px;\"><strong>Gal\u00e3o de 25 Kg.<\/strong><\/span><\/li>\n<\/ul>\n<p><img loading=\"lazy\" decoding=\"async\" class=\"alignnone size-medium wp-image-17112\" src=\"https:\/\/alqawafel.com\/wp-content\/uploads\/2024\/11\/CORRECTOR-LOGO-300x300.webp\" alt=\"Corretor de pH\" width=\"300\" height=\"300\" srcset=\"https:\/\/alqawafel.com\/wp-content\/uploads\/2024\/11\/CORRECTOR-LOGO-300x300.webp 300w, https:\/\/alqawafel.com\/wp-content\/uploads\/2024\/11\/CORRECTOR-LOGO-150x150.webp 150w, https:\/\/alqawafel.com\/wp-content\/uploads\/2024\/11\/CORRECTOR-LOGO-768x768.webp 768w, https:\/\/alqawafel.com\/wp-content\/uploads\/2024\/11\/CORRECTOR-LOGO.webp 1000w\" sizes=\"auto, (max-width: 300px) 100vw, 300px\" \/><\/p>","protected":false},"excerpt":{"rendered":"<p><span style=\"font-size: 18px;\">O pH Corretor equilibra o pH do solo, liberta nutrientes bloqueados e limpa os sistemas de irriga\u00e7\u00e3o, melhorando a disponibilidade e a absor\u00e7\u00e3o de nutrientes.<\/span><\/p>","protected":false},"featured_media":17112,"comment_status":"open","ping_status":"closed","template":"","meta":{"om_disable_all_campaigns":false,"_monsterinsights_skip_tracking":false,"_monsterinsights_sitenote_active":false,"_monsterinsights_sitenote_note":"","_monsterinsights_sitenote_category":0},"product_brand":[],"product_cat":[50,2136],"product_tag":[866,463,1054,1052,1051,1050,1053],"class_list":{"0":"post-10142","1":"product","2":"type-product","3":"status-publish","4":"has-post-thumbnail","6":"product_cat-fertilizers","7":"product_cat-specialty-fertilizers","8":"product_tag-al-qawafel-ind-agr-co","9":"product_tag-fertilizer","10":"product_tag-nutrient-efficiency","11":"product_tag-nutrient-unlocker","12":"product_tag-ph-balancing","13":"product_tag-ph-corrector","14":"product_tag-soil-water-ph-control","16":"first","17":"instock","18":"shipping-taxable","19":"product-type-simple"},"aioseo_notices":[],"_links":{"self":[{"href":"https:\/\/alqawafel.com\/pt\/wp-json\/wp\/v2\/product\/10142","targetHints":{"allow":["GET"]}}],"collection":[{"href":"https:\/\/alqawafel.com\/pt\/wp-json\/wp\/v2\/product"}],"about":[{"href":"https:\/\/alqawafel.com\/pt\/wp-json\/wp\/v2\/types\/product"}],"replies":[{"embeddable":true,"href":"https:\/\/alqawafel.com\/pt\/wp-json\/wp\/v2\/comments?post=10142"}],"version-history":[{"count":7,"href":"https:\/\/alqawafel.com\/pt\/wp-json\/wp\/v2\/product\/10142\/revisions"}],"predecessor-version":[{"id":19398,"href":"https:\/\/alqawafel.com\/pt\/wp-json\/wp\/v2\/product\/10142\/revisions\/19398"}],"wp:featuredmedia":[{"embeddable":true,"href":"https:\/\/alqawafel.com\/pt\/wp-json\/wp\/v2\/media\/17112"}],"wp:attachment":[{"href":"https:\/\/alqawafel.com\/pt\/wp-json\/wp\/v2\/media?parent=10142"}],"wp:term":[{"taxonomy":"product_brand","embeddable":true,"href":"https:\/\/alqawafel.com\/pt\/wp-json\/wp\/v2\/product_brand?post=10142"},{"taxonomy":"product_cat","embeddable":true,"href":"https:\/\/alqawafel.com\/pt\/wp-json\/wp\/v2\/product_cat?post=10142"},{"taxonomy":"product_tag","embeddable":true,"href":"https:\/\/alqawafel.com\/pt\/wp-json\/wp\/v2\/product_tag?post=10142"}],"curies":[{"name":"wp","href":"https:\/\/api.w.org\/{rel}","templated":true}]}}