{"id":10144,"date":"2024-11-14T10:01:35","date_gmt":"2024-11-14T10:01:35","guid":{"rendered":"https:\/\/alqawafel.com\/?post_type=product&#038;p=10144"},"modified":"2025-07-07T07:13:28","modified_gmt":"2025-07-07T07:13:28","slug":"fosforo","status":"publish","type":"product","link":"https:\/\/alqawafel.com\/pt\/product\/phosphorous\/","title":{"rendered":"Fertilizante fosf\u00f3rico"},"content":{"rendered":"<h3>Porqu\u00ea escolher o f\u00f3sforo?<\/h3>\n<p><span style=\"font-size: 18px;\">O Phosphorous \u00e9 um composto nutritivo especialmente formulado, rico em nutrientes essenciais, incluindo f\u00f3sforo, pot\u00e1ssio, azoto e microelementos quelatados. Este produto apoia o desenvolvimento das ra\u00edzes, melhora a resist\u00eancia das plantas e melhora a qualidade das colheitas, facilitando o movimento dos nutrientes dentro da planta. A sua composi\u00e7\u00e3o \u00fanica permite-lhe ser absorvido eficazmente tanto para cima como para baixo, garantindo que as plantas recebem um fornecimento constante de f\u00f3sforo e pot\u00e1ssio. O f\u00f3sforo tamb\u00e9m desempenha um papel fundamental na agricultura biol\u00f3gica, aumentando a resist\u00eancia natural contra infec\u00e7\u00f5es f\u00fangicas sem causar imunidade aos fungos.<\/span><\/p>\n<h3>Principais benef\u00edcios do composto nutritivo vegetal de f\u00f3sforo<\/h3>\n<ul>\n<li><span style=\"font-size: 18px;\"><strong>Promove o desenvolvimento das ra\u00edzes:<\/strong> Apoia a forma\u00e7\u00e3o de ra\u00edzes, melhora a flora\u00e7\u00e3o e aumenta a fixa\u00e7\u00e3o e a produ\u00e7\u00e3o das culturas.<\/span><\/li>\n<li><span style=\"font-size: 18px;\"><strong>Absor\u00e7\u00e3o de dupla dire\u00e7\u00e3o:<\/strong> Absorvido tanto para cima como para baixo, proporcionando um acesso constante aos nutrientes essenciais.<\/span><\/li>\n<li><span style=\"font-size: 18px;\"><strong>Aumenta a resist\u00eancia a doen\u00e7as f\u00fangicas:<\/strong> Melhora a defesa natural contra os fungos, prevenindo infec\u00e7\u00f5es como o m\u00edldio e o apodrecimento das ra\u00edzes.<\/span><\/li>\n<li><span style=\"font-size: 18px;\"><strong>Melhora a qualidade e o armazenamento dos frutos:<\/strong> Melhora o movimento do amido, da gordura e dos sacar\u00eddeos, melhorando a cor, o sabor, a forma e a capacidade de armazenamento dos frutos.<\/span><\/li>\n<li><span style=\"font-size: 18px;\"><strong>Ideal para a agricultura biol\u00f3gica:<\/strong> Minimiza a necessidade de pesticidas qu\u00edmicos, apoiando a produ\u00e7\u00e3o de culturas sustent\u00e1veis e naturais.<\/span><\/li>\n<\/ul>\n<h3>Aplica\u00e7\u00f5es recomendadas para o f\u00f3sforo<\/h3>\n<p><span style=\"font-size: 18px;\"><strong>Aplica\u00e7\u00e3o foliar:<\/strong> Aplicar diretamente nas folhas para uma absor\u00e7\u00e3o eficaz dos nutrientes.<\/span><br \/>\n<span style=\"font-size: 18px;\"><strong>Aplica\u00e7\u00e3o no solo:<\/strong> Ideal para a absor\u00e7\u00e3o ao n\u00edvel das ra\u00edzes em v\u00e1rias culturas.<\/span><\/p>\n<p><span style=\"font-size: 18px;\"><strong>Adequado para:<\/strong><\/span><\/p>\n<ul>\n<li><span style=\"font-size: 18px;\"><b>\u00c1rvores de fruto<\/b><\/span><\/li>\n<li><span style=\"font-size: 18px;\"><strong>Vegetais de campo aberto e de estufa<\/strong><\/span><\/li>\n<li><span style=\"font-size: 18px;\"><strong>Planta Ornamental<\/strong><\/span><\/li>\n<\/ul>\n<h3>Taxa de aplica\u00e7\u00e3o<\/h3>\n<ul>\n<li data-start=\"121\" data-end=\"258\">\n<h4 data-start=\"123\" data-end=\"133\"><strong data-start=\"123\" data-end=\"133\">Ma\u00e7\u00e3s<\/strong><\/h4>\n<ul data-start=\"136\" data-end=\"258\">\n<li data-start=\"136\" data-end=\"200\">\n<p data-start=\"138\" data-end=\"200\"><span style=\"font-size: 14pt;\"><em data-start=\"138\" data-end=\"147\">Foliar:<\/em> 400-500 ml \/ 200 L de \u00e1gua, mensalmente durante a desfolia\u00e7\u00e3o<\/span><\/p>\n<\/li>\n<li data-start=\"203\" data-end=\"258\">\n<p data-start=\"205\" data-end=\"258\"><span style=\"font-size: 14pt;\"><em data-start=\"205\" data-end=\"212\">Solo:<\/em> 10 L \/ 200 L de \u00e1gua, a uma taxa de 2 L por \u00e1rvore<\/span><\/p>\n<\/li>\n<\/ul>\n<\/li>\n<li data-start=\"260\" data-end=\"346\">\n<h4 data-start=\"262\" data-end=\"272\"><strong data-start=\"262\" data-end=\"272\">Citrinos<\/strong><\/h4>\n<ul data-start=\"275\" data-end=\"346\">\n<li data-start=\"275\" data-end=\"346\">\n<p data-start=\"277\" data-end=\"346\"><span style=\"font-size: 14pt;\"><em data-start=\"277\" data-end=\"286\">Foliar:<\/em> Duas vezes na primavera, uma vez no outono a 400-500 ml \/ 200 L de \u00e1gua<\/span><\/p>\n<\/li>\n<\/ul>\n<\/li>\n<li data-start=\"348\" data-end=\"420\">\n<h4 data-start=\"350\" data-end=\"360\"><strong data-start=\"350\" data-end=\"360\">Uvas<\/strong><\/h4>\n<ul data-start=\"363\" data-end=\"420\">\n<li data-start=\"363\" data-end=\"420\">\n<p data-start=\"365\" data-end=\"420\"><span style=\"font-size: 14pt;\"><em data-start=\"365\" data-end=\"374\">Foliar:<\/em> 2-3 vezes em fun\u00e7\u00e3o das necessidades, 500 ml \/ 200 L de \u00e1gua<\/span><\/p>\n<\/li>\n<\/ul>\n<\/li>\n<li data-start=\"422\" data-end=\"504\">\n<h4 data-start=\"424\" data-end=\"440\"><strong data-start=\"424\" data-end=\"440\">Morangos<\/strong><\/h4>\n<ul data-start=\"443\" data-end=\"504\">\n<li data-start=\"443\" data-end=\"504\">\n<p data-start=\"445\" data-end=\"504\"><span style=\"font-size: 14pt;\"><em data-start=\"445\" data-end=\"454\">Foliar:<\/em> 2-3 vezes em fun\u00e7\u00e3o das necessidades, 400-600 ml \/ 200 L de \u00e1gua<\/span><\/p>\n<\/li>\n<\/ul>\n<\/li>\n<li data-start=\"506\" data-end=\"584\">\n<h4 data-start=\"508\" data-end=\"532\"><strong data-start=\"508\" data-end=\"532\">Mudas de morango<\/strong><\/h4>\n<ul data-start=\"535\" data-end=\"584\">\n<li data-start=\"535\" data-end=\"584\">\n<p data-start=\"537\" data-end=\"584\"><span style=\"font-size: 14pt;\"><em data-start=\"537\" data-end=\"549\">Mergulhar as ra\u00edzes:<\/em> 15 minutos em solu\u00e7\u00e3o de f\u00f3sforo<\/span><\/p>\n<\/li>\n<\/ul>\n<\/li>\n<li data-start=\"586\" data-end=\"666\">\n<h4 data-start=\"588\" data-end=\"627\"><strong data-start=\"588\" data-end=\"627\">Produtos hort\u00edcolas (protegidos e ao ar livre)<\/strong><\/h4>\n<ul data-start=\"630\" data-end=\"666\">\n<li data-start=\"630\" data-end=\"666\">\n<p data-start=\"632\" data-end=\"666\"><span style=\"font-size: 14pt;\"><em data-start=\"632\" data-end=\"641\">Foliar:<\/em> 400-600 ml \/ 200 L de \u00e1gua<\/span><\/p>\n<\/li>\n<\/ul>\n<\/li>\n<li data-start=\"668\" data-end=\"724\">\n<h4 data-start=\"670\" data-end=\"685\"><strong data-start=\"670\" data-end=\"685\">Plantas ornamentais<\/strong><\/h4>\n<ul data-start=\"688\" data-end=\"724\">\n<li data-start=\"688\" data-end=\"724\">\n<p data-start=\"690\" data-end=\"724\"><span style=\"font-size: 14pt;\"><em data-start=\"690\" data-end=\"699\">Foliar:<\/em> 400-600 ml \/ 200 L de \u00e1gua<\/span><\/p>\n<\/li>\n<\/ul>\n<\/li>\n<\/ul>\n<h3 class=\"translation-block\"><span style=\"font-size: 18px\">Composi\u00e7\u00e3o qu\u00edmica<\/span><\/h3>\n<ul>\n<li><span style=\"font-size: 18px;\"><strong>F\u00f3sforo (P 27%)<\/strong><\/span><\/li>\n<li><span style=\"font-size: 18px;\"><strong>Pot\u00e1ssio (K 18%)<\/strong><\/span><\/li>\n<li><span style=\"font-size: 18px;\"><strong>Azoto (N 3%)<\/strong><\/span><\/li>\n<li><span style=\"font-size: 18px;\"><strong>Micronutrientes quelatados<\/strong><\/span><\/li>\n<\/ul>\n<h3>Embalagem<\/h3>\n<ul>\n<li><span style=\"font-size: 18px;\"><strong>1 L e 5 L<\/strong><\/span><\/li>\n<\/ul>\n<p><img loading=\"lazy\" decoding=\"async\" class=\"alignnone size-medium wp-image-17092\" src=\"https:\/\/alqawafel.com\/wp-content\/uploads\/2024\/11\/PHOSPHOROS.-LOGO-300x300.webp\" alt=\"F\u00f3sforo\" width=\"300\" height=\"300\" srcset=\"https:\/\/alqawafel.com\/wp-content\/uploads\/2024\/11\/PHOSPHOROS.-LOGO-300x300.webp 300w, https:\/\/alqawafel.com\/wp-content\/uploads\/2024\/11\/PHOSPHOROS.-LOGO-150x150.webp 150w, https:\/\/alqawafel.com\/wp-content\/uploads\/2024\/11\/PHOSPHOROS.-LOGO-768x768.webp 768w, https:\/\/alqawafel.com\/wp-content\/uploads\/2024\/11\/PHOSPHOROS.-LOGO.webp 1000w\" sizes=\"auto, (max-width: 300px) 100vw, 300px\" \/><\/p>","protected":false},"excerpt":{"rendered":"<p><span style=\"font-size: 18px;\">O f\u00f3sforo \u00e9 um composto nutritivo para as plantas que estimula o desenvolvimento das ra\u00edzes, aumenta a resist\u00eancia aos fungos e melhora a qualidade das culturas para a agricultura biol\u00f3gica.<\/span><\/p>","protected":false},"featured_media":17092,"comment_status":"open","ping_status":"closed","template":"","meta":{"om_disable_all_campaigns":false,"_monsterinsights_skip_tracking":false,"_monsterinsights_sitenote_active":false,"_monsterinsights_sitenote_note":"","_monsterinsights_sitenote_category":0},"product_brand":[],"product_cat":[50,2137],"product_tag":[866,463,1058,1055,1056,1057,1010],"class_list":{"0":"post-10144","1":"product","2":"type-product","3":"status-publish","4":"has-post-thumbnail","6":"product_cat-fertilizers","7":"product_cat-smart-fertilizers","8":"product_tag-al-qawafel-ind-agr-co","9":"product_tag-fertilizer","10":"product_tag-fungal-resistance","11":"product_tag-phosphorous","12":"product_tag-phosphorus-rich","13":"product_tag-root-booster","14":"product_tag-root-development","16":"first","17":"instock","18":"shipping-taxable","19":"product-type-simple"},"aioseo_notices":[],"_links":{"self":[{"href":"https:\/\/alqawafel.com\/pt\/wp-json\/wp\/v2\/product\/10144","targetHints":{"allow":["GET"]}}],"collection":[{"href":"https:\/\/alqawafel.com\/pt\/wp-json\/wp\/v2\/product"}],"about":[{"href":"https:\/\/alqawafel.com\/pt\/wp-json\/wp\/v2\/types\/product"}],"replies":[{"embeddable":true,"href":"https:\/\/alqawafel.com\/pt\/wp-json\/wp\/v2\/comments?post=10144"}],"version-history":[{"count":4,"href":"https:\/\/alqawafel.com\/pt\/wp-json\/wp\/v2\/product\/10144\/revisions"}],"predecessor-version":[{"id":19368,"href":"https:\/\/alqawafel.com\/pt\/wp-json\/wp\/v2\/product\/10144\/revisions\/19368"}],"wp:featuredmedia":[{"embeddable":true,"href":"https:\/\/alqawafel.com\/pt\/wp-json\/wp\/v2\/media\/17092"}],"wp:attachment":[{"href":"https:\/\/alqawafel.com\/pt\/wp-json\/wp\/v2\/media?parent=10144"}],"wp:term":[{"taxonomy":"product_brand","embeddable":true,"href":"https:\/\/alqawafel.com\/pt\/wp-json\/wp\/v2\/product_brand?post=10144"},{"taxonomy":"product_cat","embeddable":true,"href":"https:\/\/alqawafel.com\/pt\/wp-json\/wp\/v2\/product_cat?post=10144"},{"taxonomy":"product_tag","embeddable":true,"href":"https:\/\/alqawafel.com\/pt\/wp-json\/wp\/v2\/product_tag?post=10144"}],"curies":[{"name":"wp","href":"https:\/\/api.w.org\/{rel}","templated":true}]}}