{"id":10146,"date":"2024-11-14T10:06:58","date_gmt":"2024-11-14T10:06:58","guid":{"rendered":"https:\/\/alqawafel.com\/?post_type=product&#038;p=10146"},"modified":"2025-08-09T11:46:02","modified_gmt":"2025-08-09T11:46:02","slug":"polissulfureto-de-potassio","status":"publish","type":"product","link":"https:\/\/alqawafel.com\/pt\/product\/potassium-poly-sulfide\/","title":{"rendered":"Fertilizante de polissulfureto de pot\u00e1ssio KS"},"content":{"rendered":"<h3>Porqu\u00ea escolher o Polissulfureto de Pot\u00e1ssio KS?<\/h3>\n<p><span style=\"font-size: 18px;\">Potassium Poly Sulfide \u00e9 um fertilizante cientificamente desenvolvido que combina nutrientes essenciais, pot\u00e1ssio e enxofre, para promover o crescimento das plantas, proteger contra doen\u00e7as f\u00fangicas e apoiar a sa\u00fade geral. Esta f\u00f3rmula \u00fanica alimenta as plantas ao mesmo tempo que proporciona uma barreira protetora contra as pragas, o que a torna um complemento valioso para culturas como os citrinos, as am\u00eandoas, as ma\u00e7\u00e3s, as uvas e os legumes. Seguro para humanos, animais e polinizadores, o Poly Sulfide oferece uma solu\u00e7\u00e3o ecol\u00f3gica para melhorar o crescimento, resistir a doen\u00e7as e melhorar a cor e a qualidade dos frutos.<\/span><\/p>\n<h3>Principais benef\u00edcios do Fertilizante de Polissulfureto de Pot\u00e1ssio KS<\/h3>\n<ul>\n<li><span style=\"font-size: 18px;\"><strong>Dupla funcionalidade:<\/strong> Actua como fertilizante protetor e como fonte de nutrientes essenciais, promovendo o crescimento das plantas e protegendo-as contra pragas.<\/span><\/li>\n<li><span style=\"font-size: 18px;\"><strong>Aumenta a sa\u00fade e a resist\u00eancia das plantas:<\/strong> Fortalece as plantas, permitindo-lhes resistir melhor \u00e0s doen\u00e7as e ao stress ambiental.<\/span><\/li>\n<li><span style=\"font-size: 18px;\"><strong>Melhora a qualidade dos frutos:<\/strong> Melhora a cor, o sabor e a capacidade de armazenamento da fruta, especialmente em citrinos, ma\u00e7\u00e3s, am\u00eandoas e uvas.<\/span><\/li>\n<li><span style=\"font-size: 18px;\"><strong>Amigo do ambiente:<\/strong> Seguro para seres humanos, animais e polinizadores, garantindo uma utiliza\u00e7\u00e3o ecol\u00f3gica.<\/span><\/li>\n<li><span style=\"font-size: 18px;\"><strong>Previne o crescimento de fungos:<\/strong> Forma uma camada protetora de enxofre nas folhas, bloqueando os esporos dos fungos e interrompendo o ciclo de vida dos agentes patog\u00e9nicos dos fungos.<\/span><\/li>\n<\/ul>\n<h3>Import\u00e2ncia dos nutrientes essenciais<\/h3>\n<p><span style=\"font-size: 18px;\"><strong>Pot\u00e1ssio (K\u2082O):<\/strong><\/span><\/p>\n<ul>\n<li><span style=\"font-size: 18px;\"><strong>Regula a osmose:<\/strong> Mant\u00e9m o equil\u00edbrio da \u00e1gua na planta, aumentando a resist\u00eancia em condi\u00e7\u00f5es dif\u00edceis.<\/span><\/li>\n<li><span style=\"font-size: 18px;\"><strong>Apoia o transporte de hidratos de carbono:<\/strong> Ajuda a transferir nutrientes das folhas para as \u00e1reas de armazenamento nos frutos, ra\u00edzes e tub\u00e9rculos.<\/span><\/li>\n<li><span style=\"font-size: 18px;\"><strong>Aumenta a resist\u00eancia \u00e0s doen\u00e7as:<\/strong> Fortalece as plantas contra as doen\u00e7as, melhorando o crescimento e a qualidade dos frutos.<\/span><\/li>\n<\/ul>\n<p><span style=\"font-size: 18px;\"><strong>Enxofre (S):<\/strong><\/span><\/p>\n<ul>\n<li><span style=\"font-size: 18px;\"><strong>S\u00edntese de prote\u00ednas:<\/strong> Combina-se com o azoto para formar amino\u00e1cidos essenciais para a constru\u00e7\u00e3o de prote\u00ednas.<\/span><\/li>\n<li><span style=\"font-size: 18px;\"><strong>Vitaminas e reguladores de crescimento Forma\u00e7\u00e3o:<\/strong> Desempenha um papel crucial na s\u00edntese de vitaminas e reguladores do crescimento das plantas.<\/span><\/li>\n<li><span style=\"font-size: 18px;\"><strong>Melhora a fotoss\u00edntese:<\/strong> Contribui para a produ\u00e7\u00e3o de clorofila e para a fotoss\u00edntese, favorecendo o crescimento e a resist\u00eancia.<\/span><\/li>\n<\/ul>\n<h3>Aplica\u00e7\u00e3o ideal do Fertilizante Polissulfureto de Pot\u00e1ssio<\/h3>\n<p class=\"translation-block\"><span style=\"font-size: 18px\">Poly Sulfide \u00e9 melhor utilizado como <strong>aplica\u00e7\u00e3o foliar<\/strong> numa grande variedade de culturas:<\/span><\/p>\n<ol>\n<li><span style=\"font-size: 18px;\"><strong>Como nutriente:<\/strong><\/span>\n<ul>\n<li><span style=\"font-size: 18px;\"><strong>Legumes:<\/strong> Tomates, Cucurbit\u00e1ceas, Morangos<\/span><\/li>\n<li><span style=\"font-size: 18px;\"><strong>\u00c1rvores de fruto:<\/strong> Citrinos (frut\u00edferos e n\u00e3o frut\u00edferos), mangas, ma\u00e7\u00e3s, uvas<\/span><\/li>\n<li><span style=\"font-size: 18px;\"><strong>Plantas ornamentais<\/strong><\/span><\/li>\n<\/ul>\n<\/li>\n<li><span style=\"font-size: 18px;\"><strong>Para prote\u00e7\u00e3o contra doen\u00e7as f\u00fangicas:<\/strong><\/span>\n<ul>\n<li><span style=\"font-size: 18px;\"><strong>Vegetais de campo aberto e de estufa\u00a0\u00a0<\/strong><\/span><\/li>\n<li><span style=\"font-size: 18px;\"><strong>\u00c1rvores de fruto<\/strong><\/span><\/li>\n<li><span style=\"font-size: 14pt;\"><strong>Culturas arvenses<\/strong><\/span><\/li>\n<\/ul>\n<\/li>\n<\/ol>\n<h3>Taxa de aplica\u00e7\u00e3o<\/h3>\n<h4 data-start=\"113\" data-end=\"132\"><strong data-start=\"113\" data-end=\"130\">1. Produtos hort\u00edcolas<\/strong><\/h4>\n<ul data-start=\"133\" data-end=\"442\">\n<li data-start=\"133\" data-end=\"181\">\n<p data-start=\"135\" data-end=\"181\"><span style=\"font-size: 14pt;\"><strong data-start=\"135\" data-end=\"145\">Utiliza\u00e7\u00e3o:<\/strong> 300-500 ml \/ 200 L de \u00e1gua (foliar)<\/span><\/p>\n<\/li>\n<li data-start=\"182\" data-end=\"278\">\n<p data-start=\"184\" data-end=\"278\"><span style=\"font-size: 14pt;\"><strong data-start=\"184\" data-end=\"195\">Tomate:<\/strong> 4 pulveriza\u00e7\u00f5es - a partir de 21 dias ap\u00f3s a transplanta\u00e7\u00e3o, depois na frutifica\u00e7\u00e3o e na forma\u00e7\u00e3o dos frutos<\/span><\/p>\n<\/li>\n<li data-start=\"279\" data-end=\"370\">\n<p data-start=\"281\" data-end=\"370\"><span style=\"font-size: 14pt;\"><strong data-start=\"281\" data-end=\"295\">Cucurbit\u00e1ceas:<\/strong> 4 pulveriza\u00e7\u00f5es - ap\u00f3s a forma\u00e7\u00e3o das folhas, depois durante a flora\u00e7\u00e3o e a frutifica\u00e7\u00e3o<\/span><\/p>\n<\/li>\n<li data-start=\"371\" data-end=\"442\">\n<p data-start=\"373\" data-end=\"442\"><span style=\"font-size: 14pt;\"><strong data-start=\"373\" data-end=\"388\">Morango:<\/strong> Pulveriza\u00e7\u00f5es mensais durante 4 meses a partir da flora\u00e7\u00e3o<\/span><\/p>\n<\/li>\n<\/ul>\n<h4 data-start=\"444\" data-end=\"464\"><strong data-start=\"444\" data-end=\"462\">2. \u00c1rvores de fruto<\/strong><\/h4>\n<ul data-start=\"465\" data-end=\"846\">\n<li data-start=\"465\" data-end=\"558\">\n<p data-start=\"467\" data-end=\"558\"><span style=\"font-size: 14pt;\"><strong data-start=\"467\" data-end=\"489\">Citrinos (frutifica\u00e7\u00e3o):<\/strong> 3 pulveriza\u00e7\u00f5es - final da primavera, in\u00edcio do outono e 2 semanas antes da colheita<\/span><\/p>\n<\/li>\n<li data-start=\"559\" data-end=\"627\">\n<p data-start=\"561\" data-end=\"627\"><span style=\"font-size: 14pt;\"><strong data-start=\"561\" data-end=\"587\">Citrinos (n\u00e3o frut\u00edferos):<\/strong> 3 pulveriza\u00e7\u00f5es - mar\u00e7o, junho e setembro<\/span><\/p>\n<\/li>\n<li data-start=\"628\" data-end=\"690\">\n<p data-start=\"630\" data-end=\"690\"><span style=\"font-size: 14pt;\"><strong data-start=\"630\" data-end=\"640\">Manga:<\/strong> 3 pulveriza\u00e7\u00f5es - durante a flora\u00e7\u00e3o e ap\u00f3s a frutifica\u00e7\u00e3o<\/span><\/p>\n<\/li>\n<li data-start=\"691\" data-end=\"742\">\n<p data-start=\"693\" data-end=\"742\"><span style=\"font-size: 14pt;\"><strong data-start=\"693\" data-end=\"704\">Uvas:<\/strong> 3 pulveriza\u00e7\u00f5es - durante a forma\u00e7\u00e3o do cacho<\/span><\/p>\n<\/li>\n<li data-start=\"743\" data-end=\"793\">\n<p data-start=\"745\" data-end=\"793\"><span style=\"font-size: 14pt;\"><strong data-start=\"745\" data-end=\"755\">Apple:<\/strong> 4 pulveriza\u00e7\u00f5es - da frutifica\u00e7\u00e3o \u00e0 colheita<\/span><\/p>\n<\/li>\n<li data-start=\"794\" data-end=\"846\">\n<p data-start=\"796\" data-end=\"846\"><span style=\"font-size: 14pt;\"><strong data-start=\"796\" data-end=\"813\">Frutos de caro\u00e7o:<\/strong> 2 pulveriza\u00e7\u00f5es - ap\u00f3s o vingamento dos frutos<\/span><\/p>\n<\/li>\n<\/ul>\n<h4 data-start=\"848\" data-end=\"874\"><strong data-start=\"848\" data-end=\"872\">3. Plantas ornamentais<\/strong><\/h4>\n<ul data-start=\"875\" data-end=\"921\">\n<li data-start=\"875\" data-end=\"921\">\n<p data-start=\"877\" data-end=\"921\"><span style=\"font-size: 14pt;\"><strong data-start=\"877\" data-end=\"887\">Utiliza\u00e7\u00e3o:<\/strong> 200-500 ml \/ 200 L de \u00e1gua (foliar)<\/span><\/p>\n<\/li>\n<\/ul>\n<h3 class=\"translation-block\"><span style=\"font-size: 18px\">Composi\u00e7\u00e3o qu\u00edmica<\/span><\/h3>\n<ul>\n<li><span style=\"font-size: 18px;\"><strong>Enxofre (S 40%)<\/strong><\/span><\/li>\n<li><span style=\"font-size: 18px;\"><strong>Pot\u00e1ssio (K\u2082O 35%)<\/strong><\/span><\/li>\n<\/ul>\n<h3>Embalagem<\/h3>\n<ul>\n<li><span style=\"font-size: 18px;\"><strong>Gal\u00e3o de 1 L, 5 L e 20 L<\/strong><\/span><\/li>\n<\/ul>\n<p><img loading=\"lazy\" decoding=\"async\" class=\"alignnone size-medium wp-image-18401\" src=\"https:\/\/alqawafel.com\/wp-content\/uploads\/2024\/11\/POLY-SULFIDE-kS-LOGO-300x300.webp\" alt=\"Potassium Poly Sulfide \u00e9 um fertilizante protetor de pot\u00e1ssio e enxofre que melhora o crescimento, aumenta a resist\u00eancia a doen\u00e7as e promove a qualidade dos frutos.\" width=\"300\" height=\"300\" srcset=\"https:\/\/alqawafel.com\/wp-content\/uploads\/2024\/11\/POLY-SULFIDE-kS-LOGO-300x300.webp 300w, https:\/\/alqawafel.com\/wp-content\/uploads\/2024\/11\/POLY-SULFIDE-kS-LOGO-150x150.webp 150w, https:\/\/alqawafel.com\/wp-content\/uploads\/2024\/11\/POLY-SULFIDE-kS-LOGO-768x768.webp 768w, https:\/\/alqawafel.com\/wp-content\/uploads\/2024\/11\/POLY-SULFIDE-kS-LOGO.webp 1000w\" sizes=\"auto, (max-width: 300px) 100vw, 300px\" \/><\/p>","protected":false},"excerpt":{"rendered":"<p class=\"translation-block\"><span style=\"font-size: 18px\">Potassium Poly Sulfide <\/span>KS <span style=\"font-size: 18px\">\u00e9 um fertilizante protetor de pot\u00e1ssio e enxofre que melhora o crescimento, aumenta a resist\u00eancia a doen\u00e7as e promove a qualidade dos frutos.<\/span><\/p>","protected":false},"featured_media":18401,"comment_status":"open","ping_status":"closed","template":"","meta":{"om_disable_all_campaigns":false,"_monsterinsights_skip_tracking":false,"_monsterinsights_sitenote_active":false,"_monsterinsights_sitenote_note":"","_monsterinsights_sitenote_category":0},"product_brand":[],"product_cat":[50,2137],"product_tag":[866,1061,463,1013,929,1059,1060],"class_list":{"0":"post-10146","1":"product","2":"type-product","3":"status-publish","4":"has-post-thumbnail","6":"product_cat-fertilizers","7":"product_cat-smart-fertilizers","8":"product_tag-al-qawafel-ind-agr-co","9":"product_tag-dual-function","10":"product_tag-fertilizer","11":"product_tag-fungal-protection","12":"product_tag-plant-resilience","13":"product_tag-poly-sulfide","14":"product_tag-potassium-sulfur-blend","16":"first","17":"instock","18":"shipping-taxable","19":"product-type-simple"},"aioseo_notices":[],"_links":{"self":[{"href":"https:\/\/alqawafel.com\/pt\/wp-json\/wp\/v2\/product\/10146","targetHints":{"allow":["GET"]}}],"collection":[{"href":"https:\/\/alqawafel.com\/pt\/wp-json\/wp\/v2\/product"}],"about":[{"href":"https:\/\/alqawafel.com\/pt\/wp-json\/wp\/v2\/types\/product"}],"replies":[{"embeddable":true,"href":"https:\/\/alqawafel.com\/pt\/wp-json\/wp\/v2\/comments?post=10146"}],"version-history":[{"count":13,"href":"https:\/\/alqawafel.com\/pt\/wp-json\/wp\/v2\/product\/10146\/revisions"}],"predecessor-version":[{"id":19506,"href":"https:\/\/alqawafel.com\/pt\/wp-json\/wp\/v2\/product\/10146\/revisions\/19506"}],"wp:featuredmedia":[{"embeddable":true,"href":"https:\/\/alqawafel.com\/pt\/wp-json\/wp\/v2\/media\/18401"}],"wp:attachment":[{"href":"https:\/\/alqawafel.com\/pt\/wp-json\/wp\/v2\/media?parent=10146"}],"wp:term":[{"taxonomy":"product_brand","embeddable":true,"href":"https:\/\/alqawafel.com\/pt\/wp-json\/wp\/v2\/product_brand?post=10146"},{"taxonomy":"product_cat","embeddable":true,"href":"https:\/\/alqawafel.com\/pt\/wp-json\/wp\/v2\/product_cat?post=10146"},{"taxonomy":"product_tag","embeddable":true,"href":"https:\/\/alqawafel.com\/pt\/wp-json\/wp\/v2\/product_tag?post=10146"}],"curies":[{"name":"wp","href":"https:\/\/api.w.org\/{rel}","templated":true}]}}