{"id":10159,"date":"2024-11-14T10:57:35","date_gmt":"2024-11-14T10:57:35","guid":{"rendered":"https:\/\/alqawafel.com\/?post_type=product&#038;p=10159"},"modified":"2025-07-09T08:28:58","modified_gmt":"2025-07-09T08:28:58","slug":"crescimento-12-12-36t-e","status":"publish","type":"product","link":"https:\/\/alqawafel.com\/pt\/product\/growth-12-12-36t-e\/","title":{"rendered":"Crescimento 12-12-36+T.E. Fertilizante"},"content":{"rendered":"<h3>Porqu\u00ea escolher o Fertilizante Growth 12-12-36+T.E.?<\/h3>\n<p><span style=\"font-size: 18px;\">O Growth 12-12-36+T.E. Fertilizer \u00e9 um fertilizante composto equilibrado com elevado teor de pot\u00e1ssio, concebido para promover um crescimento vigoroso, melhorar a qualidade dos frutos e aumentar a resist\u00eancia das culturas. Enriquecida com nutrientes essenciais como o azoto, o f\u00f3sforo, o enxofre, o magn\u00e9sio e os oligoelementos, esta f\u00f3rmula avan\u00e7ada garante que as plantas recebem um perfil nutricional equilibrado que melhora o crescimento e o rendimento. A composi\u00e7\u00e3o \u00fanica mant\u00e9m um pH e um n\u00edvel de CE \u00f3ptimos, o que o torna altamente eficaz em solos salinos, ao mesmo tempo que fornece pot\u00e1ssio est\u00e1vel para uma disponibilidade prolongada nas solu\u00e7\u00f5es do solo.<\/span><\/p>\n<h3>Principais benef\u00edcios do Fertilizante Growth 12-12-36+T.E.<\/h3>\n<ul>\n<li><span style=\"font-size: 18px;\"><strong>Alto teor de pot\u00e1ssio:<\/strong> Essencial para o desenvolvimento, tamanho e qualidade geral dos frutos, tornando-o ideal para culturas com elevada necessidade de pot\u00e1ssio.<\/span><\/li>\n<li><span style=\"font-size: 18px;\"><strong>Absor\u00e7\u00e3o \u00f3ptima de nutrientes:<\/strong> O pH \u00e1cido de 6 e a baixa CE melhoram a absor\u00e7\u00e3o de nutrientes, o que \u00e9 especialmente ben\u00e9fico em solos de elevada salinidade.<\/span><\/li>\n<li><span style=\"font-size: 18px;\"><strong>Formas de nitrog\u00e9nio triplo:<\/strong> O azoto est\u00e1 dispon\u00edvel nas formas de nitrato, am\u00f3nio e amina, apoiando o fornecimento equilibrado de nutrientes e o crescimento.<\/span><\/li>\n<li><span style=\"font-size: 18px;\"><strong>Estabilidade de pot\u00e1ssio de longa dura\u00e7\u00e3o:<\/strong> O pot\u00e1ssio permanece est\u00e1vel no solo, garantindo que as plantas o recebem continuamente sem a interfer\u00eancia de outros nutrientes.<\/span><\/li>\n<li><span style=\"font-size: 18px;\"><strong>Aplica\u00e7\u00e3o vers\u00e1til:<\/strong> A elevada solubilidade torna o Growth Fertilizer adequado para v\u00e1rios sistemas de irriga\u00e7\u00e3o, abrangendo vegetais, \u00e1rvores de fruto, culturas de campo e muito mais.<\/span><\/li>\n<\/ul>\n<h3 class=\"translation-block\"><span style=\"font-size: 18px\">Composi\u00e7\u00e3o qu\u00edmica<\/span><\/h3>\n<ul>\n<li><span style=\"font-size: 18px;\"><strong>Azoto (N 12%)<\/strong><\/span><\/li>\n<li><span style=\"font-size: 18px;\"><strong>F\u00f3sforo (P\u2082O\u2085 12%)<\/strong><\/span><\/li>\n<li><span style=\"font-size: 18px;\"><strong>Pot\u00e1ssio (K\u2082O 36%)<\/strong><\/span><\/li>\n<li><span style=\"font-size: 18px;\"><strong>Magn\u00e9sio (MgO)<\/strong><\/span><\/li>\n<li><span style=\"font-size: 18px;\"><strong>Ferro (Fe) - Quelatado com \u00e1cido c\u00edtrico EDTA<\/strong><\/span><\/li>\n<li><span style=\"font-size: 18px;\"><strong>Zinco (Zn) - Quelatado com \u00e1cido c\u00edtrico EDTA<\/strong><\/span><\/li>\n<li><span style=\"font-size: 18px;\"><strong>Mangan\u00eas (Mn) - Quelatado com \u00e1cido c\u00edtrico EDTA<\/strong><\/span><\/li>\n<li><span style=\"font-size: 18px;\"><strong>Cobre (Cu) - Quelatado com \u00e1cido c\u00edtrico EDTA<\/strong><\/span><\/li>\n<li><span style=\"font-size: 18px;\"><strong>Boro (B)<\/strong><\/span><\/li>\n<\/ul>\n<p><span style=\"font-size: 18px;\"><strong>Aditivos adicionais:<\/strong> Riboflavina, piridoxina, nicotinamida, tiamina e \u00e1cidos org\u00e2nicos.<\/span><\/p>\n<p><span style=\"font-size: 18px;\"><strong>Sem cloreto (Cl)<\/strong><\/span><\/p>\n<h3>Aplica\u00e7\u00e3o ideal<\/h3>\n<p><span style=\"font-size: 18px;\">O fertilizante de crescimento pode ser aplicado eficazmente atrav\u00e9s de diferentes sistemas de irriga\u00e7\u00e3o:<\/span><\/p>\n<p><span style=\"font-size: 18px;\"><strong>Culturas adequadas:<\/strong><\/span><\/p>\n<ul>\n<li><span style=\"font-size: 18px;\">Vegetais de estufa e de campo aberto.<\/span><\/li>\n<li><span style=\"font-size: 14pt;\">Culturas arvenses.<\/span><\/li>\n<li><span style=\"font-size: 18px;\">\u00c1rvores de fruto.<\/span><\/li>\n<li><span style=\"font-size: 14pt;\">Plantas Ornamentais.<\/span><\/li>\n<\/ul>\n<h3 data-start=\"139\" data-end=\"173\">Taxa de aplica\u00e7\u00e3o<\/h3>\n<h4 data-start=\"139\" data-end=\"173\"><strong data-start=\"145\" data-end=\"171\">Produtos hort\u00edcolas de campo aberto:<\/strong><\/h4>\n<p><span style=\"font-size: 14pt;\">1,5-2 kg \/ 1000 m\u00b2, 3-4 vezes por semana.<\/span><\/p>\n<h4 data-start=\"319\" data-end=\"343\"><strong data-start=\"325\" data-end=\"341\">\u00c1rvores de fruto:<\/strong><\/h4>\n<p data-start=\"346\" data-end=\"497\"><span style=\"font-size: 14pt;\">0,5-1 kg \/ 1000 m\u00b2, 3-4 vezes por semana ap\u00f3s o in\u00edcio da frutifica\u00e7\u00e3o e durante a matura\u00e7\u00e3o dos frutos.<\/span><\/p>\n<h3>Embalagem<\/h3>\n<ul>\n<li><span style=\"font-size: 18px;\"><strong>Saco de 25 kg.<\/strong><\/span><\/li>\n<\/ul>\n<p><img loading=\"lazy\" decoding=\"async\" class=\"alignnone size-medium wp-image-17242\" src=\"https:\/\/alqawafel.com\/wp-content\/uploads\/2024\/11\/Growth-Logo-12-12-36T.E-300x300.webp\" alt=\"Crescimento 12-12-36+T.E. \" width=\"300\" height=\"300\" srcset=\"https:\/\/alqawafel.com\/wp-content\/uploads\/2024\/11\/Growth-Logo-12-12-36T.E-300x300.webp 300w, https:\/\/alqawafel.com\/wp-content\/uploads\/2024\/11\/Growth-Logo-12-12-36T.E-150x150.webp 150w, https:\/\/alqawafel.com\/wp-content\/uploads\/2024\/11\/Growth-Logo-12-12-36T.E-768x768.webp 768w, https:\/\/alqawafel.com\/wp-content\/uploads\/2024\/11\/Growth-Logo-12-12-36T.E.webp 1000w\" sizes=\"auto, (max-width: 300px) 100vw, 300px\" \/><\/p>","protected":false},"excerpt":{"rendered":"<p><span style=\"font-size: 18px;\">Growth 12-12-36+T.E. \u00e9 um fertilizante sol\u00favel com elevado teor de pot\u00e1ssio que apoia o crescimento \u00f3timo das plantas, a qualidade do rendimento e a absor\u00e7\u00e3o de nutrientes.<\/span><\/p>","protected":false},"featured_media":17242,"comment_status":"open","ping_status":"closed","template":"","meta":{"om_disable_all_campaigns":false,"_monsterinsights_skip_tracking":false,"_monsterinsights_sitenote_active":false,"_monsterinsights_sitenote_note":"","_monsterinsights_sitenote_category":0},"product_brand":[2213],"product_cat":[50,2131],"product_tag":[866,886,463,1067,1966,917,881],"class_list":{"0":"post-10159","1":"product","2":"type-product","3":"status-publish","4":"has-post-thumbnail","6":"product_brand-growth","7":"product_cat-fertilizers","8":"product_cat-water-soluble-fertilizers","9":"product_tag-al-qawafel-ind-agr-co","10":"product_tag-balanced-nutrients","11":"product_tag-fertilizer","12":"product_tag-fruit-quality-enhancement","13":"product_tag-growth-12-12-36t-e-fertilizer","14":"product_tag-growth-support","15":"product_tag-high-potassium","17":"first","18":"instock","19":"shipping-taxable","20":"product-type-simple"},"aioseo_notices":[],"_links":{"self":[{"href":"https:\/\/alqawafel.com\/pt\/wp-json\/wp\/v2\/product\/10159","targetHints":{"allow":["GET"]}}],"collection":[{"href":"https:\/\/alqawafel.com\/pt\/wp-json\/wp\/v2\/product"}],"about":[{"href":"https:\/\/alqawafel.com\/pt\/wp-json\/wp\/v2\/types\/product"}],"replies":[{"embeddable":true,"href":"https:\/\/alqawafel.com\/pt\/wp-json\/wp\/v2\/comments?post=10159"}],"version-history":[{"count":7,"href":"https:\/\/alqawafel.com\/pt\/wp-json\/wp\/v2\/product\/10159\/revisions"}],"predecessor-version":[{"id":19322,"href":"https:\/\/alqawafel.com\/pt\/wp-json\/wp\/v2\/product\/10159\/revisions\/19322"}],"wp:featuredmedia":[{"embeddable":true,"href":"https:\/\/alqawafel.com\/pt\/wp-json\/wp\/v2\/media\/17242"}],"wp:attachment":[{"href":"https:\/\/alqawafel.com\/pt\/wp-json\/wp\/v2\/media?parent=10159"}],"wp:term":[{"taxonomy":"product_brand","embeddable":true,"href":"https:\/\/alqawafel.com\/pt\/wp-json\/wp\/v2\/product_brand?post=10159"},{"taxonomy":"product_cat","embeddable":true,"href":"https:\/\/alqawafel.com\/pt\/wp-json\/wp\/v2\/product_cat?post=10159"},{"taxonomy":"product_tag","embeddable":true,"href":"https:\/\/alqawafel.com\/pt\/wp-json\/wp\/v2\/product_tag?post=10159"}],"curies":[{"name":"wp","href":"https:\/\/api.w.org\/{rel}","templated":true}]}}