{"id":10164,"date":"2024-11-14T11:14:44","date_gmt":"2024-11-14T11:14:44","guid":{"rendered":"https:\/\/alqawafel.com\/?post_type=product&#038;p=10164"},"modified":"2025-07-09T08:28:51","modified_gmt":"2025-07-09T08:28:51","slug":"crescimento-12-36-12t-e-fertilizante","status":"publish","type":"product","link":"https:\/\/alqawafel.com\/pt\/product\/growth-12-36-12t-e-fertilizer\/","title":{"rendered":"Crescimento 12-36-12+T.E. Fertilizante"},"content":{"rendered":"<h3 class=\"translation-block\">Porqu\u00ea escolher o fertilizante Growth 12-36-12+T.E.<strong> <\/strong>?<\/h3>\n<p><span style=\"font-size: 18px;\">Crescimento 12-36-12+T.E. <\/span><span style=\"font-size: 18px;\">\u00e9 um fertilizante composto avan\u00e7ado, com elevado teor de f\u00f3sforo, concebido para apoiar o crescimento essencial na fase inicial, o desenvolvimento das ra\u00edzes e a flora\u00e7\u00e3o em v\u00e1rios tipos de culturas. Enriquecido com nitrog\u00e9nio, pot\u00e1ssio, enxofre, magn\u00e9sio, oligoelementos e vitaminas vitais, esta composi\u00e7\u00e3o \u00fanica melhora o crescimento, a sa\u00fade e o rendimento das plantas. O pH equilibrado e os baixos n\u00edveis de CE do fertilizante tornam-no ideal para solos salinos, garantindo uma disponibilidade e absor\u00e7\u00e3o \u00f3ptimas dos nutrientes.<\/span><\/p>\n<h3 class=\"translation-block\">Principais benef\u00edcios do fertilizante Growth 12-36-12+T.E.<strong> <\/strong>Fertilizante<\/h3>\n<ul>\n<li><span style=\"font-size: 18px;\"><strong>Alto teor de f\u00f3sforo:<\/strong> Apoia o desenvolvimento essencial das ra\u00edzes, a flora\u00e7\u00e3o e o crescimento inicial, particularmente ben\u00e9fico nas fases iniciais do desenvolvimento das plantas.<\/span><\/li>\n<li><span style=\"font-size: 18px;\"><strong>Aumento da absor\u00e7\u00e3o de nutrientes:<\/strong> Mant\u00e9m um pH \u00e1cido de 6 e uma CE baixa, melhorando a absor\u00e7\u00e3o de nutrientes, especialmente em solos de elevada salinidade.<\/span><\/li>\n<li><span style=\"font-size: 18px;\"><strong>Formas equilibradas de azoto:<\/strong> Inclui formas de nitrato, am\u00f3nio e amina para um fornecimento eficaz de azoto e para a sa\u00fade das plantas.<\/span><\/li>\n<li><span style=\"font-size: 18px;\"><strong>Estabilidade de pot\u00e1ssio de longa dura\u00e7\u00e3o:<\/strong> O pot\u00e1ssio permanece est\u00e1vel no solo para uma disponibilidade cont\u00ednua, apoiando um crescimento equilibrado.<\/span><\/li>\n<li><span style=\"font-size: 18px;\"><strong>Aplica\u00e7\u00e3o vers\u00e1til:<\/strong> Altamente sol\u00favel e adequado para v\u00e1rios sistemas de irriga\u00e7\u00e3o, tornando-o adapt\u00e1vel a uma vasta gama de culturas, incluindo vegetais, \u00e1rvores de fruto e culturas de campo.<\/span><\/li>\n<\/ul>\n<h3 class=\"translation-block\"><span style=\"font-size: 18px\">Composi\u00e7\u00e3o qu\u00edmica<\/span><\/h3>\n<ul>\n<li><span style=\"font-size: 18px;\"><strong>Azoto (N 12%)<\/strong><\/span><\/li>\n<li><span style=\"font-size: 18px;\"><strong>F\u00f3sforo (P\u2082O\u2085 36%)<\/strong><\/span><\/li>\n<li><span style=\"font-size: 18px;\"><strong>Pot\u00e1ssio (K\u2082O 12%)<\/strong><\/span><\/li>\n<li><span style=\"font-size: 18px;\"><strong>Magn\u00e9sio (MgO)<\/strong><\/span><\/li>\n<li><span style=\"font-size: 18px;\"><strong>Ferro (Fe) - Quelatado com \u00e1cido c\u00edtrico EDTA<\/strong><\/span><\/li>\n<li><span style=\"font-size: 18px;\"><strong>Zinco (Zn) - Quelatado com \u00e1cido c\u00edtrico EDTA<\/strong><\/span><\/li>\n<li><span style=\"font-size: 18px;\"><strong>Mangan\u00eas (Mn) - Quelatado com \u00e1cido c\u00edtrico EDTA<\/strong><\/span><\/li>\n<li><span style=\"font-size: 18px;\"><strong>Cobre (Cu) - Quelatado com \u00e1cido c\u00edtrico EDTA<\/strong><\/span><\/li>\n<li><span style=\"font-size: 18px;\"><strong>Boro (B)<\/strong><\/span><\/li>\n<\/ul>\n<p><span style=\"font-size: 18px;\"><strong>Aditivos adicionais:<\/strong> Riboflavina, piridoxina, nicotinamida, tiamina e \u00e1cidos org\u00e2nicos.<\/span><\/p>\n<p><span style=\"font-size: 18px;\"><strong>Sem cloreto (Cl)<\/strong><\/span><\/p>\n<h3>Aplica\u00e7\u00e3o ideal<\/h3>\n<p><span style=\"font-size: 18px;\"><strong>Culturas adequadas:<\/strong><\/span><\/p>\n<ul>\n<li><span style=\"font-size: 18px;\">Vegetais de estufa e de campo aberto.<\/span><\/li>\n<li><span style=\"font-size: 14pt;\">Culturas arvenses.<\/span><\/li>\n<li><span style=\"font-size: 18px;\">\u00c1rvores de fruto.<\/span><\/li>\n<li><span style=\"font-size: 14pt;\">Plantas Ornamentais.<\/span><\/li>\n<\/ul>\n<h3 data-start=\"139\" data-end=\"173\">Taxa de aplica\u00e7\u00e3o<\/h3>\n<h4 data-start=\"139\" data-end=\"173\"><strong data-start=\"145\" data-end=\"171\">Produtos hort\u00edcolas de campo aberto:<\/strong><\/h4>\n<p><span style=\"font-size: 14pt;\">1,5-2 kg \/ 1000 m\u00b2, 3-4 vezes por semana.<\/span><\/p>\n<h4 data-start=\"319\" data-end=\"343\"><strong data-start=\"325\" data-end=\"341\">\u00c1rvores de fruto:<\/strong><\/h4>\n<p data-start=\"346\" data-end=\"497\"><span style=\"font-size: 14pt;\">0,5-1 kg \/ 1000 m\u00b2, 3-4 vezes por semana ap\u00f3s o in\u00edcio da frutifica\u00e7\u00e3o e durante a matura\u00e7\u00e3o dos frutos.<\/span><\/p>\n<h3>Embalagem<\/h3>\n<ul>\n<li><span style=\"font-size: 18px;\"><strong>Saco de 25 kg.<\/strong><\/span><\/li>\n<\/ul>\n<p><img loading=\"lazy\" decoding=\"async\" class=\"alignnone size-medium wp-image-17238\" src=\"https:\/\/alqawafel.com\/wp-content\/uploads\/2024\/11\/Growth-Logo-12-36-12T.E-300x300.webp\" alt=\"Crescimento 12-36-12+T.E. \" width=\"300\" height=\"300\" srcset=\"https:\/\/alqawafel.com\/wp-content\/uploads\/2024\/11\/Growth-Logo-12-36-12T.E-300x300.webp 300w, https:\/\/alqawafel.com\/wp-content\/uploads\/2024\/11\/Growth-Logo-12-36-12T.E-150x150.webp 150w, https:\/\/alqawafel.com\/wp-content\/uploads\/2024\/11\/Growth-Logo-12-36-12T.E-768x768.webp 768w, https:\/\/alqawafel.com\/wp-content\/uploads\/2024\/11\/Growth-Logo-12-36-12T.E.webp 1000w\" sizes=\"auto, (max-width: 300px) 100vw, 300px\" \/><\/p>","protected":false},"excerpt":{"rendered":"<p class=\"translation-block\"><span style=\"font-size: 18px\">Growth 12-36-12+T.E. \u00e9 um avan\u00e7ado <span style=\"color: #333333\">fertilizante sol\u00favel com alto teor de f\u00f3sforo, formulado para melhorar o crescimento inicial das plantas.<\/span><\/span><\/p>","protected":false},"featured_media":17238,"comment_status":"open","ping_status":"closed","template":"","meta":{"om_disable_all_campaigns":false,"_monsterinsights_skip_tracking":false,"_monsterinsights_sitenote_active":false,"_monsterinsights_sitenote_note":"","_monsterinsights_sitenote_category":0},"product_brand":[2213],"product_cat":[50,2131],"product_tag":[866,1075,463,1076,1074,877,1010],"class_list":{"0":"post-10164","1":"product","2":"type-product","3":"status-publish","4":"has-post-thumbnail","6":"product_brand-growth","7":"product_cat-fertilizers","8":"product_cat-water-soluble-fertilizers","9":"product_tag-al-qawafel-ind-agr-co","10":"product_tag-early-growth-support","11":"product_tag-fertilizer","12":"product_tag-flowering","13":"product_tag-growth-12-36-120-25mgot-e","14":"product_tag-high-phosphorus","15":"product_tag-root-development","17":"first","18":"instock","19":"shipping-taxable","20":"product-type-simple"},"aioseo_notices":[],"_links":{"self":[{"href":"https:\/\/alqawafel.com\/pt\/wp-json\/wp\/v2\/product\/10164","targetHints":{"allow":["GET"]}}],"collection":[{"href":"https:\/\/alqawafel.com\/pt\/wp-json\/wp\/v2\/product"}],"about":[{"href":"https:\/\/alqawafel.com\/pt\/wp-json\/wp\/v2\/types\/product"}],"replies":[{"embeddable":true,"href":"https:\/\/alqawafel.com\/pt\/wp-json\/wp\/v2\/comments?post=10164"}],"version-history":[{"count":7,"href":"https:\/\/alqawafel.com\/pt\/wp-json\/wp\/v2\/product\/10164\/revisions"}],"predecessor-version":[{"id":19321,"href":"https:\/\/alqawafel.com\/pt\/wp-json\/wp\/v2\/product\/10164\/revisions\/19321"}],"wp:featuredmedia":[{"embeddable":true,"href":"https:\/\/alqawafel.com\/pt\/wp-json\/wp\/v2\/media\/17238"}],"wp:attachment":[{"href":"https:\/\/alqawafel.com\/pt\/wp-json\/wp\/v2\/media?parent=10164"}],"wp:term":[{"taxonomy":"product_brand","embeddable":true,"href":"https:\/\/alqawafel.com\/pt\/wp-json\/wp\/v2\/product_brand?post=10164"},{"taxonomy":"product_cat","embeddable":true,"href":"https:\/\/alqawafel.com\/pt\/wp-json\/wp\/v2\/product_cat?post=10164"},{"taxonomy":"product_tag","embeddable":true,"href":"https:\/\/alqawafel.com\/pt\/wp-json\/wp\/v2\/product_tag?post=10164"}],"curies":[{"name":"wp","href":"https:\/\/api.w.org\/{rel}","templated":true}]}}