{"id":10242,"date":"2024-11-16T11:41:56","date_gmt":"2024-11-16T11:41:56","guid":{"rendered":"https:\/\/alqawafel.com\/?post_type=product&#038;p=10242"},"modified":"2025-08-12T07:46:05","modified_gmt":"2025-08-12T07:46:05","slug":"pepino-qsc-103-f1","status":"publish","type":"product","link":"https:\/\/alqawafel.com\/pt\/product\/cucumber-qsc-103-f1\/","title":{"rendered":"Pepino QSC-103 F1"},"content":{"rendered":"<p><span style=\"font-size: 18px;\">O pepino QSC-103 F1 \u00e9 um pepino de estufa Beita-alfa vers\u00e1til, com rebentos laterais auto-pod\u00e1veis, frutos uniformes e brilhantes e uma produtividade excecional em todas as esta\u00e7\u00f5es principais.<\/span><\/p>\n<table>\n<thead>\n<tr>\n<td><span style=\"font-size: 18px;\"><strong>Atributo<\/strong><\/span><\/td>\n<td><span style=\"font-size: 18px;\"><strong>Detalhes<\/strong><\/span><\/td>\n<\/tr>\n<\/thead>\n<tbody>\n<tr>\n<td><span style=\"font-size: 18px;\"><strong>Nome do produto<\/strong><\/span><\/td>\n<td><span style=\"font-size: 18px;\">Pepino QSC-103 F1<\/span><\/td>\n<\/tr>\n<tr>\n<td><span style=\"font-size: 18px;\"><strong>Tipo<\/strong><\/span><\/td>\n<td><span style=\"font-size: 18px;\">Estufa Beita-alfa<\/span><\/td>\n<\/tr>\n<tr>\n<td><span style=\"font-size: 18px;\"><strong>Conjunto de frutas Estilo<\/strong><\/span><\/td>\n<td><span style=\"font-size: 18px;\">Multi-frutos, 2-3 frutos por n\u00f3 com rebentos laterais ramificados e auto-podados<\/span><\/td>\n<\/tr>\n<tr>\n<td><span style=\"font-size: 18px;\"><strong>\u00c9poca<\/strong><\/span><\/td>\n<td><span style=\"font-size: 18px;\">ver\u00e3o, primavera, outono<\/span><\/td>\n<\/tr>\n<tr>\n<td><span style=\"font-size: 18px;\"><b>Crescimento vegetativo<\/b><\/span><\/td>\n<td><span style=\"font-size: 18px;\">Planta forte com folhas m\u00e9dias e verde-escuras<\/span><\/td>\n<\/tr>\n<tr>\n<td><span style=\"font-size: 18px;\"><strong>Carater\u00edsticas do fruto<\/strong><\/span><\/td>\n<td><span style=\"font-size: 18px;\">\u00a0Frutos verdes brilhantes com boas nervuras, 14-16 cm de comprimento, alta uniformidade e alta produ\u00e7\u00e3o<\/span><\/td>\n<\/tr>\n<tr>\n<td><span style=\"font-size: 18px;\"><strong>Toler\u00e2ncia (IR)<\/strong><\/span><\/td>\n<td><span style=\"font-size: 18px;\">PM (O\u00eddio), ZYMV (V\u00edrus do mosaico amarelo da aboborinha), CMV (V\u00edrus do mosaico do pepino), CVYV (V\u00edrus do amarelecimento das nervuras do pepino)<\/span><\/td>\n<\/tr>\n<\/tbody>\n<\/table>\n<p><img loading=\"lazy\" decoding=\"async\" class=\"alignnone size-medium wp-image-10243\" src=\"https:\/\/alqawafel.com\/wp-content\/uploads\/2024\/11\/103-225x300.jpg\" alt=\"Pepino QSC-103 F1\" width=\"225\" height=\"300\" srcset=\"https:\/\/alqawafel.com\/wp-content\/uploads\/2024\/11\/103-225x300.jpg 225w, https:\/\/alqawafel.com\/wp-content\/uploads\/2024\/11\/103-768x1024.jpg 768w, https:\/\/alqawafel.com\/wp-content\/uploads\/2024\/11\/103-150x200.jpg 150w, https:\/\/alqawafel.com\/wp-content\/uploads\/2024\/11\/103.jpg 960w\" sizes=\"auto, (max-width: 225px) 100vw, 225px\" \/><\/p>\n<p>&nbsp;<\/p>\n<p><a title=\"Voltar a Sementes\" href=\"https:\/\/alqawafel.com\/pt\/sementes\/\">Voltar a Sementes<\/a><\/p>\n<p><a title=\"Facebook\" href=\"https:\/\/alqawafel.com\/pt\/facebook\/\" target=\"_blank\" rel=\"noopener\">Facebook<\/a><\/p>\n<p><a title=\"Linkedin\" href=\"https:\/\/www.linkedin.com\/company\/alqawafel-ind-agr-co\/\" target=\"_blank\" rel=\"noopener\">Linkedin<\/a><\/p>","protected":false},"excerpt":{"rendered":"<p><span style=\"font-size: 18px;\">Experimente uma elevada uniformidade e produtividade com o Pepino QSC-103 F1, que apresenta rebentos laterais de poda autom\u00e1tica e uma toler\u00e2ncia robusta ao PM, ZYMV, CMV e CVYV.<\/span><\/p>","protected":false},"featured_media":10243,"comment_status":"open","ping_status":"closed","template":"","meta":{"om_disable_all_campaigns":false,"_monsterinsights_skip_tracking":false,"_monsterinsights_sitenote_active":false,"_monsterinsights_sitenote_note":"","_monsterinsights_sitenote_category":0},"product_brand":[],"product_cat":[827,237],"product_tag":[866,1097,1104,1098,1101,1106,1105],"class_list":{"0":"post-10242","1":"product","2":"type-product","3":"status-publish","4":"has-post-thumbnail","6":"product_cat-cucumber","7":"product_cat-seeds","8":"product_tag-al-qawafel-ind-agr-co","9":"product_tag-beita-alpha-cucumber","10":"product_tag-cucumber-qsc-103-f1","11":"product_tag-greenhouse-cucumber","12":"product_tag-seeds","13":"product_tag-self-pruning-cucumber","14":"product_tag-versatile-cucumber-variety","16":"first","17":"instock","18":"shipping-taxable","19":"product-type-simple"},"aioseo_notices":[],"_links":{"self":[{"href":"https:\/\/alqawafel.com\/pt\/wp-json\/wp\/v2\/product\/10242","targetHints":{"allow":["GET"]}}],"collection":[{"href":"https:\/\/alqawafel.com\/pt\/wp-json\/wp\/v2\/product"}],"about":[{"href":"https:\/\/alqawafel.com\/pt\/wp-json\/wp\/v2\/types\/product"}],"replies":[{"embeddable":true,"href":"https:\/\/alqawafel.com\/pt\/wp-json\/wp\/v2\/comments?post=10242"}],"version-history":[{"count":3,"href":"https:\/\/alqawafel.com\/pt\/wp-json\/wp\/v2\/product\/10242\/revisions"}],"predecessor-version":[{"id":19528,"href":"https:\/\/alqawafel.com\/pt\/wp-json\/wp\/v2\/product\/10242\/revisions\/19528"}],"wp:featuredmedia":[{"embeddable":true,"href":"https:\/\/alqawafel.com\/pt\/wp-json\/wp\/v2\/media\/10243"}],"wp:attachment":[{"href":"https:\/\/alqawafel.com\/pt\/wp-json\/wp\/v2\/media?parent=10242"}],"wp:term":[{"taxonomy":"product_brand","embeddable":true,"href":"https:\/\/alqawafel.com\/pt\/wp-json\/wp\/v2\/product_brand?post=10242"},{"taxonomy":"product_cat","embeddable":true,"href":"https:\/\/alqawafel.com\/pt\/wp-json\/wp\/v2\/product_cat?post=10242"},{"taxonomy":"product_tag","embeddable":true,"href":"https:\/\/alqawafel.com\/pt\/wp-json\/wp\/v2\/product_tag?post=10242"}],"curies":[{"name":"wp","href":"https:\/\/api.w.org\/{rel}","templated":true}]}}