{"id":10249,"date":"2024-11-16T11:52:28","date_gmt":"2024-11-16T11:52:28","guid":{"rendered":"https:\/\/alqawafel.com\/?post_type=product&#038;p=10249"},"modified":"2025-08-12T07:45:09","modified_gmt":"2025-08-12T07:45:09","slug":"pepino-qsc-104-f1","status":"publish","type":"product","link":"https:\/\/alqawafel.com\/pt\/product\/cucumber-qsc-104-f1\/","title":{"rendered":"Pepino QSC-104 F1"},"content":{"rendered":"<p><span style=\"font-size: 18px;\">Pepino QSC-104 F1, um robusto pepino Beita-alfa de estufa que oferece alta uniformidade, comprimento de fruto alargado e produtividade excecional.<\/span><\/p>\n<table>\n<thead>\n<tr>\n<td><span style=\"font-size: 18px;\"><strong>Atributo<\/strong><\/span><\/td>\n<td><strong><span style=\"font-size: 18px;\">Detalhes<\/span><\/strong><\/td>\n<\/tr>\n<\/thead>\n<tbody>\n<tr>\n<td><span style=\"font-size: 18px;\"><strong>Nome do produto<\/strong><\/span><\/td>\n<td><span style=\"font-size: 18px;\">Pepino QSC-104 F1<\/span><\/td>\n<\/tr>\n<tr>\n<td><span style=\"font-size: 18px;\"><strong>Tipo<\/strong><\/span><\/td>\n<td><span style=\"font-size: 18px;\">Estufa Beita-alfa<\/span><\/td>\n<\/tr>\n<tr>\n<td><span style=\"font-size: 18px;\"><strong>Conjunto de frutas Estilo<\/strong><\/span><\/td>\n<td><span style=\"font-size: 18px;\">Multifrutos<\/span><\/td>\n<\/tr>\n<tr>\n<td><span style=\"font-size: 18px;\"><strong>\u00c9poca<\/strong><\/span><\/td>\n<td><span style=\"font-size: 18px;\">ver\u00e3o, primavera, outono<\/span><\/td>\n<\/tr>\n<tr>\n<td><span style=\"font-size: 18px;\"><b>Crescimento vegetativo<\/b><\/span><\/td>\n<td><span style=\"font-size: 18px;\">Planta forte com folhas m\u00e9dias e verde-escuras<\/span><\/td>\n<\/tr>\n<tr>\n<td><span style=\"font-size: 18px;\"><strong>Carater\u00edsticas do fruto<\/strong><\/span><\/td>\n<td><span style=\"font-size: 18px;\">\u00a0Frutos verdes brilhantes com boas nervuras, 16-18 cm de comprimento, alta uniformidade e alta produ\u00e7\u00e3o<\/span><\/td>\n<\/tr>\n<tr>\n<td><span style=\"font-size: 18px;\"><strong>Toler\u00e2ncia (IR)<\/strong><\/span><\/td>\n<td><span style=\"font-size: 18px;\">PM (O\u00eddio), ZYMV (V\u00edrus do mosaico amarelo da aboborinha), CMV (V\u00edrus do mosaico do pepino), CVYV (V\u00edrus do amarelecimento das nervuras do pepino)<\/span><\/td>\n<\/tr>\n<\/tbody>\n<\/table>\n<p><img loading=\"lazy\" decoding=\"async\" class=\"alignnone size-medium wp-image-10250\" src=\"https:\/\/alqawafel.com\/wp-content\/uploads\/2024\/11\/104-225x300.jpg\" alt=\"Pepino QSC-104 F1\" width=\"225\" height=\"300\" srcset=\"https:\/\/alqawafel.com\/wp-content\/uploads\/2024\/11\/104-225x300.jpg 225w, https:\/\/alqawafel.com\/wp-content\/uploads\/2024\/11\/104-768x1024.jpg 768w, https:\/\/alqawafel.com\/wp-content\/uploads\/2024\/11\/104-150x200.jpg 150w, https:\/\/alqawafel.com\/wp-content\/uploads\/2024\/11\/104.jpg 960w\" sizes=\"auto, (max-width: 225px) 100vw, 225px\" \/><\/p>\n<p>&nbsp;<\/p>\n<p><a title=\"Voltar a Sementes\" href=\"https:\/\/alqawafel.com\/pt\/sementes\/\">Voltar a Sementes<\/a><\/p>\n<p><a title=\"Facebook\" href=\"https:\/\/alqawafel.com\/pt\/facebook\/\" target=\"_blank\" rel=\"noopener\">Facebook<\/a><\/p>\n<p><a title=\"Linkedin\" href=\"https:\/\/www.linkedin.com\/company\/alqawafel-ind-agr-co\/\" target=\"_blank\" rel=\"noopener\">Linkedin<\/a><\/p>","protected":false},"excerpt":{"rendered":"<p><span style=\"font-size: 18px;\">Experimente uma elevada uniformidade e produtividade com o Pepino QSC-104 F1, que apresenta rebentos laterais de poda autom\u00e1tica e uma toler\u00e2ncia robusta a PM, ZYMV, CMV e CVYV.<\/span><\/p>","protected":false},"featured_media":10250,"comment_status":"open","ping_status":"closed","template":"","meta":{"om_disable_all_campaigns":false,"_monsterinsights_skip_tracking":false,"_monsterinsights_sitenote_active":false,"_monsterinsights_sitenote_note":"","_monsterinsights_sitenote_category":0},"product_brand":[],"product_cat":[827,237],"product_tag":[866,1097,1107,1098,1099,1101,1100],"class_list":{"0":"post-10249","1":"product","2":"type-product","3":"status-publish","4":"has-post-thumbnail","6":"product_cat-cucumber","7":"product_cat-seeds","8":"product_tag-al-qawafel-ind-agr-co","9":"product_tag-beita-alpha-cucumber","10":"product_tag-cucumber-qsc-104-f1","11":"product_tag-greenhouse-cucumber","12":"product_tag-high-yield-cucumber","13":"product_tag-seeds","14":"product_tag-summer-cucumber","16":"first","17":"instock","18":"shipping-taxable","19":"product-type-simple"},"aioseo_notices":[],"_links":{"self":[{"href":"https:\/\/alqawafel.com\/pt\/wp-json\/wp\/v2\/product\/10249","targetHints":{"allow":["GET"]}}],"collection":[{"href":"https:\/\/alqawafel.com\/pt\/wp-json\/wp\/v2\/product"}],"about":[{"href":"https:\/\/alqawafel.com\/pt\/wp-json\/wp\/v2\/types\/product"}],"replies":[{"embeddable":true,"href":"https:\/\/alqawafel.com\/pt\/wp-json\/wp\/v2\/comments?post=10249"}],"version-history":[{"count":6,"href":"https:\/\/alqawafel.com\/pt\/wp-json\/wp\/v2\/product\/10249\/revisions"}],"predecessor-version":[{"id":19527,"href":"https:\/\/alqawafel.com\/pt\/wp-json\/wp\/v2\/product\/10249\/revisions\/19527"}],"wp:featuredmedia":[{"embeddable":true,"href":"https:\/\/alqawafel.com\/pt\/wp-json\/wp\/v2\/media\/10250"}],"wp:attachment":[{"href":"https:\/\/alqawafel.com\/pt\/wp-json\/wp\/v2\/media?parent=10249"}],"wp:term":[{"taxonomy":"product_brand","embeddable":true,"href":"https:\/\/alqawafel.com\/pt\/wp-json\/wp\/v2\/product_brand?post=10249"},{"taxonomy":"product_cat","embeddable":true,"href":"https:\/\/alqawafel.com\/pt\/wp-json\/wp\/v2\/product_cat?post=10249"},{"taxonomy":"product_tag","embeddable":true,"href":"https:\/\/alqawafel.com\/pt\/wp-json\/wp\/v2\/product_tag?post=10249"}],"curies":[{"name":"wp","href":"https:\/\/api.w.org\/{rel}","templated":true}]}}