{"id":10284,"date":"2024-11-16T18:47:24","date_gmt":"2024-11-16T18:47:24","guid":{"rendered":"https:\/\/alqawafel.com\/?post_type=product&#038;p=10284"},"modified":"2025-09-08T08:55:40","modified_gmt":"2025-09-08T08:55:40","slug":"neprofel-20-sc","status":"publish","type":"product","link":"https:\/\/alqawafel.com\/pt\/product\/neprofel-20-sc\/","title":{"rendered":"Neprofel 20% SC Inseticida"},"content":{"rendered":"<h3><strong>Porqu\u00ea o Neprofel 20% SC?<\/strong><\/h3>\n<p><span style=\"font-size: 18px;\">O Neprofel 20% SC \u00e9 um inseticida potente e de largo espetro concebido para proteger as culturas contra uma grande variedade de pragas. Formulado com Clorantraniliprole, proporciona uma a\u00e7\u00e3o potente ao perturbar a fun\u00e7\u00e3o muscular dos insectos, levando \u00e0 r\u00e1pida cessa\u00e7\u00e3o da alimenta\u00e7\u00e3o e eventual morte. A sua absor\u00e7\u00e3o de dupla a\u00e7\u00e3o - principalmente atrav\u00e9s da ingest\u00e3o e secundariamente por contacto - garante um controlo abrangente das pragas. O Neprofel 20% SC \u00e9 uma solu\u00e7\u00e3o fi\u00e1vel para gerir as popula\u00e7\u00f5es de pragas e salvaguardar o rendimento das culturas.<\/span><\/p>\n<h3><strong>Identifica\u00e7\u00e3o<\/strong><\/h3>\n<ul>\n<li><span style=\"font-size: 18px;\"><strong>Tipo de formula\u00e7\u00e3o:<\/strong> Suspens\u00e3o concentrada (SC)<\/span><\/li>\n<li><span style=\"font-size: 18px;\"><strong>Ingrediente ativo:<\/strong> Clorantraniliprole 20% (m\/v)<\/span><\/li>\n<li><span style=\"font-size: 18px;\"><strong>Grupo qu\u00edmico:<\/strong> Diamida<\/span><\/li>\n<li><span style=\"font-size: 18px;\"><strong>Modo de a\u00e7\u00e3o:<\/strong> Ingest\u00e3o e contacto, causando letargia, paralisia muscular, cessa\u00e7\u00e3o da alimenta\u00e7\u00e3o e eventual morte dos insectos<\/span><\/li>\n<\/ul>\n<h3><strong>Aplica\u00e7\u00e3o ideal de <\/strong><strong>Neprofel 20% SC<\/strong><\/h3>\n<p><span style=\"font-size: 18px;\">O Neprofel 20% SC \u00e9 eficaz nas seguintes culturas e pragas:<\/span><\/p>\n<ul>\n<li><span style=\"font-size: 18px;\"><strong>Couve, br\u00f3colos e couve-flor:<\/strong><\/span>\n<ul>\n<li><span style=\"font-size: 18px;\"><strong>M\u00e9todo de candidatura:<\/strong> Solo, Quimiga\u00e7\u00e3o por gotejamento, Foliar<\/span><\/li>\n<li><span style=\"font-size: 18px;\"><strong>Pragas t\u00edpicas:<\/strong> Bicho-da-corte, tra\u00e7a-das-costas, gafanhotos, mosca-branca-das-folhas-prateadas (ninfas)<\/span><\/li>\n<\/ul>\n<\/li>\n<li><span style=\"font-size: 18px;\"><strong>Alho franc\u00eas, alho franc\u00eas, cebola:<\/strong><\/span>\n<ul>\n<li><span style=\"font-size: 18px;\"><strong>M\u00e9todo de candidatura:<\/strong> Foliar<\/span><\/li>\n<li><span style=\"font-size: 18px;\"><strong>Pragas t\u00edpicas:<\/strong> Bicho-pau<\/span><\/li>\n<\/ul>\n<\/li>\n<li><span style=\"font-size: 18px;\"><strong>Pepino, caba\u00e7a, ab\u00f3bora, ab\u00f3bora, melancia e mel\u00e3o:<\/strong><\/span>\n<ul>\n<li><span style=\"font-size: 18px;\"><strong>M\u00e9todo de candidatura:<\/strong> Solo, Quimiga\u00e7\u00e3o por gotejamento, Foliar<\/span><\/li>\n<li><span style=\"font-size: 18px;\"><strong>Pragas t\u00edpicas:<\/strong> Lagarta-das-folhas (larvas), mosca-branca-das-folhas-prateadas (ninfas), lagarta-dos-cortadores<\/span><\/li>\n<\/ul>\n<\/li>\n<li><span style=\"font-size: 18px;\"><strong>Tomate, pimento picante, pimento doce, beringela, quiabo:<\/strong><\/span>\n<ul>\n<li><span style=\"font-size: 18px;\"><strong>M\u00e9todo de candidatura:<\/strong> Solo, Quimiga\u00e7\u00e3o por gotejamento, Foliar<\/span><\/li>\n<li><span style=\"font-size: 18px;\"><strong>Pragas t\u00edpicas:<\/strong> Besouro da batata do Colorado, broca europeia do milho, lagarta-do-cartucho, lagarta-do-fruto do tomateiro, larvas, moscas-brancas-das-folhas-prateadas (ninfas)<\/span><\/li>\n<\/ul>\n<\/li>\n<li><span style=\"font-size: 18px;\"><strong>Batata:<\/strong><\/span>\n<ul>\n<li><span style=\"font-size: 18px;\"><strong>M\u00e9todo de candidatura:<\/strong> Quimiga\u00e7\u00e3o foliar a\u00e9rea<\/span><\/li>\n<li><span style=\"font-size: 18px;\"><strong>Pragas t\u00edpicas:<\/strong> Escaravelho da batata do Colorado, broca europeia do milho, lagarta do tub\u00e9rculo da batata, gafanhotos, lagarta de corte<\/span><\/li>\n<\/ul>\n<\/li>\n<li><span style=\"font-size: 18px;\"><strong>Milho doce:<\/strong><\/span>\n<ul>\n<li><span style=\"font-size: 18px;\"><strong>M\u00e9todo de candidatura:<\/strong> Solo, Foliar Quimiga\u00e7\u00e3o a\u00e9rea<\/span><\/li>\n<li><span style=\"font-size: 18px;\"><strong>Pragas t\u00edpicas:<\/strong> Broca do milho, lagarta-do-cartucho, lagarta-da-espiga<\/span><\/li>\n<\/ul>\n<\/li>\n<li><span style=\"font-size: 18px;\"><strong>Outras culturas (alface, morango, espinafre, etc.):<\/strong><\/span>\n<ul>\n<li><span style=\"font-size: 18px;\"><strong>M\u00e9todo de candidatura:<\/strong> Foliar<\/span><\/li>\n<li><span style=\"font-size: 18px;\"><strong>Pragas t\u00edpicas:<\/strong> Bicho-da-corte, besouro<\/span><\/li>\n<\/ul>\n<\/li>\n<\/ul>\n<h3>Taxa de utiliza\u00e7\u00e3o:<\/h3>\n<p><span style=\"font-size: 14pt;\">100-200 ml por 200 L de \u00e1gua<\/span><\/p>\n<h3>Embalagem<\/h3>\n<ul>\n<li><span style=\"font-size: 18px;\"><strong>250 ml<\/strong><\/span><\/li>\n<\/ul>\n<p><img loading=\"lazy\" decoding=\"async\" class=\"alignnone size-medium wp-image-18524\" src=\"https:\/\/alqawafel.com\/wp-content\/uploads\/2024\/11\/Neprofel-20-SC-LOGO-300x300.webp\" alt=\"\u00a0Neprofel 20% SC Um inseticida de largo espetro com Clorantraniliprole para o controlo eficaz de pragas em muitas culturas, perturbando a fun\u00e7\u00e3o muscular dos insectos.\" width=\"300\" height=\"300\" srcset=\"https:\/\/alqawafel.com\/wp-content\/uploads\/2024\/11\/Neprofel-20-SC-LOGO-300x300.webp 300w, https:\/\/alqawafel.com\/wp-content\/uploads\/2024\/11\/Neprofel-20-SC-LOGO-150x150.webp 150w, https:\/\/alqawafel.com\/wp-content\/uploads\/2024\/11\/Neprofel-20-SC-LOGO-768x768.webp 768w, https:\/\/alqawafel.com\/wp-content\/uploads\/2024\/11\/Neprofel-20-SC-LOGO.webp 1000w\" sizes=\"auto, (max-width: 300px) 100vw, 300px\" \/><\/p>\n<p>&nbsp;<\/p>","protected":false},"excerpt":{"rendered":"<div class=\"flex max-w-full flex-col flex-grow\">\n<div class=\"min-h-8 text-message flex w-full flex-col items-end gap-2 whitespace-normal break-words [.text-message+&amp;]:mt-5\" dir=\"auto\" data-message-author-role=\"assistant\" data-message-id=\"fefd6d65-31a6-4606-a3cc-99f63c1a1b1c\" data-message-model-slug=\"gpt-4o\">\n<div class=\"flex w-full flex-col gap-1 empty:hidden first:pt-[3px]\">\n<div class=\"markdown prose w-full break-words dark:prose-invert light\">\n<p><span style=\"font-size: 18px;\">\u00a0Neprofel 20% SC A broad-spectrum insecticide with Chlorantraniliprole for effective pest control in many crops, disrupting insect muscle function.<\/span><\/p>\n<\/div>\n<\/div>\n<\/div>\n<\/div>\n<div class=\"mb-2 flex gap-3 empty:hidden -ml-2\">\n<div class=\"items-center justify-start rounded-xl p-1 z-10 -mt-1 bg-token-main-surface-primary md:absolute flex\">\n<div class=\"flex items-center\">\n<div class=\"flex items-center pb-0\"><\/div>\n<\/div>\n<\/div>\n<\/div>\n","protected":false},"featured_media":18524,"comment_status":"open","ping_status":"closed","template":"","meta":{"om_disable_all_campaigns":false,"_monsterinsights_skip_tracking":false,"_monsterinsights_sitenote_active":false,"_monsterinsights_sitenote_note":"","_monsterinsights_sitenote_category":0},"product_brand":[],"product_cat":[822,87],"product_tag":[866,1120,1121,1122,841,1119],"class_list":{"0":"post-10284","1":"product","2":"type-product","3":"status-publish","4":"has-post-thumbnail","6":"product_cat-insecticide","7":"product_cat-pesticides","8":"product_tag-al-qawafel-ind-agr-co","9":"product_tag-chlorantraniliprole","10":"product_tag-cutworm","11":"product_tag-fall-armyworm","12":"product_tag-insecticide","13":"product_tag-neprofel-20-sc","15":"first","16":"instock","17":"shipping-taxable","18":"product-type-simple"},"aioseo_notices":[],"_links":{"self":[{"href":"https:\/\/alqawafel.com\/pt\/wp-json\/wp\/v2\/product\/10284","targetHints":{"allow":["GET"]}}],"collection":[{"href":"https:\/\/alqawafel.com\/pt\/wp-json\/wp\/v2\/product"}],"about":[{"href":"https:\/\/alqawafel.com\/pt\/wp-json\/wp\/v2\/types\/product"}],"replies":[{"embeddable":true,"href":"https:\/\/alqawafel.com\/pt\/wp-json\/wp\/v2\/comments?post=10284"}],"version-history":[{"count":12,"href":"https:\/\/alqawafel.com\/pt\/wp-json\/wp\/v2\/product\/10284\/revisions"}],"predecessor-version":[{"id":19946,"href":"https:\/\/alqawafel.com\/pt\/wp-json\/wp\/v2\/product\/10284\/revisions\/19946"}],"wp:featuredmedia":[{"embeddable":true,"href":"https:\/\/alqawafel.com\/pt\/wp-json\/wp\/v2\/media\/18524"}],"wp:attachment":[{"href":"https:\/\/alqawafel.com\/pt\/wp-json\/wp\/v2\/media?parent=10284"}],"wp:term":[{"taxonomy":"product_brand","embeddable":true,"href":"https:\/\/alqawafel.com\/pt\/wp-json\/wp\/v2\/product_brand?post=10284"},{"taxonomy":"product_cat","embeddable":true,"href":"https:\/\/alqawafel.com\/pt\/wp-json\/wp\/v2\/product_cat?post=10284"},{"taxonomy":"product_tag","embeddable":true,"href":"https:\/\/alqawafel.com\/pt\/wp-json\/wp\/v2\/product_tag?post=10284"}],"curies":[{"name":"wp","href":"https:\/\/api.w.org\/{rel}","templated":true}]}}