{"id":10319,"date":"2024-11-17T08:01:13","date_gmt":"2024-11-17T08:01:13","guid":{"rendered":"https:\/\/alqawafel.com\/?post_type=product&#038;p=10319"},"modified":"2025-08-12T08:02:50","modified_gmt":"2025-08-12T08:02:50","slug":"pepino-qsc-106-f1","status":"publish","type":"product","link":"https:\/\/alqawafel.com\/pt\/product\/cucumber-qsc-106-f1\/","title":{"rendered":"Pepino QSC-106 F1"},"content":{"rendered":"<p><span style=\"font-size: 18px;\">Pepino QSC-106 F1, um pepino de estufa Beita-alfa de matura\u00e7\u00e3o precoce com elevada uniformidade, frutos verdes brilhantes e excelente rendimento.<\/span><\/p>\n<table>\n<thead>\n<tr>\n<td><span style=\"font-size: 18px;\"><strong>Atributo<\/strong><\/span><\/td>\n<td><span style=\"font-size: 18px;\"><strong>Detalhes<\/strong><\/span><\/td>\n<\/tr>\n<\/thead>\n<tbody>\n<tr>\n<td><span style=\"font-size: 18px;\"><strong>Nome do produto<\/strong><\/span><\/td>\n<td><span style=\"font-size: 18px;\">Pepino QSC-106 F1<\/span><\/td>\n<\/tr>\n<tr>\n<td><span style=\"font-size: 18px;\"><strong>Tipo<\/strong><\/span><\/td>\n<td><span style=\"font-size: 18px;\">Estufa Beita-alfa<\/span><\/td>\n<\/tr>\n<tr>\n<td><span style=\"font-size: 18px;\"><strong>Conjunto de frutas Estilo<\/strong><\/span><\/td>\n<td><span style=\"font-size: 18px;\">Frutos m\u00faltiplos, 3-4 frutos por n\u00f3, matura\u00e7\u00e3o precoce<\/span><\/td>\n<\/tr>\n<tr>\n<td><span style=\"font-size: 18px;\"><strong>\u00c9poca<\/strong><\/span><\/td>\n<td><span style=\"font-size: 18px;\">ver\u00e3o, outono<\/span><\/td>\n<\/tr>\n<tr>\n<td><span style=\"font-size: 18px;\"><strong>Crescimento vegetativo<\/strong><\/span><\/td>\n<td><span style=\"font-size: 18px;\">Planta robusta com folhas verdes escuras de tamanho m\u00e9dio<\/span><\/td>\n<\/tr>\n<tr>\n<td><span style=\"font-size: 18px;\"><strong>Carater\u00edsticas do fruto<\/strong><\/span><\/td>\n<td><span style=\"font-size: 18px;\">frutos verdes brilhantes com boas nervuras, 16 cm de comprimento, alta uniformidade e alta produ\u00e7\u00e3o<\/span><\/td>\n<\/tr>\n<tr>\n<td><span style=\"font-size: 18px;\"><strong>Toler\u00e2ncia (IR)<\/strong><\/span><\/td>\n<td><span style=\"font-size: 18px;\">CMV (v\u00edrus do mosaico do pepino), ZYMV (v\u00edrus do mosaico amarelo da aboborinha), CVYV (v\u00edrus do amarelecimento das nervuras do pepino)<\/span><\/td>\n<\/tr>\n<\/tbody>\n<\/table>\n<p>&nbsp;<\/p>\n<p><a title=\"Voltar a Sementes\" href=\"https:\/\/alqawafel.com\/pt\/sementes\/\">Voltar a Sementes<\/a><\/p>\n<p><a title=\"Facebook\" href=\"https:\/\/alqawafel.com\/pt\/facebook\/\" target=\"_blank\" rel=\"noopener\">Facebook<\/a><\/p>\n<p><a title=\"Linkedin\" href=\"https:\/\/www.linkedin.com\/company\/alqawafel-ind-agr-co\/\" target=\"_blank\" rel=\"noopener\">Linkedin<\/a><\/p>","protected":false},"excerpt":{"rendered":"<p><span style=\"font-size: 18px;\">Pepino QSC-106 F1: Variedade de matura\u00e7\u00e3o precoce com frutos verdes brilhantes de 16 cm, alta uniformidade e toler\u00e2ncia ao CMV, ZYMV e CVYV.<\/span><\/p>","protected":false},"featured_media":0,"comment_status":"open","ping_status":"closed","template":"","meta":{"om_disable_all_campaigns":false,"_monsterinsights_skip_tracking":false,"_monsterinsights_sitenote_active":false,"_monsterinsights_sitenote_note":"","_monsterinsights_sitenote_category":0},"product_brand":[],"product_cat":[827,237],"product_tag":[866,1097,1126,1098,1099,1101,1127],"class_list":{"0":"post-10319","1":"product","2":"type-product","3":"status-publish","5":"product_cat-cucumber","6":"product_cat-seeds","7":"product_tag-al-qawafel-ind-agr-co","8":"product_tag-beita-alpha-cucumber","9":"product_tag-cucumber-qsc-105-f1","10":"product_tag-greenhouse-cucumber","11":"product_tag-high-yield-cucumber","12":"product_tag-seeds","13":"product_tag-warm-climate-cucumber","15":"first","16":"instock","17":"shipping-taxable","18":"product-type-simple"},"aioseo_notices":[],"_links":{"self":[{"href":"https:\/\/alqawafel.com\/pt\/wp-json\/wp\/v2\/product\/10319","targetHints":{"allow":["GET"]}}],"collection":[{"href":"https:\/\/alqawafel.com\/pt\/wp-json\/wp\/v2\/product"}],"about":[{"href":"https:\/\/alqawafel.com\/pt\/wp-json\/wp\/v2\/types\/product"}],"replies":[{"embeddable":true,"href":"https:\/\/alqawafel.com\/pt\/wp-json\/wp\/v2\/comments?post=10319"}],"version-history":[{"count":5,"href":"https:\/\/alqawafel.com\/pt\/wp-json\/wp\/v2\/product\/10319\/revisions"}],"predecessor-version":[{"id":19530,"href":"https:\/\/alqawafel.com\/pt\/wp-json\/wp\/v2\/product\/10319\/revisions\/19530"}],"wp:attachment":[{"href":"https:\/\/alqawafel.com\/pt\/wp-json\/wp\/v2\/media?parent=10319"}],"wp:term":[{"taxonomy":"product_brand","embeddable":true,"href":"https:\/\/alqawafel.com\/pt\/wp-json\/wp\/v2\/product_brand?post=10319"},{"taxonomy":"product_cat","embeddable":true,"href":"https:\/\/alqawafel.com\/pt\/wp-json\/wp\/v2\/product_cat?post=10319"},{"taxonomy":"product_tag","embeddable":true,"href":"https:\/\/alqawafel.com\/pt\/wp-json\/wp\/v2\/product_tag?post=10319"}],"curies":[{"name":"wp","href":"https:\/\/api.w.org\/{rel}","templated":true}]}}