{"id":10338,"date":"2024-11-17T08:26:22","date_gmt":"2024-11-17T08:26:22","guid":{"rendered":"https:\/\/alqawafel.com\/?post_type=product&#038;p=10338"},"modified":"2025-08-12T08:29:09","modified_gmt":"2025-08-12T08:29:09","slug":"pepino-qsc-109-f1","status":"publish","type":"product","link":"https:\/\/alqawafel.com\/pt\/product\/cucumber-qsc-109-f1\/","title":{"rendered":"Pepino QSC-109 F1"},"content":{"rendered":"<p><span style=\"font-size: 18px;\">Pepino QSC-109 F1: Um pepino Beita-alfa de alto rendimento, ideal para temperaturas baixas a moderadas, produzindo frutos verdes brilhantes e uniformes.<\/span><\/p>\n<table>\n<thead>\n<tr>\n<th><span style=\"font-size: 18px;\"><strong>Atributo<\/strong><\/span><\/th>\n<th><span style=\"font-size: 18px;\"><strong>Detalhes<\/strong><\/span><\/th>\n<\/tr>\n<\/thead>\n<tbody>\n<tr>\n<td><span style=\"font-size: 18px;\"><strong>Nome do produto<\/strong><\/span><\/td>\n<td><span style=\"font-size: 18px;\">Pepino QSC-109 F1<\/span><\/td>\n<\/tr>\n<tr>\n<td><span style=\"font-size: 18px;\"><strong>Tipo<\/strong><\/span><\/td>\n<td><span style=\"font-size: 18px;\">Estufa Beita-alfa<\/span><\/td>\n<\/tr>\n<tr>\n<td><span style=\"font-size: 18px;\"><strong>Conjunto de frutas Estilo<\/strong><\/span><\/td>\n<td><span style=\"font-size: 18px;\">Fruto \u00fanico por n\u00f3 com ramifica\u00e7\u00e3o<\/span><\/td>\n<\/tr>\n<tr>\n<td><span style=\"font-size: 18px;\"><strong>\u00c9poca<\/strong><\/span><\/td>\n<td><span style=\"font-size: 18px;\">Temperaturas baixas a moderadas<\/span><\/td>\n<\/tr>\n<tr>\n<td><span style=\"font-size: 18px;\"><strong>Crescimento vegetativo<\/strong><\/span><\/td>\n<td><span style=\"font-size: 18px;\">Planta robusta com folhas verdes escuras de tamanho m\u00e9dio<\/span><\/td>\n<\/tr>\n<tr>\n<td><span style=\"font-size: 18px;\"><strong>Carater\u00edsticas do fruto<\/strong><\/span><\/td>\n<td><span style=\"font-size: 18px;\">Frutos verdes brilhantes com boas nervuras, 16-17 cm de comprimento, alta uniformidade e alta produ\u00e7\u00e3o<\/span><\/td>\n<\/tr>\n<tr>\n<td><span style=\"font-size: 18px;\"><strong>Toler\u00e2ncia (IR)<\/strong><\/span><\/td>\n<td><span style=\"font-size: 18px;\">CMV (v\u00edrus do mosaico do pepino), ZYMV (v\u00edrus do mosaico amarelo da aboborinha), CVYV (v\u00edrus do amarelecimento das nervuras do pepino), PM (o\u00eddio)<\/span><\/td>\n<\/tr>\n<\/tbody>\n<\/table>\n<p><img loading=\"lazy\" decoding=\"async\" class=\"alignnone size-medium wp-image-10339\" src=\"https:\/\/alqawafel.com\/wp-content\/uploads\/2024\/11\/WhatsApp-Image-2024-11-17-at-11.28.15-AM-225x300.jpeg\" alt=\"Pepino QSC-109 F1 \" width=\"225\" height=\"300\" srcset=\"https:\/\/alqawafel.com\/wp-content\/uploads\/2024\/11\/WhatsApp-Image-2024-11-17-at-11.28.15-AM-225x300.jpeg 225w, https:\/\/alqawafel.com\/wp-content\/uploads\/2024\/11\/WhatsApp-Image-2024-11-17-at-11.28.15-AM-150x200.jpeg 150w, https:\/\/alqawafel.com\/wp-content\/uploads\/2024\/11\/WhatsApp-Image-2024-11-17-at-11.28.15-AM.jpeg 768w\" sizes=\"auto, (max-width: 225px) 100vw, 225px\" \/><\/p>\n<p>&nbsp;<\/p>\n<p><a title=\"Voltar a Sementes\" href=\"https:\/\/alqawafel.com\/pt\/sementes\/\">Voltar a Sementes<\/a><\/p>\n<p><a title=\"Facebook\" href=\"https:\/\/alqawafel.com\/pt\/facebook\/\" target=\"_blank\" rel=\"noopener\">Facebook<\/a><\/p>\n<p><a title=\"Linkedin\" href=\"https:\/\/www.linkedin.com\/company\/alqawafel-ind-agr-co\/\" target=\"_blank\" rel=\"noopener\">Linkedin<\/a><\/p>","protected":false},"excerpt":{"rendered":"<p><span style=\"font-size: 18px;\">Pepino QSC-109 F1: Uma variedade Beita-alfa fi\u00e1vel com frutos verdes profundos de 16-17 cm, alta uniformidade e toler\u00e2ncia ao CMV, ZYMV, CVYV e PM.<\/span><\/p>","protected":false},"featured_media":10339,"comment_status":"open","ping_status":"closed","template":"","meta":{"om_disable_all_campaigns":false,"_monsterinsights_skip_tracking":false,"_monsterinsights_sitenote_active":false,"_monsterinsights_sitenote_note":"","_monsterinsights_sitenote_category":0},"product_brand":[],"product_cat":[827,237],"product_tag":[866,1097,1133,1098,1099,1132,1101],"class_list":{"0":"post-10338","1":"product","2":"type-product","3":"status-publish","4":"has-post-thumbnail","6":"product_cat-cucumber","7":"product_cat-seeds","8":"product_tag-al-qawafel-ind-agr-co","9":"product_tag-beita-alpha-cucumber","10":"product_tag-cucumber-qsc-109-f1","11":"product_tag-greenhouse-cucumber","12":"product_tag-high-yield-cucumber","13":"product_tag-low-temperature-cucumber","14":"product_tag-seeds","16":"first","17":"instock","18":"shipping-taxable","19":"product-type-simple"},"aioseo_notices":[],"_links":{"self":[{"href":"https:\/\/alqawafel.com\/pt\/wp-json\/wp\/v2\/product\/10338","targetHints":{"allow":["GET"]}}],"collection":[{"href":"https:\/\/alqawafel.com\/pt\/wp-json\/wp\/v2\/product"}],"about":[{"href":"https:\/\/alqawafel.com\/pt\/wp-json\/wp\/v2\/types\/product"}],"replies":[{"embeddable":true,"href":"https:\/\/alqawafel.com\/pt\/wp-json\/wp\/v2\/comments?post=10338"}],"version-history":[{"count":5,"href":"https:\/\/alqawafel.com\/pt\/wp-json\/wp\/v2\/product\/10338\/revisions"}],"predecessor-version":[{"id":19535,"href":"https:\/\/alqawafel.com\/pt\/wp-json\/wp\/v2\/product\/10338\/revisions\/19535"}],"wp:featuredmedia":[{"embeddable":true,"href":"https:\/\/alqawafel.com\/pt\/wp-json\/wp\/v2\/media\/10339"}],"wp:attachment":[{"href":"https:\/\/alqawafel.com\/pt\/wp-json\/wp\/v2\/media?parent=10338"}],"wp:term":[{"taxonomy":"product_brand","embeddable":true,"href":"https:\/\/alqawafel.com\/pt\/wp-json\/wp\/v2\/product_brand?post=10338"},{"taxonomy":"product_cat","embeddable":true,"href":"https:\/\/alqawafel.com\/pt\/wp-json\/wp\/v2\/product_cat?post=10338"},{"taxonomy":"product_tag","embeddable":true,"href":"https:\/\/alqawafel.com\/pt\/wp-json\/wp\/v2\/product_tag?post=10338"}],"curies":[{"name":"wp","href":"https:\/\/api.w.org\/{rel}","templated":true}]}}