{"id":10357,"date":"2024-11-17T08:57:36","date_gmt":"2024-11-17T08:57:36","guid":{"rendered":"https:\/\/alqawafel.com\/?post_type=product&#038;p=10357"},"modified":"2025-08-12T08:40:38","modified_gmt":"2025-08-12T08:40:38","slug":"pepino-qsc-111-f1","status":"publish","type":"product","link":"https:\/\/alqawafel.com\/pt\/product\/cucumber-qsc-111-f1\/","title":{"rendered":"Pepino QSC-111 F1"},"content":{"rendered":"<p><span style=\"font-size: 18px;\">\u00a0Pepino QSC-111 F1: Um mini pepino de alto desempenho para o inverno, produzindo frutos verdes claros com excelente toler\u00e2ncia a doen\u00e7as e produtividade excecional.<\/span><\/p>\n<table>\n<thead>\n<tr>\n<th><span style=\"font-size: 18px;\"><strong>Atributo<\/strong><\/span><\/th>\n<th><span style=\"font-size: 18px;\"><strong>Detalhes<\/strong><\/span><\/th>\n<\/tr>\n<\/thead>\n<tbody>\n<tr>\n<td><span style=\"font-size: 18px;\"><strong>Nome do produto<\/strong><\/span><\/td>\n<td><span style=\"font-size: 18px;\">Pepino QSC-111 F1<\/span><\/td>\n<\/tr>\n<tr>\n<td><span style=\"font-size: 18px;\"><strong>Tipo<\/strong><\/span><\/td>\n<td><span style=\"font-size: 18px;\">Mini pepino<\/span><\/td>\n<\/tr>\n<tr>\n<td><span style=\"font-size: 18px;\"><strong>Conjunto de frutas Estilo<\/strong><\/span><\/td>\n<td><span style=\"font-size: 18px;\">Mini-frutos m\u00faltiplos, 3-5 frutos por n\u00f3<\/span><\/td>\n<\/tr>\n<tr>\n<td><span style=\"font-size: 18px;\"><strong>\u00c9poca<\/strong><\/span><\/td>\n<td><span style=\"font-size: 18px;\">inverno<\/span><\/td>\n<\/tr>\n<tr>\n<td><span style=\"font-size: 18px;\"><strong>Crescimento vegetativo<\/strong><\/span><\/td>\n<td><span style=\"font-size: 18px;\">Planta m\u00e9dia<\/span><\/td>\n<\/tr>\n<tr>\n<td><span style=\"font-size: 18px;\"><strong>Carater\u00edsticas do fruto<\/strong><\/span><\/td>\n<td><span style=\"font-size: 18px;\">Frutos verdes claros, com 8-10 cm de comprimento<\/span><\/td>\n<\/tr>\n<tr>\n<td><span style=\"font-size: 18px;\"><strong>Toler\u00e2ncia (IR)<\/strong><\/span><\/td>\n<td><span style=\"font-size: 18px;\">PM (O\u00eddio), DM (M\u00edldio), CMV (V\u00edrus do mosaico do pepino), CVYV (V\u00edrus do amarelecimento das nervuras do pepino), ZYMV (V\u00edrus do mosaico amarelo da aboborinha)<\/span><\/td>\n<\/tr>\n<\/tbody>\n<\/table>\n<p>&nbsp;<\/p>\n<p><a title=\"Voltar a Sementes\" href=\"https:\/\/alqawafel.com\/pt\/sementes\/\">Voltar a Sementes<\/a><\/p>\n<p><a title=\"Facebook\" href=\"https:\/\/alqawafel.com\/pt\/facebook\/\" target=\"_blank\" rel=\"noopener\">Facebook<\/a><\/p>\n<p><a title=\"Linkedin\" href=\"https:\/\/www.linkedin.com\/company\/alqawafel-ind-agr-co\/\" target=\"_blank\" rel=\"noopener\">Linkedin<\/a><\/p>","protected":false},"excerpt":{"rendered":"<p><span style=\"font-size: 18px;\">Pepino QSC-111 F1: Uma variedade de mini-pepino pronta para o inverno com frutos verdes claros de 8-10 cm e toler\u00e2ncia robusta a PM, DM, CMV, CVYV e ZYMV.<\/span><\/p>","protected":false},"featured_media":0,"comment_status":"open","ping_status":"closed","template":"","meta":{"om_disable_all_campaigns":false,"_monsterinsights_skip_tracking":false,"_monsterinsights_sitenote_active":false,"_monsterinsights_sitenote_note":"","_monsterinsights_sitenote_category":0},"product_brand":[],"product_cat":[827,237],"product_tag":[866,1134,1098,1136,1135,1101,1100],"class_list":{"0":"post-10357","1":"product","2":"type-product","3":"status-publish","5":"product_cat-cucumber","6":"product_cat-seeds","7":"product_tag-al-qawafel-ind-agr-co","8":"product_tag-cucumber-qsc-110-f1","9":"product_tag-greenhouse-cucumber","10":"product_tag-high-yield-mini-cucumber","11":"product_tag-mini-cucumber","12":"product_tag-seeds","13":"product_tag-summer-cucumber","15":"first","16":"instock","17":"shipping-taxable","18":"product-type-simple"},"aioseo_notices":[],"_links":{"self":[{"href":"https:\/\/alqawafel.com\/pt\/wp-json\/wp\/v2\/product\/10357","targetHints":{"allow":["GET"]}}],"collection":[{"href":"https:\/\/alqawafel.com\/pt\/wp-json\/wp\/v2\/product"}],"about":[{"href":"https:\/\/alqawafel.com\/pt\/wp-json\/wp\/v2\/types\/product"}],"replies":[{"embeddable":true,"href":"https:\/\/alqawafel.com\/pt\/wp-json\/wp\/v2\/comments?post=10357"}],"version-history":[{"count":2,"href":"https:\/\/alqawafel.com\/pt\/wp-json\/wp\/v2\/product\/10357\/revisions"}],"predecessor-version":[{"id":19537,"href":"https:\/\/alqawafel.com\/pt\/wp-json\/wp\/v2\/product\/10357\/revisions\/19537"}],"wp:attachment":[{"href":"https:\/\/alqawafel.com\/pt\/wp-json\/wp\/v2\/media?parent=10357"}],"wp:term":[{"taxonomy":"product_brand","embeddable":true,"href":"https:\/\/alqawafel.com\/pt\/wp-json\/wp\/v2\/product_brand?post=10357"},{"taxonomy":"product_cat","embeddable":true,"href":"https:\/\/alqawafel.com\/pt\/wp-json\/wp\/v2\/product_cat?post=10357"},{"taxonomy":"product_tag","embeddable":true,"href":"https:\/\/alqawafel.com\/pt\/wp-json\/wp\/v2\/product_tag?post=10357"}],"curies":[{"name":"wp","href":"https:\/\/api.w.org\/{rel}","templated":true}]}}