{"id":10443,"date":"2024-11-17T11:08:12","date_gmt":"2024-11-17T11:08:12","guid":{"rendered":"https:\/\/alqawafel.com\/?post_type=product&#038;p=10443"},"modified":"2025-08-12T12:03:53","modified_gmt":"2025-08-12T12:03:53","slug":"tomate-qst-211-f1","status":"publish","type":"product","link":"https:\/\/alqawafel.com\/pt\/product\/tomato-qst-211-f1\/","title":{"rendered":"Tomate QST-211 F1"},"content":{"rendered":"<p><span style=\"font-size: 18px;\">Tomate QST-211 F1: Um tomate de estufa indeterminado de alta qualidade que produz grandes frutos cor-de-rosa brilhantes, com uma m\u00e9dia de 300-450 gm, com excelente resist\u00eancia a doen\u00e7as.<\/span><\/p>\n<table>\n<thead>\n<tr>\n<th><span style=\"font-size: 18px;\"><strong>Atributo<\/strong><\/span><\/th>\n<th><span style=\"font-size: 18px;\"><strong>Detalhes<\/strong><\/span><\/th>\n<\/tr>\n<\/thead>\n<tbody>\n<tr>\n<td><span style=\"font-size: 18px;\"><strong>Nome do produto<\/strong><\/span><\/td>\n<td><span style=\"font-size: 18px;\">Tomate QST-211 F1<\/span><\/td>\n<\/tr>\n<tr>\n<td><span style=\"font-size: 18px;\"><strong>Tipo<\/strong><\/span><\/td>\n<td><span style=\"font-size: 18px;\">Indeterminado, estufa<\/span><\/td>\n<\/tr>\n<tr>\n<td><span style=\"font-size: 18px;\"><strong>Conjunto de frutas Estilo<\/strong><\/span><\/td>\n<td><span style=\"font-size: 18px;\">4 frutos por cacho<\/span><\/td>\n<\/tr>\n<tr>\n<td><span style=\"font-size: 18px;\"><strong>Crescimento vegetativo<\/strong><\/span><\/td>\n<td><span style=\"font-size: 18px;\">Planta forte<\/span><\/td>\n<\/tr>\n<tr>\n<td><span style=\"font-size: 18px;\"><strong>Carater\u00edsticas do fruto<\/strong><\/span><\/td>\n<td><span style=\"font-size: 18px;\">Frutos cor-de-rosa brilhante, redondos a globosos, com um peso m\u00e9dio de 300-450 gm<\/span><\/td>\n<\/tr>\n<tr>\n<td><span style=\"font-size: 18px;\"><strong>Toler\u00e2ncia (IR)<\/strong><\/span><\/td>\n<td><span style=\"font-size: 18px;\">TYLCV (Tomato Yellow Leaf Curl Virus), TSWV (Tomato Spotted Wilt Virus), TMV (Tomato Mosaic Virus), V (Verticillium Wilt), F1 &amp; F2 (Fusarium Wilt Races 1 e 2)<\/span><\/td>\n<\/tr>\n<\/tbody>\n<\/table>\n<p><img loading=\"lazy\" decoding=\"async\" class=\"alignnone size-medium wp-image-10445\" src=\"https:\/\/alqawafel.com\/wp-content\/uploads\/2024\/11\/211-290x300.jpg\" alt=\"Tomate QST-211 F1\" width=\"290\" height=\"300\" \/><\/p>\n<p>&nbsp;<\/p>\n<p><a title=\"Voltar a Sementes\" href=\"https:\/\/alqawafel.com\/pt\/sementes\/\">Voltar a Sementes<\/a><\/p>\n<p><a title=\"Facebook\" href=\"https:\/\/alqawafel.com\/pt\/facebook\/\" target=\"_blank\" rel=\"noopener\">Facebook<\/a><\/p>\n<p><a title=\"Linkedin\" href=\"https:\/\/www.linkedin.com\/company\/alqawafel-ind-agr-co\/\" target=\"_blank\" rel=\"noopener\">Linkedin<\/a><\/p>","protected":false},"excerpt":{"rendered":"<p><span style=\"font-size: 18px;\">Tomate QST-211 F1: Um tomate de estufa indeterminado de qualidade superior com 300-450 gm de frutos redondos cor-de-rosa brilhante e resist\u00eancia a TYLCV, TSWV, TMV, V e Fusarium.<\/span><\/p>","protected":false},"featured_media":0,"comment_status":"open","ping_status":"closed","template":"","meta":{"om_disable_all_campaigns":false,"_monsterinsights_skip_tracking":false,"_monsterinsights_sitenote_active":false,"_monsterinsights_sitenote_note":"","_monsterinsights_sitenote_category":0},"product_brand":[],"product_cat":[237,828],"product_tag":[866,1165,1158,1159,1149,1101,1164],"class_list":{"0":"post-10443","1":"product","2":"type-product","3":"status-publish","5":"product_cat-seeds","6":"product_cat-tomato","7":"product_tag-al-qawafel-ind-agr-co","8":"product_tag-bright-pink-tomato","9":"product_tag-greenhouse-tomato","10":"product_tag-indeterminate-tomato","11":"product_tag-round-tomato","12":"product_tag-seeds","13":"product_tag-tomato-qst-211-f1","15":"first","16":"instock","17":"shipping-taxable","18":"product-type-simple"},"aioseo_notices":[],"_links":{"self":[{"href":"https:\/\/alqawafel.com\/pt\/wp-json\/wp\/v2\/product\/10443","targetHints":{"allow":["GET"]}}],"collection":[{"href":"https:\/\/alqawafel.com\/pt\/wp-json\/wp\/v2\/product"}],"about":[{"href":"https:\/\/alqawafel.com\/pt\/wp-json\/wp\/v2\/types\/product"}],"replies":[{"embeddable":true,"href":"https:\/\/alqawafel.com\/pt\/wp-json\/wp\/v2\/comments?post=10443"}],"version-history":[{"count":5,"href":"https:\/\/alqawafel.com\/pt\/wp-json\/wp\/v2\/product\/10443\/revisions"}],"predecessor-version":[{"id":19567,"href":"https:\/\/alqawafel.com\/pt\/wp-json\/wp\/v2\/product\/10443\/revisions\/19567"}],"wp:attachment":[{"href":"https:\/\/alqawafel.com\/pt\/wp-json\/wp\/v2\/media?parent=10443"}],"wp:term":[{"taxonomy":"product_brand","embeddable":true,"href":"https:\/\/alqawafel.com\/pt\/wp-json\/wp\/v2\/product_brand?post=10443"},{"taxonomy":"product_cat","embeddable":true,"href":"https:\/\/alqawafel.com\/pt\/wp-json\/wp\/v2\/product_cat?post=10443"},{"taxonomy":"product_tag","embeddable":true,"href":"https:\/\/alqawafel.com\/pt\/wp-json\/wp\/v2\/product_tag?post=10443"}],"curies":[{"name":"wp","href":"https:\/\/api.w.org\/{rel}","templated":true}]}}