{"id":10475,"date":"2024-11-17T17:16:19","date_gmt":"2024-11-17T17:16:19","guid":{"rendered":"https:\/\/alqawafel.com\/?post_type=product&#038;p=10475"},"modified":"2025-06-11T08:06:05","modified_gmt":"2025-06-11T08:06:05","slug":"tachfel-30-sl","status":"publish","type":"product","link":"https:\/\/alqawafel.com\/pt\/product\/tachfel-30-sl\/","title":{"rendered":"Tachfel 30% SL Fungicida"},"content":{"rendered":"<h3>Porqu\u00ea o Tachfel 30% SL?<\/h3>\n<p><span style=\"font-size: 18px\">O Tachfel 30% SL \u00e9 um fungicida sist\u00e9mico que oferece uma a\u00e7\u00e3o preventiva e curativa contra doen\u00e7as f\u00fangicas que afectam as sementes e o solo. Ao inibir a s\u00edntese de ADN\/ARN nos fungos, previne eficazmente a murchid\u00e3o das pl\u00e2ntulas e controla infec\u00e7\u00f5es f\u00fangicas cr\u00edticas como a murchid\u00e3o de Fusarium e Pythium. O Tachfel 30% SL \u00e9 uma ferramenta essencial para os profissionais agr\u00edcolas que pretendem salvaguardar a sa\u00fade das culturas desde a planta\u00e7\u00e3o at\u00e9 \u00e0s primeiras fases de crescimento.<\/span><\/p>\n<h3>Identifica\u00e7\u00e3o<\/h3>\n<ul>\n<li><span style=\"font-size: 18px\"><strong>Formula\u00e7\u00e3o<\/strong>: Concentrado sol\u00favel (SL)<\/span><\/li>\n<li><span style=\"font-size: 18px\"><strong>Ingrediente ativo<\/strong>: Hymexazol 30% (41,52% como sais de pot\u00e1ssio) (w\/w)<\/span><\/li>\n<li><span style=\"font-size: 18px\"><strong>Grupo qu\u00edmico<\/strong>: Oxazol<\/span><\/li>\n<li><span style=\"font-size: 18px\"><strong>Modo de a\u00e7\u00e3o<\/strong>: Fungicida sist\u00e9mico com propriedades preventivas e curativas que controla as doen\u00e7as f\u00fangicas atrav\u00e9s da inibi\u00e7\u00e3o da s\u00edntese de ADN\/ARN dos fungos.<\/span><\/li>\n<\/ul>\n<h3>Aplica\u00e7\u00e3o ideal do Tachfel 30% SL<\/h3>\n<p><span style=\"font-size: 18px\">Recomendado para utiliza\u00e7\u00e3o nas seguintes culturas com alvos t\u00edpicos de pragas, conforme listado:<\/span><\/p>\n<h4><span style=\"font-size: 18px\">Principais culturas e pragas t\u00edpicas:<\/span><\/h4>\n<ul>\n<li><span style=\"font-size: 18px\"><strong>Couve<\/strong>: Controlos <em>Pythium<\/em><\/span><\/li>\n<li><span style=\"font-size: 18px\"><strong>Alface<\/strong>: Controlos <em>Vertic\u00edlio<\/em><\/span><\/li>\n<li><span style=\"font-size: 18px\"><strong>Ervilhas<\/strong>: Controlos <em>Apodrecimento das ra\u00edzes<\/em><\/span><\/li>\n<li><span style=\"font-size: 18px\"><strong>Feij\u00f5es<\/strong>: Controlos <em>Apodrecimento das ra\u00edzes<\/em><\/span><\/li>\n<li><span style=\"font-size: 18px\"><strong>Pepino<\/strong>: Controlos <em>Pythium, Fusarium<\/em><\/span><\/li>\n<li><span style=\"font-size: 18px\"><strong>Mel\u00e3o<\/strong>: Controlos <em>Pythium<\/em><\/span><\/li>\n<li><span style=\"font-size: 18px\"><strong>Espinafres<\/strong>: Controlos <em>Pythium<\/em><\/span><\/li>\n<li><span style=\"font-size: 18px\"><strong>Melancia<\/strong>: Controlos <em>Fusarium<\/em><\/span><\/li>\n<li><span style=\"font-size: 18px\"><strong>Quiabo<\/strong>: Controlos <em>Pythium<\/em><\/span><\/li>\n<li><span style=\"font-size: 18px\"><strong>Beterraba sacarina<\/strong>: Controlos <em>Amortecimento<\/em><\/span><\/li>\n<li><span style=\"font-size: 18px\"><strong>\u00c1rvore (\u00e1rvore de viveiro)<\/strong>: Controlos <em>Doen\u00e7as da murchid\u00e3o<\/em><\/span><\/li>\n<li><span style=\"font-size: 18px\"><strong>Plantas ornamentais<\/strong>: Controlos <em>Doen\u00e7as da murchid\u00e3o<\/em><\/span><\/li>\n<\/ul>\n<h3>Taxa de utiliza\u00e7\u00e3o:<\/h3>\n<p><span style=\"font-size: 14pt\">200-400 ml por 200 L de \u00e1gua<\/span><\/p>\n<h3>Embalagem<\/h3>\n<ul>\n<li><span style=\"font-size: 18px\"><strong>500 ml<\/strong><\/span><\/li>\n<\/ul>\n<p><img loading=\"lazy\" decoding=\"async\" class=\"alignnone size-medium wp-image-18556\" src=\"https:\/\/alqawafel.com\/wp-content\/uploads\/2024\/11\/Tachfel-30-SL-LOGO-300x300.webp\" alt=\"O Tachfel 30% SL, um fungicida sist\u00e9mico com Hymexazol 30%, protege as culturas prevenindo a murchid\u00e3o das pl\u00e2ntulas e controlando as doen\u00e7as de Fusarium, Pythium e do amortecimento.\" width=\"300\" height=\"300\" srcset=\"https:\/\/alqawafel.com\/wp-content\/uploads\/2024\/11\/Tachfel-30-SL-LOGO-300x300.webp 300w, https:\/\/alqawafel.com\/wp-content\/uploads\/2024\/11\/Tachfel-30-SL-LOGO-150x150.webp 150w, https:\/\/alqawafel.com\/wp-content\/uploads\/2024\/11\/Tachfel-30-SL-LOGO-768x768.webp 768w, https:\/\/alqawafel.com\/wp-content\/uploads\/2024\/11\/Tachfel-30-SL-LOGO.webp 1000w\" sizes=\"auto, (max-width: 300px) 100vw, 300px\" \/><\/p>","protected":false},"excerpt":{"rendered":"<p><span style=\"font-size: 18px\">O Tachfel 30% SL, um fungicida sist\u00e9mico com Hymexazol 30%, protege as culturas prevenindo a murchid\u00e3o das pl\u00e2ntulas e controlando as doen\u00e7as de Fusarium, Pythium e do amortecimento.<\/span><\/p>","protected":false},"featured_media":18556,"comment_status":"open","ping_status":"closed","template":"","meta":{"om_disable_all_campaigns":false,"_monsterinsights_skip_tracking":false,"_monsterinsights_sitenote_active":false,"_monsterinsights_sitenote_note":"","_monsterinsights_sitenote_category":0},"product_brand":[],"product_cat":[823,87],"product_tag":[866,1174,901,1175,1173,1176,1172,1171],"class_list":{"0":"post-10475","1":"product","2":"type-product","3":"status-publish","4":"has-post-thumbnail","6":"product_cat-fungicide","7":"product_cat-pesticides","8":"product_tag-al-qawafel-ind-agr-co","9":"product_tag-damping-off","10":"product_tag-fungicide","11":"product_tag-fusarium","12":"product_tag-hymexazol","13":"product_tag-pythium","14":"product_tag-systemic","15":"product_tag-tachfel-30-sl","17":"first","18":"instock","19":"shipping-taxable","20":"product-type-simple"},"aioseo_notices":[],"_links":{"self":[{"href":"https:\/\/alqawafel.com\/pt\/wp-json\/wp\/v2\/product\/10475","targetHints":{"allow":["GET"]}}],"collection":[{"href":"https:\/\/alqawafel.com\/pt\/wp-json\/wp\/v2\/product"}],"about":[{"href":"https:\/\/alqawafel.com\/pt\/wp-json\/wp\/v2\/types\/product"}],"replies":[{"embeddable":true,"href":"https:\/\/alqawafel.com\/pt\/wp-json\/wp\/v2\/comments?post=10475"}],"version-history":[{"count":7,"href":"https:\/\/alqawafel.com\/pt\/wp-json\/wp\/v2\/product\/10475\/revisions"}],"predecessor-version":[{"id":18824,"href":"https:\/\/alqawafel.com\/pt\/wp-json\/wp\/v2\/product\/10475\/revisions\/18824"}],"wp:featuredmedia":[{"embeddable":true,"href":"https:\/\/alqawafel.com\/pt\/wp-json\/wp\/v2\/media\/18556"}],"wp:attachment":[{"href":"https:\/\/alqawafel.com\/pt\/wp-json\/wp\/v2\/media?parent=10475"}],"wp:term":[{"taxonomy":"product_brand","embeddable":true,"href":"https:\/\/alqawafel.com\/pt\/wp-json\/wp\/v2\/product_brand?post=10475"},{"taxonomy":"product_cat","embeddable":true,"href":"https:\/\/alqawafel.com\/pt\/wp-json\/wp\/v2\/product_cat?post=10475"},{"taxonomy":"product_tag","embeddable":true,"href":"https:\/\/alqawafel.com\/pt\/wp-json\/wp\/v2\/product_tag?post=10475"}],"curies":[{"name":"wp","href":"https:\/\/api.w.org\/{rel}","templated":true}]}}